{"id":797,"date":"2015-11-28T21:06:57","date_gmt":"2015-11-28T20:06:57","guid":{"rendered":"https:\/\/agora-eoi.xtec.cat\/eoireus\/?page_id=797"},"modified":"2024-07-01T13:28:52","modified_gmt":"2024-07-01T11:28:52","slug":"presentacio","status":"publish","type":"page","link":"https:\/\/agora-eoi.xtec.cat\/eoireus\/el-servei-educatiu\/presentacio\/","title":{"rendered":"Presentaci\u00f3"},"content":{"rendered":"<p>L\u2019<strong>Escola Oficial d\u2019Idiomes de Reus<\/strong> \u00e9s un centre p\u00fablic de r\u00e8gim especial destinat a l\u2019ensenyament de lleng\u00fces a adults. Dep\u00e8n, igual que les altres EOI de Catalunya, del <em>Departament d\u2019Ensenyament de la Generalitat de Catalunya<\/em>.<\/p>\n<p>L\u2019EOI de Reus es va crear el setembre del 2001. Al comen\u00e7ament, l\u2019escola <span style=\"font-family: inherit; font-size: 1em;\">va ocupar unes aules de l\u2019IES Gaud\u00ed de Reus i el curs 2004-2005 es trasllad\u00e0 a la seva ubicaci\u00f3 actual: Passeig Boca de la Mina, 35.<\/span><\/p>\n<p>Actualment, l&#8217;escola imparteix els idiomes seg\u00fcents:<\/p>\n<ul>\n<li><strong>Alemany, Angl\u00e8s<\/strong> i<strong> Franc\u00e8s.<\/strong> De tots tres idiomes, s&#8217;ofereixen tots els cursos dels nivells b\u00e0sic (A1 i A2), intermedi B1 i intermedi B2 (B2.1 i B2.2). Tamb\u00e9 s&#8217;imparteix el nivell avan\u00e7at C1 d&#8217;angl\u00e8s.<\/li>\n<li><strong>Catal\u00e0. <\/strong>S&#8217;ofereix el nivell avan\u00e7at C2 (semipresencial).<\/li>\n<\/ul>\n<p>El Reial Decret 1041\/2017 (<strong>LOMCE<\/strong>) estableix les bases per al\u00a0<strong>nou curr\u00edculum<\/strong> que s&#8217;imparteix a tots els nivells <strong>(b\u00e0sic A2, intermedi B1, intermedi B2 i avan\u00e7at C1 i C2) <\/strong>des del curs 2019-2020.\u00a0L&#8217;actual curr\u00edculum LOMCE, a l&#8217;igual que l&#8217;anterior, segueix les recomanacions del Consell d\u2019Europa tal com es concreten en el <strong>Marc Europeu Com\u00fa de Refer\u00e8ncia per a les Lleng\u00fces.<\/strong><\/p>\n<h4>Qu\u00e8 \u00e9s una EOI?<\/h4>\n<p>Les escoles oficials d&#8217;idiomes (EOI) s\u00f3n centres p\u00fablics d&#8217;ensenyament d&#8217;idiomes moderns a nivell no universitari, en r\u00e8gim oficial (presencial o a dist\u00e0ncia) o lliure. Les escoles oficials d&#8217;idiomes tamb\u00e9 gestionen les certificacions acad\u00e8miques corresponents a aquests ensenyaments especialitzats. Aquestes <a href=\"http:\/\/xtec.gencat.cat\/ca\/curriculum\/idiomes-a-les-eoi\/certificats\/\" target=\"_blank\" rel=\"noopener\">certificacions<\/a>\u00a0s\u00f3n reconegudes arreu de l&#8217;Estat espanyol, s\u00f3n les \u00faniques oficials, i es poden obtenir tant en convocat\u00f2ria oficial, com en convocat\u00f2ria <a href=\"http:\/\/ensenyament.gencat.cat\/ca\/serveis-tramits\/proves\/proves-lliures-obtencio-titols\/\" target=\"_blank\" rel=\"noopener\">lliure<\/a>.<\/p>\n","protected":false},"excerpt":{"rendered":"<p>L\u2019Escola Oficial d\u2019Idiomes de Reus \u00e9s un centre p\u00fablic de r\u00e8gim especial destinat a l\u2019ensenyament de lleng\u00fces a adults. Dep\u00e8n, igual que les altres EOI de Catalunya, del Departament d\u2019Ensenyament de la Generalitat de Catalunya.<br \/>\nL\u2019EOI de Reus es va crear el setembre del 2001. Al&hellip;  <a href=\"https:\/\/agora-eoi.xtec.cat\/eoireus\/el-servei-educatiu\/presentacio\/\" title=\"Read Presentaci\u00f3\">Llegeix m\u00e9s\u00bb<\/a><\/p>\n","protected":false},"author":1,"featured_media":0,"parent":806,"menu_order":10,"comment_status":"closed","ping_status":"closed","template":"page-templates\/side-menu.php","meta":{"_bbp_topic_count":0,"_bbp_reply_count":0,"_bbp_total_topic_count":0,"_bbp_total_reply_count":0,"_bbp_voice_count":0,"_bbp_anonymous_reply_count":0,"_bbp_topic_count_hidden":0,"_bbp_reply_count_hidden":0,"_bbp_forum_subforum_count":0,"footnotes":""},"class_list":["post-797","page","type-page","status-publish","hentry"],"post_mailing_queue_ids":[],"_links":{"self":[{"href":"https:\/\/agora-eoi.xtec.cat\/eoireus\/wp-json\/wp\/v2\/pages\/797","targetHints":{"allow":["GET"]}}],"collection":[{"href":"https:\/\/agora-eoi.xtec.cat\/eoireus\/wp-json\/wp\/v2\/pages"}],"about":[{"href":"https:\/\/agora-eoi.xtec.cat\/eoireus\/wp-json\/wp\/v2\/types\/page"}],"author":[{"embeddable":true,"href":"https:\/\/agora-eoi.xtec.cat\/eoireus\/wp-json\/wp\/v2\/users\/1"}],"replies":[{"embeddable":true,"href":"https:\/\/agora-eoi.xtec.cat\/eoireus\/wp-json\/wp\/v2\/comments?post=797"}],"version-history":[{"count":5,"href":"https:\/\/agora-eoi.xtec.cat\/eoireus\/wp-json\/wp\/v2\/pages\/797\/revisions"}],"predecessor-version":[{"id":9877,"href":"https:\/\/agora-eoi.xtec.cat\/eoireus\/wp-json\/wp\/v2\/pages\/797\/revisions\/9877"}],"up":[{"embeddable":true,"href":"https:\/\/agora-eoi.xtec.cat\/eoireus\/wp-json\/wp\/v2\/pages\/806"}],"wp:attachment":[{"href":"https:\/\/agora-eoi.xtec.cat\/eoireus\/wp-json\/wp\/v2\/media?parent=797"}],"curies":[{"name":"wp","href":"https:\/\/api.w.org\/{rel}","templated":true}]}}