{"id":10116,"date":"2025-06-22T17:05:25","date_gmt":"2025-06-22T15:05:25","guid":{"rendered":"https:\/\/agora-eoi.xtec.cat\/eoireus\/?page_id=10116"},"modified":"2025-07-04T01:05:59","modified_gmt":"2025-07-03T23:05:59","slug":"internacionalitzacio-de-leoi","status":"publish","type":"page","link":"https:\/\/agora-eoi.xtec.cat\/eoireus\/el-servei-educatiu\/gestio-de-centre\/internacionalitzacio-de-leoi\/","title":{"rendered":"Internacionalitzaci\u00f3 de l&#8217;EOI"},"content":{"rendered":"<h4><strong>P\u00e0gina en construcci\u00f3<\/strong><\/h4>\n<p>A aquesta p\u00e0gina hi podreu trobar les darreres informacions sobre els projectes d&#8217;internacionalitzaci\u00f3 del centre.<\/p>\n<h5><strong>Projecte Erasmus +<\/strong><\/h5>\n<h5><strong>Projectes eTwinning<\/strong><\/h5>\n<h5><strong>Intercanvis Ling\u00fc\u00edstics<\/strong><\/h5>\n<p>&nbsp;<\/p>\n<h4>P\u00e0gines web<\/h4>\n<p><a href=\"http:\/\/sepie.es\/\" target=\"_blank\" rel=\"noopener\">SEPIE<\/a><\/p>\n","protected":false},"excerpt":{"rendered":"<p>P\u00e0gina en construcci\u00f3<br \/>\nA aquesta p\u00e0gina hi podreu trobar les darreres informacions sobre els projectes d&#8217;internacionalitzaci\u00f3 del centre.<br \/>\nProjecte Erasmus +<br \/>\nProjectes eTwinning<br \/>\nIntercanvis Ling\u00fc\u00edstics<br \/>\n&nbsp;<br \/>\nP\u00e0gines web<br \/>\n<a href=\"http:\/\/sepie.es\/\" target=\"_blank\" rel=\"noopener\">SEPIE<\/a><\/p>\n","protected":false},"author":1,"featured_media":0,"parent":8920,"menu_order":40,"comment_status":"closed","ping_status":"closed","template":"page-templates\/side-menu.php","meta":{"_bbp_topic_count":0,"_bbp_reply_count":0,"_bbp_total_topic_count":0,"_bbp_total_reply_count":0,"_bbp_voice_count":0,"_bbp_anonymous_reply_count":0,"_bbp_topic_count_hidden":0,"_bbp_reply_count_hidden":0,"_bbp_forum_subforum_count":0,"footnotes":""},"class_list":["post-10116","page","type-page","status-publish","hentry"],"post_mailing_queue_ids":[],"_links":{"self":[{"href":"https:\/\/agora-eoi.xtec.cat\/eoireus\/wp-json\/wp\/v2\/pages\/10116","targetHints":{"allow":["GET"]}}],"collection":[{"href":"https:\/\/agora-eoi.xtec.cat\/eoireus\/wp-json\/wp\/v2\/pages"}],"about":[{"href":"https:\/\/agora-eoi.xtec.cat\/eoireus\/wp-json\/wp\/v2\/types\/page"}],"author":[{"embeddable":true,"href":"https:\/\/agora-eoi.xtec.cat\/eoireus\/wp-json\/wp\/v2\/users\/1"}],"replies":[{"embeddable":true,"href":"https:\/\/agora-eoi.xtec.cat\/eoireus\/wp-json\/wp\/v2\/comments?post=10116"}],"version-history":[{"count":4,"href":"https:\/\/agora-eoi.xtec.cat\/eoireus\/wp-json\/wp\/v2\/pages\/10116\/revisions"}],"predecessor-version":[{"id":10158,"href":"https:\/\/agora-eoi.xtec.cat\/eoireus\/wp-json\/wp\/v2\/pages\/10116\/revisions\/10158"}],"up":[{"embeddable":true,"href":"https:\/\/agora-eoi.xtec.cat\/eoireus\/wp-json\/wp\/v2\/pages\/8920"}],"wp:attachment":[{"href":"https:\/\/agora-eoi.xtec.cat\/eoireus\/wp-json\/wp\/v2\/media?parent=10116"}],"curies":[{"name":"wp","href":"https:\/\/api.w.org\/{rel}","templated":true}]}}