{"id":9836,"date":"2018-10-30T11:51:49","date_gmt":"2018-10-30T10:51:49","guid":{"rendered":"http:\/\/agora-eoi.xtec.cat\/eoiosona\/?page_id=9836"},"modified":"2022-09-20T14:55:50","modified_gmt":"2022-09-20T12:55:50","slug":"projecte-erasmus-ka204-chefs","status":"publish","type":"page","link":"https:\/\/agora-eoi.xtec.cat\/eoiosona\/projecte-erasmus-ka204-chefs\/","title":{"rendered":"PROJECTE ERASMUS+ KA204 :CHEFS"},"content":{"rendered":"<h6 id=\"tw-target-text\" class=\"tw-data-text tw-ta tw-text-small\" dir=\"ltr\" style=\"text-align: center;\" data-placeholder=\"Traducci\u00f3\"><span lang=\"ca\">Benvinguts al projecte Erasmus: CHEFS 2018-1-ES01-KA204-050892<\/span><\/h6>\n<p class=\"tw-data-text tw-ta tw-text-small\" dir=\"ltr\" style=\"text-align: justify;\" data-placeholder=\"Traducci\u00f3\"><span lang=\"ca\">CHEFS \u00e9s l&#8217;acr\u00f2nim de &#8220;Patrimoni cultural a trav\u00e9s de l&#8217;aprenentatge de l&#8217;angl\u00e8s, el franc\u00e8s i el castell\u00e0 com a llengua estrangera&#8221;, un projecte europeu que va comen\u00e7ar al setembre de 2018 i que havia d&#8217;acabar a l&#8217;agost de 2020, per\u00f2 que, degut a la pand\u00e8mia, va finalitzar l&#8217;agost de 2021.<\/span><\/p>\n<p class=\"tw-data-text tw-ta tw-text-small\" dir=\"ltr\" style=\"text-align: justify;\" data-placeholder=\"Traducci\u00f3\"><span lang=\"ca\"> Aquest projecte estava dirigit principalment a adults, per\u00f2 tamb\u00e9 a joves, prestant especial atenci\u00f3 a aquells amb necessitats especials, persones majors, immigrants i refugiats per als quals \u00e9s important promoure l&#8217;aprenentatge aut\u00f2nom, comprendre la diversitat sociocultural i millorar la seva compet\u00e8ncia comunicativa. El projecte va ajudar els estudiants a adquirir les estrat\u00e8gies per comunicar-se en diferents contextos; crear vincles interculturals i millorar la comprensi\u00f3 oral, l&#8217;expressi\u00f3 i la interacci\u00f3. <\/span><\/p>\n<p class=\"tw-data-text tw-ta tw-text-small\" dir=\"ltr\" style=\"text-align: justify;\" data-placeholder=\"Traducci\u00f3\"><span lang=\"ca\">Pel que fa a objectius espec\u00edfics, els alumnes van poder expandir el vocabulari del patrimoni cultural, intercanviar coneixements sobre el patrimoni cultural, descobrir artistes locals i cl\u00e0ssics dels pa\u00efsos implicats, millorar la comunicaci\u00f3 oral, participar en entorns virtuals per intercanviar opinions i con\u00e8ixer els antecedents d&#8217;obres seleccionades<\/span><span lang=\"ca\">.<\/span><\/p>\n<p>Aqu\u00ed teniu el nostre blog on podreu trobar totes les activitats que es van dur a terme.<\/p>\n<p><a href=\"https:\/\/erasmuschefs.com\/\" target=\"_blank\" rel=\"noopener noreferrer\">https:\/\/erasmuschefs.com\/<\/a><\/p>\n","protected":false},"excerpt":{"rendered":"<p>Benvinguts al projecte Erasmus: CHEFS 2018-1-ES01-KA204-050892 CHEFS \u00e9s l&#8217;acr\u00f2nim de &#8220;Patrimoni cultural a trav\u00e9s de l&#8217;aprenentatge de l&#8217;angl\u00e8s, el franc\u00e8s i el castell\u00e0 com a llengua estrangera&#8221;, un projecte europeu que va comen\u00e7ar al setembre de 2018 i que havia d&#8217;acabar a l&#8217;agost de 2020, per\u00f2 que, degut a la pand\u00e8mia, va finalitzar l&#8217;agost de [&hellip;]<\/p>\n","protected":false},"author":1,"featured_media":0,"parent":0,"menu_order":0,"comment_status":"closed","ping_status":"closed","template":"page-templates\/side-menu.php","meta":{"_bbp_topic_count":0,"_bbp_reply_count":0,"_bbp_total_topic_count":0,"_bbp_total_reply_count":0,"_bbp_voice_count":0,"_bbp_anonymous_reply_count":0,"_bbp_topic_count_hidden":0,"_bbp_reply_count_hidden":0,"_bbp_forum_subforum_count":0,"site-sidebar-layout":"default","site-content-layout":"","ast-site-content-layout":"","site-content-style":"default","site-sidebar-style":"default","ast-global-header-display":"","ast-banner-title-visibility":"","ast-main-header-display":"","ast-hfb-above-header-display":"","ast-hfb-below-header-display":"","ast-hfb-mobile-header-display":"","site-post-title":"","ast-breadcrumbs-content":"","ast-featured-img":"","footer-sml-layout":"","theme-transparent-header-meta":"","adv-header-id-meta":"","stick-header-meta":"","header-above-stick-meta":"","header-main-stick-meta":"","header-below-stick-meta":"","astra-migrate-meta-layouts":"default","ast-page-background-enabled":"default","ast-page-background-meta":{"desktop":{"background-color":"var(--ast-global-color-4)","background-image":"","background-repeat":"repeat","background-position":"center center","background-size":"auto","background-attachment":"scroll","background-type":"","background-media":"","overlay-type":"","overlay-color":"","overlay-opacity":"","overlay-gradient":""},"tablet":{"background-color":"","background-image":"","background-repeat":"repeat","background-position":"center center","background-size":"auto","background-attachment":"scroll","background-type":"","background-media":"","overlay-type":"","overlay-color":"","overlay-opacity":"","overlay-gradient":""},"mobile":{"background-color":"","background-image":"","background-repeat":"repeat","background-position":"center center","background-size":"auto","background-attachment":"scroll","background-type":"","background-media":"","overlay-type":"","overlay-color":"","overlay-opacity":"","overlay-gradient":""}},"ast-content-background-meta":{"desktop":{"background-color":"var(--ast-global-color-5)","background-image":"","background-repeat":"repeat","background-position":"center center","background-size":"auto","background-attachment":"scroll","background-type":"","background-media":"","overlay-type":"","overlay-color":"","overlay-opacity":"","overlay-gradient":""},"tablet":{"background-color":"var(--ast-global-color-5)","background-image":"","background-repeat":"repeat","background-position":"center center","background-size":"auto","background-attachment":"scroll","background-type":"","background-media":"","overlay-type":"","overlay-color":"","overlay-opacity":"","overlay-gradient":""},"mobile":{"background-color":"var(--ast-global-color-5)","background-image":"","background-repeat":"repeat","background-position":"center center","background-size":"auto","background-attachment":"scroll","background-type":"","background-media":"","overlay-type":"","overlay-color":"","overlay-opacity":"","overlay-gradient":""}},"footnotes":""},"class_list":["post-9836","page","type-page","status-publish","hentry"],"post_mailing_queue_ids":[],"_links":{"self":[{"href":"https:\/\/agora-eoi.xtec.cat\/eoiosona\/wp-json\/wp\/v2\/pages\/9836","targetHints":{"allow":["GET"]}}],"collection":[{"href":"https:\/\/agora-eoi.xtec.cat\/eoiosona\/wp-json\/wp\/v2\/pages"}],"about":[{"href":"https:\/\/agora-eoi.xtec.cat\/eoiosona\/wp-json\/wp\/v2\/types\/page"}],"author":[{"embeddable":true,"href":"https:\/\/agora-eoi.xtec.cat\/eoiosona\/wp-json\/wp\/v2\/users\/1"}],"replies":[{"embeddable":true,"href":"https:\/\/agora-eoi.xtec.cat\/eoiosona\/wp-json\/wp\/v2\/comments?post=9836"}],"version-history":[{"count":3,"href":"https:\/\/agora-eoi.xtec.cat\/eoiosona\/wp-json\/wp\/v2\/pages\/9836\/revisions"}],"predecessor-version":[{"id":10798,"href":"https:\/\/agora-eoi.xtec.cat\/eoiosona\/wp-json\/wp\/v2\/pages\/9836\/revisions\/10798"}],"wp:attachment":[{"href":"https:\/\/agora-eoi.xtec.cat\/eoiosona\/wp-json\/wp\/v2\/media?parent=9836"}],"curies":[{"name":"wp","href":"https:\/\/api.w.org\/{rel}","templated":true}]}}