{"id":8623,"date":"2016-06-20T11:26:35","date_gmt":"2016-06-20T10:26:35","guid":{"rendered":"http:\/\/agora-eoi.xtec.cat\/eoiosona\/?page_id=8623"},"modified":"2025-09-26T11:04:42","modified_gmt":"2025-09-26T09:04:42","slug":"carrecs-de-coordinacio","status":"publish","type":"page","link":"https:\/\/agora-eoi.xtec.cat\/eoiosona\/lescola\/organigrama\/carrecs-de-coordinacio\/","title":{"rendered":"C\u00e0rrecs de coordinaci\u00f3"},"content":{"rendered":"\n<p class=\"has-text-align-center\"><strong>C\u00c0RRECS DE COORDINACI\u00d3<\/strong><\/p>\n\n\n\n<figure class=\"wp-block-table\">\n<table class=\"has-fixed-layout\">\n<tbody>\n<tr>\n<td class=\"has-text-align-center\" style=\"background-color: #52a9cc;\" data-align=\"center\"><strong>C\u00c0RREC<\/strong><\/td>\n<td class=\"has-text-align-center\" style=\"background-color: #52a9cc;\" data-align=\"center\"><strong>NOM<\/strong><\/td>\n<td class=\"has-text-align-center\" style=\"background-color: #52a9cc;\" data-align=\"center\"><strong>CONTACTE<\/strong><\/td>\n<\/tr>\n<tr>\n<td class=\"has-text-align-center\" data-align=\"center\"><strong>Cap de departament d&#8217;Angl\u00e8s<\/strong><\/td>\n<td class=\"has-text-align-center\" data-align=\"center\">Arnau Cunill<\/td>\n<td class=\"has-text-align-center\" data-align=\"center\"><a href=\"mailto:acunil2@xtec.cat\" target=\"_blank\" rel=\"noopener\">acunil2@xtec.cat<\/a><\/td>\n<\/tr>\n<tr>\n<td class=\"has-text-align-center\" data-align=\"center\"><strong>Cap de departament de Franc\u00e8s<\/strong><\/td>\n<td class=\"has-text-align-center\" data-align=\"center\">L\u00eddia Falom\u00ed<\/td>\n<td class=\"has-text-align-center\" data-align=\"center\"><a href=\"mailto:lfalomi@xtec.cat\" target=\"_blank\" rel=\"noopener\">lfalomi@xtec.cat<\/a><\/td>\n<\/tr>\n<tr>\n<td class=\"has-text-align-center\" data-align=\"center\"><strong>Cap de departament de Catal\u00e0<\/strong><\/td>\n<td class=\"has-text-align-center\" data-align=\"center\">David Mu\u00f1oz de Le\u00f3n<\/td>\n<td class=\"has-text-align-center\" data-align=\"center\"><a href=\"mailto:dmunoz@eoiosona.cat\" target=\"_blank\" rel=\"noopener\">dmunoz@eoiosona.cat<\/a><\/td>\n<\/tr>\n<tr>\n<td class=\"has-text-align-center\" data-align=\"center\"><strong>Coordinador de riscos laborals<\/strong><\/td>\n<td class=\"has-text-align-center\" data-align=\"center\">Virg\u00ednia Aragon\u00e8s<\/td>\n<td class=\"has-text-align-center\" data-align=\"center\"><a href=\"mailto:varagones@eoiosona.cat\">varagones@eoiosona.cat<\/a><\/td>\n<\/tr>\n<tr>\n<td class=\"has-text-align-center\" data-align=\"center\"><strong>Coordinadora digital de centre<\/strong><\/td>\n<td class=\"has-text-align-center\" data-align=\"center\">Vanesa Campillejo<\/td>\n<td class=\"has-text-align-center\" data-align=\"center\"><a href=\"mailto:vcampill@xtec.cat\" target=\"_blank\" rel=\"noopener\">vcampill@xtec.cat<\/a><\/td>\n<\/tr>\n<tr>\n<td class=\"has-text-align-center\" data-align=\"center\"><strong>Coordinador de llengua, interculturalitat i cohesi\u00f3 social<\/strong><\/td>\n<td class=\"has-text-align-center\" data-align=\"center\">Kim Parcerisas<\/td>\n<td class=\"has-text-align-center\" data-align=\"center\"><a href=\"mailto:jparcer2@eoiosona.cat\">jparcer2@eoiosona.cat<\/a><\/td>\n<\/tr>\n<tr>\n<td class=\"has-text-align-center\" data-align=\"center\"><strong>Coordinador\u00a0COCOBE de coeducaci\u00f3, conviv\u00e8ncia i benestar\u00a0<\/strong><\/td>\n<td class=\"has-text-align-center\" data-align=\"center\">G\u00e9raldine Richmont<\/td>\n<td class=\"has-text-align-center\" data-align=\"center\"><a href=\"mailto:grichmont@eoiosona.cat\">grichmont@eoiosona.cat<\/a><\/td>\n<\/tr>\n<\/tbody>\n<\/table>\n<\/figure>\n\n\n\n<p><\/p>\n","protected":false},"excerpt":{"rendered":"<p>C\u00c0RRECS DE COORDINACI\u00d3 C\u00c0RREC NOM CONTACTE Cap de departament d&#8217;Angl\u00e8s Arnau Cunill acunil2@xtec.cat Cap de departament de Franc\u00e8s L\u00eddia Falom\u00ed lfalomi@xtec.cat Cap de departament de Catal\u00e0 David Mu\u00f1oz de Le\u00f3n dmunoz@eoiosona.cat Coordinador de riscos laborals Virg\u00ednia Aragon\u00e8s varagones@eoiosona.cat Coordinadora digital de centre Vanesa Campillejo vcampill@xtec.cat Coordinador de llengua, interculturalitat i cohesi\u00f3 social Kim Parcerisas jparcer2@eoiosona.cat [&hellip;]<\/p>\n","protected":false},"author":1,"featured_media":0,"parent":8141,"menu_order":15,"comment_status":"closed","ping_status":"closed","template":"","meta":{"_bbp_topic_count":0,"_bbp_reply_count":0,"_bbp_total_topic_count":0,"_bbp_total_reply_count":0,"_bbp_voice_count":0,"_bbp_anonymous_reply_count":0,"_bbp_topic_count_hidden":0,"_bbp_reply_count_hidden":0,"_bbp_forum_subforum_count":0,"site-sidebar-layout":"default","site-content-layout":"","ast-site-content-layout":"default","site-content-style":"default","site-sidebar-style":"default","ast-global-header-display":"","ast-banner-title-visibility":"","ast-main-header-display":"","ast-hfb-above-header-display":"","ast-hfb-below-header-display":"","ast-hfb-mobile-header-display":"","site-post-title":"","ast-breadcrumbs-content":"","ast-featured-img":"","footer-sml-layout":"","theme-transparent-header-meta":"","adv-header-id-meta":"","stick-header-meta":"","header-above-stick-meta":"","header-main-stick-meta":"","header-below-stick-meta":"","astra-migrate-meta-layouts":"set","ast-page-background-enabled":"default","ast-page-background-meta":{"desktop":{"background-color":"var(--ast-global-color-4)","background-image":"","background-repeat":"repeat","background-position":"center center","background-size":"auto","background-attachment":"scroll","background-type":"","background-media":"","overlay-type":"","overlay-color":"","overlay-opacity":"","overlay-gradient":""},"tablet":{"background-color":"","background-image":"","background-repeat":"repeat","background-position":"center center","background-size":"auto","background-attachment":"scroll","background-type":"","background-media":"","overlay-type":"","overlay-color":"","overlay-opacity":"","overlay-gradient":""},"mobile":{"background-color":"","background-image":"","background-repeat":"repeat","background-position":"center center","background-size":"auto","background-attachment":"scroll","background-type":"","background-media":"","overlay-type":"","overlay-color":"","overlay-opacity":"","overlay-gradient":""}},"ast-content-background-meta":{"desktop":{"background-color":"var(--ast-global-color-5)","background-image":"","background-repeat":"repeat","background-position":"center center","background-size":"auto","background-attachment":"scroll","background-type":"","background-media":"","overlay-type":"","overlay-color":"","overlay-opacity":"","overlay-gradient":""},"tablet":{"background-color":"var(--ast-global-color-5)","background-image":"","background-repeat":"repeat","background-position":"center center","background-size":"auto","background-attachment":"scroll","background-type":"","background-media":"","overlay-type":"","overlay-color":"","overlay-opacity":"","overlay-gradient":""},"mobile":{"background-color":"var(--ast-global-color-5)","background-image":"","background-repeat":"repeat","background-position":"center center","background-size":"auto","background-attachment":"scroll","background-type":"","background-media":"","overlay-type":"","overlay-color":"","overlay-opacity":"","overlay-gradient":""}},"footnotes":""},"class_list":["post-8623","page","type-page","status-publish","hentry"],"post_mailing_queue_ids":[],"_links":{"self":[{"href":"https:\/\/agora-eoi.xtec.cat\/eoiosona\/wp-json\/wp\/v2\/pages\/8623","targetHints":{"allow":["GET"]}}],"collection":[{"href":"https:\/\/agora-eoi.xtec.cat\/eoiosona\/wp-json\/wp\/v2\/pages"}],"about":[{"href":"https:\/\/agora-eoi.xtec.cat\/eoiosona\/wp-json\/wp\/v2\/types\/page"}],"author":[{"embeddable":true,"href":"https:\/\/agora-eoi.xtec.cat\/eoiosona\/wp-json\/wp\/v2\/users\/1"}],"replies":[{"embeddable":true,"href":"https:\/\/agora-eoi.xtec.cat\/eoiosona\/wp-json\/wp\/v2\/comments?post=8623"}],"version-history":[{"count":6,"href":"https:\/\/agora-eoi.xtec.cat\/eoiosona\/wp-json\/wp\/v2\/pages\/8623\/revisions"}],"predecessor-version":[{"id":12750,"href":"https:\/\/agora-eoi.xtec.cat\/eoiosona\/wp-json\/wp\/v2\/pages\/8623\/revisions\/12750"}],"up":[{"embeddable":true,"href":"https:\/\/agora-eoi.xtec.cat\/eoiosona\/wp-json\/wp\/v2\/pages\/8141"}],"wp:attachment":[{"href":"https:\/\/agora-eoi.xtec.cat\/eoiosona\/wp-json\/wp\/v2\/media?parent=8623"}],"curies":[{"name":"wp","href":"https:\/\/api.w.org\/{rel}","templated":true}]}}