{"id":8444,"date":"2016-06-14T16:06:08","date_gmt":"2016-06-14T15:06:08","guid":{"rendered":"http:\/\/agora-eoi.xtec.cat\/eoiosona\/?page_id=8444"},"modified":"2025-07-18T10:41:28","modified_gmt":"2025-07-18T08:41:28","slug":"certificats-i-proves","status":"publish","type":"page","link":"https:\/\/agora-eoi.xtec.cat\/eoiosona\/lescola\/pla-destudis\/certificats-i-proves\/","title":{"rendered":"Certificats i proves"},"content":{"rendered":"\n<p>Les certificacions que es poden obtenir a l\u2019EOI Osona s\u00f3n les seg\u00fcents:<\/p>\n\n\n\n<figure class=\"wp-block-table\">\n<table class=\"has-fixed-layout\">\n<tbody>\n<tr>\n<td class=\"has-text-align-center\" style=\"background-color: #52a9cc;\" data-align=\"center\"><strong>ANGL\u00c8S<\/strong><\/td>\n<td>\n<ul style=\"text-align: justify;\">\n<li>Certificat de Nivell B\u00e0sic (A2) en aprovar el 2n curs<\/li>\n<li>Certificat de Nivell Intermedi (B1) en aprovar el 3r curs<\/li>\n<li>Certificat de Nivell Intermedi (B2) en aprovar el 5\u00e8 curs<\/li>\n<li>Certificat de Nivell avan\u00e7at (C1) en aprovar el 6\u00e8 curs<\/li>\n<\/ul>\n<\/td>\n<\/tr>\n<tr>\n<td class=\"has-text-align-center\" style=\"background-color: #52a9cc;\" data-align=\"center\"><strong>FRANC\u00c8S<\/strong><\/td>\n<td>\n<ul style=\"text-align: justify;\">\n<li>Certificat de Nivell B\u00e0sic (A2) en aprovar el 2n curs<\/li>\n<li>Certificat de Nivell Intermedi (B1) en aprovar el 3r curs<\/li>\n<li>Certificat de Nivell Intermedi (B2) en aprovar el 5\u00e8 curs<\/li>\n<li>Certificat de Nivell Avan\u00e7at (C1) en aprovar el 6\u00e8 curs<\/li>\n<\/ul>\n<\/td>\n<\/tr>\n<tr>\n<td class=\"has-text-align-center\" style=\"background-color: #52a9cc;\" data-align=\"center\"><strong>CATAL\u00c0<\/strong><\/td>\n<td>\n<ul>\n<li>Certificat de Nivell avan\u00e7at (C2)<\/li>\n<\/ul>\n<\/td>\n<\/tr>\n<\/tbody>\n<\/table>\n<\/figure>\n\n\n\n<ul class=\"wp-block-list\">\n<li>Aqu\u00ed teniu tota la informaci\u00f3 sobre els <a href=\"https:\/\/xtec.gencat.cat\/ca\/curriculum\/idiomes-a-les-eoi\/certificats\/\">Certificats i proves i convocat\u00f2ries.<\/a><\/li>\n<\/ul>\n\n\n\n<p><strong>CONVOCAT\u00d2RIES A L&#8217;EOI OSONA<\/strong><\/p>\n\n\n\n<ul class=\"wp-block-list\">\n<li><a href=\"http:\/\/ensenyament.gencat.cat\/ca\/serveis-tramits\/proves\/proves-lliures-obtencio-titols\/convocat-extraord-idiomes\/\" target=\"_blank\" rel=\"noopener noreferrer\">Convocat\u00f2ria extraordin\u00e0ria al febrer<\/a>: Certificat Intermedi B2 d\u2019angl\u00e8s en modalitat lliure.<\/li>\n\n\n\n<li><a href=\"http:\/\/ensenyament.gencat.cat\/ca\/serveis-tramits\/proves\/proves-lliures-obtencio-titols\/convocat-ordinaria-idiomes\/\" target=\"_blank\" rel=\"noopener noreferrer\">Convocat\u00f2ria ordin\u00e0ria al juny<\/a>: Certificats Intermedi B1 i B2, d\u2019angl\u00e8s i franc\u00e8s, avan\u00e7at C1 d&#8217;angl\u00e8s en la modalitat lliure i oficial, i avan\u00e7at C2 de catal\u00e0.<\/li>\n<\/ul>\n\n\n\n<p>Per a m\u00e9s informaci\u00f3 i mostres de les proves per l\u2019obtenci\u00f3 dels Certificats de Nivell Intermedi, Avan\u00e7at C1 i C2, cliqueu <a href=\"http:\/\/ensenyament.gencat.cat\/ca\/serveis-tramits\/proves\/proves-lliures-obtencio-titols\/convocat-ordinaria-idiomes\/mostres-proves\/\" target=\"_blank\" rel=\"noopener noreferrer\">aqu\u00ed<\/a>.<\/p>\n\n\n\n<p>Algunes universitats reconeixen els cursos de les EOI com a cr\u00e8dits de lliure elecci\u00f3. Consulteu a la vostra universitat.<\/p>\n","protected":false},"excerpt":{"rendered":"<p>Les certificacions que es poden obtenir a l\u2019EOI Osona s\u00f3n les seg\u00fcents: ANGL\u00c8S Certificat de Nivell B\u00e0sic (A2) en aprovar el 2n curs Certificat de Nivell Intermedi (B1) en aprovar el 3r curs Certificat de Nivell Intermedi (B2) en aprovar el 5\u00e8 curs Certificat de Nivell avan\u00e7at (C1) en aprovar el 6\u00e8 curs FRANC\u00c8S Certificat [&hellip;]<\/p>\n","protected":false},"author":1,"featured_media":0,"parent":8610,"menu_order":20,"comment_status":"closed","ping_status":"closed","template":"","meta":{"_bbp_topic_count":0,"_bbp_reply_count":0,"_bbp_total_topic_count":0,"_bbp_total_reply_count":0,"_bbp_voice_count":0,"_bbp_anonymous_reply_count":0,"_bbp_topic_count_hidden":0,"_bbp_reply_count_hidden":0,"_bbp_forum_subforum_count":0,"site-sidebar-layout":"default","site-content-layout":"","ast-site-content-layout":"default","site-content-style":"default","site-sidebar-style":"default","ast-global-header-display":"","ast-banner-title-visibility":"","ast-main-header-display":"","ast-hfb-above-header-display":"","ast-hfb-below-header-display":"","ast-hfb-mobile-header-display":"","site-post-title":"","ast-breadcrumbs-content":"","ast-featured-img":"","footer-sml-layout":"","theme-transparent-header-meta":"default","adv-header-id-meta":"","stick-header-meta":"","header-above-stick-meta":"","header-main-stick-meta":"","header-below-stick-meta":"","astra-migrate-meta-layouts":"set","ast-page-background-enabled":"default","ast-page-background-meta":{"desktop":{"background-color":"var(--ast-global-color-4)","background-image":"","background-repeat":"repeat","background-position":"center center","background-size":"auto","background-attachment":"scroll","background-type":"","background-media":"","overlay-type":"","overlay-color":"","overlay-opacity":"","overlay-gradient":""},"tablet":{"background-color":"","background-image":"","background-repeat":"repeat","background-position":"center center","background-size":"auto","background-attachment":"scroll","background-type":"","background-media":"","overlay-type":"","overlay-color":"","overlay-opacity":"","overlay-gradient":""},"mobile":{"background-color":"","background-image":"","background-repeat":"repeat","background-position":"center center","background-size":"auto","background-attachment":"scroll","background-type":"","background-media":"","overlay-type":"","overlay-color":"","overlay-opacity":"","overlay-gradient":""}},"ast-content-background-meta":{"desktop":{"background-color":"var(--ast-global-color-5)","background-image":"","background-repeat":"repeat","background-position":"center center","background-size":"auto","background-attachment":"scroll","background-type":"","background-media":"","overlay-type":"","overlay-color":"","overlay-opacity":"","overlay-gradient":""},"tablet":{"background-color":"var(--ast-global-color-5)","background-image":"","background-repeat":"repeat","background-position":"center center","background-size":"auto","background-attachment":"scroll","background-type":"","background-media":"","overlay-type":"","overlay-color":"","overlay-opacity":"","overlay-gradient":""},"mobile":{"background-color":"var(--ast-global-color-5)","background-image":"","background-repeat":"repeat","background-position":"center center","background-size":"auto","background-attachment":"scroll","background-type":"","background-media":"","overlay-type":"","overlay-color":"","overlay-opacity":"","overlay-gradient":""}},"footnotes":""},"class_list":["post-8444","page","type-page","status-publish","hentry"],"post_mailing_queue_ids":[],"_links":{"self":[{"href":"https:\/\/agora-eoi.xtec.cat\/eoiosona\/wp-json\/wp\/v2\/pages\/8444","targetHints":{"allow":["GET"]}}],"collection":[{"href":"https:\/\/agora-eoi.xtec.cat\/eoiosona\/wp-json\/wp\/v2\/pages"}],"about":[{"href":"https:\/\/agora-eoi.xtec.cat\/eoiosona\/wp-json\/wp\/v2\/types\/page"}],"author":[{"embeddable":true,"href":"https:\/\/agora-eoi.xtec.cat\/eoiosona\/wp-json\/wp\/v2\/users\/1"}],"replies":[{"embeddable":true,"href":"https:\/\/agora-eoi.xtec.cat\/eoiosona\/wp-json\/wp\/v2\/comments?post=8444"}],"version-history":[{"count":6,"href":"https:\/\/agora-eoi.xtec.cat\/eoiosona\/wp-json\/wp\/v2\/pages\/8444\/revisions"}],"predecessor-version":[{"id":12584,"href":"https:\/\/agora-eoi.xtec.cat\/eoiosona\/wp-json\/wp\/v2\/pages\/8444\/revisions\/12584"}],"up":[{"embeddable":true,"href":"https:\/\/agora-eoi.xtec.cat\/eoiosona\/wp-json\/wp\/v2\/pages\/8610"}],"wp:attachment":[{"href":"https:\/\/agora-eoi.xtec.cat\/eoiosona\/wp-json\/wp\/v2\/media?parent=8444"}],"curies":[{"name":"wp","href":"https:\/\/api.w.org\/{rel}","templated":true}]}}