{"id":8370,"date":"2022-06-13T13:38:46","date_gmt":"2022-06-13T11:38:46","guid":{"rendered":"http:\/\/agora-eoi.xtec.cat\/eoiosona\/?page_id=8370"},"modified":"2026-02-09T12:40:50","modified_gmt":"2026-02-09T11:40:50","slug":"instancies-i-solicituts","status":"publish","type":"page","link":"https:\/\/agora-eoi.xtec.cat\/eoiosona\/secretaria\/instancies-i-solicituts\/","title":{"rendered":"Inst\u00e0ncies, sol\u00b7licituds i autoritzacions"},"content":{"rendered":"\n<p>Per facilitar la realitzaci\u00f3 de gestions administratives podeu <strong>descarregar-vos les inst\u00e0ncies, sol\u00b7licituds i autoritzacions seg\u00fcents<\/strong>. <strong>Ompliu-les i envieu-les o lliureu-les a secretaria<\/strong>, tot <strong>aportant la documentaci\u00f3 requerida<\/strong> per a cada gesti\u00f3.<\/p>\n\n\n\n<figure class=\"wp-block-table alignleft\">\n<table class=\"has-black-color has-text-color has-link-color has-fixed-layout\">\n<tbody>\n<tr>\n<td style=\"background-color: #52a9cc; text-align: center;\">\n<h5>\u00a0<\/h5>\n<h5 style=\"text-align: center;\"><span style=\"color: #000000;\"><strong>Tipus de sol\u00b7licitud, inst\u00e0ncia i \/ o autoritzaci\u00f3<\/strong><\/span><\/h5>\n<\/td>\n<td style=\"background-color: #52a9cc; text-align: center;\">\n<h5>\u00a0<\/h5>\n<h5 style=\"text-align: center;\"><span style=\"color: #000000;\"><strong>Descripci\u00f3<\/strong><\/span><\/h5>\n<\/td>\n<\/tr>\n<tr>\n<td style=\"text-align: center;\"><a href=\"https:\/\/agora-eoi.xtec.cat\/eoiosona\/wp-content\/uploads\/usu2247\/2025\/01\/instancia_generica.pdf\" target=\"_blank\" rel=\"noopener\">Inst\u00e0ncia gen\u00e8rica<\/a><\/td>\n<td>Gestions de car\u00e0cter general o no contemplades a la resta de sol\u00b7licituds.<\/td>\n<\/tr>\n<tr>\n<td style=\"text-align: center;\"><a href=\"https:\/\/agora-eoi.xtec.cat\/eoiosona\/wp-content\/uploads\/usu2247\/2025\/01\/solicitud_canvi-curs.pdf\" target=\"_blank\" rel=\"noopener\">Sol\u00b7licitud canvi de curs<\/a><\/td>\n<td>En casos justificats el nou alumnat pot sol\u00b7licitar un canvi de nivell <strong>fins al 31 d\u2019octubre de 2025.<\/strong> El\/la cap de departament i professorat corresponent l\u2019estudiar\u00e0 i, si la resposta \u00e9s afirmativa i el canvi \u00e9s possible, l\u2019ha de <strong>formalitzar abans del 7 de novembre de 2025<\/strong>.<\/td>\n<\/tr>\n<tr>\n<td style=\"text-align: center;\"><a href=\"https:\/\/agora-eoi.xtec.cat\/eoiosona\/wp-content\/uploads\/usu2247\/2024\/10\/solicitud-adaptacio-NEEDS_EOI.pdf\" target=\"_blank\" rel=\"noopener\">Sol\u00b7licitud d&#8217;adaptaci\u00f3 de proves per alumnes amb necessitats especials<\/a><\/td>\n<td>En casos m\u00e8dics justificats, l\u2019alumnat pot sol\u00b7licitar l\u2019adequaci\u00f3 d\u2019algun element de les proves de certificat de les Escoles Oficials d\u2019Idiomes de Catalunya per fer-les m\u00e9s accessibles a aquells candidats amb discapacitat f\u00edsica, discapacitat sensorial o necessitats educatives especials. Habitualment es tracta d\u2019adaptacions \u201cno significatives\u201d el que implica que no modifiquen elements b\u00e0sics del curr\u00edculum, per\u00f2 s\u00ed que s\u2019introdueixen canvis en: metodologia, organitzaci\u00f3, ambient, recursos tecnol\u00f2gics, avaluaci\u00f3, etc.Per m\u00e9s informaci\u00f3 consulteu el seg\u00fcent <a href=\"https:\/\/agora-eoi.xtec.cat\/eoiosona\/secretaria\/instancies-i-solicituts\/sollicitud-dadaptacio-de-proves-per-alumnes-amb-necessitats-especials\/\" target=\"_blank\" rel=\"noopener\">enlla\u00e7<\/a>.<\/td>\n<\/tr>\n<tr>\n<td style=\"text-align: center;\"><a href=\"https:\/\/agora-eoi.xtec.cat\/eoiosona\/wp-content\/uploads\/usu2247\/2025\/01\/solicitud_renuncia_matricula.pdf\" target=\"_blank\" rel=\"noopener\">Sol\u00b7licitud ren\u00fancia de matr\u00edcula<\/a><\/td>\n<td>L\u2019alumnat pot sol\u00b7licitar la ren\u00fancia de matr\u00edcula del curs en qu\u00e8 s\u2019ha inscrit. La ren\u00fancia no computa a efectes de repetici\u00f3 i l\u2019alumne mant\u00e9 la prioritat per matricular-se com a antic alumne al seg\u00fcent any acad\u00e8mic, en el torn que la normativa dictamini, excepte si l\u2019alumne sol\u00b7licita la devoluci\u00f3 de les taxes i se li concedeix. La <strong>data l\u00edmit de ren\u00fancia de matr\u00edcula amb retorn de taxes \u00e9s el 10 d\u2019octubre de 2025<\/strong>. La <strong>data l\u00edmit de ren\u00fancia de matr\u00edcula sense retorn de taxes \u00e9s el 28 de novembre<\/strong> <strong>de 2025<\/strong>. Cal enviar la sol\u00b7licitud de ren\u00fancia de matr\u00edcula per correu electr\u00f2nic a <a href=\"mailto:eoiosona@xtec.cat\">eoiosona@xtec.cat<\/a> o b\u00e9 entregant-lo presencialment a la Secretaria de l\u2019EOI Osona. La resposta a la sol\u00b7licitud es consulta a Centrosnet. A Historial\/Expedient, ha de posar REN\u00daNCIA al camp \u201csituaci\u00f3\u201d, quan estigui acceptada.IMPORTANT: <strong>En el cas de menors d\u2019edat, caldr\u00e0 el vistiplau del pare, mare o tutor legal a la sol\u00b7licitud<\/strong>.<\/td>\n<\/tr>\n<tr>\n<td style=\"text-align: center;\"><a href=\"https:\/\/web.gencat.cat\/ca\/tramits\/tramits-temes\/devolucio-ingressos-indeguts\" target=\"_blank\" rel=\"noopener\">Sol\u00b7licitud de devoluci\u00f3 de taxes i preus p\u00fablics<\/a><\/td>\n<td>L\u2019alumnat pot sol\u00b7licitar la devoluci\u00f3 de taxes i \/ o preus p\u00fablics de la matr\u00edcula sempre que estigui dins del termini establert i preferiblement per internet. <strong>Pel curs 2025-2026, la data l\u00edmit de ren\u00fancia de matr\u00edcula amb retorn de taxes \u00e9s el 10 d\u2019octubre de 2025<\/strong>.Per altres sup\u00f2sits de devoluci\u00f3 de taxes i \/ o m\u00e9s informaci\u00f3, consulteu el seg\u00fcent <a href=\"https:\/\/agora-eoi.xtec.cat\/eoiosona\/secretaria\/instancies-i-solicituts\/sollicitud-de-devolucio-de-taxes-i-preus-publics\/\" target=\"_blank\" rel=\"noopener\">enlla\u00e7<\/a>.<\/td>\n<\/tr>\n<tr>\n<td style=\"text-align: center;\"><a href=\"https:\/\/agora-eoi.xtec.cat\/eoiosona\/wp-content\/uploads\/usu2247\/2025\/01\/solicitud_renunciacursuperat.pdf\" target=\"_blank\" rel=\"noopener\">Sol\u00b7licitud de ren\u00fancia de curs superat<\/a><\/td>\n<td>Qualsevol persona que tingui un expedient acad\u00e8mic obert en una escola oficial d\u2019idiomes podr\u00e0 sol\u00b7licitar al director\/a de l\u2019escola la ren\u00fancia a un dels cursos acad\u00e8mics superats en aquell idioma, sempre que siguin cursos que hagin comportat l\u2019obtenci\u00f3 d\u2019un certificat. L\u2019escola la podr\u00e0 concedir un cop obtinguts els informes oportuns del departament d\u2019aquell idioma. El curs renunciat computar\u00e0 a efectes de repetici\u00f3.<\/td>\n<\/tr>\n<tr>\n<td style=\"text-align: center;\"><a href=\"https:\/\/agora-eoi.xtec.cat\/eoiosona\/wp-content\/uploads\/usu2247\/2025\/01\/solicitud_canvi-dhorari-1.pdf\" target=\"_blank\" rel=\"noopener\">Sol\u00b7licitud canvi d&#8217;horari<\/a><\/td>\n<td>L\u2019alumnat pot sol\u00b7licitar un canvi d\u2019horari. Les peticions es resoldran per ordre d\u2019entrada i estaran subjectes a la capacitat del grup al qual es vol accedir.<\/td>\n<\/tr>\n<tr>\n<td style=\"text-align: center;\"><a href=\"https:\/\/agora-eoi.xtec.cat\/eoiosona\/wp-content\/uploads\/usu2247\/2025\/01\/solicitud_permutahorari.pdf\" target=\"_blank\" rel=\"noopener\">Sol\u00b7licitud permuta d&#8217;horaris<\/a><\/td>\n<td>Dos alumnes d\u2019un mateix curs en diferent horari acorden intercanviar els seus horaris. Aquestes peticions es resoldran per ordre d\u2019entrada.<\/td>\n<\/tr>\n<tr>\n<td style=\"text-align: center;\"><a href=\"https:\/\/agora-eoi.xtec.cat\/eoiosona\/wp-content\/uploads\/usu2247\/2025\/01\/solicitud_canvidataexamen-1.pdf\" target=\"_blank\" rel=\"noopener\">Sol\u00b7licitud canvi de data d&#8217;ex\u00e0mens<\/a><\/td>\n<td>En casos excepcionals, l\u2019alumnat pot sol\u00b7licitar un canvi de la data d\u2019ex\u00e0mens. L\u2019alumnat interessat haur\u00e0 de presentar documentaci\u00f3 m\u00e8dica i \/ o administrativa per justificar el canvi a <a href=\"mailto:eoiosona@xtec.cat\">eoiosona@xtec.cat<\/a><\/td>\n<\/tr>\n<tr>\n<td style=\"text-align: center;\"><a href=\"https:\/\/agora-eoi.xtec.cat\/eoiosona\/wp-content\/uploads\/usu2247\/2025\/06\/sollicitud-matricula-actualitzacio.pdf\" target=\"_blank\" rel=\"noopener\">Sol\u00b7licitud matricula d&#8217;actualitzaci\u00f3<\/a><\/td>\n<td>Veure en l&#8217;apartat <a href=\"https:\/\/agora-eoi.xtec.cat\/eoiosona\/cursos\/cursos-oficials\/cursos-dactualitzacio\/\" target=\"_blank\" rel=\"noopener\">cursos d&#8217;actualitzaci\u00f3<\/a><\/td>\n<\/tr>\n<tr>\n<td style=\"text-align: center;\"><a href=\"https:\/\/agora-eoi.xtec.cat\/eoiosona\/wp-content\/uploads\/usu2247\/2024\/10\/solicitud-trasllat-expedient.pdf\" target=\"_blank\" rel=\"noopener\">Sol\u00b7lcitud trasllat d&#8217;expedient<\/a><\/td>\n<td>L\u2019alumnat matriculat a una escola oficial d\u2019idiomes pot demanar continuar el curs en un altre centre (trasllat de matr\u00edcula viva). <strong>En per\u00edode lectiu, el termini per efectuar aquest trasllat \u00e9s fins al 30 d\u2019abril de 2026<\/strong>. La sol\u00b7licitud de trasllat d\u2019expedient es far\u00e0 al centre de destinaci\u00f3 i quedar\u00e0 condicionada a la disponibilitat de places en aquest centre. Si el trasllat \u00e9s a una altra EOI de Catalunya, no s\u2019haur\u00e0 de tornar a pagar la taxa. En canvi, si \u00e9s a una altra comunitat aut\u00f2noma, s\u2019haur\u00e0 de demanar el retorn de taxes a Catalunya i pagar la taxa corresponent a la comunitat aut\u00f2noma de dest\u00ed.<strong>En per\u00edode no lectiu durant el mes de juliol<\/strong>, l\u2019alumnat oficial, un cop formalitzada la matr\u00edcula al centre d\u2019origen, pot sol\u00b7licitar un trasllat de matr\u00edcula a una altra escola durant els <strong>tres dies h\u00e0bils posteriors a la finalitzaci\u00f3 del per\u00edode de matr\u00edcula <\/strong>de l\u2019alumnat de continu\u00eftat.<\/td>\n<\/tr>\n<tr>\n<td style=\"text-align: center;\"><a href=\"https:\/\/agora-eoi.xtec.cat\/eoiosona\/wp-content\/uploads\/usu2247\/2025\/01\/solicitud_convaddicional-1.pdf\" target=\"_blank\" rel=\"noopener\">Sol\u00b7licitud convocat\u00f2ria addicional<\/a><\/td>\n<td>L\u2019alumnat interessat pot sol\u00b7licitar una convocat\u00f2ria addicional a la direcci\u00f3 del centre. La direcci\u00f3 de l\u2019escola pot autoritzar la repetici\u00f3 o perman\u00e8ncia d\u2019un curs m\u00e9s en r\u00e8gim presencial a l\u2019alumnat que ho sol\u00b7liciti quan ja hagi superat el nombre m\u00e0xim de cursos autoritzats amb car\u00e0cter general. Es pot concedir una \u00fanica convocat\u00f2ria addicional per nivell.Per m\u00e9s informaci\u00f3, consulteu el seg\u00fcent enlla\u00e7.<\/td>\n<\/tr>\n<tr>\n<td style=\"text-align: center;\"><a href=\"https:\/\/tramits.gencat.cat\/ca\/tramits\/tramits-temes\/titols-academics-no-universitaris?category=742b7874-a82c-11e3-a972-000c29052e2c\">Sol\u00b7licitud expedici\u00f3 t\u00edtol acad\u00e8mic<\/a><\/td>\n<td>\n<p>&#8211;\u00a0 <strong>Nivell B\u00e0sic A2 i Nivell Intermedi B1: <\/strong>L\u2019escola expedeix els certificats d\u2019A2 i B1 d\u2019ofici, sense sol\u00b7licitud pr\u00e8via ni pagament de taxes.\u00a0 L\u2019alumnat pot recollir-los en horari de secretaria del centre.<\/p>\n<p>&#8211;\u00a0 <strong>Nivell Intermedi B2, Nivell Avan\u00e7at C1 i Nivell Avan\u00e7at C2: <\/strong>Els certificats d\u2019idiomes (B2, C1 i C2) es tramiten mitjan\u00e7ant l\u2019aplicaci\u00f3 Registre i Tramitaci\u00f3 de t\u00edtols. L\u2019alumnat pot sol\u00b7licitar a trav\u00e9s del\u00a0<a href=\"https:\/\/tramits.gencat.cat\/ca\/tramits\/tramits-temes\/titols-academics-no-universitaris?category=742b7874-a82c-11e3-a972-000c29052e2c\">tr\u00e0mit en l\u00ednia<\/a>\u00a0que s\u2019expedeixi, es dupliqui o s\u2019actualitzi el seu t\u00edtol o certificat d\u2019idiomes. Despr\u00e9s de rebre la notificaci\u00f3 de rebuda del certificat, cal recollir-lo personalment a la secretaria del centre amb el DNI, passaport o NIE i el resguard del pagament de les taxes. En cas de no poder fer el tr\u00e0mit personalment, s\u2019ha d\u2019autoritzar una persona amb el\u00a0<a href=\"https:\/\/agora-eoi.xtec.cat\/eoiosona\/wp-content\/uploads\/usu2247\/2025\/01\/autoritzacio-recollida-titol.pdf\">document d\u2019autoritzaci\u00f3 firmat.<\/a><\/p>\n<\/td>\n<\/tr>\n<tr>\n<td style=\"text-align: center;\"><a href=\"https:\/\/agora-eoi.xtec.cat\/eoiosona\/wp-content\/uploads\/usu2247\/2025\/01\/autoritzacio-recollida-titol.pdf\">Autoritzaci\u00f3 recollida de t\u00edtols<\/a><\/td>\n<td>En cas de no poder venir personalment a recollir el resguard del t\u00edtol o el t\u00edtol corresponent, pot venir una altra persona amb l\u2019autoritzaci\u00f3 signada en representaci\u00f3 de l\u2019interessat\/da.<\/td>\n<\/tr>\n<tr>\n<td style=\"text-align: center;\"><a href=\"https:\/\/agora-eoi.xtec.cat\/eoiosona\/wp-content\/uploads\/usu2247\/2025\/01\/solicitud_faltesmenors.pdf\" target=\"_blank\" rel=\"noopener\">Sol\u00b7licitud faltes assist\u00e8ncia menors<\/a><\/td>\n<td>L\u2019alumnat menor d\u2019edat ha de justificar les faltes d\u2019assist\u00e8ncia amb l\u2019impr\u00e8s adjunt que haur\u00e0 de lliurar al professorat un cop signat pel pare\/mare o tutor\/a legal.<\/td>\n<\/tr>\n<tr>\n<td style=\"text-align: center;\"><a href=\"https:\/\/agora-eoi.xtec.cat\/eoiosona\/wp-content\/uploads\/usu2247\/2024\/10\/solicitud_revisioexamen.pdf\" target=\"_blank\" rel=\"noopener\">Sol\u00b7licitud revisi\u00f3 d&#8217;ex\u00e0mens d&#8217;avaluaci\u00f3 cont\u00ednua<\/a><\/td>\n<td>L\u2019alumnat oficial que hagi cursat un curs d\u2019avaluaci\u00f3 cont\u00ednua (A1 i B2.1) pot demanar sol\u00b7licitud de revisi\u00f3 d\u2019examen si ho creu oport\u00fa. La revisi\u00f3 d\u2019examen es comunicar\u00e0 a l\u2019interessat per correu electr\u00f2nic.<\/td>\n<\/tr>\n<tr>\n<td style=\"text-align: center;\"><a href=\"https:\/\/agora-eoi.xtec.cat\/eoiosona\/wp-content\/uploads\/usu2247\/2025\/01\/solicitud_revisio_certificat.pdf\" target=\"_blank\" rel=\"noopener\">Sol\u00b7licitud revisi\u00f3 ex\u00e0mens oficials<\/a><\/td>\n<td>L\u2019alumnat oficial que hagi cursat un curs de certificat (A2, B1, B2, C1 o C2) o candidats lliures (B1, B2 o C1) poden demanar sol\u00b7licitud de revisi\u00f3 d\u2019examen si ho creuen oport\u00fa. <strong>Quin \u00e9s el procediment per presentar una reclamaci\u00f3 oficial?<\/strong> Cal enviar la sol\u00b7licitud de revisi\u00f3 d\u2019ex\u00e0mens oficials de certificaci\u00f3 al correu <a href=\"mailto:eoiosona@xtec.cat\">eoiosona@xtec.cat<\/a> durant els <strong>tres dies h\u00e0bils despr\u00e9s de la publicaci\u00f3 de resultats<\/strong>. No s\u2019atendran reclamacions presentades fora de termini.<\/td>\n<\/tr>\n<\/tbody>\n<\/table>\n<\/figure>\n","protected":false},"excerpt":{"rendered":"<p>Per facilitar la realitzaci\u00f3 de gestions administratives podeu descarregar-vos les inst\u00e0ncies, sol\u00b7licituds i autoritzacions seg\u00fcents. Ompliu-les i envieu-les o lliureu-les a secretaria, tot aportant la documentaci\u00f3 requerida per a cada gesti\u00f3. \u00a0 Tipus de sol\u00b7licitud, inst\u00e0ncia i \/ o autoritzaci\u00f3 \u00a0 Descripci\u00f3 Inst\u00e0ncia gen\u00e8rica Gestions de car\u00e0cter general o no contemplades a la resta de [&hellip;]<\/p>\n","protected":false},"author":1,"featured_media":0,"parent":8358,"menu_order":35,"comment_status":"closed","ping_status":"closed","template":"","meta":{"_bbp_topic_count":0,"_bbp_reply_count":0,"_bbp_total_topic_count":0,"_bbp_total_reply_count":0,"_bbp_voice_count":0,"_bbp_anonymous_reply_count":0,"_bbp_topic_count_hidden":0,"_bbp_reply_count_hidden":0,"_bbp_forum_subforum_count":0,"site-sidebar-layout":"default","site-content-layout":"","ast-site-content-layout":"default","site-content-style":"default","site-sidebar-style":"default","ast-global-header-display":"","ast-banner-title-visibility":"","ast-main-header-display":"","ast-hfb-above-header-display":"","ast-hfb-below-header-display":"","ast-hfb-mobile-header-display":"","site-post-title":"","ast-breadcrumbs-content":"","ast-featured-img":"","footer-sml-layout":"","theme-transparent-header-meta":"","adv-header-id-meta":"","stick-header-meta":"","header-above-stick-meta":"","header-main-stick-meta":"","header-below-stick-meta":"","astra-migrate-meta-layouts":"set","ast-page-background-enabled":"default","ast-page-background-meta":{"desktop":{"background-color":"var(--ast-global-color-4)","background-image":"","background-repeat":"repeat","background-position":"center center","background-size":"auto","background-attachment":"scroll","background-type":"","background-media":"","overlay-type":"","overlay-color":"","overlay-opacity":"","overlay-gradient":""},"tablet":{"background-color":"","background-image":"","background-repeat":"repeat","background-position":"center center","background-size":"auto","background-attachment":"scroll","background-type":"","background-media":"","overlay-type":"","overlay-color":"","overlay-opacity":"","overlay-gradient":""},"mobile":{"background-color":"","background-image":"","background-repeat":"repeat","background-position":"center center","background-size":"auto","background-attachment":"scroll","background-type":"","background-media":"","overlay-type":"","overlay-color":"","overlay-opacity":"","overlay-gradient":""}},"ast-content-background-meta":{"desktop":{"background-color":"var(--ast-global-color-5)","background-image":"","background-repeat":"repeat","background-position":"center center","background-size":"auto","background-attachment":"scroll","background-type":"","background-media":"","overlay-type":"","overlay-color":"","overlay-opacity":"","overlay-gradient":""},"tablet":{"background-color":"var(--ast-global-color-5)","background-image":"","background-repeat":"repeat","background-position":"center center","background-size":"auto","background-attachment":"scroll","background-type":"","background-media":"","overlay-type":"","overlay-color":"","overlay-opacity":"","overlay-gradient":""},"mobile":{"background-color":"var(--ast-global-color-5)","background-image":"","background-repeat":"repeat","background-position":"center center","background-size":"auto","background-attachment":"scroll","background-type":"","background-media":"","overlay-type":"","overlay-color":"","overlay-opacity":"","overlay-gradient":""}},"footnotes":""},"class_list":["post-8370","page","type-page","status-publish","hentry"],"post_mailing_queue_ids":[],"_links":{"self":[{"href":"https:\/\/agora-eoi.xtec.cat\/eoiosona\/wp-json\/wp\/v2\/pages\/8370","targetHints":{"allow":["GET"]}}],"collection":[{"href":"https:\/\/agora-eoi.xtec.cat\/eoiosona\/wp-json\/wp\/v2\/pages"}],"about":[{"href":"https:\/\/agora-eoi.xtec.cat\/eoiosona\/wp-json\/wp\/v2\/types\/page"}],"author":[{"embeddable":true,"href":"https:\/\/agora-eoi.xtec.cat\/eoiosona\/wp-json\/wp\/v2\/users\/1"}],"replies":[{"embeddable":true,"href":"https:\/\/agora-eoi.xtec.cat\/eoiosona\/wp-json\/wp\/v2\/comments?post=8370"}],"version-history":[{"count":6,"href":"https:\/\/agora-eoi.xtec.cat\/eoiosona\/wp-json\/wp\/v2\/pages\/8370\/revisions"}],"predecessor-version":[{"id":13042,"href":"https:\/\/agora-eoi.xtec.cat\/eoiosona\/wp-json\/wp\/v2\/pages\/8370\/revisions\/13042"}],"up":[{"embeddable":true,"href":"https:\/\/agora-eoi.xtec.cat\/eoiosona\/wp-json\/wp\/v2\/pages\/8358"}],"wp:attachment":[{"href":"https:\/\/agora-eoi.xtec.cat\/eoiosona\/wp-json\/wp\/v2\/media?parent=8370"}],"curies":[{"name":"wp","href":"https:\/\/api.w.org\/{rel}","templated":true}]}}