{"id":8291,"date":"2016-06-13T11:31:56","date_gmt":"2016-06-13T09:31:56","guid":{"rendered":"http:\/\/agora-eoi.xtec.cat\/eoiosona\/?page_id=8291"},"modified":"2026-03-01T17:28:44","modified_gmt":"2026-03-01T16:28:44","slug":"horaris","status":"publish","type":"page","link":"https:\/\/agora-eoi.xtec.cat\/eoiosona\/frances\/horaris\/","title":{"rendered":"Horaris i professorat de Franc\u00e8s"},"content":{"rendered":"<h4><\/h4>\n<h2 style=\"text-align: center;\"><strong>CURSOS DE FRANC\u00c8S 2025-2026<\/strong><\/h2>\n<div style=\"position: relative; width: 100%; height: 0; padding-top: 75.0000%; padding-bottom: 0; box-shadow: 0 2px 8px 0 rgba(63,69,81,0.16); margin-top: 1.6em; margin-bottom: 0.9em; overflow: hidden; border-radius: 8px; will-change: transform;\"><iframe style=\"position: absolute; width: 100%; height: 100%; top: 0; left: 0; border: none; padding: 0; margin: 0;\" src=\"https:\/\/www.canva.com\/design\/DAGIktpKazs\/Blnij3NelUpoUZDwqEfEOQ\/view?embed\" allowfullscreen=\"allowfullscreen\" data-mce-fragment=\"1\"><br \/>\n<\/iframe><\/div>\n<p style=\"text-align: justify;\"><a href=\"https:\/\/www.canva.com\/design\/DAGIktpKazs\/Blnij3NelUpoUZDwqEfEOQ\/view?utm_content=DAGIktpKazs&amp;utm_campaign=designshare&amp;utm_medium=embeds&amp;utm_source=link\" target=\"_blank\" rel=\"noopener\">Horaris franc\u00e8s 2025-2026<\/a><\/p>\n<p><strong>En la modalitat semipresencial<\/strong>\u00a0la c\u00e0rrega lectiva del curs es reparteix entre el treball individual en l\u00ednia, que \u00e9s la base del curs, i el treball presencial al centre, que \u00e9s un complement per consolidar-ne els continguts. La formaci\u00f3 en aquesta modalitat comporta:<\/p>\n<ol>\n<li>L\u2019assist\u00e8ncia a una sessi\u00f3 setmanal de dues hores i mitja al centre.<\/li>\n<li>El treball individual en l\u2019entorn virtual d\u2019aprenentatge\u00a0<em>Google Classroom<\/em>\u00a0acomplint les tasques suggerides pel professor\/a. Aix\u00f2 equival a un treball individual a casa de tres hores setmanals aproximadament.<\/li>\n<\/ol>\n<p>Les hores no presencials\u00a0<b>NO<\/b>\u00a0seran fetes per videoconfer\u00e8ncia sin\u00f3 que consten d\u2019activitats i tasques guiades pel professorat que l\u2019alumnat far\u00e0 de manera aut\u00f2noma i en horari lliure.<\/p>\n<p><strong>Requisits:<\/strong><\/p>\n<ul>\n<li>Assist\u00e8ncia obligat\u00f2ria a les sessions presencials (consulteu horaris per saber quin dia de la setmana \u00e9s la sessi\u00f3 presencial de cada curs.<\/li>\n<li>Disposar d\u2019un ordinador amb connexi\u00f3 de banda ampla a Internet i autonomia d\u2019aprenentatge sota la tutela del professor\/a.<\/li>\n<\/ul>\n","protected":false},"excerpt":{"rendered":"<p>CURSOS DE FRANC\u00c8S 2025-2026 Horaris franc\u00e8s 2025-2026 En la modalitat semipresencial\u00a0la c\u00e0rrega lectiva del curs es reparteix entre el treball individual en l\u00ednia, que \u00e9s la base del curs, i el treball presencial al centre, que \u00e9s un complement per consolidar-ne els continguts. La formaci\u00f3 en aquesta modalitat comporta: L\u2019assist\u00e8ncia a una sessi\u00f3 setmanal de [&hellip;]<\/p>\n","protected":false},"author":1,"featured_media":0,"parent":8195,"menu_order":10,"comment_status":"closed","ping_status":"closed","template":"","meta":{"_bbp_topic_count":0,"_bbp_reply_count":0,"_bbp_total_topic_count":0,"_bbp_total_reply_count":0,"_bbp_voice_count":0,"_bbp_anonymous_reply_count":0,"_bbp_topic_count_hidden":0,"_bbp_reply_count_hidden":0,"_bbp_forum_subforum_count":0,"site-sidebar-layout":"default","site-content-layout":"","ast-site-content-layout":"default","site-content-style":"default","site-sidebar-style":"default","ast-global-header-display":"","ast-banner-title-visibility":"","ast-main-header-display":"","ast-hfb-above-header-display":"","ast-hfb-below-header-display":"","ast-hfb-mobile-header-display":"","site-post-title":"","ast-breadcrumbs-content":"","ast-featured-img":"","footer-sml-layout":"","theme-transparent-header-meta":"","adv-header-id-meta":"","stick-header-meta":"","header-above-stick-meta":"","header-main-stick-meta":"","header-below-stick-meta":"","astra-migrate-meta-layouts":"set","ast-page-background-enabled":"default","ast-page-background-meta":{"desktop":{"background-color":"var(--ast-global-color-4)","background-image":"","background-repeat":"repeat","background-position":"center center","background-size":"auto","background-attachment":"scroll","background-type":"","background-media":"","overlay-type":"","overlay-color":"","overlay-opacity":"","overlay-gradient":""},"tablet":{"background-color":"","background-image":"","background-repeat":"repeat","background-position":"center center","background-size":"auto","background-attachment":"scroll","background-type":"","background-media":"","overlay-type":"","overlay-color":"","overlay-opacity":"","overlay-gradient":""},"mobile":{"background-color":"","background-image":"","background-repeat":"repeat","background-position":"center center","background-size":"auto","background-attachment":"scroll","background-type":"","background-media":"","overlay-type":"","overlay-color":"","overlay-opacity":"","overlay-gradient":""}},"ast-content-background-meta":{"desktop":{"background-color":"var(--ast-global-color-5)","background-image":"","background-repeat":"repeat","background-position":"center center","background-size":"auto","background-attachment":"scroll","background-type":"","background-media":"","overlay-type":"","overlay-color":"","overlay-opacity":"","overlay-gradient":""},"tablet":{"background-color":"var(--ast-global-color-5)","background-image":"","background-repeat":"repeat","background-position":"center center","background-size":"auto","background-attachment":"scroll","background-type":"","background-media":"","overlay-type":"","overlay-color":"","overlay-opacity":"","overlay-gradient":""},"mobile":{"background-color":"var(--ast-global-color-5)","background-image":"","background-repeat":"repeat","background-position":"center center","background-size":"auto","background-attachment":"scroll","background-type":"","background-media":"","overlay-type":"","overlay-color":"","overlay-opacity":"","overlay-gradient":""}},"footnotes":""},"class_list":["post-8291","page","type-page","status-publish","hentry"],"post_mailing_queue_ids":[],"_links":{"self":[{"href":"https:\/\/agora-eoi.xtec.cat\/eoiosona\/wp-json\/wp\/v2\/pages\/8291","targetHints":{"allow":["GET"]}}],"collection":[{"href":"https:\/\/agora-eoi.xtec.cat\/eoiosona\/wp-json\/wp\/v2\/pages"}],"about":[{"href":"https:\/\/agora-eoi.xtec.cat\/eoiosona\/wp-json\/wp\/v2\/types\/page"}],"author":[{"embeddable":true,"href":"https:\/\/agora-eoi.xtec.cat\/eoiosona\/wp-json\/wp\/v2\/users\/1"}],"replies":[{"embeddable":true,"href":"https:\/\/agora-eoi.xtec.cat\/eoiosona\/wp-json\/wp\/v2\/comments?post=8291"}],"version-history":[{"count":6,"href":"https:\/\/agora-eoi.xtec.cat\/eoiosona\/wp-json\/wp\/v2\/pages\/8291\/revisions"}],"predecessor-version":[{"id":13069,"href":"https:\/\/agora-eoi.xtec.cat\/eoiosona\/wp-json\/wp\/v2\/pages\/8291\/revisions\/13069"}],"up":[{"embeddable":true,"href":"https:\/\/agora-eoi.xtec.cat\/eoiosona\/wp-json\/wp\/v2\/pages\/8195"}],"wp:attachment":[{"href":"https:\/\/agora-eoi.xtec.cat\/eoiosona\/wp-json\/wp\/v2\/media?parent=8291"}],"curies":[{"name":"wp","href":"https:\/\/api.w.org\/{rel}","templated":true}]}}