{"id":8189,"date":"2022-06-09T14:31:19","date_gmt":"2022-06-09T12:31:19","guid":{"rendered":"http:\/\/agora-eoi.xtec.cat\/eoiosona\/?page_id=8189"},"modified":"2025-10-03T18:54:11","modified_gmt":"2025-10-03T16:54:11","slug":"angles","status":"publish","type":"page","link":"https:\/\/agora-eoi.xtec.cat\/eoiosona\/angles\/","title":{"rendered":"Angl\u00e8s"},"content":{"rendered":"\n<p>A l&#8217;EOI d&#8217;Osona, oferim cursos presencials i semipresencials d&#8217;A1 a C1 d&#8217;angl\u00e8s.<\/p>\n\n\n\n<p><strong>Informaci\u00f3 del curs<\/strong><\/p>\n\n\n\n<p>La matr\u00edcula oficial dona dret a assistir a classe i als ex\u00e0mens corresponents en modalitat d\u2019horari extensiu : classes de dues hores\u00a0 en dies alterns (dilluns i dimecres  o dimarts i dijous ) i cursos semipresencials de  B2.1, B2.2 i C1 d\u2019una sessi\u00f3 presencial a la setmana de dues hores i quinze minuts i feina online a casa.<\/p>\n\n\n\n<p><strong>CAP DE DEPARTAMENT: ARNAU CUNILL<\/strong><br>E-mail:\u00a0<strong><a href=\"mailto:acunil2@xtec.cat\">acunil2@xtec.cat<\/a><\/strong><\/p>\n\n\n\n<p><strong>Trobareu tota la informaci\u00f3 al men\u00fa desplegable.<\/strong><\/p>\n","protected":false},"excerpt":{"rendered":"<p>A l&#8217;EOI d&#8217;Osona, oferim cursos presencials i semipresencials d&#8217;A1 a C1 d&#8217;angl\u00e8s. Informaci\u00f3 del curs La matr\u00edcula oficial dona dret a assistir a classe i als ex\u00e0mens corresponents en modalitat d\u2019horari extensiu : classes de dues hores\u00a0 en dies alterns (dilluns i dimecres o dimarts i dijous ) i cursos semipresencials de B2.1, B2.2 i [&hellip;]<\/p>\n","protected":false},"author":1,"featured_media":0,"parent":0,"menu_order":0,"comment_status":"closed","ping_status":"closed","template":"","meta":{"_bbp_topic_count":0,"_bbp_reply_count":0,"_bbp_total_topic_count":0,"_bbp_total_reply_count":0,"_bbp_voice_count":0,"_bbp_anonymous_reply_count":0,"_bbp_topic_count_hidden":0,"_bbp_reply_count_hidden":0,"_bbp_forum_subforum_count":0,"site-sidebar-layout":"left-sidebar","site-content-layout":"","ast-site-content-layout":"default","site-content-style":"default","site-sidebar-style":"default","ast-global-header-display":"","ast-banner-title-visibility":"","ast-main-header-display":"","ast-hfb-above-header-display":"","ast-hfb-below-header-display":"","ast-hfb-mobile-header-display":"","site-post-title":"","ast-breadcrumbs-content":"","ast-featured-img":"","footer-sml-layout":"","theme-transparent-header-meta":"default","adv-header-id-meta":"","stick-header-meta":"","header-above-stick-meta":"","header-main-stick-meta":"","header-below-stick-meta":"","astra-migrate-meta-layouts":"set","ast-page-background-enabled":"default","ast-page-background-meta":{"desktop":{"background-color":"var(--ast-global-color-4)","background-image":"","background-repeat":"repeat","background-position":"center center","background-size":"auto","background-attachment":"scroll","background-type":"","background-media":"","overlay-type":"","overlay-color":"","overlay-opacity":"","overlay-gradient":""},"tablet":{"background-color":"","background-image":"","background-repeat":"repeat","background-position":"center center","background-size":"auto","background-attachment":"scroll","background-type":"","background-media":"","overlay-type":"","overlay-color":"","overlay-opacity":"","overlay-gradient":""},"mobile":{"background-color":"","background-image":"","background-repeat":"repeat","background-position":"center center","background-size":"auto","background-attachment":"scroll","background-type":"","background-media":"","overlay-type":"","overlay-color":"","overlay-opacity":"","overlay-gradient":""}},"ast-content-background-meta":{"desktop":{"background-color":"var(--ast-global-color-5)","background-image":"","background-repeat":"repeat","background-position":"center center","background-size":"auto","background-attachment":"scroll","background-type":"","background-media":"","overlay-type":"","overlay-color":"","overlay-opacity":"","overlay-gradient":""},"tablet":{"background-color":"var(--ast-global-color-5)","background-image":"","background-repeat":"repeat","background-position":"center center","background-size":"auto","background-attachment":"scroll","background-type":"","background-media":"","overlay-type":"","overlay-color":"","overlay-opacity":"","overlay-gradient":""},"mobile":{"background-color":"var(--ast-global-color-5)","background-image":"","background-repeat":"repeat","background-position":"center center","background-size":"auto","background-attachment":"scroll","background-type":"","background-media":"","overlay-type":"","overlay-color":"","overlay-opacity":"","overlay-gradient":""}},"footnotes":""},"class_list":["post-8189","page","type-page","status-publish","hentry"],"post_mailing_queue_ids":[],"_links":{"self":[{"href":"https:\/\/agora-eoi.xtec.cat\/eoiosona\/wp-json\/wp\/v2\/pages\/8189","targetHints":{"allow":["GET"]}}],"collection":[{"href":"https:\/\/agora-eoi.xtec.cat\/eoiosona\/wp-json\/wp\/v2\/pages"}],"about":[{"href":"https:\/\/agora-eoi.xtec.cat\/eoiosona\/wp-json\/wp\/v2\/types\/page"}],"author":[{"embeddable":true,"href":"https:\/\/agora-eoi.xtec.cat\/eoiosona\/wp-json\/wp\/v2\/users\/1"}],"replies":[{"embeddable":true,"href":"https:\/\/agora-eoi.xtec.cat\/eoiosona\/wp-json\/wp\/v2\/comments?post=8189"}],"version-history":[{"count":6,"href":"https:\/\/agora-eoi.xtec.cat\/eoiosona\/wp-json\/wp\/v2\/pages\/8189\/revisions"}],"predecessor-version":[{"id":12667,"href":"https:\/\/agora-eoi.xtec.cat\/eoiosona\/wp-json\/wp\/v2\/pages\/8189\/revisions\/12667"}],"wp:attachment":[{"href":"https:\/\/agora-eoi.xtec.cat\/eoiosona\/wp-json\/wp\/v2\/media?parent=8189"}],"curies":[{"name":"wp","href":"https:\/\/api.w.org\/{rel}","templated":true}]}}