{"id":8161,"date":"2016-06-08T16:52:40","date_gmt":"2016-06-08T15:52:40","guid":{"rendered":"http:\/\/agora-eoi.xtec.cat\/eoiosona\/?page_id=8161"},"modified":"2025-07-18T13:18:52","modified_gmt":"2025-07-18T11:18:52","slug":"matricula","status":"publish","type":"page","link":"https:\/\/agora-eoi.xtec.cat\/eoiosona\/secretaria\/matricula\/","title":{"rendered":"Matr\u00edcula"},"content":{"rendered":"<header class=\"entry-header\">\n<h4 class=\"entry-title\"><\/h4>\n<\/header>\n<div class=\"entry-content\">\n<ul>\n<li><a href=\"https:\/\/agora-eoi.xtec.cat\/eoiosona\/secretaria\/matricula\/alumnes-antics\/\" target=\"_blank\" rel=\"noopener\">Antics alumnes<\/a> (exalumnes del curs immediatament anterior)<\/li>\n<li><a href=\"https:\/\/agora-eoi.xtec.cat\/eoiosona\/preinscripcio\/\" target=\"_blank\" rel=\"noopener\">Nou alumnat<\/a> (alumnat nou o exalumnes de cursos antics, no immediatament anterior)<\/li>\n<li><a href=\"https:\/\/agora-eoi.xtec.cat\/eoiosona\/secretaria\/matricula\/pla-dimpuls-de-langles-professorat\/\" target=\"_blank\" rel=\"noopener\">Professorat<\/a> ( Pla d&#8217;Impuls)<\/li>\n<li><a href=\"https:\/\/agora-eoi.xtec.cat\/eoiosona\/secretaria\/matricula\/candidats-lliures\/ \u200e\" target=\"_blank\" rel=\"noopener\">Candidats lliures<\/a> (convocat\u00f2ries extraordin\u00e0ries, al febrer i ordin\u00e0ria, al juny)<\/li>\n<\/ul>\n<\/div>\n","protected":false},"excerpt":{"rendered":"<p>Antics alumnes (exalumnes del curs immediatament anterior) Nou alumnat (alumnat nou o exalumnes de cursos antics, no immediatament anterior) Professorat ( Pla d&#8217;Impuls) Candidats lliures (convocat\u00f2ries extraordin\u00e0ries, al febrer i ordin\u00e0ria, al juny)<\/p>\n","protected":false},"author":1,"featured_media":0,"parent":8358,"menu_order":20,"comment_status":"closed","ping_status":"closed","template":"","meta":{"_bbp_topic_count":0,"_bbp_reply_count":0,"_bbp_total_topic_count":0,"_bbp_total_reply_count":0,"_bbp_voice_count":0,"_bbp_anonymous_reply_count":0,"_bbp_topic_count_hidden":0,"_bbp_reply_count_hidden":0,"_bbp_forum_subforum_count":0,"site-sidebar-layout":"left-sidebar","site-content-layout":"","ast-site-content-layout":"default","site-content-style":"default","site-sidebar-style":"default","ast-global-header-display":"","ast-banner-title-visibility":"","ast-main-header-display":"","ast-hfb-above-header-display":"","ast-hfb-below-header-display":"","ast-hfb-mobile-header-display":"","site-post-title":"","ast-breadcrumbs-content":"","ast-featured-img":"","footer-sml-layout":"","theme-transparent-header-meta":"","adv-header-id-meta":"","stick-header-meta":"","header-above-stick-meta":"","header-main-stick-meta":"","header-below-stick-meta":"","astra-migrate-meta-layouts":"set","ast-page-background-enabled":"default","ast-page-background-meta":{"desktop":{"background-color":"var(--ast-global-color-4)","background-image":"","background-repeat":"repeat","background-position":"center center","background-size":"auto","background-attachment":"scroll","background-type":"","background-media":"","overlay-type":"","overlay-color":"","overlay-opacity":"","overlay-gradient":""},"tablet":{"background-color":"","background-image":"","background-repeat":"repeat","background-position":"center center","background-size":"auto","background-attachment":"scroll","background-type":"","background-media":"","overlay-type":"","overlay-color":"","overlay-opacity":"","overlay-gradient":""},"mobile":{"background-color":"","background-image":"","background-repeat":"repeat","background-position":"center center","background-size":"auto","background-attachment":"scroll","background-type":"","background-media":"","overlay-type":"","overlay-color":"","overlay-opacity":"","overlay-gradient":""}},"ast-content-background-meta":{"desktop":{"background-color":"var(--ast-global-color-5)","background-image":"","background-repeat":"repeat","background-position":"center center","background-size":"auto","background-attachment":"scroll","background-type":"","background-media":"","overlay-type":"","overlay-color":"","overlay-opacity":"","overlay-gradient":""},"tablet":{"background-color":"var(--ast-global-color-5)","background-image":"","background-repeat":"repeat","background-position":"center center","background-size":"auto","background-attachment":"scroll","background-type":"","background-media":"","overlay-type":"","overlay-color":"","overlay-opacity":"","overlay-gradient":""},"mobile":{"background-color":"var(--ast-global-color-5)","background-image":"","background-repeat":"repeat","background-position":"center center","background-size":"auto","background-attachment":"scroll","background-type":"","background-media":"","overlay-type":"","overlay-color":"","overlay-opacity":"","overlay-gradient":""}},"footnotes":""},"class_list":["post-8161","page","type-page","status-publish","hentry"],"post_mailing_queue_ids":[],"_links":{"self":[{"href":"https:\/\/agora-eoi.xtec.cat\/eoiosona\/wp-json\/wp\/v2\/pages\/8161","targetHints":{"allow":["GET"]}}],"collection":[{"href":"https:\/\/agora-eoi.xtec.cat\/eoiosona\/wp-json\/wp\/v2\/pages"}],"about":[{"href":"https:\/\/agora-eoi.xtec.cat\/eoiosona\/wp-json\/wp\/v2\/types\/page"}],"author":[{"embeddable":true,"href":"https:\/\/agora-eoi.xtec.cat\/eoiosona\/wp-json\/wp\/v2\/users\/1"}],"replies":[{"embeddable":true,"href":"https:\/\/agora-eoi.xtec.cat\/eoiosona\/wp-json\/wp\/v2\/comments?post=8161"}],"version-history":[{"count":6,"href":"https:\/\/agora-eoi.xtec.cat\/eoiosona\/wp-json\/wp\/v2\/pages\/8161\/revisions"}],"predecessor-version":[{"id":12651,"href":"https:\/\/agora-eoi.xtec.cat\/eoiosona\/wp-json\/wp\/v2\/pages\/8161\/revisions\/12651"}],"up":[{"embeddable":true,"href":"https:\/\/agora-eoi.xtec.cat\/eoiosona\/wp-json\/wp\/v2\/pages\/8358"}],"wp:attachment":[{"href":"https:\/\/agora-eoi.xtec.cat\/eoiosona\/wp-json\/wp\/v2\/media?parent=8161"}],"curies":[{"name":"wp","href":"https:\/\/api.w.org\/{rel}","templated":true}]}}