{"id":8158,"date":"2016-06-08T16:47:01","date_gmt":"2016-06-08T15:47:01","guid":{"rendered":"http:\/\/agora-eoi.xtec.cat\/eoiosona\/?page_id=8158"},"modified":"2025-07-18T13:02:29","modified_gmt":"2025-07-18T11:02:29","slug":"cursos-especials","status":"publish","type":"page","link":"https:\/\/agora-eoi.xtec.cat\/eoiosona\/cursos\/cursos-especials\/","title":{"rendered":"Cursos especials"},"content":{"rendered":"\n<p>D&#8217;acord amb la disposici\u00f3 addicional primera del Decret 4\/2009, de 13 de gener, i segons el que determini el Departament d&#8217;Ensenyament, les escoles oficials d&#8217;idiomes poden impartir cursos especials per al perfeccionament de compet\u00e8ncies en idiomes. Els cursos especials poden ser monogr\u00e0fics o de llengua instrumental.<\/p>\n\n\n\n<h2 class=\"wp-block-heading has-text-align-center\">QUINS TIPUS DE CURSOS EXISTEIXEN?<\/h2>\n\n\n\n<figure class=\"wp-block-table\">\n<table class=\"has-fixed-layout\">\n<tbody>\n<tr>\n<td class=\"has-text-align-center\" style=\"background-color: #52a9cc;\" data-align=\"center\"><strong>CURSOS DE LLENGUA INSTRUMENTAL<\/strong><\/td>\n<td>Els cursos de llengua instrumental s\u00f3n d&#8217;actualitzaci\u00f3 i especialitzaci\u00f3. Es poden dur a terme a l&#8217;estiu o b\u00e9 durant l&#8217;any. Tenen una durada m\u00ednima de 30 hores i m\u00e0xima de 90 hores.<\/td>\n<\/tr>\n<tr>\n<td class=\"has-text-align-center\" style=\"background-color: #52a9cc;\" data-align=\"center\"><strong>CURSOS MONOGR\u00c0FICS (POST-B2 O D&#8217;ESPECIALITAT &#8211; POST-B1)<\/strong><\/td>\n<td>Es consideren cursos monogr\u00e0fics els cursos de llengua d&#8217;especialitat (negocis, llenguatge jur\u00eddic, m\u00e8dic, etc.), d&#8217;aprofundiment en el coneixement de la realitat sociocultural dels pa\u00efsos on es parla la llengua que \u00e9s objecte d&#8217;estudi (literatura, hist\u00f2ria, civilitzaci\u00f3, costums, institucions, etc.), o b\u00e9 de treball d&#8217;actualitzaci\u00f3 ling\u00fc\u00edstica o de treball espec\u00edfic per destreses.<\/td>\n<\/tr>\n<\/tbody>\n<\/table>\n<\/figure>\n\n\n\n<h2 class=\"wp-block-heading has-text-align-center\"><strong>&nbsp;CURSOS ESPECIALS 2025 &#8211; 2026<\/strong><\/h2>\n\n\n\n<p>Enguany, oferim 2 cursos especials: <a href=\"https:\/\/agora-eoi.xtec.cat\/eoiosona\/wp-content\/uploads\/usu2247\/2025\/07\/EFC_I_5_Publicitat_EFCI_25-26.pdf\">English for Communication I<\/a> i <a href=\"https:\/\/agora-eoi.xtec.cat\/eoiosona\/wp-content\/uploads\/usu2247\/2025\/07\/EFC_II_5_Publicitat_EFCII_25-26.pdf\">English for Communication II<\/a>. Si esteu interessats en cursar-los, empleneu el seg\u00fcent <a href=\"https:\/\/forms.gle\/yVyjsfnEGPBbnt5p7\">formulari d&#8217;inscripci\u00f3<\/a>.<\/p>\n\n\n\n<p><\/p>\n\n\n\n<p><\/p>\n\n\n\n<p><\/p>\n","protected":false},"excerpt":{"rendered":"<p>D&#8217;acord amb la disposici\u00f3 addicional primera del Decret 4\/2009, de 13 de gener, i segons el que determini el Departament d&#8217;Ensenyament, les escoles oficials d&#8217;idiomes poden impartir cursos especials per al perfeccionament de compet\u00e8ncies en idiomes. Els cursos especials poden ser monogr\u00e0fics o de llengua instrumental. QUINS TIPUS DE CURSOS EXISTEIXEN? CURSOS DE LLENGUA INSTRUMENTAL [&hellip;]<\/p>\n","protected":false},"author":1,"featured_media":0,"parent":8149,"menu_order":30,"comment_status":"closed","ping_status":"closed","template":"","meta":{"_bbp_topic_count":0,"_bbp_reply_count":0,"_bbp_total_topic_count":0,"_bbp_total_reply_count":0,"_bbp_voice_count":0,"_bbp_anonymous_reply_count":0,"_bbp_topic_count_hidden":0,"_bbp_reply_count_hidden":0,"_bbp_forum_subforum_count":0,"site-sidebar-layout":"default","site-content-layout":"","ast-site-content-layout":"default","site-content-style":"default","site-sidebar-style":"default","ast-global-header-display":"","ast-banner-title-visibility":"","ast-main-header-display":"","ast-hfb-above-header-display":"","ast-hfb-below-header-display":"","ast-hfb-mobile-header-display":"","site-post-title":"","ast-breadcrumbs-content":"","ast-featured-img":"","footer-sml-layout":"","theme-transparent-header-meta":"","adv-header-id-meta":"","stick-header-meta":"","header-above-stick-meta":"","header-main-stick-meta":"","header-below-stick-meta":"","astra-migrate-meta-layouts":"set","ast-page-background-enabled":"default","ast-page-background-meta":{"desktop":{"background-color":"var(--ast-global-color-4)","background-image":"","background-repeat":"repeat","background-position":"center center","background-size":"auto","background-attachment":"scroll","background-type":"","background-media":"","overlay-type":"","overlay-color":"","overlay-opacity":"","overlay-gradient":""},"tablet":{"background-color":"","background-image":"","background-repeat":"repeat","background-position":"center center","background-size":"auto","background-attachment":"scroll","background-type":"","background-media":"","overlay-type":"","overlay-color":"","overlay-opacity":"","overlay-gradient":""},"mobile":{"background-color":"","background-image":"","background-repeat":"repeat","background-position":"center center","background-size":"auto","background-attachment":"scroll","background-type":"","background-media":"","overlay-type":"","overlay-color":"","overlay-opacity":"","overlay-gradient":""}},"ast-content-background-meta":{"desktop":{"background-color":"var(--ast-global-color-5)","background-image":"","background-repeat":"repeat","background-position":"center center","background-size":"auto","background-attachment":"scroll","background-type":"","background-media":"","overlay-type":"","overlay-color":"","overlay-opacity":"","overlay-gradient":""},"tablet":{"background-color":"var(--ast-global-color-5)","background-image":"","background-repeat":"repeat","background-position":"center center","background-size":"auto","background-attachment":"scroll","background-type":"","background-media":"","overlay-type":"","overlay-color":"","overlay-opacity":"","overlay-gradient":""},"mobile":{"background-color":"var(--ast-global-color-5)","background-image":"","background-repeat":"repeat","background-position":"center center","background-size":"auto","background-attachment":"scroll","background-type":"","background-media":"","overlay-type":"","overlay-color":"","overlay-opacity":"","overlay-gradient":""}},"footnotes":""},"class_list":["post-8158","page","type-page","status-publish","hentry"],"post_mailing_queue_ids":[],"_links":{"self":[{"href":"https:\/\/agora-eoi.xtec.cat\/eoiosona\/wp-json\/wp\/v2\/pages\/8158","targetHints":{"allow":["GET"]}}],"collection":[{"href":"https:\/\/agora-eoi.xtec.cat\/eoiosona\/wp-json\/wp\/v2\/pages"}],"about":[{"href":"https:\/\/agora-eoi.xtec.cat\/eoiosona\/wp-json\/wp\/v2\/types\/page"}],"author":[{"embeddable":true,"href":"https:\/\/agora-eoi.xtec.cat\/eoiosona\/wp-json\/wp\/v2\/users\/1"}],"replies":[{"embeddable":true,"href":"https:\/\/agora-eoi.xtec.cat\/eoiosona\/wp-json\/wp\/v2\/comments?post=8158"}],"version-history":[{"count":6,"href":"https:\/\/agora-eoi.xtec.cat\/eoiosona\/wp-json\/wp\/v2\/pages\/8158\/revisions"}],"predecessor-version":[{"id":12649,"href":"https:\/\/agora-eoi.xtec.cat\/eoiosona\/wp-json\/wp\/v2\/pages\/8158\/revisions\/12649"}],"up":[{"embeddable":true,"href":"https:\/\/agora-eoi.xtec.cat\/eoiosona\/wp-json\/wp\/v2\/pages\/8149"}],"wp:attachment":[{"href":"https:\/\/agora-eoi.xtec.cat\/eoiosona\/wp-json\/wp\/v2\/media?parent=8158"}],"curies":[{"name":"wp","href":"https:\/\/api.w.org\/{rel}","templated":true}]}}