{"id":8151,"date":"2016-06-08T16:42:13","date_gmt":"2016-06-08T15:42:13","guid":{"rendered":"http:\/\/agora-eoi.xtec.cat\/eoiosona\/?page_id=8151"},"modified":"2025-07-22T18:33:57","modified_gmt":"2025-07-22T16:33:57","slug":"cursos-oficials","status":"publish","type":"page","link":"https:\/\/agora-eoi.xtec.cat\/eoiosona\/cursos\/cursos-oficials\/","title":{"rendered":"Cursos Oficials"},"content":{"rendered":"<p style=\"text-align: justify;\"><strong>DURADA DEL CURS<\/strong><\/p>\n<p style=\"text-align: justify;\">A l&#8217;EOI Osona s\u2019imparteixen els idiomes d\u2019angl\u00e8s, franc\u00e8s i el nivell de C2 de catal\u00e0 en format semipresencial.<\/p>\n<p style=\"text-align: justify;\">Modalitat d\u2019horari: curs extensiu en horari altern (dilluns i dimecres o dimarts i dijous).<\/p>\n<p style=\"text-align: justify;\">La<strong> matr\u00edcula oficial<\/strong> dona dret a assistir com a m\u00ednim a 130 hores de classe per curs i als ex\u00e0mens corresponents.<\/p>\n<p style=\"text-align: justify;\"><strong>HORARI DE CLASSE<\/strong><\/p>\n<p style=\"text-align: justify;\">Les classes es fan en horari de tarda-vespre.<\/p>\n<p style=\"text-align: justify;\"><strong>La franja hor\u00e0ria de classe \u00e9s:<\/strong><br \/>\n&#8211; DILLUNS I DIMECRES de 16.00 a 18.15 i de 18.40 a 20.55<br \/>\n&#8211; DIMARTS I DIJOUS de 16.00 a 18.15 i de 18.40 a 20.55<\/p>\n<p>Als matins dos grups d&#8217;angl\u00e8s : de 9.00 h &#8211; 11.15 h\u00a0 (B2.1-A) o de 11.15 h &#8211; 13.30 h (B1 &#8211; A)<\/p>\n<p><strong>Pels cursos semipresencials de catal\u00e0<\/strong> hi ha l&#8217;opci\u00f3 d&#8217;una franja hor\u00e0ria pels matins de 9.30 h &#8211; 11.45 h<\/p>\n<p>Pel que fa als cursos semipresencials, es fa una classe de 2 hores i 15 minuts un dia a la setmana i la resta \u00e9s treball aut\u00f2nom en l\u00ednia.<\/p>\n<p style=\"text-align: justify;\">La tria de l\u2019horari de classe es fa en el moment de formalitzar la matr\u00edcula, segons les vacants disponibles.<\/p>\n<p style=\"text-align: justify;\"><a href=\"https:\/\/agora-eoi.xtec.cat\/eoiosona\/idiomes\/angles\/horaris-i-professorat-dangles\/\"><strong>HORARIS ANGL\u00c8S CURS 2025-26<\/strong><\/a><\/p>\n<p><a href=\"https:\/\/agora-eoi.xtec.cat\/eoiosona\/idiomes\/frances\/horaris\/\"><strong>HORARIS FRANC\u00c8S CURS 2025-26<\/strong><\/a><\/p>\n<p><a href=\"https:\/\/agora-eoi.xtec.cat\/eoiosona\/idiomes\/catala\/horaris-i-professorat-de-catala\/\"><strong>HORARIS CATAL\u00c0 CURS 2025-2026<\/strong><\/a><\/p>\n<p style=\"text-align: justify;\">\n","protected":false},"excerpt":{"rendered":"<p>DURADA DEL CURS A l&#8217;EOI Osona s\u2019imparteixen els idiomes d\u2019angl\u00e8s, franc\u00e8s i el nivell de C2 de catal\u00e0 en format semipresencial. Modalitat d\u2019horari: curs extensiu en horari altern (dilluns i dimecres o dimarts i dijous). La matr\u00edcula oficial dona dret a assistir com a m\u00ednim a 130 hores de classe per curs i als ex\u00e0mens [&hellip;]<\/p>\n","protected":false},"author":1,"featured_media":0,"parent":8149,"menu_order":10,"comment_status":"closed","ping_status":"closed","template":"","meta":{"_bbp_topic_count":0,"_bbp_reply_count":0,"_bbp_total_topic_count":0,"_bbp_total_reply_count":0,"_bbp_voice_count":0,"_bbp_anonymous_reply_count":0,"_bbp_topic_count_hidden":0,"_bbp_reply_count_hidden":0,"_bbp_forum_subforum_count":0,"site-sidebar-layout":"default","site-content-layout":"","ast-site-content-layout":"default","site-content-style":"default","site-sidebar-style":"default","ast-global-header-display":"","ast-banner-title-visibility":"","ast-main-header-display":"","ast-hfb-above-header-display":"","ast-hfb-below-header-display":"","ast-hfb-mobile-header-display":"","site-post-title":"","ast-breadcrumbs-content":"","ast-featured-img":"","footer-sml-layout":"","theme-transparent-header-meta":"","adv-header-id-meta":"","stick-header-meta":"","header-above-stick-meta":"","header-main-stick-meta":"","header-below-stick-meta":"","astra-migrate-meta-layouts":"set","ast-page-background-enabled":"default","ast-page-background-meta":{"desktop":{"background-color":"var(--ast-global-color-4)","background-image":"","background-repeat":"repeat","background-position":"center center","background-size":"auto","background-attachment":"scroll","background-type":"","background-media":"","overlay-type":"","overlay-color":"","overlay-opacity":"","overlay-gradient":""},"tablet":{"background-color":"","background-image":"","background-repeat":"repeat","background-position":"center center","background-size":"auto","background-attachment":"scroll","background-type":"","background-media":"","overlay-type":"","overlay-color":"","overlay-opacity":"","overlay-gradient":""},"mobile":{"background-color":"","background-image":"","background-repeat":"repeat","background-position":"center center","background-size":"auto","background-attachment":"scroll","background-type":"","background-media":"","overlay-type":"","overlay-color":"","overlay-opacity":"","overlay-gradient":""}},"ast-content-background-meta":{"desktop":{"background-color":"var(--ast-global-color-5)","background-image":"","background-repeat":"repeat","background-position":"center center","background-size":"auto","background-attachment":"scroll","background-type":"","background-media":"","overlay-type":"","overlay-color":"","overlay-opacity":"","overlay-gradient":""},"tablet":{"background-color":"var(--ast-global-color-5)","background-image":"","background-repeat":"repeat","background-position":"center center","background-size":"auto","background-attachment":"scroll","background-type":"","background-media":"","overlay-type":"","overlay-color":"","overlay-opacity":"","overlay-gradient":""},"mobile":{"background-color":"var(--ast-global-color-5)","background-image":"","background-repeat":"repeat","background-position":"center center","background-size":"auto","background-attachment":"scroll","background-type":"","background-media":"","overlay-type":"","overlay-color":"","overlay-opacity":"","overlay-gradient":""}},"footnotes":""},"class_list":["post-8151","page","type-page","status-publish","hentry"],"post_mailing_queue_ids":[],"_links":{"self":[{"href":"https:\/\/agora-eoi.xtec.cat\/eoiosona\/wp-json\/wp\/v2\/pages\/8151","targetHints":{"allow":["GET"]}}],"collection":[{"href":"https:\/\/agora-eoi.xtec.cat\/eoiosona\/wp-json\/wp\/v2\/pages"}],"about":[{"href":"https:\/\/agora-eoi.xtec.cat\/eoiosona\/wp-json\/wp\/v2\/types\/page"}],"author":[{"embeddable":true,"href":"https:\/\/agora-eoi.xtec.cat\/eoiosona\/wp-json\/wp\/v2\/users\/1"}],"replies":[{"embeddable":true,"href":"https:\/\/agora-eoi.xtec.cat\/eoiosona\/wp-json\/wp\/v2\/comments?post=8151"}],"version-history":[{"count":6,"href":"https:\/\/agora-eoi.xtec.cat\/eoiosona\/wp-json\/wp\/v2\/pages\/8151\/revisions"}],"predecessor-version":[{"id":12673,"href":"https:\/\/agora-eoi.xtec.cat\/eoiosona\/wp-json\/wp\/v2\/pages\/8151\/revisions\/12673"}],"up":[{"embeddable":true,"href":"https:\/\/agora-eoi.xtec.cat\/eoiosona\/wp-json\/wp\/v2\/pages\/8149"}],"wp:attachment":[{"href":"https:\/\/agora-eoi.xtec.cat\/eoiosona\/wp-json\/wp\/v2\/media?parent=8151"}],"curies":[{"name":"wp","href":"https:\/\/api.w.org\/{rel}","templated":true}]}}