{"id":8141,"date":"2016-06-08T16:27:54","date_gmt":"2016-06-08T14:27:54","guid":{"rendered":"http:\/\/agora-eoi.xtec.cat\/eoiosona\/?page_id=8141"},"modified":"2025-10-05T10:01:21","modified_gmt":"2025-10-05T08:01:21","slug":"organigrama","status":"publish","type":"page","link":"https:\/\/agora-eoi.xtec.cat\/eoiosona\/lescola\/organigrama\/","title":{"rendered":"L&#8217;Equip"},"content":{"rendered":"\n<p><strong>L&#8217;EQUIP DIRECTIU:<\/strong><\/p>\n\n\n\n<figure class=\"wp-block-table\">\n<table class=\"has-white-background-color has-background has-fixed-layout\" style=\"border-width: 2px; width: 100%; height: 115px;\">\n<tbody>\n<tr style=\"height: 46px;\">\n<td class=\"has-text-align-center\" style=\"background-color: #52a9cc; height: 46px;\" data-align=\"center\"><strong>NOM<\/strong><\/td>\n<td class=\"has-text-align-center\" style=\"background-color: #52a9cc; height: 46px;\" data-align=\"center\"><strong>C\u00c0RREC<\/strong><\/td>\n<td class=\"has-text-align-center\" style=\"background-color: #52a9cc; height: 46px;\" data-align=\"center\"><strong>HORARI D\u2019ATENCI\u00d3*<\/strong><\/td>\n<td class=\"has-text-align-center\" style=\"background-color: #52a9cc; height: 46px;\" data-align=\"center\"><strong>CONTACTE<\/strong><\/td>\n<td class=\"has-text-align-center\" style=\"background-color: #52a9cc; height: 46px;\" data-align=\"center\"><strong>TRAJECT\u00d2RIA PROFESSIONAL<\/strong><\/td>\n<\/tr>\n<tr style=\"height: 23px;\">\n<td class=\"has-text-align-center\" style=\"height: 23px;\" data-align=\"center\">Vanesa Campillejo<\/td>\n<td class=\"has-text-align-center\" style=\"height: 23px;\" data-align=\"center\">Directora<\/td>\n<td class=\"has-text-align-center\" style=\"height: 23px;\" data-align=\"center\">Matins de dimarts i dijous<\/td>\n<td class=\"has-text-align-center\" style=\"height: 23px;\" data-align=\"center\"><a href=\"mailto:vcampill@xtec.cat\">vcampill@xtec.cat<\/a><\/td>\n<td class=\"has-text-align-center\" style=\"height: 23px;\" data-align=\"center\"><a href=\"https:\/\/agora-eoi.xtec.cat\/eoiosona\/wp-content\/uploads\/usu2247\/2024\/02\/Perfil-i-trajectoria_vanesa.pdf\" target=\"_blank\" rel=\"noopener\">Perfil professional<\/a><\/td>\n<\/tr>\n<tr style=\"height: 23px;\">\n<td class=\"has-text-align-center\" style=\"height: 23px;\" data-align=\"center\">L\u00eddia Falom\u00ed<\/td>\n<td class=\"has-text-align-center\" style=\"height: 23px;\" data-align=\"center\">Secret\u00e0ria<\/td>\n<td class=\"has-text-align-center\" style=\"height: 23px;\" data-align=\"center\">Matins de dilluns i dimecres<\/td>\n<td class=\"has-text-align-center\" style=\"height: 23px;\" data-align=\"center\"><a href=\"mailto:lfalomi@xtec.cat\">lfalomi@xtec.cat<\/a><\/td>\n<td class=\"has-text-align-center\" style=\"height: 23px;\" data-align=\"center\"><a href=\"https:\/\/agora-eoi.xtec.cat\/eoiosona\/wp-content\/uploads\/usu2247\/2025\/07\/lida-perfil.pdf\" target=\"_blank\" rel=\"noopener\">Perfil professional<\/a><\/td>\n<\/tr>\n<tr style=\"height: 23px;\">\n<td class=\"has-text-align-center\" style=\"height: 23px;\" data-align=\"center\">Arnau Cunill<\/td>\n<td class=\"has-text-align-center\" style=\"height: 23px;\" data-align=\"center\">Cap d&#8217;Estudis<\/td>\n<td class=\"has-text-align-center\" style=\"height: 23px;\" data-align=\"center\">Matins de dilluns i dimecres<\/td>\n<td class=\"has-text-align-center\" style=\"height: 23px;\" data-align=\"center\"><a href=\"mailto:acunil2@xtec.cat\" target=\"_blank\" rel=\"noopener\">acunil2@xtec.cat <\/a><\/td>\n<td class=\"has-text-align-center\" style=\"height: 23px;\" data-align=\"center\"><a href=\"https:\/\/agora-eoi.xtec.cat\/eoiosona\/wp-content\/uploads\/usu2247\/2024\/02\/Perfil-i-trajectoria-Arnau-Cunill.pdf\" target=\"_blank\" rel=\"noopener\">Perfil professional<\/a><\/td>\n<\/tr>\n<\/tbody>\n<\/table>\n<\/figure>\n\n\n\n<p>*Cal demanar cita pr\u00e8via<\/p>\n\n\n\n<p><strong>El PAS:<\/strong><\/p>\n\n\n\n<figure class=\"wp-block-table\">\n<table class=\"has-fixed-layout\" style=\"border-width: 2px; width: 100%; height: 69px;\">\n<tbody>\n<tr style=\"height: 23px;\">\n<td class=\"has-text-align-center\" style=\"background-color: #52a9cc; height: 23px; width: 33.25%;\" data-align=\"center\"><strong>NOM<\/strong><\/td>\n<td class=\"has-text-align-center\" style=\"background-color: #52a9cc; height: 23px; width: 33.25%;\" data-align=\"center\"><strong>C\u00c0RREC<\/strong><\/td>\n<td class=\"has-text-align-center\" style=\"background-color: #52a9cc; height: 23px; width: 33.25%;\" data-align=\"center\"><strong>CONTACTE<\/strong><\/td>\n<\/tr>\n<tr style=\"height: 23px;\">\n<td class=\"has-text-align-center\" style=\"height: 23px; width: 33.25%;\" data-align=\"center\">Dolors Catal\u00e0<\/td>\n<td class=\"has-text-align-center\" style=\"height: 23px; width: 33.25%;\" data-align=\"center\">Conserge<\/td>\n<td class=\"has-text-align-center\" style=\"height: 23px; width: 33.25%;\" data-align=\"center\"><a href=\"mailto:eoiosona@xtec.cat\" target=\"_blank\" rel=\"noopener\">eoiosona@xtec.cat<\/a><\/td>\n<\/tr>\n<tr style=\"height: 23px;\">\n<td class=\"has-text-align-center\" style=\"height: 23px; width: 33.25%;\" data-align=\"center\">Lourdes Roca<\/td>\n<td class=\"has-text-align-center\" style=\"height: 23px; width: 33.25%;\" data-align=\"center\">Administrativa<\/td>\n<td class=\"has-text-align-center\" style=\"height: 23px; width: 33.25%;\" data-align=\"center\"><a href=\"mailto:eoiosona@xtec.cat\" target=\"_blank\" rel=\"noopener\">eoiosona@xtec.cat<\/a><\/td>\n<\/tr>\n<\/tbody>\n<\/table>\n<\/figure>\n\n\n\n<p>&nbsp;<\/p>\n\n\n\n<p><strong>PROFESSORAT ANGL\u00c8S<\/strong>:<\/p>\n\n\n\n<figure class=\"wp-block-table\">\n<table style=\"border-width: 2px; width: 100%; height: 208px;\">\n<tbody>\n<tr style=\"height: 23px;\">\n<td class=\"has-text-align-center\" style=\"background-color: #52a9cc; height: 23px; width: 19.25%;\" data-align=\"center\"><strong>NOM<\/strong><\/td>\n<td class=\"has-text-align-center\" style=\"background-color: #52a9cc; height: 23px; width: 19.5833%;\" data-align=\"center\"><strong>C\u00c0RREC<\/strong><\/td>\n<td class=\"has-text-align-center\" style=\"background-color: #52a9cc; height: 23px; width: 30.3333%;\" data-align=\"center\"><strong>HORARI D&#8217;ATENCI\u00d3<\/strong><\/td>\n<td class=\"has-text-align-center\" style=\"background-color: #52a9cc; height: 23px; width: 30.6667%;\" data-align=\"center\"><strong>CONTACTE<\/strong><\/td>\n<\/tr>\n<tr style=\"height: 23px;\">\n<td class=\"has-text-align-center\" style=\"height: 23px; width: 19.25%;\" data-align=\"center\">Kim Parcerisas<\/td>\n<td class=\"has-text-align-center\" style=\"height: 23px; width: 19.5833%;\" data-align=\"center\">Professor<\/td>\n<td class=\"has-text-align-center\" style=\"height: 23px; width: 30.3333%;\" data-align=\"center\">dilluns de 15.30 h a 16 h i dimarts de 18 h a 18.30 h\u00a0<\/td>\n<td class=\"has-text-align-center\" style=\"height: 23px; width: 30.6667%;\" data-align=\"center\"><a href=\"mailto:jparcer2@eoiosona.cat\">jparcer2@eoiosona.cat<\/a><\/td>\n<\/tr>\n<tr style=\"height: 23px;\">\n<td class=\"has-text-align-center\" style=\"height: 23px; width: 19.25%;\" data-align=\"center\">\u00a0Virg\u00ednia Aragon\u00e8s<\/td>\n<td class=\"has-text-align-center\" style=\"height: 23px; width: 19.5833%;\" data-align=\"center\">\u00a0Professora<\/td>\n<td class=\"has-text-align-center\" style=\"height: 23px; width: 30.3333%;\" data-align=\"center\">dimarts 15.30 h a 16 h i dimecres de 8.30 h a 9 h\u00a0<\/td>\n<td class=\"has-text-align-center\" style=\"height: 23px; width: 30.6667%;\" data-align=\"center\"><a href=\"mailto:varagones@eoiosona.cat\">varagones@eoiosona.cat<\/a><\/td>\n<\/tr>\n<tr style=\"height: 70px;\">\n<td class=\"has-text-align-center\" style=\"height: 70px; width: 19.25%;\" data-align=\"center\">Arnau Cunill<\/td>\n<td class=\"has-text-align-center\" style=\"height: 70px; width: 19.5833%;\" data-align=\"center\">Cap d&#8217;Estudis<br \/><span style=\"font-size: revert; font-family: inherit; font-weight: inherit; background-color: rgba(0, 0, 0, 0);\">Cap de departamen<\/span><span style=\"font-size: inherit; font-family: inherit; font-weight: inherit; background-color: rgba(0, 0, 0, 0);\">t<\/span><br \/>Professor<\/td>\n<td class=\"has-text-align-center\" style=\"height: 70px; width: 30.3333%;\" data-align=\"center\">dimarts de 15.30 h a 16 h<\/td>\n<td class=\"has-text-align-center\" style=\"height: 70px; width: 30.6667%;\" data-align=\"center\">\n<p><a href=\"mailto:acunil2@xtec.cat\" target=\"_blank\" rel=\"noopener\">acunil2@xtec.cat<\/a><\/p>\n<\/td>\n<\/tr>\n<tr style=\"height: 46px;\">\n<td class=\"has-text-align-center\" style=\"height: 46px; width: 19.25%;\" data-align=\"center\">Vanesa Campillejo<\/td>\n<td class=\"has-text-align-center\" style=\"height: 46px; width: 19.5833%;\" data-align=\"center\">Directora<br \/><span style=\"font-size: revert; font-family: inherit; font-weight: inherit; background-color: rgba(0, 0, 0, 0);\">Professora<\/span><\/td>\n<td class=\"has-text-align-center\" style=\"height: 46px; width: 30.3333%;\" data-align=\"center\">dilluns de 15.30 a 16 h<\/td>\n<td class=\"has-text-align-center\" style=\"height: 46px; width: 30.6667%;\" data-align=\"center\"><a href=\"mailto:vcampill@xtec.cat\">vcampill@xtec.cat<\/a><\/td>\n<\/tr>\n<tr style=\"height: 23px;\">\n<td class=\"has-text-align-center\" style=\"height: 23px; width: 19.25%;\" data-align=\"center\">G\u00e9raldine Richmont<\/td>\n<td class=\"has-text-align-center\" style=\"height: 23px; width: 19.5833%;\" data-align=\"center\">Professora<\/td>\n<td class=\"has-text-align-center\" style=\"height: 23px; width: 30.3333%;\" data-align=\"center\">dilluns i dimarts de 15.30 h a 16 h<\/td>\n<td class=\"has-text-align-center\" style=\"height: 23px; width: 30.6667%;\" data-align=\"center\"><a href=\"mailto:grichmont@eoiosona.cat\">grichmont@eoiosona.cat<\/a><\/td>\n<\/tr>\n<\/tbody>\n<\/table>\n<\/figure>\n\n\n\n<p><strong>PROFESSORAT DE FRANC\u00c8S<\/strong>:<\/p>\n\n\n\n<figure class=\"wp-block-table alignwide\">\n<table style=\"border-width: 2px; width: 100%; height: 139px;\">\n<tbody>\n<tr style=\"height: 23px;\">\n<td class=\"has-text-align-center\" style=\"background-color: #52a9cc; height: 23px; width: 23.4167%;\" data-align=\"center\"><strong>NOM<\/strong><\/td>\n<td class=\"has-text-align-center\" style=\"background-color: #52a9cc; height: 23px; width: 26.6667%;\" data-align=\"center\"><strong>C\u00c0RREC<\/strong><\/td>\n<td class=\"has-text-align-center\" style=\"background-color: #52a9cc; height: 23px; width: 27.5%;\" data-align=\"center\"><strong>HORARI D&#8217;ATENCI\u00d3<\/strong><\/td>\n<td class=\"has-text-align-center\" style=\"background-color: #52a9cc; height: 23px; width: 22.25%;\" data-align=\"center\"><strong>CONTACTE<\/strong><\/td>\n<\/tr>\n<tr style=\"height: 70px;\">\n<td class=\"has-text-align-center\" style=\"height: 70px; width: 23.4167%;\" data-align=\"center\">\n<p>L\u00eddia Falom\u00ed<\/p>\n<p>\u00a0<\/p>\n<p>(substitut Jofre Sala)<\/p>\n<\/td>\n<td class=\"has-text-align-center\" style=\"height: 70px; width: 26.6667%;\" data-align=\"center\">\n<p>Secret\u00e0ria<br \/><span style=\"font-size: revert; font-family: inherit; font-weight: inherit; background-color: rgba(0, 0, 0, 0);\">Cap de departament<\/span><br \/>Professora<\/p>\n<p>Professor<\/p>\n<\/td>\n<td class=\"has-text-align-center\" style=\"height: 70px; width: 27.5%;\" data-align=\"center\">\n<p>&#8212;&#8212;<\/p>\n<p>\u00a0<\/p>\n<p>dilluns de 15.30 h a 16 h\u00a0<\/p>\n<\/td>\n<td class=\"has-text-align-center\" style=\"height: 70px; width: 22.25%;\" data-align=\"center\">\n<p><a href=\"mailto:lfalomi@xtec.cat\" target=\"_blank\" rel=\"noopener\">lfalomi@xtec.cat<\/a><\/p>\n<p>\u00a0<\/p>\n<p><a href=\"mailto:jofre.sala@eoiosona.cat\" target=\"_blank\" rel=\"noopener\">jofre.sala@eoiosona.cat<\/a><\/p>\n<\/td>\n<\/tr>\n<tr style=\"height: 23px;\">\n<td class=\"has-text-align-center\" style=\"height: 23px; width: 23.4167%;\" data-align=\"center\">Mathilde Cornuel<\/td>\n<td class=\"has-text-align-center\" style=\"height: 23px; width: 26.6667%;\" data-align=\"center\">Professora<\/td>\n<td class=\"has-text-align-center\" style=\"height: 23px; width: 27.5%;\" data-align=\"center\">dimarts de 15.30 h a 16 h<\/td>\n<td class=\"has-text-align-center\" style=\"height: 23px; width: 22.25%;\" data-align=\"center\"><a href=\"mailto:mcornuel@eoiosona.cat\" target=\"_blank\" rel=\"noopener\">mcornuel@eoiosona.cat<\/a><\/td>\n<\/tr>\n<tr style=\"height: 23px;\">\n<td class=\"has-text-align-center\" style=\"height: 23px; width: 23.4167%;\" data-align=\"center\">Jordi Coromina<\/td>\n<td class=\"has-text-align-center\" style=\"height: 23px; width: 26.6667%;\" data-align=\"center\">Professor<\/td>\n<td class=\"has-text-align-center\" style=\"height: 23px; width: 27.5%;\" data-align=\"center\">\n<p>dilluns de 15.30 h a 16 i dimarts de 15.30 h a 16 h<\/p>\n<\/td>\n<td class=\"has-text-align-center\" style=\"height: 23px; width: 22.25%;\" data-align=\"center\"><a href=\"mailto:jcoromina@eoiosona.cat\" target=\"_blank\" rel=\"noopener\">jcoromina@eoiosona.cat<\/a><\/td>\n<\/tr>\n<\/tbody>\n<\/table>\n<p>\u00a0<\/p>\n<\/figure>\n\n\n\n<p>&nbsp;<\/p>\n\n\n\n<p><strong>PROFESSORAT DE CATAL\u00c0<\/strong>:<\/p>\n\n\n<figure class=\"wp-block-table\">\n<table class=\"has-fixed-layout\" style=\"height: 46px; width: 100%; border-width: 2px;\">\n<tbody>\n<tr style=\"height: 23px;\">\n<td class=\"has-text-align-center\" style=\"background-color: #52a9cc; height: 23px;\" data-align=\"center\"><strong>NOM<\/strong><\/td>\n<td class=\"has-text-align-center\" style=\"background-color: #52a9cc; height: 23px;\" data-align=\"center\"><strong>C\u00c0RREC<\/strong><\/td>\n<td class=\"has-text-align-center\" style=\"background-color: #52a9cc; height: 23px;\" data-align=\"center\"><strong>HORARI D&#8217;ATENCI\u00d3<\/strong><\/td>\n<td class=\"has-text-align-center\" style=\"background-color: #52a9cc; height: 23px;\" data-align=\"center\"><strong>CONTACTE<\/strong><\/td>\n<\/tr>\n<tr style=\"height: 23px;\">\n<td class=\"has-text-align-center\" style=\"height: 23px;\" data-align=\"center\">\u00a0David Mu\u00f1oz de Le\u00f3n<\/td>\n<td class=\"has-text-align-center\" style=\"height: 23px;\" data-align=\"center\">\n<p><span style=\"font-size: revert; font-family: inherit; font-weight: inherit; background-color: rgba(0, 0, 0, 0);\">Cap de departamen<\/span><span style=\"font-size: inherit; font-family: inherit; font-weight: inherit; background-color: rgba(0, 0, 0, 0);\">t<\/span><br \/>Professor<\/p>\n<\/td>\n<td class=\"has-text-align-center\" style=\"height: 23px;\" data-align=\"center\">dimecres de 17 h a 18 h<\/td>\n<td class=\"has-text-align-center\" style=\"height: 23px;\" data-align=\"center\"><a href=\"mailto:dmunoz@eoiosona.cat\" target=\"_blank\" rel=\"noopener\">dmunoz@eoiosona.cat<\/a><\/td>\n<\/tr>\n<\/tbody>\n<\/table>\n<\/figure>\n\n\n<p>&nbsp;<\/p>\n\n\n\n<p><\/p>\n","protected":false},"excerpt":{"rendered":"<p>L&#8217;EQUIP DIRECTIU: NOM C\u00c0RREC HORARI D\u2019ATENCI\u00d3* CONTACTE TRAJECT\u00d2RIA PROFESSIONAL Vanesa Campillejo Directora Matins de dimarts i dijous vcampill@xtec.cat Perfil professional L\u00eddia Falom\u00ed Secret\u00e0ria Matins de dilluns i dimecres lfalomi@xtec.cat Perfil professional Arnau Cunill Cap d&#8217;Estudis Matins de dilluns i dimecres acunil2@xtec.cat Perfil professional *Cal demanar cita pr\u00e8via El PAS: NOM C\u00c0RREC CONTACTE Dolors Catal\u00e0 Conserge [&hellip;]<\/p>\n","protected":false},"author":1,"featured_media":0,"parent":12781,"menu_order":30,"comment_status":"closed","ping_status":"closed","template":"","meta":{"_bbp_topic_count":0,"_bbp_reply_count":0,"_bbp_total_topic_count":0,"_bbp_total_reply_count":0,"_bbp_voice_count":0,"_bbp_anonymous_reply_count":0,"_bbp_topic_count_hidden":0,"_bbp_reply_count_hidden":0,"_bbp_forum_subforum_count":0,"site-sidebar-layout":"default","site-content-layout":"","ast-site-content-layout":"default","site-content-style":"default","site-sidebar-style":"default","ast-global-header-display":"","ast-banner-title-visibility":"","ast-main-header-display":"","ast-hfb-above-header-display":"","ast-hfb-below-header-display":"","ast-hfb-mobile-header-display":"","site-post-title":"","ast-breadcrumbs-content":"","ast-featured-img":"","footer-sml-layout":"","theme-transparent-header-meta":"","adv-header-id-meta":"","stick-header-meta":"","header-above-stick-meta":"","header-main-stick-meta":"","header-below-stick-meta":"","astra-migrate-meta-layouts":"set","ast-page-background-enabled":"default","ast-page-background-meta":{"desktop":{"background-color":"var(--ast-global-color-4)","background-image":"","background-repeat":"repeat","background-position":"center center","background-size":"auto","background-attachment":"scroll","background-type":"","background-media":"","overlay-type":"","overlay-color":"","overlay-opacity":"","overlay-gradient":""},"tablet":{"background-color":"","background-image":"","background-repeat":"repeat","background-position":"center center","background-size":"auto","background-attachment":"scroll","background-type":"","background-media":"","overlay-type":"","overlay-color":"","overlay-opacity":"","overlay-gradient":""},"mobile":{"background-color":"","background-image":"","background-repeat":"repeat","background-position":"center center","background-size":"auto","background-attachment":"scroll","background-type":"","background-media":"","overlay-type":"","overlay-color":"","overlay-opacity":"","overlay-gradient":""}},"ast-content-background-meta":{"desktop":{"background-color":"var(--ast-global-color-5)","background-image":"","background-repeat":"repeat","background-position":"center center","background-size":"auto","background-attachment":"scroll","background-type":"","background-media":"","overlay-type":"","overlay-color":"","overlay-opacity":"","overlay-gradient":""},"tablet":{"background-color":"var(--ast-global-color-5)","background-image":"","background-repeat":"repeat","background-position":"center center","background-size":"auto","background-attachment":"scroll","background-type":"","background-media":"","overlay-type":"","overlay-color":"","overlay-opacity":"","overlay-gradient":""},"mobile":{"background-color":"var(--ast-global-color-5)","background-image":"","background-repeat":"repeat","background-position":"center center","background-size":"auto","background-attachment":"scroll","background-type":"","background-media":"","overlay-type":"","overlay-color":"","overlay-opacity":"","overlay-gradient":""}},"footnotes":""},"class_list":["post-8141","page","type-page","status-publish","hentry"],"post_mailing_queue_ids":[],"_links":{"self":[{"href":"https:\/\/agora-eoi.xtec.cat\/eoiosona\/wp-json\/wp\/v2\/pages\/8141","targetHints":{"allow":["GET"]}}],"collection":[{"href":"https:\/\/agora-eoi.xtec.cat\/eoiosona\/wp-json\/wp\/v2\/pages"}],"about":[{"href":"https:\/\/agora-eoi.xtec.cat\/eoiosona\/wp-json\/wp\/v2\/types\/page"}],"author":[{"embeddable":true,"href":"https:\/\/agora-eoi.xtec.cat\/eoiosona\/wp-json\/wp\/v2\/users\/1"}],"replies":[{"embeddable":true,"href":"https:\/\/agora-eoi.xtec.cat\/eoiosona\/wp-json\/wp\/v2\/comments?post=8141"}],"version-history":[{"count":6,"href":"https:\/\/agora-eoi.xtec.cat\/eoiosona\/wp-json\/wp\/v2\/pages\/8141\/revisions"}],"predecessor-version":[{"id":12749,"href":"https:\/\/agora-eoi.xtec.cat\/eoiosona\/wp-json\/wp\/v2\/pages\/8141\/revisions\/12749"}],"up":[{"embeddable":true,"href":"https:\/\/agora-eoi.xtec.cat\/eoiosona\/wp-json\/wp\/v2\/pages\/12781"}],"wp:attachment":[{"href":"https:\/\/agora-eoi.xtec.cat\/eoiosona\/wp-json\/wp\/v2\/media?parent=8141"}],"curies":[{"name":"wp","href":"https:\/\/api.w.org\/{rel}","templated":true}]}}