{"id":608,"date":"2015-11-27T10:04:51","date_gmt":"2015-11-27T09:04:51","guid":{"rendered":"http:\/\/agora-eoi.xtec.cat\/eoiosona\/?page_id=608"},"modified":"2025-10-03T19:21:24","modified_gmt":"2025-10-03T17:21:24","slug":"horari-i-calendari","status":"publish","type":"page","link":"https:\/\/agora-eoi.xtec.cat\/eoiosona\/lescola\/horari-i-calendari\/","title":{"rendered":"Horari i calendari"},"content":{"rendered":"\n<p class=\"has-text-align-center\"><strong style=\"color: #000000; font-size: 1.125em;\">HORARI D&#8217;ATENCI\u00d3 AL P\u00daBLIC<\/strong><\/p>\n\n\n\n<figure class=\"wp-block-table\">\n<table class=\"has-fixed-layout\" style=\"width: 94.25%;\">\n<tbody>\n<tr>\n<td style=\"text-align: center; background-color: #52a9cc; width: 50%;\"><strong>Horari durant el curs<\/strong><\/td>\n<td style=\"text-align: center; background-color: #52a9cc; width: 44.25%;\"><strong>Correu electr\u00f2nic<\/strong><\/td>\n<\/tr>\n<tr>\n<td style=\"width: 50%;\">\n<p style=\"text-align: center;\"><strong>De dilluns a dijous:&nbsp; <\/strong><\/p>\n<p style=\"text-align: center;\">de 10.00 h a 13.00 h i de 16.00 h a 19.30 h<\/p>\n<p style=\"text-align: center;\"><strong>Divendres:<\/strong><\/p>\n<p style=\"text-align: center;\">de 9.30 h a 14.00 h<\/p>\n<p style=\"text-align: center;\"><strong>Horari del mes de juliol ( de l&#8217;1 al 18 de juliol)<\/strong><\/p>\n<p style=\"text-align: center;\">de 9.00 h a 14.00 h<\/p>\n<\/td>\n<td style=\"text-align: center; width: 44.25%;\"><a href=\"mailto:eoiosona@xtec.cat\">eoiosona@xtec.cat<\/a><\/td>\n<\/tr>\n<\/tbody>\n<\/table>\n<\/figure>\n\n\n\n<p class=\"has-text-align-center\">L\u2019escola romandr\u00e0 tancada al p\u00fablic, a part dels per\u00edodes de vacances escolars, els seg\u00fcents festius i dies de lliure disposici\u00f3, aquests \u00faltims acordats pel Consell Escolar:<\/p>\n\n\n\n<figure class=\"wp-block-table\">\n<table class=\"has-fixed-layout\" style=\"width: 93.6667%;\">\n<tbody>\n<tr>\n<td style=\"background-color: #52a9cc; text-align: center; width: 100%;\"><strong>Dies festius, festius locals i de lliure disposici\u00f3<\/strong><\/td>\n<\/tr>\n<tr>\n<td style=\"width: 100%;\">\n<ul>\n<li>10 d&#8217;octubre de 2025<\/li>\n<li>3 de novembre de 2025<\/li>\n<li>5 i 8 de desembre de 2025<\/li>\n<li>1 i 6 de gener de 2026<\/li>\n<li>13 de febrer de 2026<\/li>\n<li>30 d&#8217;abril de 2026<\/li>\n<li>1 i 26 de maig de 2026<\/li>\n<\/ul>\n<\/td>\n<\/tr>\n<tr>\n<td style=\"background-color: #52a9cc; text-align: center; width: 100%;\"><strong>Vacances escolars<\/strong><\/td>\n<\/tr>\n<tr>\n<td style=\"width: 100%;\"><strong>Vacances de Nadal:<\/strong> del 22 de desembre de 2025 al 7 de gener de 2026, ambd\u00f3s inclosos.\n<p><strong>Vacances de Setmana Santa:<\/strong> del 30 de mar\u00e7 al 6 d\u2019abril de 2026, ambd\u00f3s inclosos.<\/p>\n<\/td>\n<\/tr>\n<\/tbody>\n<\/table>\n<\/figure>\n\n\n<figure class=\"wp-block-table\">\n<table class=\"has-fixed-layout\" style=\"width: 93.5836%;\">\n<tbody>\n<tr>\n<td class=\"has-text-align-center\" style=\"background-color: #52a9cc; width: 100%; text-align: center;\" data-align=\"center\"><strong>Calendari ALUMNAT curs 2025 &#8211; 2026<\/strong><\/td>\n<\/tr>\n<tr>\n<td class=\"has-text-align-center\" style=\"width: 100%;\" data-align=\"center\">\n<p><a href=\"https:\/\/agora-eoi.xtec.cat\/eoiosona\/wp-content\/uploads\/usu2247\/2025\/07\/CALENDARI-ALUMNAT-2026-1.pdf\"><img decoding=\"async\" src=\"https:\/\/agora-eoi.xtec.cat\/eoiosona\/wp-content\/uploads\/usu2247\/2025\/07\/CALENDARI-ALUMNAT-2026_page-0001-1-724x1024.jpg\" alt=\"Aquesta imatge t\u00e9 l'atribut alt buit; el seu nom \u00e9s CALENDARI-ALUMNAT-2026_page-0001-1-724x1024.jpg\" \/><\/a><\/p>\n<p><a href=\"https:\/\/agora-eoi.xtec.cat\/eoiosona\/wp-content\/uploads\/usu2247\/2025\/07\/CALENDARI-ALUMNAT-2026-1.pdf\" target=\"_blank\" rel=\"noopener\">CALENDARI ALUMNAT 2025-2026<\/a><\/p>\n<\/td>\n<\/tr>\n<\/tbody>\n<\/table>\n<\/figure>\n\n\n<p><\/p>\n\n\n\n<p>&nbsp;<\/p>\n\n\n\n<p>&nbsp;<\/p>\n\n\n\n<p>&nbsp;<\/p>\n\n\n\n<p>&nbsp;<\/p>\n\n\n\n<p>&nbsp;<\/p>\n","protected":false},"excerpt":{"rendered":"<p>HORARI D&#8217;ATENCI\u00d3 AL P\u00daBLIC Horari durant el curs Correu electr\u00f2nic De dilluns a dijous:&nbsp; de 10.00 h a 13.00 h i de 16.00 h a 19.30 h Divendres: de 9.30 h a 14.00 h Horari del mes de juliol ( de l&#8217;1 al 18 de juliol) de 9.00 h a 14.00 h eoiosona@xtec.cat L\u2019escola romandr\u00e0 [&hellip;]<\/p>\n","protected":false},"author":1,"featured_media":0,"parent":12781,"menu_order":30,"comment_status":"closed","ping_status":"closed","template":"","meta":{"_bbp_topic_count":0,"_bbp_reply_count":0,"_bbp_total_topic_count":0,"_bbp_total_reply_count":0,"_bbp_voice_count":0,"_bbp_anonymous_reply_count":0,"_bbp_topic_count_hidden":0,"_bbp_reply_count_hidden":0,"_bbp_forum_subforum_count":0,"site-sidebar-layout":"default","site-content-layout":"","ast-site-content-layout":"default","site-content-style":"default","site-sidebar-style":"default","ast-global-header-display":"","ast-banner-title-visibility":"","ast-main-header-display":"","ast-hfb-above-header-display":"","ast-hfb-below-header-display":"","ast-hfb-mobile-header-display":"","site-post-title":"","ast-breadcrumbs-content":"","ast-featured-img":"","footer-sml-layout":"","theme-transparent-header-meta":"","adv-header-id-meta":"","stick-header-meta":"","header-above-stick-meta":"","header-main-stick-meta":"","header-below-stick-meta":"","astra-migrate-meta-layouts":"set","ast-page-background-enabled":"default","ast-page-background-meta":{"desktop":{"background-color":"var(--ast-global-color-4)","background-image":"","background-repeat":"repeat","background-position":"center center","background-size":"auto","background-attachment":"scroll","background-type":"","background-media":"","overlay-type":"","overlay-color":"","overlay-opacity":"","overlay-gradient":""},"tablet":{"background-color":"","background-image":"","background-repeat":"repeat","background-position":"center center","background-size":"auto","background-attachment":"scroll","background-type":"","background-media":"","overlay-type":"","overlay-color":"","overlay-opacity":"","overlay-gradient":""},"mobile":{"background-color":"","background-image":"","background-repeat":"repeat","background-position":"center center","background-size":"auto","background-attachment":"scroll","background-type":"","background-media":"","overlay-type":"","overlay-color":"","overlay-opacity":"","overlay-gradient":""}},"ast-content-background-meta":{"desktop":{"background-color":"var(--ast-global-color-5)","background-image":"","background-repeat":"repeat","background-position":"center center","background-size":"auto","background-attachment":"scroll","background-type":"","background-media":"","overlay-type":"","overlay-color":"","overlay-opacity":"","overlay-gradient":""},"tablet":{"background-color":"var(--ast-global-color-5)","background-image":"","background-repeat":"repeat","background-position":"center center","background-size":"auto","background-attachment":"scroll","background-type":"","background-media":"","overlay-type":"","overlay-color":"","overlay-opacity":"","overlay-gradient":""},"mobile":{"background-color":"var(--ast-global-color-5)","background-image":"","background-repeat":"repeat","background-position":"center center","background-size":"auto","background-attachment":"scroll","background-type":"","background-media":"","overlay-type":"","overlay-color":"","overlay-opacity":"","overlay-gradient":""}},"footnotes":""},"class_list":["post-608","page","type-page","status-publish","hentry"],"post_mailing_queue_ids":[],"_links":{"self":[{"href":"https:\/\/agora-eoi.xtec.cat\/eoiosona\/wp-json\/wp\/v2\/pages\/608","targetHints":{"allow":["GET"]}}],"collection":[{"href":"https:\/\/agora-eoi.xtec.cat\/eoiosona\/wp-json\/wp\/v2\/pages"}],"about":[{"href":"https:\/\/agora-eoi.xtec.cat\/eoiosona\/wp-json\/wp\/v2\/types\/page"}],"author":[{"embeddable":true,"href":"https:\/\/agora-eoi.xtec.cat\/eoiosona\/wp-json\/wp\/v2\/users\/1"}],"replies":[{"embeddable":true,"href":"https:\/\/agora-eoi.xtec.cat\/eoiosona\/wp-json\/wp\/v2\/comments?post=608"}],"version-history":[{"count":6,"href":"https:\/\/agora-eoi.xtec.cat\/eoiosona\/wp-json\/wp\/v2\/pages\/608\/revisions"}],"predecessor-version":[{"id":12637,"href":"https:\/\/agora-eoi.xtec.cat\/eoiosona\/wp-json\/wp\/v2\/pages\/608\/revisions\/12637"}],"up":[{"embeddable":true,"href":"https:\/\/agora-eoi.xtec.cat\/eoiosona\/wp-json\/wp\/v2\/pages\/12781"}],"wp:attachment":[{"href":"https:\/\/agora-eoi.xtec.cat\/eoiosona\/wp-json\/wp\/v2\/media?parent=608"}],"curies":[{"name":"wp","href":"https:\/\/api.w.org\/{rel}","templated":true}]}}