{"id":12968,"date":"2025-11-20T12:10:20","date_gmt":"2025-11-20T11:10:20","guid":{"rendered":"https:\/\/agora-eoi.xtec.cat\/eoiosona\/?page_id=12968"},"modified":"2025-11-20T12:10:21","modified_gmt":"2025-11-20T11:10:21","slug":"vols-treballar-en-una-eoi","status":"publish","type":"page","link":"https:\/\/agora-eoi.xtec.cat\/eoiosona\/lescola\/vols-treballar-en-una-eoi\/","title":{"rendered":"Vols treballar en una EOI ?"},"content":{"rendered":"\n<p>Les EOI s\u00f3n centres p\u00fablics d\u2019ensenyament d\u2019idiomes que depenen del Departament d\u2019Educaci\u00f3 i de Formaci\u00f3 Professional. N\u2019hi ha 45 a tota Catalunya.<\/p>\n\n\n\n<p>Per treballar-hi, els professors han d\u2019incorporar-se a la&nbsp;<a href=\"https:\/\/educacio.gencat.cat\/ca\/serveis-tramits\/borsa-docents\/\"><strong>Borsa de treball de personal docent<\/strong><\/a>.&nbsp;En<a href=\"https:\/\/aplicacions.gestioeducativa.gencat.cat\/ords\/pls\/apex\/f?p=2011914:28\"><strong>&nbsp;aquest enlla\u00e7<\/strong><\/a>&nbsp;hi trobar\u00e0s les titulacions que permeten impartir els ensenyaments d\u2019idiomes a les Escoles Oficials d\u2019Idiomes de Catalunya. Per ocupar llocs de treball en escoles oficials d\u2019idiomes, les persones interessades han de superar una prova de capacitaci\u00f3 que certifiqui la seva idone\u00eftat. Trobar\u00e0s tota la informaci\u00f3&nbsp;<a href=\"https:\/\/educacio.gencat.cat\/ca\/serveis-tramits\/treballa-amb-nosaltres\/borses-treball\/personal-interi-docent\/borsa-curs\/proves-capacitacio-especialitat\/escoles-oficials-didiomes\/\"><strong>aqu\u00ed.&nbsp;<\/strong><\/a><\/p>\n\n\n\n<p>Per a m\u00e9s informaci\u00f3, adre\u00e7a&#8217;t al servei de personal docent del<strong>\u00a0<a href=\"https:\/\/educacio.gencat.cat\/ca\/departament\/serveis-territorials\/catalunya-central\/\">Servei Territorial de la Catalunya Central. <\/a><\/strong><\/p>\n\n\n\n<p>Anima&#8217;t a formar part de l&#8217;equip!<\/p>\n\n\n\n<p><\/p>\n","protected":false},"excerpt":{"rendered":"<p>Les EOI s\u00f3n centres p\u00fablics d\u2019ensenyament d\u2019idiomes que depenen del Departament d\u2019Educaci\u00f3 i de Formaci\u00f3 Professional. N\u2019hi ha 45 a tota Catalunya. Per treballar-hi, els professors han d\u2019incorporar-se a la&nbsp;Borsa de treball de personal docent.&nbsp;En&nbsp;aquest enlla\u00e7&nbsp;hi trobar\u00e0s les titulacions que permeten impartir els ensenyaments d\u2019idiomes a les Escoles Oficials d\u2019Idiomes de Catalunya. Per ocupar llocs [&hellip;]<\/p>\n","protected":false},"author":1,"featured_media":0,"parent":12781,"menu_order":0,"comment_status":"closed","ping_status":"close","template":"","meta":{"_bbp_topic_count":0,"_bbp_reply_count":0,"_bbp_total_topic_count":0,"_bbp_total_reply_count":0,"_bbp_voice_count":0,"_bbp_anonymous_reply_count":0,"_bbp_topic_count_hidden":0,"_bbp_reply_count_hidden":0,"_bbp_forum_subforum_count":0,"site-sidebar-layout":"default","site-content-layout":"","ast-site-content-layout":"default","site-content-style":"default","site-sidebar-style":"default","ast-global-header-display":"","ast-banner-title-visibility":"","ast-main-header-display":"","ast-hfb-above-header-display":"","ast-hfb-below-header-display":"","ast-hfb-mobile-header-display":"","site-post-title":"","ast-breadcrumbs-content":"","ast-featured-img":"","footer-sml-layout":"","theme-transparent-header-meta":"","adv-header-id-meta":"","stick-header-meta":"","header-above-stick-meta":"","header-main-stick-meta":"","header-below-stick-meta":"","astra-migrate-meta-layouts":"set","ast-page-background-enabled":"default","ast-page-background-meta":{"desktop":{"background-color":"var(--ast-global-color-4)","background-image":"","background-repeat":"repeat","background-position":"center center","background-size":"auto","background-attachment":"scroll","background-type":"","background-media":"","overlay-type":"","overlay-color":"","overlay-opacity":"","overlay-gradient":""},"tablet":{"background-color":"","background-image":"","background-repeat":"repeat","background-position":"center center","background-size":"auto","background-attachment":"scroll","background-type":"","background-media":"","overlay-type":"","overlay-color":"","overlay-opacity":"","overlay-gradient":""},"mobile":{"background-color":"","background-image":"","background-repeat":"repeat","background-position":"center center","background-size":"auto","background-attachment":"scroll","background-type":"","background-media":"","overlay-type":"","overlay-color":"","overlay-opacity":"","overlay-gradient":""}},"ast-content-background-meta":{"desktop":{"background-color":"var(--ast-global-color-5)","background-image":"","background-repeat":"repeat","background-position":"center center","background-size":"auto","background-attachment":"scroll","background-type":"","background-media":"","overlay-type":"","overlay-color":"","overlay-opacity":"","overlay-gradient":""},"tablet":{"background-color":"var(--ast-global-color-5)","background-image":"","background-repeat":"repeat","background-position":"center center","background-size":"auto","background-attachment":"scroll","background-type":"","background-media":"","overlay-type":"","overlay-color":"","overlay-opacity":"","overlay-gradient":""},"mobile":{"background-color":"var(--ast-global-color-5)","background-image":"","background-repeat":"repeat","background-position":"center center","background-size":"auto","background-attachment":"scroll","background-type":"","background-media":"","overlay-type":"","overlay-color":"","overlay-opacity":"","overlay-gradient":""}},"footnotes":""},"class_list":["post-12968","page","type-page","status-publish","hentry"],"post_mailing_queue_ids":[],"_links":{"self":[{"href":"https:\/\/agora-eoi.xtec.cat\/eoiosona\/wp-json\/wp\/v2\/pages\/12968","targetHints":{"allow":["GET"]}}],"collection":[{"href":"https:\/\/agora-eoi.xtec.cat\/eoiosona\/wp-json\/wp\/v2\/pages"}],"about":[{"href":"https:\/\/agora-eoi.xtec.cat\/eoiosona\/wp-json\/wp\/v2\/types\/page"}],"author":[{"embeddable":true,"href":"https:\/\/agora-eoi.xtec.cat\/eoiosona\/wp-json\/wp\/v2\/users\/1"}],"replies":[{"embeddable":true,"href":"https:\/\/agora-eoi.xtec.cat\/eoiosona\/wp-json\/wp\/v2\/comments?post=12968"}],"version-history":[{"count":1,"href":"https:\/\/agora-eoi.xtec.cat\/eoiosona\/wp-json\/wp\/v2\/pages\/12968\/revisions"}],"predecessor-version":[{"id":12969,"href":"https:\/\/agora-eoi.xtec.cat\/eoiosona\/wp-json\/wp\/v2\/pages\/12968\/revisions\/12969"}],"up":[{"embeddable":true,"href":"https:\/\/agora-eoi.xtec.cat\/eoiosona\/wp-json\/wp\/v2\/pages\/12781"}],"wp:attachment":[{"href":"https:\/\/agora-eoi.xtec.cat\/eoiosona\/wp-json\/wp\/v2\/media?parent=12968"}],"curies":[{"name":"wp","href":"https:\/\/api.w.org\/{rel}","templated":true}]}}