{"id":11604,"date":"2023-11-18T09:18:14","date_gmt":"2023-11-18T08:18:14","guid":{"rendered":"https:\/\/agora-eoi.xtec.cat\/eoiosona\/?page_id=11604"},"modified":"2025-07-22T17:52:25","modified_gmt":"2025-07-22T15:52:25","slug":"models-de-proves-de-certificat-de-catalunya-i-daltres-comunitats-autonomes","status":"publish","type":"page","link":"https:\/\/agora-eoi.xtec.cat\/eoiosona\/idiomes\/models-de-proves-de-certificat-de-catalunya-i-daltres-comunitats-autonomes\/","title":{"rendered":"Models de proves de certificats"},"content":{"rendered":"\n<p>Aqu\u00ed teniu una graella amb <strong>els models d&#8217;ex\u00e0mens de Catalunya<\/strong> i d&#8217;altres comunitats aut\u00f2nomes.<\/p>\n\n\n\n<p>No es tracta de models id\u00e8ntics als de la nostra certificaci\u00f3 B1, B2, C1 i C2 ja que <strong>a Catalunya l&#8217;examen \u00e9s una mica diferent al de la resta de comunitats<\/strong>, per\u00f2 us poden servir, sobretot, per practicar la comprensi\u00f3 escrita i la comprensi\u00f3 oral ( no amb v\u00eddeos com es fa a Catalunya, per\u00f2 a partir d&#8217;\u00e0udios).<\/p>\n\n\n\n<p>La part de mediaci\u00f3 sol ser molt diferent de la que es demana a Catalunya.<\/p>\n\n\n\n<figure class=\"wp-block-table\">\n<table class=\"has-fixed-layout\">\n<tbody>\n<tr>\n<td class=\"has-text-align-center\" style=\"background-color: #52a9cc;\" colspan=\"2\" data-align=\"center\"><br \/>\n<h4><strong>MODELS D&#8217;EX\u00c0MENS DE CERTIFICAT B1, B2, C1 i C2 PER COMUNITATS AUT\u00d2NOMES<\/strong><\/h4>\n<\/td>\n<\/tr>\n<tr>\n<td class=\"has-text-align-center\" style=\"background-color: #52a9cc;\" data-align=\"center\"><strong>ENLLA\u00c7 AL WEB DEL DEPARTAMENT D&#8217;EDUCACI\u00d3 DE CATALUNYA<\/strong><\/td>\n<td style=\"text-align: left;\">\u00a0<br \/>\n<p><strong><a href=\"http:\/\/ensenyament.gencat.cat\/ca\/serveis-tramits\/proves\/proves-lliures-obtencio-titols\/convocat-ordinaria-idiomes\/mostres-proves\/\" target=\"_blank\" rel=\"noreferrer noopener\">Models de Proves\u00a0\u00a0de Certificaci\u00f3\u00a0\u00a0de la Generalitat de Catalunya\u00a0<\/a><\/strong><\/p>\n<\/td>\n<\/tr>\n<tr>\n<td class=\"has-text-align-center\" style=\"background-color: #52a9cc;\" data-align=\"center\"><strong>ENLLA\u00c7 ALS WEBS D&#8217;ALTRES COMUNITATS AUT\u00d2NOMES<\/strong><\/td>\n<td>\n<p style=\"text-align: left;\"><strong><a href=\"https:\/\/www.euskadi.eus\/examanes-escuelas-oficiales-de-idiomas\/web01-a3hheoi\/es\/\">Models\u00a0de Proves\u00a0\u00a0de Certificaci\u00f3\u00a0del\u00a0Pa\u00eds Basc\u00a0<\/a><\/strong><\/p>\n<p style=\"text-align: left;\"><strong><a href=\"https:\/\/sites.google.com\/view\/eoisaragonmuestrasexamenes\">Models de Proves\u00a0\u00a0de Certificaci\u00f3 del Govern d\u2019Arag\u00f3<\/a><\/strong><\/p>\n<p style=\"text-align: left;\"><strong><a href=\"https:\/\/eoi.gva.es\/es\/proves-de-certificacio\">Models de Proves de Certificaci\u00f3 de la Comunitat Valenciana<\/a><\/strong><\/p>\n<p style=\"text-align: left;\"><strong><a href=\"https:\/\/www.comunidad.madrid\/servicios\/educacion\/certificacion-nivel-idiomas\">Models de Proves\u00a0\u00a0de Certificaci\u00f3 de la\u00a0\u00a0Comunitat de Madrid<\/a><\/strong><\/p>\n<p style=\"text-align: left;\"><strong><a href=\"https:\/\/educastur-my.sharepoint.com\/personal\/evaluacioneducativa_educastur_org\/_layouts\/15\/onedrive.aspx?id=%2Fpersonal%2Fevaluacioneducativa%5Feducastur%5Forg%2FDocuments%2F850%5FIDIOMAS%2FPRUEBAS%5FIDIOMAS%5FLIBERADAS&amp;ga=1\" target=\"_blank\" rel=\"noopener\">Models de Proves\u00a0\u00a0de Certificaci\u00f3 de la\u00a0\u00a0Comunitat de M\u00farcia<\/a><\/strong><\/p>\n<p style=\"text-align: left;\"><strong><a href=\"http:\/\/www.eoilogrono.com\/modelos-examenes\/\">Models de Proves de Certificaci\u00f3 de La Rioja<\/a><\/strong><\/p>\n<p style=\"text-align: left;\"><strong><a href=\"http:\/\/www.caib.es\/sacmicrofront\/index.do?lang=ca&amp;mkey=M1502111317262137083894\">Models de Proves\u00a0\u00a0de Certificaci\u00f3\u00a0\u00a0del Govern Balear<\/a><\/strong><\/p>\n<p style=\"text-align: left;\"><strong><a href=\"https:\/\/www.juntadeandalucia.es\/educacion\/portals\/web\/ced\/idiomas\/pruebas-de-certificacion\/modelos-convocatoria-anterior\" target=\"_blank\" rel=\"noopener\">Models de Proves\u00a0\u00a0de Certificaci\u00f3 de la\u00a0\u00a0Junta d\u2019Andalusia<\/a><\/strong><\/p>\n<p style=\"text-align: left;\"><strong><a href=\"https:\/\/www.edu.xunta.gal\/portal\/node\/4322\" target=\"_blank\" rel=\"noopener\">Models\u00a0de Proves\u00a0\u00a0de Certificaci\u00f3\u00a0de la\u00a0\u00a0Xunta de Gal\u00edcia<\/a>.<\/strong><\/p>\n<p style=\"text-align: left;\"><strong><a href=\"https:\/\/www.educastur.es\/estudiantes\/idiomas\/pruebas-certificacion\" target=\"_blank\" rel=\"noopener\">Models de Proves\u00a0\u00a0de Certificaci\u00f3 del Principat d\u2019Ast\u00faries<\/a><\/strong><\/p>\n<p style=\"text-align: left;\"><strong><a href=\"https:\/\/www.gobiernodecanarias.org\/educacion\/web\/idiomas\/pruebas\/pruebas_certificacion\/\">Models de Proves\u00a0\u00a0de Certificaci\u00f3 Govierno de Can\u00e0ries<\/a><\/strong><\/p>\n<p style=\"text-align: left;\"><strong><a href=\"https:\/\/eoicaceres.educarex.es\/index.php\/2013-03-06-19-06-24\/muestras-de-examenes-in\">Models de Proves\u00a0\u00a0de Certificaci\u00f3 EOI C\u00e0ceres<\/a><\/strong><\/p>\n<p style=\"text-align: left;\"><strong><a href=\"https:\/\/www.educacion.navarra.es\/web\/dpto\/idiomas-plurilinguismo\/escuelas-oficiales\">Models de Proves\u00a0\u00a0de Certificaci\u00f3 de Navarra<\/a><\/strong><\/p>\n<p style=\"text-align: left;\"><strong><a href=\"http:\/\/www.educa.jccm.es\/es\/sistema-educativo\/idiomas-programas-europeos\/escuelas-oficiales-idiomas-i\/pruebas-certificacion-linguistica\/modelos-pruebas-certificacion\">Models de Proves\u00a0\u00a0de Certificaci\u00f3 Castella-la Manxa<\/a><\/strong><\/p>\n<\/td>\n<\/tr>\n<\/tbody>\n<\/table>\n<\/figure>\n\n\n\n<p>&nbsp;<\/p>\n","protected":false},"excerpt":{"rendered":"<p>Aqu\u00ed teniu una graella amb els models d&#8217;ex\u00e0mens de Catalunya i d&#8217;altres comunitats aut\u00f2nomes. No es tracta de models id\u00e8ntics als de la nostra certificaci\u00f3 B1, B2, C1 i C2 ja que a Catalunya l&#8217;examen \u00e9s una mica diferent al de la resta de comunitats, per\u00f2 us poden servir, sobretot, per practicar la comprensi\u00f3 escrita [&hellip;]<\/p>\n","protected":false},"author":1,"featured_media":0,"parent":9214,"menu_order":0,"comment_status":"closed","ping_status":"closed","template":"","meta":{"_bbp_topic_count":0,"_bbp_reply_count":0,"_bbp_total_topic_count":0,"_bbp_total_reply_count":0,"_bbp_voice_count":0,"_bbp_anonymous_reply_count":0,"_bbp_topic_count_hidden":0,"_bbp_reply_count_hidden":0,"_bbp_forum_subforum_count":0,"site-sidebar-layout":"default","site-content-layout":"","ast-site-content-layout":"default","site-content-style":"default","site-sidebar-style":"default","ast-global-header-display":"","ast-banner-title-visibility":"","ast-main-header-display":"","ast-hfb-above-header-display":"","ast-hfb-below-header-display":"","ast-hfb-mobile-header-display":"","site-post-title":"","ast-breadcrumbs-content":"","ast-featured-img":"","footer-sml-layout":"","theme-transparent-header-meta":"default","adv-header-id-meta":"","stick-header-meta":"","header-above-stick-meta":"","header-main-stick-meta":"","header-below-stick-meta":"","astra-migrate-meta-layouts":"set","ast-page-background-enabled":"default","ast-page-background-meta":{"desktop":{"background-color":"var(--ast-global-color-4)","background-image":"","background-repeat":"repeat","background-position":"center center","background-size":"auto","background-attachment":"scroll","background-type":"","background-media":"","overlay-type":"","overlay-color":"","overlay-opacity":"","overlay-gradient":""},"tablet":{"background-color":"","background-image":"","background-repeat":"repeat","background-position":"center center","background-size":"auto","background-attachment":"scroll","background-type":"","background-media":"","overlay-type":"","overlay-color":"","overlay-opacity":"","overlay-gradient":""},"mobile":{"background-color":"","background-image":"","background-repeat":"repeat","background-position":"center center","background-size":"auto","background-attachment":"scroll","background-type":"","background-media":"","overlay-type":"","overlay-color":"","overlay-opacity":"","overlay-gradient":""}},"ast-content-background-meta":{"desktop":{"background-color":"var(--ast-global-color-5)","background-image":"","background-repeat":"repeat","background-position":"center center","background-size":"auto","background-attachment":"scroll","background-type":"","background-media":"","overlay-type":"","overlay-color":"","overlay-opacity":"","overlay-gradient":""},"tablet":{"background-color":"var(--ast-global-color-5)","background-image":"","background-repeat":"repeat","background-position":"center center","background-size":"auto","background-attachment":"scroll","background-type":"","background-media":"","overlay-type":"","overlay-color":"","overlay-opacity":"","overlay-gradient":""},"mobile":{"background-color":"var(--ast-global-color-5)","background-image":"","background-repeat":"repeat","background-position":"center center","background-size":"auto","background-attachment":"scroll","background-type":"","background-media":"","overlay-type":"","overlay-color":"","overlay-opacity":"","overlay-gradient":""}},"footnotes":""},"class_list":["post-11604","page","type-page","status-publish","hentry"],"post_mailing_queue_ids":[],"_links":{"self":[{"href":"https:\/\/agora-eoi.xtec.cat\/eoiosona\/wp-json\/wp\/v2\/pages\/11604","targetHints":{"allow":["GET"]}}],"collection":[{"href":"https:\/\/agora-eoi.xtec.cat\/eoiosona\/wp-json\/wp\/v2\/pages"}],"about":[{"href":"https:\/\/agora-eoi.xtec.cat\/eoiosona\/wp-json\/wp\/v2\/types\/page"}],"author":[{"embeddable":true,"href":"https:\/\/agora-eoi.xtec.cat\/eoiosona\/wp-json\/wp\/v2\/users\/1"}],"replies":[{"embeddable":true,"href":"https:\/\/agora-eoi.xtec.cat\/eoiosona\/wp-json\/wp\/v2\/comments?post=11604"}],"version-history":[{"count":6,"href":"https:\/\/agora-eoi.xtec.cat\/eoiosona\/wp-json\/wp\/v2\/pages\/11604\/revisions"}],"predecessor-version":[{"id":12671,"href":"https:\/\/agora-eoi.xtec.cat\/eoiosona\/wp-json\/wp\/v2\/pages\/11604\/revisions\/12671"}],"up":[{"embeddable":true,"href":"https:\/\/agora-eoi.xtec.cat\/eoiosona\/wp-json\/wp\/v2\/pages\/9214"}],"wp:attachment":[{"href":"https:\/\/agora-eoi.xtec.cat\/eoiosona\/wp-json\/wp\/v2\/media?parent=11604"}],"curies":[{"name":"wp","href":"https:\/\/api.w.org\/{rel}","templated":true}]}}