{"id":11098,"date":"2023-02-07T15:46:08","date_gmt":"2023-02-07T14:46:08","guid":{"rendered":"https:\/\/agora-eoi.xtec.cat\/eoiosona\/?page_id=11098"},"modified":"2025-10-13T11:09:54","modified_gmt":"2025-10-13T09:09:54","slug":"sollicitud-de-devolucio-de-taxes-i-preus-publics","status":"publish","type":"page","link":"https:\/\/agora-eoi.xtec.cat\/eoiosona\/secretaria\/instancies-i-solicituts\/sollicitud-de-devolucio-de-taxes-i-preus-publics\/","title":{"rendered":"Sol\u00b7licitud de devoluci\u00f3 de taxes i preus p\u00fablics"},"content":{"rendered":"<header class=\"entry-header\"><\/header>\n<div class=\"entry-content\">\n<header class=\"entry-header\">\n<h4 class=\"entry-title\"><span style=\"font-size: 1.4375em;\">DEVOLUCI\u00d3 DE TAXES o PREUS P\u00daBLICS CURS 2025-2026<\/span><\/h4>\n<\/header>\n<div class=\"entry-content\">\n<ul>\n<li><strong>Taxa<\/strong>\u00a0de matr\u00edcula en els nivells B1 i B2 de les EOI.<\/li>\n<\/ul>\n<ul>\n<li><strong>Preu p\u00fablic<\/strong>\u00a0de matr\u00edcula en els nivells A1, A2, C1 i C2 de les EOI.<\/li>\n<\/ul>\n<h6><strong>Les taxes o preus p\u00fablics de la matr\u00edcula a les EOI nom\u00e9s es poden retornar en els sup\u00f2sits que s\u2019indiquen a continuaci\u00f3 i dins dels terminis que, quan escau, s\u2019assenyalen:<\/strong><\/h6>\n<ul>\n<li><strong>Ren\u00fancia amb dret a devoluci\u00f3 de taxes i preus p\u00fablics per a la matr\u00edcula<\/strong> fins al 10 d\u2019octubre de 2025. La ren\u00fancia a la matr\u00edcula oficial amb devoluci\u00f3 de l\u2019import de la matr\u00edcula suposa l\u2019anul\u00b7laci\u00f3 de la matr\u00edcula a tots els efectes i l\u2019exclusi\u00f3 de la matr\u00edcula de l\u2019expedient acad\u00e8mic de l\u2019alumne o alumna i, per tant, la ren\u00fancia a la pla\u00e7a.<strong>\u00a0\u00a0\u00a0\u00a0<\/strong><\/li>\n<li><strong>Ren\u00fancia a la inscripci\u00f3 a les proves lliures<\/strong>\u00a0per a l\u2019obtenci\u00f3 del certificat de nivell intermedi B1 i B2 o del certificat de nivell avan\u00e7at C1 i C2 \u00a0quan la ren\u00fancia i la sol\u00b7licitud de retorn de taxes o de preus p\u00fablics es produeixen abans de la data de publicaci\u00f3 de les llistes definitives d\u2019admesos.<\/li>\n<li>Pagaments duplicats o per import superior.<\/li>\n<li><strong>No aplicaci\u00f3 de bonificacions o exempcions<\/strong>\u00a0a les quals l\u2019alumne o alumna t\u00e9 dret en el moment de la matriculaci\u00f3, per l\u2019import corresponent.<\/li>\n<li><strong>No prestaci\u00f3 del servei<\/strong>\u00a0per causes no imputables a l\u2019alumne o alumna. No es consideren sup\u00f2sits de for\u00e7a major els canvis en l\u2019horari laboral ni els canvis de domicili o similars.<\/li>\n<li>En cas de t<strong>rasllat a una altra comunitat aut\u00f2noma<\/strong>, l\u2019alumne o alumna pot sol\u00b7licitar el retorn de taxes o preus p\u00fablics amb data l\u00edmit 28 de novembre de 2025.<\/li>\n<li>Els\u00a0<strong>alumnes de cursos flexibilitzats<\/strong>\u00a0que hagin superat la primera part d\u2019un nivell i posteriorment s\u2019incorporen a un curs extensiu o intensiu i paguen tot l\u2019import de la matr\u00edcula, tenen dret a la devoluci\u00f3 de l\u2019import de la darrera matr\u00edcula de la part aprovada en modalitat flexible.<\/li>\n<\/ul>\n<h6><strong>Presentaci\u00f3 de sol\u00b7licituds de devoluci\u00f3 de taxes o preus p\u00fablics d\u2019aquests sup\u00f2sits:<br \/>\n<\/strong><\/h6>\n<ul>\n<li><strong>Sol\u00b7licitud de devoluci\u00f3 de la taxa\/preu p\u00fablic per ren\u00fancia a la matr\u00edcula oficial en les EOI:<\/strong>\n<ul>\n<li><strong>Tramitaci\u00f3 electr\u00f2nica:<\/strong>\u00a0Les sol\u00b7licituds de devoluci\u00f3 de taxes i preus p\u00fablics s\u2019han de formular preferentment mitjan\u00e7ant el tr\u00e0mit electr\u00f2nic\u00a0<a href=\"https:\/\/web.gencat.cat\/ca\/tramits\/tramits-temes\/devolucio-ingressos-indeguts\">Devoluci\u00f3 d\u2019ingressos indeguts per cobrament de taxes i preus p\u00fablics del Departament d\u2019Educaci\u00f3<\/a>.<\/li>\n<li><strong>Tramitaci\u00f3 presencial:<\/strong>\u00a0La sol\u00b7licitud de devoluci\u00f3 tamb\u00e9 podr\u00e0 formular-se mitjan\u00e7ant el model\u00a0<a href=\"https:\/\/agora-eoi.xtec.cat\/eoi-hospitalet\/wp-content\/uploads\/usu2580\/2024\/09\/SOL%C2%B7LICITUD-DEVOLUCIO-TAXES-PER-ANUL%C2%B7LACIO-MATRICULA.pdf\" target=\"_blank\" rel=\"noopener\">Sol\u00b7licitud de devoluci\u00f3 de la taxa\/preu p\u00fablic per ren\u00fancia a la matr\u00edcula oficial en les escoles oficials d\u2019idiomes (EOI)<\/a>, amb tramitaci\u00f3 presencial a la secretaria del centre.<\/li>\n<\/ul>\n<\/li>\n<\/ul>\n<ul>\n<li>Els tr\u00e0mits de sol\u00b7licitud de devoluci\u00f3 del preu p\u00fablic pels\u00a0<strong>serveis d\u2019acc\u00e9s a la plataforma i materials did\u00e0ctics dels ensenyaments d\u2019idiomes<\/strong>\u00a0es faran de manera presencial a la secretaria del centre.<\/li>\n<\/ul>\n<\/div>\n<\/div>\n","protected":false},"excerpt":{"rendered":"<p>DEVOLUCI\u00d3 DE TAXES o PREUS P\u00daBLICS CURS 2025-2026 Taxa\u00a0de matr\u00edcula en els nivells B1 i B2 de les EOI. Preu p\u00fablic\u00a0de matr\u00edcula en els nivells A1, A2, C1 i C2 de les EOI. Les taxes o preus p\u00fablics de la matr\u00edcula a les EOI nom\u00e9s es poden retornar en els sup\u00f2sits que s\u2019indiquen a continuaci\u00f3 [&hellip;]<\/p>\n","protected":false},"author":1,"featured_media":0,"parent":8370,"menu_order":0,"comment_status":"closed","ping_status":"closed","template":"","meta":{"_bbp_topic_count":0,"_bbp_reply_count":0,"_bbp_total_topic_count":0,"_bbp_total_reply_count":0,"_bbp_voice_count":0,"_bbp_anonymous_reply_count":0,"_bbp_topic_count_hidden":0,"_bbp_reply_count_hidden":0,"_bbp_forum_subforum_count":0,"site-sidebar-layout":"default","site-content-layout":"","ast-site-content-layout":"default","site-content-style":"default","site-sidebar-style":"default","ast-global-header-display":"","ast-banner-title-visibility":"","ast-main-header-display":"","ast-hfb-above-header-display":"","ast-hfb-below-header-display":"","ast-hfb-mobile-header-display":"","site-post-title":"","ast-breadcrumbs-content":"","ast-featured-img":"","footer-sml-layout":"","theme-transparent-header-meta":"","adv-header-id-meta":"","stick-header-meta":"","header-above-stick-meta":"","header-main-stick-meta":"","header-below-stick-meta":"","astra-migrate-meta-layouts":"set","ast-page-background-enabled":"default","ast-page-background-meta":{"desktop":{"background-color":"var(--ast-global-color-4)","background-image":"","background-repeat":"repeat","background-position":"center center","background-size":"auto","background-attachment":"scroll","background-type":"","background-media":"","overlay-type":"","overlay-color":"","overlay-opacity":"","overlay-gradient":""},"tablet":{"background-color":"","background-image":"","background-repeat":"repeat","background-position":"center center","background-size":"auto","background-attachment":"scroll","background-type":"","background-media":"","overlay-type":"","overlay-color":"","overlay-opacity":"","overlay-gradient":""},"mobile":{"background-color":"","background-image":"","background-repeat":"repeat","background-position":"center center","background-size":"auto","background-attachment":"scroll","background-type":"","background-media":"","overlay-type":"","overlay-color":"","overlay-opacity":"","overlay-gradient":""}},"ast-content-background-meta":{"desktop":{"background-color":"var(--ast-global-color-5)","background-image":"","background-repeat":"repeat","background-position":"center center","background-size":"auto","background-attachment":"scroll","background-type":"","background-media":"","overlay-type":"","overlay-color":"","overlay-opacity":"","overlay-gradient":""},"tablet":{"background-color":"var(--ast-global-color-5)","background-image":"","background-repeat":"repeat","background-position":"center center","background-size":"auto","background-attachment":"scroll","background-type":"","background-media":"","overlay-type":"","overlay-color":"","overlay-opacity":"","overlay-gradient":""},"mobile":{"background-color":"var(--ast-global-color-5)","background-image":"","background-repeat":"repeat","background-position":"center center","background-size":"auto","background-attachment":"scroll","background-type":"","background-media":"","overlay-type":"","overlay-color":"","overlay-opacity":"","overlay-gradient":""}},"footnotes":""},"class_list":["post-11098","page","type-page","status-publish","hentry"],"post_mailing_queue_ids":[],"_links":{"self":[{"href":"https:\/\/agora-eoi.xtec.cat\/eoiosona\/wp-json\/wp\/v2\/pages\/11098","targetHints":{"allow":["GET"]}}],"collection":[{"href":"https:\/\/agora-eoi.xtec.cat\/eoiosona\/wp-json\/wp\/v2\/pages"}],"about":[{"href":"https:\/\/agora-eoi.xtec.cat\/eoiosona\/wp-json\/wp\/v2\/types\/page"}],"author":[{"embeddable":true,"href":"https:\/\/agora-eoi.xtec.cat\/eoiosona\/wp-json\/wp\/v2\/users\/1"}],"replies":[{"embeddable":true,"href":"https:\/\/agora-eoi.xtec.cat\/eoiosona\/wp-json\/wp\/v2\/comments?post=11098"}],"version-history":[{"count":6,"href":"https:\/\/agora-eoi.xtec.cat\/eoiosona\/wp-json\/wp\/v2\/pages\/11098\/revisions"}],"predecessor-version":[{"id":12788,"href":"https:\/\/agora-eoi.xtec.cat\/eoiosona\/wp-json\/wp\/v2\/pages\/11098\/revisions\/12788"}],"up":[{"embeddable":true,"href":"https:\/\/agora-eoi.xtec.cat\/eoiosona\/wp-json\/wp\/v2\/pages\/8370"}],"wp:attachment":[{"href":"https:\/\/agora-eoi.xtec.cat\/eoiosona\/wp-json\/wp\/v2\/media?parent=11098"}],"curies":[{"name":"wp","href":"https:\/\/api.w.org\/{rel}","templated":true}]}}