{"id":11082,"date":"2023-02-02T18:21:53","date_gmt":"2023-02-02T17:21:53","guid":{"rendered":"https:\/\/agora-eoi.xtec.cat\/eoiosona\/?page_id=11082"},"modified":"2023-07-13T13:02:27","modified_gmt":"2023-07-13T11:02:27","slug":"sollicitud-trasllat-dexpedient","status":"publish","type":"page","link":"https:\/\/agora-eoi.xtec.cat\/eoiosona\/secretaria\/instancies-i-solicituts\/sollicitud-trasllat-dexpedient\/","title":{"rendered":"Sol\u00b7licitud trasllat d&#8217;expedient"},"content":{"rendered":"<p>Despr\u00e9s d\u2019haver formalitzat la matr\u00edcula, l\u2019alumnat pot demanar continuar el curs en un altre centre, el trasllat s\u2019anomena trasllat de matr\u00edcula viva. El termini per efectuar aquest trasllat finalitzar\u00e0 aquest curs 2023 el 27 d\u2019abril.<\/p>\n<p>La sol\u00b7licitud de matr\u00edcula es far\u00e0 al centre de destinaci\u00f3 i quedar\u00e0 condicionada a la disponibilitat de places en aquest centre. La documentaci\u00f3 que caldr\u00e0 aportar ser\u00e0 el full de pagament de la matr\u00edcula efectuada en el centre d\u2019origen. En el moment de produir-se una vacant, l\u2019EOI de destinaci\u00f3 ho comunicar\u00e0 al sol\u00b7licitant. L\u2019EOI de destinaci\u00f3 tramitar\u00e0 d\u2019ofici el trasllat d\u2019expedient de l\u2019alumne. En cas de no haver-hi vacants en l\u2019EOI de destinaci\u00f3, s\u2019obrir\u00e0 una llista d\u2019espera on els sol\u00b7licitants han de poder indicar els grups i horaris desitjats.<\/p>\n<p>NOTA: No es podr\u00e0 tenir m\u00e9s d\u2019un expedient obert del mateix idioma a EOIs diferents. Tenir-los comporta l\u2019anul\u00b7laci\u00f3 d\u2019ambd\u00f3s expedients.<\/p>\n<p><a href=\"https:\/\/agora-eoi.xtec.cat\/eoiosona\/wp-content\/uploads\/usu2247\/2023\/07\/trasllat.pdf\">Sol\u00b7licitud trasllat d&#8217;expedient (pdf)<\/a><\/p>\n","protected":false},"excerpt":{"rendered":"<p>Despr\u00e9s d\u2019haver formalitzat la matr\u00edcula, l\u2019alumnat pot demanar continuar el curs en un altre centre, el trasllat s\u2019anomena trasllat de matr\u00edcula viva. El termini per efectuar aquest trasllat finalitzar\u00e0 aquest curs 2023 el 27 d\u2019abril. La sol\u00b7licitud de matr\u00edcula es far\u00e0 al centre de destinaci\u00f3 i quedar\u00e0 condicionada a la disponibilitat de places en aquest [&hellip;]<\/p>\n","protected":false},"author":1,"featured_media":0,"parent":8370,"menu_order":0,"comment_status":"closed","ping_status":"closed","template":"page-templates\/side-menu.php","meta":{"_bbp_topic_count":0,"_bbp_reply_count":0,"_bbp_total_topic_count":0,"_bbp_total_reply_count":0,"_bbp_voice_count":0,"_bbp_anonymous_reply_count":0,"_bbp_topic_count_hidden":0,"_bbp_reply_count_hidden":0,"_bbp_forum_subforum_count":0,"site-sidebar-layout":"default","site-content-layout":"","ast-site-content-layout":"","site-content-style":"default","site-sidebar-style":"default","ast-global-header-display":"","ast-banner-title-visibility":"","ast-main-header-display":"","ast-hfb-above-header-display":"","ast-hfb-below-header-display":"","ast-hfb-mobile-header-display":"","site-post-title":"","ast-breadcrumbs-content":"","ast-featured-img":"","footer-sml-layout":"","theme-transparent-header-meta":"","adv-header-id-meta":"","stick-header-meta":"","header-above-stick-meta":"","header-main-stick-meta":"","header-below-stick-meta":"","astra-migrate-meta-layouts":"default","ast-page-background-enabled":"default","ast-page-background-meta":{"desktop":{"background-color":"var(--ast-global-color-4)","background-image":"","background-repeat":"repeat","background-position":"center center","background-size":"auto","background-attachment":"scroll","background-type":"","background-media":"","overlay-type":"","overlay-color":"","overlay-opacity":"","overlay-gradient":""},"tablet":{"background-color":"","background-image":"","background-repeat":"repeat","background-position":"center center","background-size":"auto","background-attachment":"scroll","background-type":"","background-media":"","overlay-type":"","overlay-color":"","overlay-opacity":"","overlay-gradient":""},"mobile":{"background-color":"","background-image":"","background-repeat":"repeat","background-position":"center center","background-size":"auto","background-attachment":"scroll","background-type":"","background-media":"","overlay-type":"","overlay-color":"","overlay-opacity":"","overlay-gradient":""}},"ast-content-background-meta":{"desktop":{"background-color":"var(--ast-global-color-5)","background-image":"","background-repeat":"repeat","background-position":"center center","background-size":"auto","background-attachment":"scroll","background-type":"","background-media":"","overlay-type":"","overlay-color":"","overlay-opacity":"","overlay-gradient":""},"tablet":{"background-color":"var(--ast-global-color-5)","background-image":"","background-repeat":"repeat","background-position":"center center","background-size":"auto","background-attachment":"scroll","background-type":"","background-media":"","overlay-type":"","overlay-color":"","overlay-opacity":"","overlay-gradient":""},"mobile":{"background-color":"var(--ast-global-color-5)","background-image":"","background-repeat":"repeat","background-position":"center center","background-size":"auto","background-attachment":"scroll","background-type":"","background-media":"","overlay-type":"","overlay-color":"","overlay-opacity":"","overlay-gradient":""}},"footnotes":""},"class_list":["post-11082","page","type-page","status-publish","hentry"],"post_mailing_queue_ids":[],"_links":{"self":[{"href":"https:\/\/agora-eoi.xtec.cat\/eoiosona\/wp-json\/wp\/v2\/pages\/11082","targetHints":{"allow":["GET"]}}],"collection":[{"href":"https:\/\/agora-eoi.xtec.cat\/eoiosona\/wp-json\/wp\/v2\/pages"}],"about":[{"href":"https:\/\/agora-eoi.xtec.cat\/eoiosona\/wp-json\/wp\/v2\/types\/page"}],"author":[{"embeddable":true,"href":"https:\/\/agora-eoi.xtec.cat\/eoiosona\/wp-json\/wp\/v2\/users\/1"}],"replies":[{"embeddable":true,"href":"https:\/\/agora-eoi.xtec.cat\/eoiosona\/wp-json\/wp\/v2\/comments?post=11082"}],"version-history":[{"count":2,"href":"https:\/\/agora-eoi.xtec.cat\/eoiosona\/wp-json\/wp\/v2\/pages\/11082\/revisions"}],"predecessor-version":[{"id":11405,"href":"https:\/\/agora-eoi.xtec.cat\/eoiosona\/wp-json\/wp\/v2\/pages\/11082\/revisions\/11405"}],"up":[{"embeddable":true,"href":"https:\/\/agora-eoi.xtec.cat\/eoiosona\/wp-json\/wp\/v2\/pages\/8370"}],"wp:attachment":[{"href":"https:\/\/agora-eoi.xtec.cat\/eoiosona\/wp-json\/wp\/v2\/media?parent=11082"}],"curies":[{"name":"wp","href":"https:\/\/api.w.org\/{rel}","templated":true}]}}