{"id":11071,"date":"2023-02-02T11:41:34","date_gmt":"2023-02-02T10:41:34","guid":{"rendered":"https:\/\/agora-eoi.xtec.cat\/eoiosona\/?page_id=11071"},"modified":"2023-09-25T18:13:17","modified_gmt":"2023-09-25T16:13:17","slug":"sollicitud-renuncia-de-matricula-2","status":"publish","type":"page","link":"https:\/\/agora-eoi.xtec.cat\/eoiosona\/secretaria\/instancies-i-solicituts\/sollicitud-renuncia-de-matricula-2\/","title":{"rendered":"Sol\u00b7licitud ren\u00fancia de matr\u00edcula"},"content":{"rendered":"<p>Nom\u00e9s es pot concedir una ren\u00fancia per cada curs del mateix idioma.<\/p>\n<p>La ren\u00fancia no computa a efectes de repetici\u00f3 i l\u2019alumne mant\u00e9 la prioritat per matricular-se com a antic alumne al seg\u00fcent any acad\u00e8mic, en el torn que la normativa dictamini, excepte si l\u2019alumne sol\u00b7licita la devoluci\u00f3 de les taxes i se li concedeix. En aquest cas, si volgu\u00e9s tornar a matricular-se, ho hauria de fer en les mateixes condicions que el nou alumnat.<\/p>\n<p>Un cop acceptada la ren\u00fancia per part de l&#8217;EOI Osona, l\u2019alumne ja no podr\u00e0 assistir a classe.<\/p>\n<p>Renunciar a la matr\u00edcula no implica necess\u00e0riament el dret al retorn de cap taxa. Si a m\u00e9s a m\u00e9s de ren\u00fancia voleu la devoluci\u00f3 de la taxa, consulteu l&#8217;apartat <strong><em>SOL\u00b7LICITUD DE DEVOLUCI\u00d3 DE TAXES<\/em><\/strong>.<\/p>\n<p>Si un alumne abandona el curs sense que es formalitzi l\u2019acceptaci\u00f3 d\u2019una ren\u00fancia, tindr\u00e0, a tots els efectes, la consideraci\u00f3 de \u201cno presentat\u201d i, es computar\u00e0 el curs a efectes de repetici\u00f3.<\/p>\n<p><strong>Procediment:<\/strong><\/p>\n<p>Presentaci\u00f3 de la sol\u00b7licitud sense justificaci\u00f3 documental en l\u00ednia, emplenant el full de <a href=\"https:\/\/agora-eoi.xtec.cat\/eoiosona\/wp-content\/uploads\/usu2247\/2021\/07\/solicitud_renuncia.pdf\" target=\"_blank\" rel=\"noopener noreferrer\">SOL.LICITUD REN\u00daNCIA DE MATR\u00cdCULA<\/a> i enviant-lo per correu electr\u00f2nic a <a href=\"eoiosona@xtec.cat\">eoiosona@xtec.cat<\/a> o b\u00e9 entregant-lo presencialment a la Secretaria de l&#8217;EOI Osona.<\/p>\n<p>La resposta a la sol\u00b7licitud es consulta a <a href=\"https:\/\/www.informaticacentros.com\/centrosnet\/ultralogin.php?tcentro=EOI&amp;centro=B28\" target=\"_blank\" rel=\"noopener\">Centrosnet<\/a>. A Historial\/expedient, ha de posar REN\u00daNCIA al camp \u201cSituaci\u00f3\u201d, quan estigui acceptada.<\/p>\n<p><strong>Data l\u00edmit: 10 d&#8217;octubre de 2023 (amb retorn de taxes) i 30 de novembre de 2023 (sense retorn de taxes.<\/strong><\/p>\n","protected":false},"excerpt":{"rendered":"<p>Nom\u00e9s es pot concedir una ren\u00fancia per cada curs del mateix idioma. La ren\u00fancia no computa a efectes de repetici\u00f3 i l\u2019alumne mant\u00e9 la prioritat per matricular-se com a antic alumne al seg\u00fcent any acad\u00e8mic, en el torn que la normativa dictamini, excepte si l\u2019alumne sol\u00b7licita la devoluci\u00f3 de les taxes i se li concedeix. [&hellip;]<\/p>\n","protected":false},"author":1,"featured_media":0,"parent":8370,"menu_order":0,"comment_status":"closed","ping_status":"closed","template":"page-templates\/side-menu.php","meta":{"_bbp_topic_count":0,"_bbp_reply_count":0,"_bbp_total_topic_count":0,"_bbp_total_reply_count":0,"_bbp_voice_count":0,"_bbp_anonymous_reply_count":0,"_bbp_topic_count_hidden":0,"_bbp_reply_count_hidden":0,"_bbp_forum_subforum_count":0,"site-sidebar-layout":"default","site-content-layout":"","ast-site-content-layout":"","site-content-style":"default","site-sidebar-style":"default","ast-global-header-display":"","ast-banner-title-visibility":"","ast-main-header-display":"","ast-hfb-above-header-display":"","ast-hfb-below-header-display":"","ast-hfb-mobile-header-display":"","site-post-title":"","ast-breadcrumbs-content":"","ast-featured-img":"","footer-sml-layout":"","theme-transparent-header-meta":"","adv-header-id-meta":"","stick-header-meta":"","header-above-stick-meta":"","header-main-stick-meta":"","header-below-stick-meta":"","astra-migrate-meta-layouts":"default","ast-page-background-enabled":"default","ast-page-background-meta":{"desktop":{"background-color":"var(--ast-global-color-4)","background-image":"","background-repeat":"repeat","background-position":"center center","background-size":"auto","background-attachment":"scroll","background-type":"","background-media":"","overlay-type":"","overlay-color":"","overlay-opacity":"","overlay-gradient":""},"tablet":{"background-color":"","background-image":"","background-repeat":"repeat","background-position":"center center","background-size":"auto","background-attachment":"scroll","background-type":"","background-media":"","overlay-type":"","overlay-color":"","overlay-opacity":"","overlay-gradient":""},"mobile":{"background-color":"","background-image":"","background-repeat":"repeat","background-position":"center center","background-size":"auto","background-attachment":"scroll","background-type":"","background-media":"","overlay-type":"","overlay-color":"","overlay-opacity":"","overlay-gradient":""}},"ast-content-background-meta":{"desktop":{"background-color":"var(--ast-global-color-5)","background-image":"","background-repeat":"repeat","background-position":"center center","background-size":"auto","background-attachment":"scroll","background-type":"","background-media":"","overlay-type":"","overlay-color":"","overlay-opacity":"","overlay-gradient":""},"tablet":{"background-color":"var(--ast-global-color-5)","background-image":"","background-repeat":"repeat","background-position":"center center","background-size":"auto","background-attachment":"scroll","background-type":"","background-media":"","overlay-type":"","overlay-color":"","overlay-opacity":"","overlay-gradient":""},"mobile":{"background-color":"var(--ast-global-color-5)","background-image":"","background-repeat":"repeat","background-position":"center center","background-size":"auto","background-attachment":"scroll","background-type":"","background-media":"","overlay-type":"","overlay-color":"","overlay-opacity":"","overlay-gradient":""}},"footnotes":""},"class_list":["post-11071","page","type-page","status-publish","hentry"],"post_mailing_queue_ids":[],"_links":{"self":[{"href":"https:\/\/agora-eoi.xtec.cat\/eoiosona\/wp-json\/wp\/v2\/pages\/11071","targetHints":{"allow":["GET"]}}],"collection":[{"href":"https:\/\/agora-eoi.xtec.cat\/eoiosona\/wp-json\/wp\/v2\/pages"}],"about":[{"href":"https:\/\/agora-eoi.xtec.cat\/eoiosona\/wp-json\/wp\/v2\/types\/page"}],"author":[{"embeddable":true,"href":"https:\/\/agora-eoi.xtec.cat\/eoiosona\/wp-json\/wp\/v2\/users\/1"}],"replies":[{"embeddable":true,"href":"https:\/\/agora-eoi.xtec.cat\/eoiosona\/wp-json\/wp\/v2\/comments?post=11071"}],"version-history":[{"count":2,"href":"https:\/\/agora-eoi.xtec.cat\/eoiosona\/wp-json\/wp\/v2\/pages\/11071\/revisions"}],"predecessor-version":[{"id":11524,"href":"https:\/\/agora-eoi.xtec.cat\/eoiosona\/wp-json\/wp\/v2\/pages\/11071\/revisions\/11524"}],"up":[{"embeddable":true,"href":"https:\/\/agora-eoi.xtec.cat\/eoiosona\/wp-json\/wp\/v2\/pages\/8370"}],"wp:attachment":[{"href":"https:\/\/agora-eoi.xtec.cat\/eoiosona\/wp-json\/wp\/v2\/media?parent=11071"}],"curies":[{"name":"wp","href":"https:\/\/api.w.org\/{rel}","templated":true}]}}