{"id":10857,"date":"2022-10-20T11:15:15","date_gmt":"2022-10-20T09:15:15","guid":{"rendered":"https:\/\/agora-eoi.xtec.cat\/eoiosona\/?page_id=10857"},"modified":"2025-10-03T19:25:36","modified_gmt":"2025-10-03T17:25:36","slug":"aula-virtual","status":"publish","type":"page","link":"https:\/\/agora-eoi.xtec.cat\/eoiosona\/serveis\/aula-virtual\/","title":{"rendered":"AULA VIRTUAL"},"content":{"rendered":"<header class=\"entry-header\">\n<h1 class=\"entry-title\">Classroom<\/h1>\n<\/header>\n<div class=\"entry-content\">\n<p>L\u2019escola disposa d\u2019un compte Gsuite for Education que permet utilitzar la plataforma Google Classroom.<\/p>\n<ul>\n<li dir=\"ltr\">\n<p dir=\"ltr\" role=\"presentation\">Heu de connectar-vos a Google Classroom:\u00a0<b><a href=\"http:\/\/classroom.google.com\/\" target=\"_blank\" rel=\"noopener\" data-saferedirecturl=\"https:\/\/www.google.com\/url?q=http:\/\/classroom.google.com&amp;source=gmail&amp;ust=1663314911097000&amp;usg=AOvVaw0mbXino6AwNdW24GUfBRer\">classroom.google.com<\/a><\/b><\/p>\n<\/li>\n<li dir=\"ltr\">\n<p dir=\"ltr\" role=\"presentation\">Per entrar-hi heu de fer servir un usuari i una contrasenya que us haur\u00e0 proporcionat l&#8217;escola<\/p>\n<\/li>\n<li dir=\"ltr\">\n<p dir=\"ltr\" role=\"presentation\">Heu d\u2019entrar a la vostra classe amb el \u201ccodi\u201d que us proporcionar\u00e0 el\/la vostre\/a professor\/a (aquest codi nom\u00e9s s\u2019utilitza per al primer acc\u00e9s; un cop estigueu apuntats a una classe, ja no caldr\u00e0 introduir-lo).<\/p>\n<\/li>\n<li dir=\"ltr\">\n<p dir=\"ltr\" role=\"presentation\">Atenci\u00f3: a l\u2019estiu haureu de descarregar tot el material, ja que l\u2019usuari nom\u00e9s t\u00e9 validesa durant un curs acad\u00e8mic.<\/p>\n<\/li>\n<\/ul>\n<\/div>\n","protected":false},"excerpt":{"rendered":"<p>Classroom L\u2019escola disposa d\u2019un compte Gsuite for Education que permet utilitzar la plataforma Google Classroom. Heu de connectar-vos a Google Classroom:\u00a0classroom.google.com Per entrar-hi heu de fer servir un usuari i una contrasenya que us haur\u00e0 proporcionat l&#8217;escola Heu d\u2019entrar a la vostra classe amb el \u201ccodi\u201d que us proporcionar\u00e0 el\/la vostre\/a professor\/a (aquest codi nom\u00e9s [&hellip;]<\/p>\n","protected":false},"author":1,"featured_media":0,"parent":8411,"menu_order":0,"comment_status":"closed","ping_status":"closed","template":"","meta":{"_bbp_topic_count":0,"_bbp_reply_count":0,"_bbp_total_topic_count":0,"_bbp_total_reply_count":0,"_bbp_voice_count":0,"_bbp_anonymous_reply_count":0,"_bbp_topic_count_hidden":0,"_bbp_reply_count_hidden":0,"_bbp_forum_subforum_count":0,"site-sidebar-layout":"default","site-content-layout":"","ast-site-content-layout":"default","site-content-style":"default","site-sidebar-style":"default","ast-global-header-display":"","ast-banner-title-visibility":"","ast-main-header-display":"","ast-hfb-above-header-display":"","ast-hfb-below-header-display":"","ast-hfb-mobile-header-display":"","site-post-title":"","ast-breadcrumbs-content":"","ast-featured-img":"","footer-sml-layout":"","theme-transparent-header-meta":"","adv-header-id-meta":"","stick-header-meta":"","header-above-stick-meta":"","header-main-stick-meta":"","header-below-stick-meta":"","astra-migrate-meta-layouts":"set","ast-page-background-enabled":"default","ast-page-background-meta":{"desktop":{"background-color":"var(--ast-global-color-4)","background-image":"","background-repeat":"repeat","background-position":"center center","background-size":"auto","background-attachment":"scroll","background-type":"","background-media":"","overlay-type":"","overlay-color":"","overlay-opacity":"","overlay-gradient":""},"tablet":{"background-color":"","background-image":"","background-repeat":"repeat","background-position":"center center","background-size":"auto","background-attachment":"scroll","background-type":"","background-media":"","overlay-type":"","overlay-color":"","overlay-opacity":"","overlay-gradient":""},"mobile":{"background-color":"","background-image":"","background-repeat":"repeat","background-position":"center center","background-size":"auto","background-attachment":"scroll","background-type":"","background-media":"","overlay-type":"","overlay-color":"","overlay-opacity":"","overlay-gradient":""}},"ast-content-background-meta":{"desktop":{"background-color":"var(--ast-global-color-5)","background-image":"","background-repeat":"repeat","background-position":"center center","background-size":"auto","background-attachment":"scroll","background-type":"","background-media":"","overlay-type":"","overlay-color":"","overlay-opacity":"","overlay-gradient":""},"tablet":{"background-color":"var(--ast-global-color-5)","background-image":"","background-repeat":"repeat","background-position":"center center","background-size":"auto","background-attachment":"scroll","background-type":"","background-media":"","overlay-type":"","overlay-color":"","overlay-opacity":"","overlay-gradient":""},"mobile":{"background-color":"var(--ast-global-color-5)","background-image":"","background-repeat":"repeat","background-position":"center center","background-size":"auto","background-attachment":"scroll","background-type":"","background-media":"","overlay-type":"","overlay-color":"","overlay-opacity":"","overlay-gradient":""}},"footnotes":""},"class_list":["post-10857","page","type-page","status-publish","hentry"],"post_mailing_queue_ids":[],"_links":{"self":[{"href":"https:\/\/agora-eoi.xtec.cat\/eoiosona\/wp-json\/wp\/v2\/pages\/10857","targetHints":{"allow":["GET"]}}],"collection":[{"href":"https:\/\/agora-eoi.xtec.cat\/eoiosona\/wp-json\/wp\/v2\/pages"}],"about":[{"href":"https:\/\/agora-eoi.xtec.cat\/eoiosona\/wp-json\/wp\/v2\/types\/page"}],"author":[{"embeddable":true,"href":"https:\/\/agora-eoi.xtec.cat\/eoiosona\/wp-json\/wp\/v2\/users\/1"}],"replies":[{"embeddable":true,"href":"https:\/\/agora-eoi.xtec.cat\/eoiosona\/wp-json\/wp\/v2\/comments?post=10857"}],"version-history":[{"count":2,"href":"https:\/\/agora-eoi.xtec.cat\/eoiosona\/wp-json\/wp\/v2\/pages\/10857\/revisions"}],"predecessor-version":[{"id":12785,"href":"https:\/\/agora-eoi.xtec.cat\/eoiosona\/wp-json\/wp\/v2\/pages\/10857\/revisions\/12785"}],"up":[{"embeddable":true,"href":"https:\/\/agora-eoi.xtec.cat\/eoiosona\/wp-json\/wp\/v2\/pages\/8411"}],"wp:attachment":[{"href":"https:\/\/agora-eoi.xtec.cat\/eoiosona\/wp-json\/wp\/v2\/media?parent=10857"}],"curies":[{"name":"wp","href":"https:\/\/api.w.org\/{rel}","templated":true}]}}