{"id":9902,"date":"2021-08-05T13:50:34","date_gmt":"2021-08-05T11:50:34","guid":{"rendered":"https:\/\/agora-eoi.xtec.cat\/eoiolot\/?page_id=9902"},"modified":"2022-11-16T22:40:06","modified_gmt":"2022-11-16T21:40:06","slug":"olot","status":"publish","type":"page","link":"https:\/\/agora-eoi.xtec.cat\/eoiolot\/el-servei-educatiu\/on-som\/olot\/","title":{"rendered":"Seu d&#8217;Olot"},"content":{"rendered":"<p>A Olot ens trobar\u00e0s a l&#8217;<strong>Avinguda Sant Joan, n\u00famero 20<\/strong>.<\/p>\n<h6><strong>Si v\u00e9ns a peu<\/strong><\/h6>\n<p>Far\u00e0s salut i oxigenar\u00e0s el cervell amb una dosi extra d&#8217;hemoglobina ideal per una tarda d&#8217;aprenentatges. L&#8217;escola es troba a nom\u00e9s 700 metres del centre de la ciutat. Un passeig de 10 o 15 minuts et preparar\u00e0 per gaudir millor de la classe, i a la tornada et servir\u00e0 per pair i consolidar m\u00e9s r\u00e0pidament tot el que haur\u00e0s apr\u00e8s. I tot aix\u00f2 estalviant diners i petjada ecol\u00f2gica. Rumia-t&#8217;ho.<\/p>\n<h6><strong>Si v\u00e9ns en transport p\u00fablic<\/strong><\/h6>\n<p>Les l\u00ednies C i D del bus urb\u00e0 tenen parada a tocar de l&#8217;escola: la 30 i la 86. Pots aprofitar el trajecte i l&#8217;espera a la parada per acabar de fer els deures, repassar l&#8217;\u00faltima lli\u00e7\u00f3 o tafanejar el llibre per avan\u00e7ar-te al que es far\u00e0 a classe i impressionar els teus companys (i, per qu\u00e8 no?, el professor o professora!).<\/p>\n<h6><strong>Si v\u00e9ns en moto o en bici<\/strong><\/h6>\n<p>Trobar\u00e0s aparcament segur davant mateix de l&#8217;escola. No tens excusa! Amb el temps que estalviar\u00e0s, si arribes una estona abans de la classe pots quedar amb algun company o companya per practicar l&#8217;idioma, acabar de fer els deures o repassar. Tu tries!<\/p>\n<h6><strong>Si v\u00e9ns en cotxe<\/strong><\/h6>\n<p>Tant si v\u00e9ns del mateix Olot com d&#8217;altres punts de la Garrotxa, d&#8217;Osona o del Ripoll\u00e8s (benvinguts tots!), aparcar gratis i a prop de l&#8217;escola \u00e9s facil\u00edssim. S\u00ed, Olot t\u00e9 aquestes coses. I si comparteixes cotxe amb un company o companya de classe (o d&#8217;un altre nivell o llengua, fins i tot), podeu aprofitar per practicar l&#8217;idioma, posar-vos una emissora de r\u00e0dio estrangera per internet o comentar les \u00faltimes viv\u00e8ncies de l&#8217;aula. Qui sap si aix\u00f2 no podria ser fins i tot l&#8217;inici d&#8217;alguna cosa m\u00e9s&#8230;<\/p>\n<h6><strong>Ens localitzar\u00e0s f\u00e0cilment!<\/strong><a href=\"https:\/\/agora-eoi.xtec.cat\/eoiolot\/wp-content\/uploads\/usu2459\/2021\/08\/Vinil-porta-carrer-scaled.jpg\"><img loading=\"lazy\" decoding=\"async\" class=\"size-medium wp-image-10172 alignright\" src=\"https:\/\/agora-eoi.xtec.cat\/eoiolot\/wp-content\/uploads\/usu2459\/2021\/08\/Vinil-porta-carrer-255x300.jpg\" alt=\"\" width=\"255\" height=\"300\" srcset=\"https:\/\/agora-eoi.xtec.cat\/eoiolot\/wp-content\/uploads\/usu2459\/2021\/08\/Vinil-porta-carrer-255x300.jpg 255w, https:\/\/agora-eoi.xtec.cat\/eoiolot\/wp-content\/uploads\/usu2459\/2021\/08\/Vinil-porta-carrer-872x1024.jpg 872w, https:\/\/agora-eoi.xtec.cat\/eoiolot\/wp-content\/uploads\/usu2459\/2021\/08\/Vinil-porta-carrer-768x902.jpg 768w, https:\/\/agora-eoi.xtec.cat\/eoiolot\/wp-content\/uploads\/usu2459\/2021\/08\/Vinil-porta-carrer-1308x1536.jpg 1308w, https:\/\/agora-eoi.xtec.cat\/eoiolot\/wp-content\/uploads\/usu2459\/2021\/08\/Vinil-porta-carrer-1744x2048.jpg 1744w\" sizes=\"auto, (max-width: 255px) 100vw, 255px\" \/><\/a><\/h6>\n<p>Vinguis d&#8217;on vinguis i arribis amb el mitj\u00e0 que arribis, aqu\u00ed tens un mapa i una foto de la nostra entrada llampant perqu\u00e8 ens ubiquis. No t\u00e9 p\u00e8rdua!<\/p>\n<p>I, parlant de coses que t\u00e9 Olot, estudiar idiomes a la vora d&#8217;un volc\u00e0 no pot pas dir tothom que ho fa. Fes-te dels nostres! Apr\u00e8n i millora cont\u00ednuament!<\/p>\n<p><iframe loading=\"lazy\" src=\"https:\/\/www.google.com\/maps\/embed?pb=!1m18!1m12!1m3!1d2956.3689188050234!2d2.480435315617116!3d42.18517885411991!2m3!1f0!2f0!3f0!3m2!1i1024!2i768!4f13.1!3m3!1m2!1s0x12bacaea06199593%3A0x715686960eb7eac6!2sEOI%20OLOT!5e0!3m2!1sca!2ses!4v1612822505790!5m2!1sca!2ses\" width=\"600\" height=\"450\" frameborder=\"0\" aria-hidden=\"false\"><\/iframe><\/p>\n<p>&nbsp;<\/p>\n","protected":false},"excerpt":{"rendered":"<p>A Olot ens trobar\u00e0s a l&#8217;Avinguda Sant Joan, n\u00famero 20. Si v\u00e9ns a peu Far\u00e0s salut i oxigenar\u00e0s el cervell [&hellip;]<\/p>\n","protected":false},"author":1,"featured_media":0,"parent":318,"menu_order":10,"comment_status":"closed","ping_status":"closed","template":"page-templates\/side-menu.php","meta":{"_bbp_topic_count":0,"_bbp_reply_count":0,"_bbp_total_topic_count":0,"_bbp_total_reply_count":0,"_bbp_voice_count":0,"_bbp_anonymous_reply_count":0,"_bbp_topic_count_hidden":0,"_bbp_reply_count_hidden":0,"_bbp_forum_subforum_count":0,"site-sidebar-layout":"default","site-content-layout":"","ast-site-content-layout":"","site-content-style":"default","site-sidebar-style":"default","ast-global-header-display":"","ast-banner-title-visibility":"","ast-main-header-display":"","ast-hfb-above-header-display":"","ast-hfb-below-header-display":"","ast-hfb-mobile-header-display":"","site-post-title":"","ast-breadcrumbs-content":"","ast-featured-img":"","footer-sml-layout":"","theme-transparent-header-meta":"","adv-header-id-meta":"","stick-header-meta":"","header-above-stick-meta":"","header-main-stick-meta":"","header-below-stick-meta":"","astra-migrate-meta-layouts":"default","ast-page-background-enabled":"default","ast-page-background-meta":{"desktop":{"background-color":"var(--ast-global-color-4)","background-image":"","background-repeat":"repeat","background-position":"center center","background-size":"auto","background-attachment":"scroll","background-type":"","background-media":"","overlay-type":"","overlay-color":"","overlay-opacity":"","overlay-gradient":""},"tablet":{"background-color":"","background-image":"","background-repeat":"repeat","background-position":"center center","background-size":"auto","background-attachment":"scroll","background-type":"","background-media":"","overlay-type":"","overlay-color":"","overlay-opacity":"","overlay-gradient":""},"mobile":{"background-color":"","background-image":"","background-repeat":"repeat","background-position":"center center","background-size":"auto","background-attachment":"scroll","background-type":"","background-media":"","overlay-type":"","overlay-color":"","overlay-opacity":"","overlay-gradient":""}},"ast-content-background-meta":{"desktop":{"background-color":"var(--ast-global-color-5)","background-image":"","background-repeat":"repeat","background-position":"center center","background-size":"auto","background-attachment":"scroll","background-type":"","background-media":"","overlay-type":"","overlay-color":"","overlay-opacity":"","overlay-gradient":""},"tablet":{"background-color":"var(--ast-global-color-5)","background-image":"","background-repeat":"repeat","background-position":"center center","background-size":"auto","background-attachment":"scroll","background-type":"","background-media":"","overlay-type":"","overlay-color":"","overlay-opacity":"","overlay-gradient":""},"mobile":{"background-color":"var(--ast-global-color-5)","background-image":"","background-repeat":"repeat","background-position":"center center","background-size":"auto","background-attachment":"scroll","background-type":"","background-media":"","overlay-type":"","overlay-color":"","overlay-opacity":"","overlay-gradient":""}},"footnotes":""},"class_list":["post-9902","page","type-page","status-publish","hentry"],"post_mailing_queue_ids":[],"_links":{"self":[{"href":"https:\/\/agora-eoi.xtec.cat\/eoiolot\/wp-json\/wp\/v2\/pages\/9902","targetHints":{"allow":["GET"]}}],"collection":[{"href":"https:\/\/agora-eoi.xtec.cat\/eoiolot\/wp-json\/wp\/v2\/pages"}],"about":[{"href":"https:\/\/agora-eoi.xtec.cat\/eoiolot\/wp-json\/wp\/v2\/types\/page"}],"author":[{"embeddable":true,"href":"https:\/\/agora-eoi.xtec.cat\/eoiolot\/wp-json\/wp\/v2\/users\/1"}],"replies":[{"embeddable":true,"href":"https:\/\/agora-eoi.xtec.cat\/eoiolot\/wp-json\/wp\/v2\/comments?post=9902"}],"version-history":[{"count":4,"href":"https:\/\/agora-eoi.xtec.cat\/eoiolot\/wp-json\/wp\/v2\/pages\/9902\/revisions"}],"predecessor-version":[{"id":11915,"href":"https:\/\/agora-eoi.xtec.cat\/eoiolot\/wp-json\/wp\/v2\/pages\/9902\/revisions\/11915"}],"up":[{"embeddable":true,"href":"https:\/\/agora-eoi.xtec.cat\/eoiolot\/wp-json\/wp\/v2\/pages\/318"}],"wp:attachment":[{"href":"https:\/\/agora-eoi.xtec.cat\/eoiolot\/wp-json\/wp\/v2\/media?parent=9902"}],"curies":[{"name":"wp","href":"https:\/\/api.w.org\/{rel}","templated":true}]}}