{"id":9883,"date":"2021-08-05T13:06:03","date_gmt":"2021-08-05T11:06:03","guid":{"rendered":"https:\/\/agora-eoi.xtec.cat\/eoiolot\/?page_id=9883"},"modified":"2023-05-31T19:48:58","modified_gmt":"2023-05-31T17:48:58","slug":"descomptes-i-gratuitats","status":"publish","type":"page","link":"https:\/\/agora-eoi.xtec.cat\/eoiolot\/descomptes-i-gratuitats\/","title":{"rendered":"Descomptes i gratu\u00eftats"},"content":{"rendered":"<h6><b>Bonificaci\u00f3 del 50% de l&#8217;import per:<\/b><\/h6>\n<ul>\n<li style=\"font-weight: 400;\" aria-level=\"1\"><span style=\"font-weight: 400;\">membres de fam\u00edlies nombroses de categoria general;<\/span><\/li>\n<li style=\"font-weight: 400;\" aria-level=\"1\"><span style=\"font-weight: 400;\">membres de fam\u00edlies monoparentals.<\/span><\/li>\n<\/ul>\n<h6><b>Exempci\u00f3 del 100% del pagament per:<\/b><\/h6>\n<ul>\n<li style=\"font-weight: 400;\" aria-level=\"1\"><span style=\"font-weight: 400;\">membres de fam\u00edlies nombroses de categoria especial;<\/span><\/li>\n<li style=\"font-weight: 400;\" aria-level=\"1\"><span style=\"font-weight: 400;\">v\u00edctimes del terrorisme (i els seus c\u00f2njuges i fills que en depenguin econ\u00f2micament);<\/span><\/li>\n<li style=\"font-weight: 400;\" aria-level=\"1\"><span style=\"font-weight: 400;\">persones amb discapacitat igual o superior al 33%;<\/span><\/li>\n<li style=\"font-weight: 400;\" aria-level=\"1\"><span style=\"font-weight: 400;\">infants o adolescents en acolliment familiar.<\/span><\/li>\n<\/ul>\n<p><span style=\"font-weight: 400;\">A m\u00e9s de les bonificacions i exempcions generals que s&#8217;apliquen a preus p\u00fablics i taxes, s&#8217;estableix l&#8217;<\/span><b>exempci\u00f3 del pagament<\/b><span style=\"font-weight: 400;\"> per les persones seg\u00fcents:<\/span><\/p>\n<ul>\n<li style=\"font-weight: 400;\" aria-level=\"1\"><span style=\"font-weight: 400;\">persones subjectes a mesures privatives de llibertat;<\/span><\/li>\n<li style=\"font-weight: 400;\" aria-level=\"1\"><span style=\"font-weight: 400;\">membres d&#8217;unitats familiars que percebin la renda m\u00ednima d&#8217;inserci\u00f3, la renda activa d&#8217;inserci\u00f3 o la renda garantida de ciutadania;<\/span><\/li>\n<li style=\"font-weight: 400;\" aria-level=\"1\"><span style=\"font-weight: 400;\">aturats de llarga durada que percebin un subsidi equivalent a una renda m\u00ednima d&#8217;inserci\u00f3 o la renda activa d&#8217;inserci\u00f3 o la renda garantida de ciutadania;<\/span><\/li>\n<li style=\"font-weight: 400;\" aria-level=\"1\"><span style=\"font-weight: 400;\">v\u00edctimes de viol\u00e8ncia de g\u00e8nere;<\/span><\/li>\n<li style=\"font-weight: 400;\" aria-level=\"1\"><span style=\"font-weight: 400;\">menors tutelats o extutelats menors de 21 anys d&#8217;edat. La condici\u00f3 de tutelat o extutelat s&#8217;acredita mitjan\u00e7ant el certificat em\u00e8s per la Direcci\u00f3 General d&#8217;Atenci\u00f3 a la Inf\u00e0ncia i l&#8217;Adolesc\u00e8ncia o \u00f2rgan equivalent d&#8217;altres comunitats aut\u00f2nomes.<\/span><\/li>\n<\/ul>\n<h6><b>Exempcions espec\u00edfiques<\/b><span style=\"font-weight: 400;\">:<\/span><\/h6>\n<ul>\n<li style=\"font-weight: 400;\" aria-level=\"1\"><span style=\"font-weight: 400;\">alumnes que en el curs acad\u00e8mic immediatament anterior hagin obtingut Matr\u00edcula d&#8217;Honor o Premi Extraordinari de Batxillerat;<\/span><\/li>\n<li style=\"font-weight: 400;\" aria-level=\"1\"><span style=\"font-weight: 400;\">guanyadors del Premi Extraordinari dels ensenyaments de Formaci\u00f3 Professional, dels ensenyaments professionals d&#8217;Arts Pl\u00e0stiques i Disseny, dels ensenyaments professionals de M\u00fasica o dels ensenyaments professionals de Dansa, en els termes previstos a la normativa que els estableixi, que tenen dret a l&#8217;exempci\u00f3 de l&#8217;import del preu en concepte de matr\u00edcula i serveis, per un sol cop, a triar entre la matr\u00edcula en el Nivell B\u00e0sic, el Nivell C1 o el Nivell C2.<\/span><\/li>\n<\/ul>\n<h6><b>Bonificaci\u00f3 de l&#8217;import (nivells A1, A2 i C1)<\/b><\/h6>\n<ul>\n<li style=\"font-weight: 400;\" aria-level=\"1\"><span style=\"font-weight: 400;\">Els alumnes dels centres sostinguts amb fons p\u00fablics que es matriculen d&#8217;una segona llengua estrangera en una Escola Oficial d&#8217;Idiomes, diferent a la llengua estrangera obligat\u00f2ria del curr\u00edculum que estudien en el centre educatiu, tenen una bonificaci\u00f3 del 50% del preu p\u00fablic;<\/span><\/li>\n<li style=\"font-weight: 400;\" aria-level=\"1\"><span style=\"font-weight: 400;\">Els alumnes matriculats en una Escola Oficial d&#8217;Idiomes que cursen una llengua estrangera i volen estudiar una segona llengua estrangera en la mateixa o una altra EOI tenen una bonificaci\u00f3 del 50% del preu p\u00fablic en una de les lleng\u00fces de qu\u00e8 es matriculin;<\/span><\/li>\n<li style=\"font-weight: 400;\" aria-level=\"1\"><span style=\"font-weight: 400;\">Els alumnes matriculats en una Escola Oficial d&#8217;Idiomes que cursen una llengua estrangera en el nivell de 5\u00e8 (Intermedi B2) i que es matriculin en una nova llengua estrangera el curs immediatament posterior, tenen una bonificaci\u00f3 del 50% del preu p\u00fablic de la matr\u00edcula de la nova llengua;<\/span><\/li>\n<li style=\"font-weight: 400;\" aria-level=\"1\"><span style=\"font-weight: 400;\">Els alumnes que tinguin concedida una beca o ajut a l&#8217;estudi en aquests mateixos ensenyaments per part de l&#8217;administraci\u00f3 p\u00fablica competent en la mat\u00e8ria, gaudiran d&#8217;una bonificaci\u00f3 del 50% de l&#8217;import del preu p\u00fablic corresponent, pr\u00e8via acreditaci\u00f3 documental. La bonificaci\u00f3 nom\u00e9s es concedir\u00e0 pel mateix curs acad\u00e8mic pel qual s&#8217;ha concedit la beca. <\/span><span style=\"font-weight: 400;\">En aquests casos, a l&#8217;efecte de formalitzaci\u00f3 de la matr\u00edcula, si l&#8217;alumne no t\u00e9 concedida encara la beca ha d&#8217;abonar l&#8217;import del preu p\u00fablic corresponent. Un cop se li notifiqui la concessi\u00f3 de la beca, podr\u00e0 demanar la devoluci\u00f3 de l&#8217;import, davant de la direcci\u00f3 que els retornar\u00e0 el 50% de l&#8217;import del preu p\u00fablic pagat.<\/span><\/li>\n<\/ul>\n<h6><b>Acumulaci\u00f3 de bonificacions<\/b><span style=\"font-weight: 400;\">:<\/span><\/h6>\n<p><span style=\"font-weight: 400;\">La concurr\u00e8ncia en una mateixa persona de les condicions que donen dret a dues o m\u00e9s bonificacions iguals o superiors al 50% comportar\u00e0 l&#8217;acumulaci\u00f3 d&#8217;aquestes bonificacions.<\/span><\/p>\n<h6><b>NIVELLS A1, A2, C1, C2.1 I C2.2 (PREUS P\u00daBLICS)<\/b><\/h6>\n<p>&nbsp;<\/p>\n<table>\n<tbody>\n<tr>\n<td style=\"text-align: center;\">\n<h6><b>Preu ordinari<\/b><\/h6>\n<\/td>\n<td style=\"text-align: center;\">\n<h6><b>Bonificaci\u00f3 del 50%<\/b><\/h6>\n<\/td>\n<td style=\"text-align: center;\">\n<h6><b>Exempci\u00f3<\/b><\/h6>\n<\/td>\n<\/tr>\n<tr>\n<td><span style=\"font-weight: 400;\">275,00 + 30,00 = <\/span><b>305 \u20ac<\/b><\/td>\n<td><span style=\"font-weight: 400;\">137,50<\/span><span style=\"font-weight: 400;\"> + 15,00 = <\/span><b>152,50 \u20ac<\/b><\/td>\n<td><span style=\"font-weight: 400;\">Matr\u00edcula i serveis acad\u00e8mics <\/span><b>gratu\u00efts<\/b><\/td>\n<\/tr>\n<\/tbody>\n<\/table>\n<h6><b><br \/>\nNIVELLS B1, B2.1 i B2.2 (TAXES)<\/b><\/h6>\n<p>&nbsp;<\/p>\n<table>\n<tbody>\n<tr>\n<td style=\"text-align: center;\">\n<h6><b>Preu ordinari<\/b><\/h6>\n<\/td>\n<td style=\"text-align: center;\">\n<h6><b>Bonificaci\u00f3 del 50%<\/b><\/h6>\n<\/td>\n<td style=\"text-align: center;\">\n<h6><b>Exempci\u00f3<\/b><\/h6>\n<\/td>\n<\/tr>\n<tr>\n<td>297,60 + 30,00 = <b>327,60<\/b><b>\u00a0\u20ac<\/b><\/td>\n<td>148,80 + 15,00 = <b>163,80<\/b><b>\u00a0\u20ac<\/b><\/td>\n<td>Matr\u00edcula i <span style=\"font-weight: 400;\">serveis acad\u00e8mics <\/span><b>gratu\u00efts<\/b><\/td>\n<\/tr>\n<\/tbody>\n<\/table>\n<p>Es fa <strong>un \u00fanic pagament abans d&#8217;iniciar el curs<\/strong>, que \u00e9s d&#8217;un m\u00ednim de <strong>130 hores anuals<\/strong> distribu\u00efdes en dues sessions de classe setmanals de 2 hores i 15 minuts, amb una pausa cap a la meitat de la sessi\u00f3<span style=\"font-weight: 400;\">.\u00a0<\/span><\/p>\n<p>&nbsp;<\/p>\n","protected":false},"excerpt":{"rendered":"<p>Bonificaci\u00f3 del 50% de l&#8217;import per: membres de fam\u00edlies nombroses de categoria general; membres de fam\u00edlies monoparentals. Exempci\u00f3 del 100% [&hellip;]<\/p>\n","protected":false},"author":1,"featured_media":0,"parent":0,"menu_order":30,"comment_status":"closed","ping_status":"closed","template":"page-templates\/side-menu.php","meta":{"_bbp_topic_count":0,"_bbp_reply_count":0,"_bbp_total_topic_count":0,"_bbp_total_reply_count":0,"_bbp_voice_count":0,"_bbp_anonymous_reply_count":0,"_bbp_topic_count_hidden":0,"_bbp_reply_count_hidden":0,"_bbp_forum_subforum_count":0,"site-sidebar-layout":"default","site-content-layout":"","ast-site-content-layout":"","site-content-style":"default","site-sidebar-style":"default","ast-global-header-display":"","ast-banner-title-visibility":"","ast-main-header-display":"","ast-hfb-above-header-display":"","ast-hfb-below-header-display":"","ast-hfb-mobile-header-display":"","site-post-title":"","ast-breadcrumbs-content":"","ast-featured-img":"","footer-sml-layout":"","theme-transparent-header-meta":"","adv-header-id-meta":"","stick-header-meta":"","header-above-stick-meta":"","header-main-stick-meta":"","header-below-stick-meta":"","astra-migrate-meta-layouts":"default","ast-page-background-enabled":"default","ast-page-background-meta":{"desktop":{"background-color":"var(--ast-global-color-4)","background-image":"","background-repeat":"repeat","background-position":"center center","background-size":"auto","background-attachment":"scroll","background-type":"","background-media":"","overlay-type":"","overlay-color":"","overlay-opacity":"","overlay-gradient":""},"tablet":{"background-color":"","background-image":"","background-repeat":"repeat","background-position":"center center","background-size":"auto","background-attachment":"scroll","background-type":"","background-media":"","overlay-type":"","overlay-color":"","overlay-opacity":"","overlay-gradient":""},"mobile":{"background-color":"","background-image":"","background-repeat":"repeat","background-position":"center center","background-size":"auto","background-attachment":"scroll","background-type":"","background-media":"","overlay-type":"","overlay-color":"","overlay-opacity":"","overlay-gradient":""}},"ast-content-background-meta":{"desktop":{"background-color":"var(--ast-global-color-5)","background-image":"","background-repeat":"repeat","background-position":"center center","background-size":"auto","background-attachment":"scroll","background-type":"","background-media":"","overlay-type":"","overlay-color":"","overlay-opacity":"","overlay-gradient":""},"tablet":{"background-color":"var(--ast-global-color-5)","background-image":"","background-repeat":"repeat","background-position":"center center","background-size":"auto","background-attachment":"scroll","background-type":"","background-media":"","overlay-type":"","overlay-color":"","overlay-opacity":"","overlay-gradient":""},"mobile":{"background-color":"var(--ast-global-color-5)","background-image":"","background-repeat":"repeat","background-position":"center center","background-size":"auto","background-attachment":"scroll","background-type":"","background-media":"","overlay-type":"","overlay-color":"","overlay-opacity":"","overlay-gradient":""}},"footnotes":""},"class_list":["post-9883","page","type-page","status-publish","hentry"],"post_mailing_queue_ids":[],"_links":{"self":[{"href":"https:\/\/agora-eoi.xtec.cat\/eoiolot\/wp-json\/wp\/v2\/pages\/9883","targetHints":{"allow":["GET"]}}],"collection":[{"href":"https:\/\/agora-eoi.xtec.cat\/eoiolot\/wp-json\/wp\/v2\/pages"}],"about":[{"href":"https:\/\/agora-eoi.xtec.cat\/eoiolot\/wp-json\/wp\/v2\/types\/page"}],"author":[{"embeddable":true,"href":"https:\/\/agora-eoi.xtec.cat\/eoiolot\/wp-json\/wp\/v2\/users\/1"}],"replies":[{"embeddable":true,"href":"https:\/\/agora-eoi.xtec.cat\/eoiolot\/wp-json\/wp\/v2\/comments?post=9883"}],"version-history":[{"count":3,"href":"https:\/\/agora-eoi.xtec.cat\/eoiolot\/wp-json\/wp\/v2\/pages\/9883\/revisions"}],"predecessor-version":[{"id":12352,"href":"https:\/\/agora-eoi.xtec.cat\/eoiolot\/wp-json\/wp\/v2\/pages\/9883\/revisions\/12352"}],"wp:attachment":[{"href":"https:\/\/agora-eoi.xtec.cat\/eoiolot\/wp-json\/wp\/v2\/media?parent=9883"}],"curies":[{"name":"wp","href":"https:\/\/api.w.org\/{rel}","templated":true}]}}