{"id":9860,"date":"2021-08-05T12:49:25","date_gmt":"2021-08-05T10:49:25","guid":{"rendered":"https:\/\/agora-eoi.xtec.cat\/eoiolot\/?page_id=9860"},"modified":"2025-07-04T07:40:07","modified_gmt":"2025-07-04T05:40:07","slug":"com-funcionem","status":"publish","type":"page","link":"https:\/\/agora-eoi.xtec.cat\/eoiolot\/el-servei-educatiu\/com-funcionem\/","title":{"rendered":"COM FUNCIONEM"},"content":{"rendered":"<p>Accedeix als diferents documents que regulen l&#8217;activitat de l&#8217;escola fent clic als enlla\u00e7os seg\u00fcents:<\/p>\n<p><a href=\"https:\/\/drive.google.com\/file\/d\/1Z3WpW1Ude2DsrIVyM1XXnI_85phgqAJI\/view\" target=\"_blank\" rel=\"noopener\">Projecte educatiu<\/a><br \/>\n<a href=\"https:\/\/drive.google.com\/file\/d\/1v4xh9zLPJnkPjzaGSG-_LXPBHKXEAT4C\/view\" target=\"_blank\" rel=\"noopener\">Projecte ling\u00fc\u00edstic<\/a><br \/>\n<a href=\"https:\/\/drive.google.com\/file\/d\/1ubZ1z1ekqX37Mo-cSJaKhRip0rGFyiTh\/view?usp=sharing\" target=\"_blank\" rel=\"noopener\">Normes d&#8217;organitzaci\u00f3 i funcionament<\/a><br \/>\n<a href=\"https:\/\/agora-eoi.xtec.cat\/eoiolot\/el-servei-educatiu\/com-funcionem\/consell-escolar\/\" rel=\"noopener\">Consell Escolar<\/a><\/p>\n<p>&nbsp;<\/p>\n","protected":false},"excerpt":{"rendered":"<p>Accedeix als diferents documents que regulen l&#8217;activitat de l&#8217;escola fent clic als enlla\u00e7os seg\u00fcents: Projecte educatiu Projecte ling\u00fc\u00edstic Normes d&#8217;organitzaci\u00f3 [&hellip;]<\/p>\n","protected":false},"author":1,"featured_media":0,"parent":806,"menu_order":5,"comment_status":"closed","ping_status":"closed","template":"","meta":{"_bbp_topic_count":0,"_bbp_reply_count":0,"_bbp_total_topic_count":0,"_bbp_total_reply_count":0,"_bbp_voice_count":0,"_bbp_anonymous_reply_count":0,"_bbp_topic_count_hidden":0,"_bbp_reply_count_hidden":0,"_bbp_forum_subforum_count":0,"site-sidebar-layout":"default","site-content-layout":"","ast-site-content-layout":"default","site-content-style":"default","site-sidebar-style":"default","ast-global-header-display":"","ast-banner-title-visibility":"","ast-main-header-display":"","ast-hfb-above-header-display":"","ast-hfb-below-header-display":"","ast-hfb-mobile-header-display":"","site-post-title":"","ast-breadcrumbs-content":"","ast-featured-img":"","footer-sml-layout":"","theme-transparent-header-meta":"default","adv-header-id-meta":"","stick-header-meta":"","header-above-stick-meta":"","header-main-stick-meta":"","header-below-stick-meta":"","astra-migrate-meta-layouts":"set","ast-page-background-enabled":"default","ast-page-background-meta":{"desktop":{"background-color":"var(--ast-global-color-4)","background-image":"","background-repeat":"repeat","background-position":"center center","background-size":"auto","background-attachment":"scroll","background-type":"","background-media":"","overlay-type":"","overlay-color":"","overlay-opacity":"","overlay-gradient":""},"tablet":{"background-color":"","background-image":"","background-repeat":"repeat","background-position":"center center","background-size":"auto","background-attachment":"scroll","background-type":"","background-media":"","overlay-type":"","overlay-color":"","overlay-opacity":"","overlay-gradient":""},"mobile":{"background-color":"","background-image":"","background-repeat":"repeat","background-position":"center center","background-size":"auto","background-attachment":"scroll","background-type":"","background-media":"","overlay-type":"","overlay-color":"","overlay-opacity":"","overlay-gradient":""}},"ast-content-background-meta":{"desktop":{"background-color":"var(--ast-global-color-5)","background-image":"","background-repeat":"repeat","background-position":"center center","background-size":"auto","background-attachment":"scroll","background-type":"","background-media":"","overlay-type":"","overlay-color":"","overlay-opacity":"","overlay-gradient":""},"tablet":{"background-color":"var(--ast-global-color-5)","background-image":"","background-repeat":"repeat","background-position":"center center","background-size":"auto","background-attachment":"scroll","background-type":"","background-media":"","overlay-type":"","overlay-color":"","overlay-opacity":"","overlay-gradient":""},"mobile":{"background-color":"var(--ast-global-color-5)","background-image":"","background-repeat":"repeat","background-position":"center center","background-size":"auto","background-attachment":"scroll","background-type":"","background-media":"","overlay-type":"","overlay-color":"","overlay-opacity":"","overlay-gradient":""}},"footnotes":""},"class_list":["post-9860","page","type-page","status-publish","hentry"],"post_mailing_queue_ids":[],"_links":{"self":[{"href":"https:\/\/agora-eoi.xtec.cat\/eoiolot\/wp-json\/wp\/v2\/pages\/9860","targetHints":{"allow":["GET"]}}],"collection":[{"href":"https:\/\/agora-eoi.xtec.cat\/eoiolot\/wp-json\/wp\/v2\/pages"}],"about":[{"href":"https:\/\/agora-eoi.xtec.cat\/eoiolot\/wp-json\/wp\/v2\/types\/page"}],"author":[{"embeddable":true,"href":"https:\/\/agora-eoi.xtec.cat\/eoiolot\/wp-json\/wp\/v2\/users\/1"}],"replies":[{"embeddable":true,"href":"https:\/\/agora-eoi.xtec.cat\/eoiolot\/wp-json\/wp\/v2\/comments?post=9860"}],"version-history":[{"count":6,"href":"https:\/\/agora-eoi.xtec.cat\/eoiolot\/wp-json\/wp\/v2\/pages\/9860\/revisions"}],"predecessor-version":[{"id":13536,"href":"https:\/\/agora-eoi.xtec.cat\/eoiolot\/wp-json\/wp\/v2\/pages\/9860\/revisions\/13536"}],"up":[{"embeddable":true,"href":"https:\/\/agora-eoi.xtec.cat\/eoiolot\/wp-json\/wp\/v2\/pages\/806"}],"wp:attachment":[{"href":"https:\/\/agora-eoi.xtec.cat\/eoiolot\/wp-json\/wp\/v2\/media?parent=9860"}],"curies":[{"name":"wp","href":"https:\/\/api.w.org\/{rel}","templated":true}]}}