{"id":9445,"date":"2021-06-16T13:10:40","date_gmt":"2021-06-16T11:10:40","guid":{"rendered":"https:\/\/agora-eoi.xtec.cat\/eoiolot\/?page_id=9445"},"modified":"2025-07-20T12:48:31","modified_gmt":"2025-07-20T10:48:31","slug":"taxes-i-preus-publics","status":"publish","type":"page","link":"https:\/\/agora-eoi.xtec.cat\/eoiolot\/secretaria\/taxes-i-preus-publics\/","title":{"rendered":"PREUS P\u00daBLICS I TAXES DELS CURSOS ORDINARIS ANUALS"},"content":{"rendered":"\n<h6 class=\"wp-block-heading\"><b>PREUS P\u00daBLICS: NIVELLS B\u00c0SIC (A1 I A2) I AVAN\u00c7AT (C1, C2.1 I C2.2)<\/b><\/h6>\n\n\n\n<figure class=\"wp-block-table aligncenter\"><table class=\"has-fixed-layout\"><tbody><tr><td class=\"has-text-align-center\" data-align=\"center\">\n<h6><b>Preu p\u00fablic ordinari<\/b><\/h6>\n<\/td><td class=\"has-text-align-center\" data-align=\"center\">\n<h6><b>Descompte del 50%<\/b><\/h6>\n<\/td><td class=\"has-text-align-center\" data-align=\"center\">\n<h6><b>Exempci\u00f3<\/b><\/h6>\n<\/td><\/tr><tr><td class=\"has-text-align-center\" data-align=\"center\">275,00 + 30,00 =&nbsp;<b>305,00 \u20ac<\/b><\/td><td class=\"has-text-align-center\" data-align=\"center\">137,50&nbsp;+ 15,00 =&nbsp;<b>152,50 \u20ac<\/b><\/td><td class=\"has-text-align-center\" data-align=\"center\">Matr\u00edcula i serveis acad\u00e8mics <b>gratu\u00efts<\/b><\/td><\/tr><\/tbody><\/table><\/figure>\n\n\n\n<p>Consulta en aquest enlla\u00e7 totes les <a href=\"https:\/\/agora-eoi.xtec.cat\/eoiolot\/descomptes-i-gratuitats\/\" target=\"_blank\" rel=\"noopener\"><span style=\"text-decoration: underline;\">novetats en descomptes i gratu\u00eftats<\/span><\/a> aplicables als preus p\u00fablics.<\/p>\n\n\n\n<p>Tingues en compte que s&#8217;aplica un <strong>coeficient de penalitzaci\u00f3<\/strong> d&#8217;1,3 per la primera repetici\u00f3 i d&#8217;1,8 per la segona si has estat matriculat en un curs del Nivell B\u00e0sic o Avan\u00e7at l&#8217;any 2015-2016 i posteriors. <strong>Les matr\u00edcules dels anys anteriors al 2015-2016 no s\u00f3n tingudes en compte a efectes econ\u00f2mics.<\/strong> Per aquests imports s\u00f3n igualment v\u00e0lids els <strong>descomptes i gratu\u00eftats aplicables a les primeres matr\u00edcules<\/strong>, i queden de la seg\u00fcent manera:<\/p>\n\n\n\n<p>\u00b7 Matr\u00edcula de <strong>primera repetici\u00f3 sense descomptes<\/strong>: 357,50 + 39,00 = <strong>396,50 \u20ac<br><\/strong>\u00b7 Matr\u00edcula de <strong>primera repetici\u00f3 amb descompte del 50%<\/strong>: 178,75 + 19,50 = <strong>198,25 \u20ac<br><\/strong>\u00b7 Matr\u00edcula de <strong>primera repetici\u00f3 amb dret a gratu\u00eftat<\/strong>: <strong><strong><strong>0,00 \u20ac<\/strong><\/strong><\/strong><\/p>\n\n\n\n<p>\u00b7 Matr\u00edcula de <strong>segona repetici\u00f3 sense descomptes<\/strong>: 495,00 + 54,00 = <strong>549,00 \u20ac<br><\/strong>\u00b7 Matr\u00edcula de <strong>segona repetici\u00f3 amb descompte del 50%<\/strong>: 247,50 + 27,00 = <strong>274,50<\/strong> <strong>\u20ac<\/strong><br>\u00b7 Matr\u00edcula de <strong>segona<\/strong><strong>&nbsp;repetici\u00f3 amb dret a gratu\u00eftat<\/strong>: <strong>0,00 \u20ac<\/strong><\/p>\n\n\n\n<h6 class=\"wp-block-heading\"><b><br>TAXES: NIVELL INTERMEDI (B1, B2.1 i B2.2)<\/b><\/h6>\n\n\n\n<figure class=\"wp-block-table\"><table class=\"has-fixed-layout\"><tbody><tr><td class=\"has-text-align-center\" data-align=\"center\">\n<h6><b>Taxa ordin\u00e0ria<\/b><\/h6>\n<\/td><td class=\"has-text-align-center\" data-align=\"center\">\n<h6><b>Bonificaci\u00f3 del 50%<\/b><\/h6>\n<\/td><td class=\"has-text-align-center\" data-align=\"center\">\n<h6><b>Exempci\u00f3<\/b><\/h6>\n<\/td><\/tr><tr><td class=\"has-text-align-center\" data-align=\"center\">297,60 + 30,00 = <b>327,60 \u20ac<\/b><\/td><td class=\"has-text-align-center\" data-align=\"center\">148,80 + 15,00 = <b>163,80 \u20ac<\/b><\/td><td class=\"has-text-align-center\" data-align=\"center\">Matr\u00edcula i serveis acad\u00e8mics <b>gratu\u00efts<\/b><\/td><\/tr><\/tbody><\/table><\/figure>\n\n\n\n<p>\u00b7 Matr\u00edcula de <strong>primera repetici\u00f3 sense descomptes<\/strong>: 386,90 + 39,00 = <strong>425,90 \u20ac<br><\/strong>\u00b7 Matr\u00edcula de <strong>primera repetici\u00f3 amb descompte del 50%<\/strong>: 193,45 + 19,50 = <strong>212,95 \u20ac<br><\/strong>\u00b7 Matr\u00edcula de <strong>primera repetici\u00f3 amb dret a gratu\u00eftat<\/strong>: <strong><strong><strong>0,00 \u20ac<\/strong><\/strong><\/strong><\/p>\n\n\n\n<p>\u00b7 Matr\u00edcula de <strong>segona repetici\u00f3 sense descomptes<\/strong>: 535,70 + 54,00 = <strong>589,70 \u20ac<br><\/strong>\u00b7 Matr\u00edcula de <strong>segona repetici\u00f3 amb descompte del 50%<\/strong>: 267,85 + 27,00 = <strong>294,85<\/strong> <strong>\u20ac<\/strong><br>\u00b7 Matr\u00edcula de <strong>segona<\/strong><strong>&nbsp;repetici\u00f3 amb dret a gratu\u00eftat<\/strong>: <strong>0,00 \u20ac<\/strong><\/p>\n\n\n\n<h6 class=\"wp-block-heading\"><strong><br>M\u00c9S INFORMACI\u00d3 I NORMATIVA DE REFER\u00c8NCIA<\/strong><\/h6>\n\n\n\n<p><strong>Sobre els preus p\u00fablics (Nivells B\u00e0sic i Avan\u00e7at)<\/strong><\/p>\n\n\n\n<ul class=\"wp-block-list\">\n<li><a href=\"https:\/\/educacio.gencat.cat\/ca\/departament\/normativa\/taxes-preus-publics\/preu-public\/\" target=\"_blank\" rel=\"noopener\"><span style=\"text-decoration: underline;\">Web del Departament d&#8217;Educaci\u00f3<\/span><\/a><\/li>\n\n\n\n<li><a style=\"font-family: inherit; font-size: 1em;\" href=\"https:\/\/dogc.gencat.cat\/ca\/document-del-dogc\/?documentId=902034\" target=\"_blank\" rel=\"noopener\"><span style=\"text-decoration: underline;\">ORDRE EDU\/114\/2021, de 25 de maig, per la qual es modifica l&#8217;Ordre EDU\/155\/2020, de 18 de setembre, per la qual se suprimeixen, es creen i s&#8217;actualitzen els preus p\u00fablics i els imports de determinats ensenyaments i serveis docents de les escoles oficials d&#8217;idiomes del Departament d&#8217;Educaci\u00f3<\/span><\/a><\/li>\n\n\n\n<li><a href=\"https:\/\/dogc.gencat.cat\/ca\/document-del-dogc\/?documentId=882082\" target=\"_blank\" rel=\"noopener\"><span style=\"text-decoration: underline;\">ORDRE EDU\/155\/2020, de 18 de setembre, per la qual se suprimeixen, es creen i s&#8217;actualitzen els preus p\u00fablics i els imports de determinats ensenyaments i serveis docents de les escoles oficials d&#8217;idiomes del Departament d&#8217;Educaci\u00f3<\/span><\/a><\/li>\n<\/ul>\n\n\n\n<p><strong>Sobre les taxes (Nivell Intermedi)<\/strong><\/p>\n\n\n\n<ul class=\"wp-block-list\">\n<li><a href=\"https:\/\/educacio.gencat.cat\/ca\/departament\/normativa\/taxes-preus-publics\/taxes\/\" target=\"_blank\" rel=\"noopener\"><span style=\"text-decoration: underline;\">Web del Departament d&#8217;Educaci\u00f3<\/span><\/a><\/li>\n\n\n\n<li><a href=\"https:\/\/dogc.gencat.cat\/ca\/document-del-dogc\/?documentId=958713\" target=\"_blank\" rel=\"noopener\"><span style=\"text-decoration: underline;\">ORDRE EDU\/90\/2023, de 21 d&#8217;abril, per la qual es d\u00f3na publicitat de les taxes vigents que gestiona el Departament d&#8217;Educaci\u00f3<\/span><\/a><\/li>\n\n\n\n<li><a href=\"https:\/\/dogc.gencat.cat\/ca\/document-del-dogc\/?documentId=955113\" target=\"_blank\" rel=\"noopener\"><span style=\"text-decoration: underline;\">LLEI 2\/2023, del 16 de mar\u00e7, de pressupostos de la Generalitat de Catalunya per al 2023<\/span><\/a><\/li>\n\n\n\n<li><a title=\"Aquest enlla\u00e7 s'obre en una nova pestanya: Decret Legislatiu 3\/2008, de 25 de juny,\" href=\"https:\/\/dibaaps.diba.cat\/vnis\/temp\/CIDO_dogc_2008_06_20080627_08170143.pdf\" target=\"_blank\" rel=\"noopener\"><span style=\"text-decoration: underline;\">Decret Legislatiu 3\/2008, de 25 de juny, pel qual s&#8217;aprova el Text ref\u00f3s de la Llei de taxes i preus p\u00fablics de la Generalitat de Catalunya<\/span><\/a><span style=\"text-decoration: underline;\"><a title=\"Aquest enlla\u00e7 s'obre en una nova pestanya: Decret Legislatiu 3\/2008, de 25 de juny,\" href=\"https:\/\/dibaaps.diba.cat\/vnis\/temp\/CIDO_dogc_2008_06_20080627_08170143.pdf\" target=\"_blank\" rel=\"noopener\"><br><\/a><\/span><\/li>\n<\/ul>\n\n\n\n<p>&nbsp;<\/p>\n","protected":false},"excerpt":{"rendered":"<p>PREUS P\u00daBLICS: NIVELLS B\u00c0SIC (A1 I A2) I AVAN\u00c7AT (C1, C2.1 I C2.2) Preu p\u00fablic ordinari Descompte del 50% Exempci\u00f3 [&hellip;]<\/p>\n","protected":false},"author":1,"featured_media":0,"parent":8358,"menu_order":10,"comment_status":"closed","ping_status":"closed","template":"","meta":{"_bbp_topic_count":0,"_bbp_reply_count":0,"_bbp_total_topic_count":0,"_bbp_total_reply_count":0,"_bbp_voice_count":0,"_bbp_anonymous_reply_count":0,"_bbp_topic_count_hidden":0,"_bbp_reply_count_hidden":0,"_bbp_forum_subforum_count":0,"site-sidebar-layout":"default","site-content-layout":"","ast-site-content-layout":"default","site-content-style":"default","site-sidebar-style":"default","ast-global-header-display":"","ast-banner-title-visibility":"","ast-main-header-display":"","ast-hfb-above-header-display":"","ast-hfb-below-header-display":"","ast-hfb-mobile-header-display":"","site-post-title":"","ast-breadcrumbs-content":"","ast-featured-img":"","footer-sml-layout":"","theme-transparent-header-meta":"","adv-header-id-meta":"","stick-header-meta":"","header-above-stick-meta":"","header-main-stick-meta":"","header-below-stick-meta":"","astra-migrate-meta-layouts":"set","ast-page-background-enabled":"default","ast-page-background-meta":{"desktop":{"background-color":"var(--ast-global-color-4)","background-image":"","background-repeat":"repeat","background-position":"center center","background-size":"auto","background-attachment":"scroll","background-type":"","background-media":"","overlay-type":"","overlay-color":"","overlay-opacity":"","overlay-gradient":""},"tablet":{"background-color":"","background-image":"","background-repeat":"repeat","background-position":"center center","background-size":"auto","background-attachment":"scroll","background-type":"","background-media":"","overlay-type":"","overlay-color":"","overlay-opacity":"","overlay-gradient":""},"mobile":{"background-color":"","background-image":"","background-repeat":"repeat","background-position":"center center","background-size":"auto","background-attachment":"scroll","background-type":"","background-media":"","overlay-type":"","overlay-color":"","overlay-opacity":"","overlay-gradient":""}},"ast-content-background-meta":{"desktop":{"background-color":"var(--ast-global-color-5)","background-image":"","background-repeat":"repeat","background-position":"center center","background-size":"auto","background-attachment":"scroll","background-type":"","background-media":"","overlay-type":"","overlay-color":"","overlay-opacity":"","overlay-gradient":""},"tablet":{"background-color":"var(--ast-global-color-5)","background-image":"","background-repeat":"repeat","background-position":"center center","background-size":"auto","background-attachment":"scroll","background-type":"","background-media":"","overlay-type":"","overlay-color":"","overlay-opacity":"","overlay-gradient":""},"mobile":{"background-color":"var(--ast-global-color-5)","background-image":"","background-repeat":"repeat","background-position":"center center","background-size":"auto","background-attachment":"scroll","background-type":"","background-media":"","overlay-type":"","overlay-color":"","overlay-opacity":"","overlay-gradient":""}},"footnotes":""},"class_list":["post-9445","page","type-page","status-publish","hentry"],"post_mailing_queue_ids":[],"_links":{"self":[{"href":"https:\/\/agora-eoi.xtec.cat\/eoiolot\/wp-json\/wp\/v2\/pages\/9445","targetHints":{"allow":["GET"]}}],"collection":[{"href":"https:\/\/agora-eoi.xtec.cat\/eoiolot\/wp-json\/wp\/v2\/pages"}],"about":[{"href":"https:\/\/agora-eoi.xtec.cat\/eoiolot\/wp-json\/wp\/v2\/types\/page"}],"author":[{"embeddable":true,"href":"https:\/\/agora-eoi.xtec.cat\/eoiolot\/wp-json\/wp\/v2\/users\/1"}],"replies":[{"embeddable":true,"href":"https:\/\/agora-eoi.xtec.cat\/eoiolot\/wp-json\/wp\/v2\/comments?post=9445"}],"version-history":[{"count":4,"href":"https:\/\/agora-eoi.xtec.cat\/eoiolot\/wp-json\/wp\/v2\/pages\/9445\/revisions"}],"predecessor-version":[{"id":13587,"href":"https:\/\/agora-eoi.xtec.cat\/eoiolot\/wp-json\/wp\/v2\/pages\/9445\/revisions\/13587"}],"up":[{"embeddable":true,"href":"https:\/\/agora-eoi.xtec.cat\/eoiolot\/wp-json\/wp\/v2\/pages\/8358"}],"wp:attachment":[{"href":"https:\/\/agora-eoi.xtec.cat\/eoiolot\/wp-json\/wp\/v2\/media?parent=9445"}],"curies":[{"name":"wp","href":"https:\/\/api.w.org\/{rel}","templated":true}]}}