{"id":9221,"date":"2021-03-30T18:12:26","date_gmt":"2021-03-30T16:12:26","guid":{"rendered":"https:\/\/agora-eoi.xtec.cat\/eoiolot\/?page_id=9221"},"modified":"2026-03-01T09:51:52","modified_gmt":"2026-03-01T08:51:52","slug":"alumnat-amb-necessitats-especifiques","status":"publish","type":"page","link":"https:\/\/agora-eoi.xtec.cat\/eoiolot\/instancies-i-solicituts\/alumnat-amb-necessitats-especifiques\/","title":{"rendered":"Adaptaci\u00f3 de proves per alumnat amb necessitats espec\u00edfiques"},"content":{"rendered":"<p><span style=\"font-weight: 400;\">Els aspirants amb necessitats espec\u00edfiques derivades de discapacitats f\u00edsiques, ps\u00edquiques o sensorials (o altres trastorns greus que tenen el reconeixement oficial de la situaci\u00f3 de discapacitat) poden sol\u00b7licitar els recursos addicionals necessaris per desenvolupar la prova d&#8217;avaluaci\u00f3.<\/span><\/p>\n<p><span style=\"font-weight: 400;\">L\u2019alumnat oficial ha d&#8217;omplir una <\/span><span style=\"text-decoration: underline;\"><a href=\"https:\/\/drive.google.com\/file\/d\/15GT_Jh0VCnfVQoHetTpAgzqpVnEaBZjp\/view?usp=sharing\" target=\"_blank\" rel=\"noopener\"><span style=\"font-weight: 400;\">sol\u00b7licitud d&#8217;adaptaci\u00f3<\/span><\/a><\/span><span style=\"font-weight: 400;\"> d&#8217;examen i adjuntar els documents seg\u00fcents:<\/span><\/p>\n<p><span style=\"font-weight: 400;\">a) Certificat de reconeixement de discapacitat que informi del grau de discapacitat reconeguda i\/o certificat m\u00e8dic oficial.<\/span><\/p>\n<p><span style=\"font-weight: 400;\">b) Certificat em\u00e8s per l&#8217;organisme acreditat corresponent que informi de les caracter\u00edstiques de la discapacitat o trastorn, si escau.<\/span><\/p>\n<p><span style=\"font-weight: 400;\">c) Documentaci\u00f3 justificativa de modificacions i adaptacions curriculars, autoritzades pel Departament d&#8217;Educaci\u00f3, durant els \u00faltims estudis cursats en el sistema educatiu, si escau.<\/span><\/p>\n<p><span style=\"font-weight: 400;\">Caldr\u00e0 especificar el tipus d&#8217;adaptaci\u00f3 requerida: temps addicional, taula, auriculars, ordinador, mida de la lletra de l&#8217;examen m\u00e9s gran, etc.<\/span><\/p>\n<p><span style=\"font-weight: 400;\">Es pot fer arribar aquesta documentaci\u00f3 al correu <\/span><a href=\"info@eoiolot.cat\"><span style=\"font-weight: 400;\">info<span class=\"\">@e<\/span>oiolot.cat<\/span><\/a>.<\/p>\n<p><span style=\"font-weight: 400;\">Data l\u00edmit: <strong>20 de mar\u00e7 de 2026<\/strong>.<\/span><\/p>\n<ul>\n<li><span style=\"text-decoration: underline;\"><a href=\"https:\/\/drive.google.com\/file\/d\/15GT_Jh0VCnfVQoHetTpAgzqpVnEaBZjp\/view?usp=sharing\" target=\"_blank\" rel=\"noopener\">Desc\u00e0rrega de l&#8217;impr\u00e8s <em>Adaptaci\u00f3 de proves per alumnat amb necessitats espec\u00edfiques<\/em><\/a><\/span><\/li>\n<\/ul>\n","protected":false},"excerpt":{"rendered":"<p>Els aspirants amb necessitats espec\u00edfiques derivades de discapacitats f\u00edsiques, ps\u00edquiques o sensorials (o altres trastorns greus que tenen el reconeixement [&hellip;]<\/p>\n","protected":false},"author":1,"featured_media":0,"parent":8370,"menu_order":1,"comment_status":"closed","ping_status":"closed","template":"","meta":{"_bbp_topic_count":0,"_bbp_reply_count":0,"_bbp_total_topic_count":0,"_bbp_total_reply_count":0,"_bbp_voice_count":0,"_bbp_anonymous_reply_count":0,"_bbp_topic_count_hidden":0,"_bbp_reply_count_hidden":0,"_bbp_forum_subforum_count":0,"site-sidebar-layout":"default","site-content-layout":"","ast-site-content-layout":"default","site-content-style":"default","site-sidebar-style":"default","ast-global-header-display":"","ast-banner-title-visibility":"","ast-main-header-display":"","ast-hfb-above-header-display":"","ast-hfb-below-header-display":"","ast-hfb-mobile-header-display":"","site-post-title":"","ast-breadcrumbs-content":"","ast-featured-img":"","footer-sml-layout":"","theme-transparent-header-meta":"","adv-header-id-meta":"","stick-header-meta":"","header-above-stick-meta":"","header-main-stick-meta":"","header-below-stick-meta":"","astra-migrate-meta-layouts":"set","ast-page-background-enabled":"default","ast-page-background-meta":{"desktop":{"background-color":"var(--ast-global-color-4)","background-image":"","background-repeat":"repeat","background-position":"center center","background-size":"auto","background-attachment":"scroll","background-type":"","background-media":"","overlay-type":"","overlay-color":"","overlay-opacity":"","overlay-gradient":""},"tablet":{"background-color":"","background-image":"","background-repeat":"repeat","background-position":"center center","background-size":"auto","background-attachment":"scroll","background-type":"","background-media":"","overlay-type":"","overlay-color":"","overlay-opacity":"","overlay-gradient":""},"mobile":{"background-color":"","background-image":"","background-repeat":"repeat","background-position":"center center","background-size":"auto","background-attachment":"scroll","background-type":"","background-media":"","overlay-type":"","overlay-color":"","overlay-opacity":"","overlay-gradient":""}},"ast-content-background-meta":{"desktop":{"background-color":"var(--ast-global-color-5)","background-image":"","background-repeat":"repeat","background-position":"center center","background-size":"auto","background-attachment":"scroll","background-type":"","background-media":"","overlay-type":"","overlay-color":"","overlay-opacity":"","overlay-gradient":""},"tablet":{"background-color":"var(--ast-global-color-5)","background-image":"","background-repeat":"repeat","background-position":"center center","background-size":"auto","background-attachment":"scroll","background-type":"","background-media":"","overlay-type":"","overlay-color":"","overlay-opacity":"","overlay-gradient":""},"mobile":{"background-color":"var(--ast-global-color-5)","background-image":"","background-repeat":"repeat","background-position":"center center","background-size":"auto","background-attachment":"scroll","background-type":"","background-media":"","overlay-type":"","overlay-color":"","overlay-opacity":"","overlay-gradient":""}},"footnotes":""},"class_list":["post-9221","page","type-page","status-publish","hentry"],"post_mailing_queue_ids":[],"_links":{"self":[{"href":"https:\/\/agora-eoi.xtec.cat\/eoiolot\/wp-json\/wp\/v2\/pages\/9221","targetHints":{"allow":["GET"]}}],"collection":[{"href":"https:\/\/agora-eoi.xtec.cat\/eoiolot\/wp-json\/wp\/v2\/pages"}],"about":[{"href":"https:\/\/agora-eoi.xtec.cat\/eoiolot\/wp-json\/wp\/v2\/types\/page"}],"author":[{"embeddable":true,"href":"https:\/\/agora-eoi.xtec.cat\/eoiolot\/wp-json\/wp\/v2\/users\/1"}],"replies":[{"embeddable":true,"href":"https:\/\/agora-eoi.xtec.cat\/eoiolot\/wp-json\/wp\/v2\/comments?post=9221"}],"version-history":[{"count":6,"href":"https:\/\/agora-eoi.xtec.cat\/eoiolot\/wp-json\/wp\/v2\/pages\/9221\/revisions"}],"predecessor-version":[{"id":14240,"href":"https:\/\/agora-eoi.xtec.cat\/eoiolot\/wp-json\/wp\/v2\/pages\/9221\/revisions\/14240"}],"up":[{"embeddable":true,"href":"https:\/\/agora-eoi.xtec.cat\/eoiolot\/wp-json\/wp\/v2\/pages\/8370"}],"wp:attachment":[{"href":"https:\/\/agora-eoi.xtec.cat\/eoiolot\/wp-json\/wp\/v2\/media?parent=9221"}],"curies":[{"name":"wp","href":"https:\/\/api.w.org\/{rel}","templated":true}]}}