{"id":9187,"date":"2021-03-30T17:27:35","date_gmt":"2021-03-30T15:27:35","guid":{"rendered":"https:\/\/agora-eoi.xtec.cat\/eoiolot\/?page_id=9187"},"modified":"2022-09-25T01:01:37","modified_gmt":"2022-09-24T23:01:37","slug":"trasllat_expedient","status":"publish","type":"page","link":"https:\/\/agora-eoi.xtec.cat\/eoiolot\/instancies-i-solicituts\/trasllat_expedient\/","title":{"rendered":"Trasllats d&#8217;expedient"},"content":{"rendered":"<p><b>Trasllat de matr\u00edcula durant el curs acad\u00e8mic<\/b><\/p>\n<p><span style=\"font-weight: 400;\">Despr\u00e9s de formalitzar la matr\u00edcula en un centre, l&#8217;alumnat pot demanar continuar el curs en una altra escola. Aquest trasllat s&#8217;anomena <\/span><em><span style=\"font-weight: 400;\">de matr\u00edcula viva<\/span><\/em><span style=\"font-weight: 400;\">.<\/span><\/p>\n<p><b>Termini<\/b><span style=\"font-weight: 400;\">: fins al 28 d&#8217;abril.<\/span><\/p>\n<p><span style=\"font-weight: 400;\">La sol\u00b7licitud de matr\u00edcula s&#8217;ha de fer al centre de destinaci\u00f3 mitjan\u00e7ant el <\/span><span style=\"font-weight: 400;\">model adjunt <\/span><span style=\"font-weight: 400;\">i quedar\u00e0 condicionada a la disponibilitat de places en aquest centre. <\/span><span style=\"font-weight: 400;\">La documentaci\u00f3 que cal aportar \u00e9s el full de pagament de la matr\u00edcula efectuada en el centre d&#8217;origen.<\/span><span style=\"font-weight: 400;\"> En el moment de produir-se una vacant, l&#8217;EOI de destinaci\u00f3 ho ha de comunicar al sol\u00b7licitant. En cas que no hi hagi vancant s&#8217;obrir\u00e0 una llista d&#8217;espera.<\/span><\/p>\n<p><b>Trasllat de matr\u00edcula en per\u00edode no lectiu<\/b><\/p>\n<p><span style=\"font-weight: 400;\">Els alumnes oficials poden sol\u00b7licitar un trasllat de matr\u00edcula a una altra escola durant el mes de juliol dins els terminis establerts.<\/span><\/p>\n<p><b>Termini presentaci\u00f3 sol\u00b7licituds: <\/b><span style=\"font-weight: 400;\">11 i 12 de juliol<\/span><\/p>\n<p><b>Termini resoluci\u00f3 trasllat<\/b><span style=\"font-weight: 400;\">: 19<\/span><span style=\"font-weight: 400;\">\u00a0de juliol<\/span><\/p>\n<p><span style=\"font-weight: 400;\">La sol\u00b7licitud de matr\u00edcula es fa presencialment a l&#8217;escola de destinaci\u00f3, i queda condicionada a la disponibilitat de places. L&#8217;escola de destinaci\u00f3 es posar\u00e0 en contacte amb l&#8217;alumne a trav\u00e9s del mitj\u00e0 establert per a notificar l&#8217;acceptaci\u00f3 o denegaci\u00f3 del trasllat. <\/span><span style=\"font-weight: 400;\">La documentaci\u00f3 que s&#8217;ha d&#8217;aportar \u00e9s el resguard de pagament de la matr\u00edcula i la sol\u00b7licitud adjunta.<\/span><\/p>\n<p><span style=\"font-weight: 400;\">\u00a0<\/span><i><span style=\"font-weight: 400;\">NOTA: L&#8217;alumnat que es matriculin el mes de juliol no podr\u00e0 preinscriure&#8217;s el mes de setembre de la mateixa llengua i curs en una altra escola. Tenir m\u00e9s d&#8217;un expedient obert del mateix idioma a EOIs diferents comporta l&#8217;anul\u00b7laci\u00f3 d&#8217;ambd\u00f3s expedients.<\/span><\/i><\/p>\n<ul>\n<li><a title=\"Matr\u00edcula viva\" href=\"https:\/\/drive.google.com\/file\/d\/1781sWpBSeLxOVIaRV21moAFP7RC8xSQh\/view?usp=sharing\" target=\"_blank\" rel=\"noopener\"><span style=\"text-decoration: underline;\">Desc\u00e0rrega de l&#8217;impr\u00e8s <em>Sol\u00b7licitud de trasllat d&#8217;expedient<\/em><\/span><\/a><\/li>\n<\/ul>\n<p>&nbsp;<\/p>\n","protected":false},"excerpt":{"rendered":"<p>Trasllat de matr\u00edcula durant el curs acad\u00e8mic Despr\u00e9s de formalitzar la matr\u00edcula en un centre, l&#8217;alumnat pot demanar continuar el [&hellip;]<\/p>\n","protected":false},"author":1,"featured_media":0,"parent":8370,"menu_order":10,"comment_status":"closed","ping_status":"closed","template":"page-templates\/side-menu.php","meta":{"_bbp_topic_count":0,"_bbp_reply_count":0,"_bbp_total_topic_count":0,"_bbp_total_reply_count":0,"_bbp_voice_count":0,"_bbp_anonymous_reply_count":0,"_bbp_topic_count_hidden":0,"_bbp_reply_count_hidden":0,"_bbp_forum_subforum_count":0,"site-sidebar-layout":"default","site-content-layout":"","ast-site-content-layout":"","site-content-style":"default","site-sidebar-style":"default","ast-global-header-display":"","ast-banner-title-visibility":"","ast-main-header-display":"","ast-hfb-above-header-display":"","ast-hfb-below-header-display":"","ast-hfb-mobile-header-display":"","site-post-title":"","ast-breadcrumbs-content":"","ast-featured-img":"","footer-sml-layout":"","theme-transparent-header-meta":"","adv-header-id-meta":"","stick-header-meta":"","header-above-stick-meta":"","header-main-stick-meta":"","header-below-stick-meta":"","astra-migrate-meta-layouts":"default","ast-page-background-enabled":"default","ast-page-background-meta":{"desktop":{"background-color":"var(--ast-global-color-4)","background-image":"","background-repeat":"repeat","background-position":"center center","background-size":"auto","background-attachment":"scroll","background-type":"","background-media":"","overlay-type":"","overlay-color":"","overlay-opacity":"","overlay-gradient":""},"tablet":{"background-color":"","background-image":"","background-repeat":"repeat","background-position":"center center","background-size":"auto","background-attachment":"scroll","background-type":"","background-media":"","overlay-type":"","overlay-color":"","overlay-opacity":"","overlay-gradient":""},"mobile":{"background-color":"","background-image":"","background-repeat":"repeat","background-position":"center center","background-size":"auto","background-attachment":"scroll","background-type":"","background-media":"","overlay-type":"","overlay-color":"","overlay-opacity":"","overlay-gradient":""}},"ast-content-background-meta":{"desktop":{"background-color":"var(--ast-global-color-5)","background-image":"","background-repeat":"repeat","background-position":"center center","background-size":"auto","background-attachment":"scroll","background-type":"","background-media":"","overlay-type":"","overlay-color":"","overlay-opacity":"","overlay-gradient":""},"tablet":{"background-color":"var(--ast-global-color-5)","background-image":"","background-repeat":"repeat","background-position":"center center","background-size":"auto","background-attachment":"scroll","background-type":"","background-media":"","overlay-type":"","overlay-color":"","overlay-opacity":"","overlay-gradient":""},"mobile":{"background-color":"var(--ast-global-color-5)","background-image":"","background-repeat":"repeat","background-position":"center center","background-size":"auto","background-attachment":"scroll","background-type":"","background-media":"","overlay-type":"","overlay-color":"","overlay-opacity":"","overlay-gradient":""}},"footnotes":""},"class_list":["post-9187","page","type-page","status-publish","hentry"],"post_mailing_queue_ids":[],"_links":{"self":[{"href":"https:\/\/agora-eoi.xtec.cat\/eoiolot\/wp-json\/wp\/v2\/pages\/9187","targetHints":{"allow":["GET"]}}],"collection":[{"href":"https:\/\/agora-eoi.xtec.cat\/eoiolot\/wp-json\/wp\/v2\/pages"}],"about":[{"href":"https:\/\/agora-eoi.xtec.cat\/eoiolot\/wp-json\/wp\/v2\/types\/page"}],"author":[{"embeddable":true,"href":"https:\/\/agora-eoi.xtec.cat\/eoiolot\/wp-json\/wp\/v2\/users\/1"}],"replies":[{"embeddable":true,"href":"https:\/\/agora-eoi.xtec.cat\/eoiolot\/wp-json\/wp\/v2\/comments?post=9187"}],"version-history":[{"count":3,"href":"https:\/\/agora-eoi.xtec.cat\/eoiolot\/wp-json\/wp\/v2\/pages\/9187\/revisions"}],"predecessor-version":[{"id":11653,"href":"https:\/\/agora-eoi.xtec.cat\/eoiolot\/wp-json\/wp\/v2\/pages\/9187\/revisions\/11653"}],"up":[{"embeddable":true,"href":"https:\/\/agora-eoi.xtec.cat\/eoiolot\/wp-json\/wp\/v2\/pages\/8370"}],"wp:attachment":[{"href":"https:\/\/agora-eoi.xtec.cat\/eoiolot\/wp-json\/wp\/v2\/media?parent=9187"}],"curies":[{"name":"wp","href":"https:\/\/api.w.org\/{rel}","templated":true}]}}