{"id":9026,"date":"2021-02-12T17:20:39","date_gmt":"2021-02-12T16:20:39","guid":{"rendered":"https:\/\/agora-eoi.xtec.cat\/eoiolot\/?page_id=9026"},"modified":"2024-07-09T12:29:42","modified_gmt":"2024-07-09T10:29:42","slug":"actualitzacio","status":"publish","type":"page","link":"https:\/\/agora-eoi.xtec.cat\/eoiolot\/secretaria\/casos-especials-de-matricula\/actualitzacio\/","title":{"rendered":"SI VOLS TORNAR A FER UN NIVELL SUPERAT PER REFRESCAR ELS TEUS CONEIXEMENTS"},"content":{"rendered":"<h6><strong>Novetat: la matr\u00edcula d&#8217;actualitzaci\u00f3<\/strong><\/h6>\n<p>Si en algun moment has superat qualsevol <span style=\"text-decoration: underline;\"><strong>curs anual<\/strong><\/span> o<strong> examen de certificaci\u00f3 <span style=\"text-decoration: underline;\">per lliure<\/span><\/strong> d&#8217;una Escola Oficial d\u2019Idiomes i <strong>vols refrescar els teus coneixements <\/strong>a Ripoll o a Olot, pots <strong>tornar a matricular-te de l&#8217;\u00faltim nivell superat <\/strong>o de qualsevol dels<strong> nivells inferiors a l&#8217;\u00faltim que vas fer<\/strong>. Aquesta modalitat\u00a0<strong><span style=\"text-decoration: underline;\">no<\/span> implica el pagament de rec\u00e0rrecs per repetici\u00f3<\/strong>.<\/p>\n<p>I si ets <strong>docent o inspector\/a en actiu<\/strong>, la matr\u00edcula et pot sortir <strong>gratis si aproves el curs<\/strong>. <span style=\"text-decoration: underline;\"><a href=\"https:\/\/agora-eoi.xtec.cat\/eoiolot\/descomptes-i-gratuitats\/gratuitats\/per-ser-docent-en-actiu-en-un-centre-public-concertat-o-municipal\/\" target=\"_blank\" rel=\"noopener\">Mira-te&#8217;n les condicions aqu\u00ed.<\/a><\/span><\/p>\n<h6><strong>On i quan es sol\u00b7licita<\/strong><\/h6>\n<p>La sol\u00b7licitud per a aquest tipus de matr\u00edcula l\u2019has de presentar <strong>directament a l&#8217;escola<\/strong> una vegada finalitzat el per\u00edode d&#8217;admissi\u00f3 dels nous alumnes. Enguany, a Olot i Ripoll \u00e9s a partir del <span style=\"text-decoration: underline;\"><strong>23 de setembre incl\u00f2s<\/strong><\/span>. I si hi ha vacants en el curs i l\u2019idioma sol\u00b7licitat, benvingut\/da a bord!<\/p>\n<p>Tingues present que la sol\u00b7licitud \u00e9s v\u00e0lida \u00fanicament per al curs acad\u00e8mic en qu\u00e8 la presentes i que no la pots simultaniejar amb una matr\u00edcula anual del mateix idioma (d&#8217;una altra llengua, s\u00ed). I si l&#8217;any que ve volguessis fer un altre curs d&#8217;actualitzaci\u00f3 d&#8217;un nivell que ja tens superat, n&#8217;haur\u00e0s de presentar una de nova.<\/p>\n<h6><strong>Preu i efectes acad\u00e8mics de la matr\u00edcula d&#8217;actualitzaci\u00f3<\/strong><\/h6>\n<p>Com d\u00e8iem, <strong>no hi ha cap penalitzaci\u00f3 econ\u00f2mica per repetir nivell<\/strong> o fer-ne d&#8217;anteriors a l&#8217;\u00faltim que vas superar. Per tant, l&#8217;import de la matr\u00edcula \u00e9s el mateix que per a un alumne nou. Aix\u00f2 s\u00ed: potser pots gaudir d&#8217;algun dels <span style=\"text-decoration: underline;\"><a href=\"https:\/\/agora-eoi.xtec.cat\/eoiolot\/descomptes-i-gratuitats\/\" target=\"_blank\" rel=\"noopener\">nous descomptes i gratu\u00eftats<\/a><\/span> aprovats recentment pel Departament d&#8217;Educaci\u00f3. Fes-hi una ullada!<\/p>\n<p>Aquest tipus de matr\u00edcula no t\u00e9 efectes acad\u00e8mics i no d\u00f3na lloc a cap certificat oficial (no es torna a expedir cap certificat que ja hagis obtingut anteriorment de B1, B2 o C1), i la qualificaci\u00f3 que es far\u00e0 constar al teu expedient al final del curs ser\u00e0 \u00abno qualificat\/ada\u00bb. <strong>Una manera de reenganxar-se a l&#8217;idioma sense la \u00abpressi\u00f3\u00bb d&#8217;haver d&#8217;aprovar els ex\u00e0mens. Quin luxe!<\/strong><\/p>\n<p>I si per la feina, els estudis o per satisfacci\u00f3 personal necessites un <strong>certificat d&#8217;assist\u00e8ncia o d&#8217;aprofitament<\/strong> del curs, podr\u00e0s sol\u00b7licitar-ne un si has assistit a un m\u00ednim del 80% de les classes i has assolit els continguts m\u00ednims.<\/p>\n<h6><strong>Welcome back! Willkommen zur\u00fcck! Bon retour!<\/strong><\/h6>\n<p>&nbsp;<\/p>\n","protected":false},"excerpt":{"rendered":"<p>Novetat: la matr\u00edcula d&#8217;actualitzaci\u00f3 Si en algun moment has superat qualsevol curs anual o examen de certificaci\u00f3 per lliure d&#8217;una [&hellip;]<\/p>\n","protected":false},"author":1,"featured_media":0,"parent":10633,"menu_order":20,"comment_status":"closed","ping_status":"closed","template":"page-templates\/side-menu.php","meta":{"_bbp_topic_count":0,"_bbp_reply_count":0,"_bbp_total_topic_count":0,"_bbp_total_reply_count":0,"_bbp_voice_count":0,"_bbp_anonymous_reply_count":0,"_bbp_topic_count_hidden":0,"_bbp_reply_count_hidden":0,"_bbp_forum_subforum_count":0,"site-sidebar-layout":"default","site-content-layout":"","ast-site-content-layout":"","site-content-style":"default","site-sidebar-style":"default","ast-global-header-display":"","ast-banner-title-visibility":"","ast-main-header-display":"","ast-hfb-above-header-display":"","ast-hfb-below-header-display":"","ast-hfb-mobile-header-display":"","site-post-title":"","ast-breadcrumbs-content":"","ast-featured-img":"","footer-sml-layout":"","theme-transparent-header-meta":"","adv-header-id-meta":"","stick-header-meta":"","header-above-stick-meta":"","header-main-stick-meta":"","header-below-stick-meta":"","astra-migrate-meta-layouts":"default","ast-page-background-enabled":"default","ast-page-background-meta":{"desktop":{"background-color":"var(--ast-global-color-4)","background-image":"","background-repeat":"repeat","background-position":"center center","background-size":"auto","background-attachment":"scroll","background-type":"","background-media":"","overlay-type":"","overlay-color":"","overlay-opacity":"","overlay-gradient":""},"tablet":{"background-color":"","background-image":"","background-repeat":"repeat","background-position":"center center","background-size":"auto","background-attachment":"scroll","background-type":"","background-media":"","overlay-type":"","overlay-color":"","overlay-opacity":"","overlay-gradient":""},"mobile":{"background-color":"","background-image":"","background-repeat":"repeat","background-position":"center center","background-size":"auto","background-attachment":"scroll","background-type":"","background-media":"","overlay-type":"","overlay-color":"","overlay-opacity":"","overlay-gradient":""}},"ast-content-background-meta":{"desktop":{"background-color":"var(--ast-global-color-5)","background-image":"","background-repeat":"repeat","background-position":"center center","background-size":"auto","background-attachment":"scroll","background-type":"","background-media":"","overlay-type":"","overlay-color":"","overlay-opacity":"","overlay-gradient":""},"tablet":{"background-color":"var(--ast-global-color-5)","background-image":"","background-repeat":"repeat","background-position":"center center","background-size":"auto","background-attachment":"scroll","background-type":"","background-media":"","overlay-type":"","overlay-color":"","overlay-opacity":"","overlay-gradient":""},"mobile":{"background-color":"var(--ast-global-color-5)","background-image":"","background-repeat":"repeat","background-position":"center center","background-size":"auto","background-attachment":"scroll","background-type":"","background-media":"","overlay-type":"","overlay-color":"","overlay-opacity":"","overlay-gradient":""}},"footnotes":""},"class_list":["post-9026","page","type-page","status-publish","hentry"],"post_mailing_queue_ids":[],"_links":{"self":[{"href":"https:\/\/agora-eoi.xtec.cat\/eoiolot\/wp-json\/wp\/v2\/pages\/9026","targetHints":{"allow":["GET"]}}],"collection":[{"href":"https:\/\/agora-eoi.xtec.cat\/eoiolot\/wp-json\/wp\/v2\/pages"}],"about":[{"href":"https:\/\/agora-eoi.xtec.cat\/eoiolot\/wp-json\/wp\/v2\/types\/page"}],"author":[{"embeddable":true,"href":"https:\/\/agora-eoi.xtec.cat\/eoiolot\/wp-json\/wp\/v2\/users\/1"}],"replies":[{"embeddable":true,"href":"https:\/\/agora-eoi.xtec.cat\/eoiolot\/wp-json\/wp\/v2\/comments?post=9026"}],"version-history":[{"count":6,"href":"https:\/\/agora-eoi.xtec.cat\/eoiolot\/wp-json\/wp\/v2\/pages\/9026\/revisions"}],"predecessor-version":[{"id":10547,"href":"https:\/\/agora-eoi.xtec.cat\/eoiolot\/wp-json\/wp\/v2\/pages\/9026\/revisions\/10547"}],"up":[{"embeddable":true,"href":"https:\/\/agora-eoi.xtec.cat\/eoiolot\/wp-json\/wp\/v2\/pages\/10633"}],"wp:attachment":[{"href":"https:\/\/agora-eoi.xtec.cat\/eoiolot\/wp-json\/wp\/v2\/media?parent=9026"}],"curies":[{"name":"wp","href":"https:\/\/api.w.org\/{rel}","templated":true}]}}