{"id":8448,"date":"2016-06-14T16:22:09","date_gmt":"2016-06-14T15:22:09","guid":{"rendered":"https:\/\/agora-eoi.xtec.cat\/eoiolot\/?page_id=8448"},"modified":"2024-11-21T10:52:15","modified_gmt":"2024-11-21T09:52:15","slug":"carnet-destudiant","status":"publish","type":"page","link":"https:\/\/agora-eoi.xtec.cat\/eoiolot\/viuleoi\/carnet-destudiant\/","title":{"rendered":"CARNET D&#8217;ESTUDIANT"},"content":{"rendered":"<h2 style=\"text-align: left;\"><strong><span class=\"titols2\">AVANTATGES DEL CARNET D&#8217;ESTUDIANT DE L&#8217;EOI D&#8217;OLOT &amp; RIPOLL:<\/span><\/strong><\/h2>\n<h5 class=\"editora\"><strong><span style=\"text-decoration: underline;\"><br \/>\nA L&#8217;EOI<\/span><br \/>\n<\/strong><\/h5>\n<p class=\"editora\">Aquest carnet escolar d\u00f3na acc\u00e9s al <strong>pr\u00e9stec de material de les dues <a href=\"https:\/\/agora-eoi.xtec.cat\/eoiolot\/viuleoi\/biblioteca\/\" target=\"_blank\" rel=\"noopener\"><span style=\"text-decoration: underline;\">biblioteques<\/span><\/a>\u00a0de l&#8217;EOI d&#8217;Olot &amp; Ripoll<\/strong>.<\/p>\n<div><\/div>\n<h5 class=\"editora\"><span style=\"text-decoration: underline;\"><strong>FORA DE L&#8217;EOI<\/strong><\/span><\/h5>\n<div><\/div>\n<h6 class=\"editora\"><strong>&#8211; Cinema en versi\u00f3 original subtitulada<\/strong><\/h6>\n<div><\/div>\n<ul>\n<li class=\"editora\">Descomptes a la filmoteca <a href=\"https:\/\/cineclubolot.cat\/\" target=\"_blank\" rel=\"noopener\"><span style=\"text-decoration: underline;\">CINE CLUB OLOT<\/span><\/a>\u00a0(divendres nit) en totes les projeccions de la temporada.<\/li>\n<li>Descompte a <a href=\"https:\/\/www.cinesolot.cat\/\" target=\"_blank\" rel=\"noopener\"><span style=\"text-decoration: underline;\">CINES OLOT<\/span><\/a> (dijous nit) en totes les projeccions en V.O.S.<\/li>\n<li>Descompte del 50% al <a href=\"https:\/\/circusa.com\/ripoll\/\" target=\"_blank\" rel=\"noopener\"><span style=\"text-decoration: underline;\">CINE CLUB ARIC RIPOLL<\/span><\/a>\u00a0en la projecci\u00f3 de pel\u00b7l\u00edcules en V.O.S. els divendres al vespre.<\/li>\n<\/ul>\n<div>\n<h6 class=\"editora\"><strong>&#8211; Teatre Olot<br \/>\n<\/strong><\/h6>\n<ul>\n<li>Entrada amb descompte per estudiants al <a href=\"https:\/\/www.olotcultura.cat\/teatre-principal-dolot\/\" target=\"_blank\" rel=\"noopener\"><span style=\"text-decoration: underline;\">Teatre Olot<\/span><\/a> (en aquells espectacles que incloguin descompte per estudiants)<\/li>\n<\/ul>\n<h6 class=\"editora\"><strong>&#8211; Museus<br \/>\n<\/strong><\/h6>\n<ul>\n<li>Entrada de franc al <a href=\"https:\/\/ca.turismegarrotxa.com\/empreses\/museus-i-col-leccions\/olot\/museu-de-la-garrotxa\/\" target=\"_blank\" rel=\"noopener\"><span style=\"text-decoration: underline;\">Museu de la Garrotxa<\/span><\/a>.<\/li>\n<li>Entrada de franc al <a href=\"https:\/\/museus.olot.cat\/visita\/museu-dels-sants\/\" target=\"_blank\" rel=\"noopener\"><span style=\"text-decoration: underline;\">Museu dels Sants d&#8217;Olot<\/span><\/a>.<\/li>\n<\/ul>\n<\/div>\n<h6 class=\"editora\"><strong>&#8211; Llibreries<\/strong><\/h6>\n<div><\/div>\n<ul>\n<li class=\"editora\">Descompte del 5% en tots els llibres del curs a <a href=\"https:\/\/www.llibreriadrac.com\/llibres-eoi-olot\" target=\"_blank\" rel=\"noopener\"><span style=\"text-decoration: underline;\">Llibreria Drac<\/span><\/a>\u00a0i <a href=\"https:\/\/llibreriaisop.cat\" target=\"_blank\" rel=\"noopener\"><span style=\"text-decoration: underline;\">Llibreria Isop<\/span><\/a> d&#8217;Olot.<\/li>\n<li>Descompte del 5% en tots els llibres del curs a <a href=\"https:\/\/www.graficpaperripoll.com\/\" target=\"_blank\" rel=\"noopener\" data-saferedirecturl=\"https:\/\/www.google.com\/url?q=https:\/\/www.graficpaperripoll.com\/&amp;source=gmail&amp;ust=1668495724065000&amp;usg=AOvVaw07s0DCDvk8qhDPxQbEw42j\"><span style=\"text-decoration: underline;\">Gr\u00e0fic Paper<\/span><\/a>\u00a0de Ripoll.<\/li>\n<li>Descompte del 5% en tots els llibres del curs a <a href=\"https:\/\/www.abacus.coop\/ca\/llibres-de-text\/eoi-olot-i-ripoll-1\" target=\"_blank\" rel=\"noopener\"><span style=\"text-decoration: underline;\">Abacus Cooperativa<\/span><\/a>.<\/li>\n<li>Descompte del 5% a la <a href=\"http:\/\/www.linguae.cat\" target=\"_blank\" rel=\"noopener\" data-saferedirecturl=\"https:\/\/www.google.com\/url?q=http:\/\/www.linguae.cat&amp;source=gmail&amp;ust=1729666204660000&amp;usg=AOvVaw0wJvceqfmRrpc38hU64N56\"><span style=\"text-decoration: underline;\">Llibreria Linguae<\/span><\/a> de Girona.<\/li>\n<\/ul>\n<div><\/div>\n<h6 class=\"editora\"><strong style=\"font-family: inherit; font-size: 1em;\">&#8211; Comer\u00e7os<\/strong><\/h6>\n<div><\/div>\n<div class=\"editora\">\n<ul>\n<li>Descompte del 10% a <a href=\"https:\/\/www.ddgi.cat\/comerc-a-casa\/ripoll\/public\/negocis\/laconfiancasabateria\" target=\"_blank\" rel=\"noopener\" data-saferedirecturl=\"https:\/\/www.google.com\/url?q=https:\/\/www.ddgi.cat\/comerc-a-casa\/ripoll\/public\/negocis\/laconfiancasabateria&amp;source=gmail&amp;ust=1668182800797000&amp;usg=AOvVaw1eS6L-UyvonKdj-z3T21uO\"><span style=\"text-decoration: underline;\">La Confian\u00e7a Sabateria<\/span><\/a> de Ripoll.<\/li>\n<li>Descompte del 20% a <a href=\"https:\/\/www.facebook.com\/people\/%C3%92ptica-la-General-dOlot\/100054440652740\/?fref=ts\" target=\"_blank\" rel=\"noopener\"><span style=\"text-decoration: underline;\">\u00d2ptica La General d&#8217;Olot<\/span><\/a>. Per qualsevol consulta, podeu enviar un correu a <a href=\"mailto:lageneralolot@gmail.com\">lageneralolot@gmail.com<\/a>.<\/li>\n<li>Descompte del 10% a <a href=\"https:\/\/marlena-ripoll.business.site\/\" target=\"_blank\" rel=\"noopener\" data-saferedirecturl=\"https:\/\/www.google.com\/url?q=https:\/\/marlena-ripoll.business.site\/&amp;source=gmail&amp;ust=1698221985369000&amp;usg=AOvVaw1Z3VOSSjsSsnKMusAQNF1e\"><span style=\"text-decoration: underline;\">Marlena moda \u00edntima<\/span><\/a> de Ripoll.<\/li>\n<li>Descompte del 5% a Perruqueria Alba Carrillo de Ripoll.<\/li>\n<li><span id=\"m_-2863021849944211035m_-1087935431719613461m_-3817273398500267873gmail-docs-internal-guid-4edbb239-7fff-9af1-0797-348f672d14bc\">Descompte del 5% a\u00a0<\/span><span id=\"m_-2863021849944211035m_-1087935431719613461m_-3817273398500267873gmail-docs-internal-guid-4edbb239-7fff-9af1-0797-348f672d14bc\"><a href=\"https:\/\/www.ddgi.cat\/comerc-a-casa\/ripoll\/public\/negocis\/ocelliplantesalarcon\"><span style=\"text-decoration: underline;\">Ocells i plantes Alarc\u00f3n<\/span><\/a> de Ripoll.<\/span><\/li>\n<li>1\u00aa visita i d&#8217;urg\u00e8ncia, consultes, Rx petites, revisions anuals i pressupostos gratu\u00efts + Descompte de 20% en neteges bucals, blanquejaments i \u00a0radiografies grosses a <a href=\"https:\/\/www.centredentaldelripolles.com\/\" target=\"_blank\" rel=\"noopener\" data-saferedirecturl=\"https:\/\/www.google.com\/url?q=https:\/\/www.centredentaldelripolles.com\/&amp;source=gmail&amp;ust=1701281361871000&amp;usg=AOvVaw3BpGo4QCZixrsbna9RMPF7\"><span style=\"text-decoration: underline;\">Centre dental del Ripoll\u00e8s<\/span><\/a> <span id=\"m_-2863021849944211035m_-1087935431719613461m_-3817273398500267873gmail-docs-internal-guid-4edbb239-7fff-9af1-0797-348f672d14bc\">de Ripoll.<\/span><\/li>\n<li>Descompte del 10% a <a href=\"https:\/\/www.comercialpaperera.com\/page\/shop\/botiga.html\" target=\"_blank\" rel=\"noopener\"><span style=\"text-decoration: underline;\">Comercial Paperera<\/span><\/a> (si es fa la compra presencialment a la botiga) &#8211; excepte consumibles d&#8217;inform\u00e0tica, impressores i articles en promoci\u00f3.<\/li>\n<li>Descomptes especials presentant el carnet de l&#8217;estudiant a <a href=\"http:\/\/olotsystem.com\/\" target=\"_blank\" rel=\"noopener\"><span style=\"text-decoration: underline;\">Olot system<\/span><\/a> (consulteu descomptes a la botiga).<\/li>\n<li>Descomptes especials presentant el carnet de l\u2019estudiant a <a href=\"http:\/\/www.copiolot.com\/es\/pagina-inicial.aspx\" target=\"_blank\" rel=\"noopener\"><span style=\"text-decoration: underline;\">Copiolot<\/span><\/a> (consulteu descomptes a la botiga).<\/li>\n<\/ul>\n<h6 class=\"editora\"><strong>&#8211; Revistes<\/strong><\/h6>\n<ul>\n<li>Descompte d&#8217;un 50% per la subscripci\u00f3 anual a la revista <a href=\"https:\/\/www.cataloniatoday.cat\/\" target=\"_blank\" rel=\"noopener\"><span style=\"text-decoration: underline;\">Catalonia Today<\/span><\/a>. Per aconseguir-lo, heu de trucar al 972 186 480 i acreditar que sou alumnes de l&#8217;EOI.<\/li>\n<\/ul>\n<h6><b>Encara no tens el teu? Demana&#8217;l al professorat!<br \/>\n<\/b><\/h6>\n<p hidden=\"\"><b>Descarrega el seg\u00fcent <a href=\"https:\/\/drive.google.com\/file\/d\/1OLrJKqK_LaiKjdWBWjFxzcIwE9Jb5G7u\/view?usp=sharing\" target=\"_blank\" rel=\"noopener\"><span style=\"text-decoration: underline;\">document<\/span><\/a>, emplena&#8217;l amb les teves dades i a l&#8217;EOI te&#8217;l segellarem.<\/b><\/p>\n<h6><b>Aprofita&#8217;n els avantatges!<\/b><\/h6>\n<\/div>\n<p>&nbsp;<\/p>\n","protected":false},"excerpt":{"rendered":"<p>AVANTATGES DEL CARNET D&#8217;ESTUDIANT DE L&#8217;EOI D&#8217;OLOT &amp; RIPOLL: A L&#8217;EOI Aquest carnet escolar d\u00f3na acc\u00e9s al pr\u00e9stec de material [&hellip;]<\/p>\n","protected":false},"author":1,"featured_media":0,"parent":8411,"menu_order":40,"comment_status":"closed","ping_status":"closed","template":"page-templates\/side-menu.php","meta":{"_bbp_topic_count":0,"_bbp_reply_count":0,"_bbp_total_topic_count":0,"_bbp_total_reply_count":0,"_bbp_voice_count":0,"_bbp_anonymous_reply_count":0,"_bbp_topic_count_hidden":0,"_bbp_reply_count_hidden":0,"_bbp_forum_subforum_count":0,"site-sidebar-layout":"default","site-content-layout":"","ast-site-content-layout":"","site-content-style":"default","site-sidebar-style":"default","ast-global-header-display":"","ast-banner-title-visibility":"","ast-main-header-display":"","ast-hfb-above-header-display":"","ast-hfb-below-header-display":"","ast-hfb-mobile-header-display":"","site-post-title":"","ast-breadcrumbs-content":"","ast-featured-img":"","footer-sml-layout":"","theme-transparent-header-meta":"","adv-header-id-meta":"","stick-header-meta":"","header-above-stick-meta":"","header-main-stick-meta":"","header-below-stick-meta":"","astra-migrate-meta-layouts":"default","ast-page-background-enabled":"default","ast-page-background-meta":{"desktop":{"background-color":"var(--ast-global-color-4)","background-image":"","background-repeat":"repeat","background-position":"center center","background-size":"auto","background-attachment":"scroll","background-type":"","background-media":"","overlay-type":"","overlay-color":"","overlay-opacity":"","overlay-gradient":""},"tablet":{"background-color":"","background-image":"","background-repeat":"repeat","background-position":"center center","background-size":"auto","background-attachment":"scroll","background-type":"","background-media":"","overlay-type":"","overlay-color":"","overlay-opacity":"","overlay-gradient":""},"mobile":{"background-color":"","background-image":"","background-repeat":"repeat","background-position":"center center","background-size":"auto","background-attachment":"scroll","background-type":"","background-media":"","overlay-type":"","overlay-color":"","overlay-opacity":"","overlay-gradient":""}},"ast-content-background-meta":{"desktop":{"background-color":"var(--ast-global-color-5)","background-image":"","background-repeat":"repeat","background-position":"center center","background-size":"auto","background-attachment":"scroll","background-type":"","background-media":"","overlay-type":"","overlay-color":"","overlay-opacity":"","overlay-gradient":""},"tablet":{"background-color":"var(--ast-global-color-5)","background-image":"","background-repeat":"repeat","background-position":"center center","background-size":"auto","background-attachment":"scroll","background-type":"","background-media":"","overlay-type":"","overlay-color":"","overlay-opacity":"","overlay-gradient":""},"mobile":{"background-color":"var(--ast-global-color-5)","background-image":"","background-repeat":"repeat","background-position":"center center","background-size":"auto","background-attachment":"scroll","background-type":"","background-media":"","overlay-type":"","overlay-color":"","overlay-opacity":"","overlay-gradient":""}},"footnotes":""},"class_list":["post-8448","page","type-page","status-publish","hentry"],"post_mailing_queue_ids":[],"_links":{"self":[{"href":"https:\/\/agora-eoi.xtec.cat\/eoiolot\/wp-json\/wp\/v2\/pages\/8448","targetHints":{"allow":["GET"]}}],"collection":[{"href":"https:\/\/agora-eoi.xtec.cat\/eoiolot\/wp-json\/wp\/v2\/pages"}],"about":[{"href":"https:\/\/agora-eoi.xtec.cat\/eoiolot\/wp-json\/wp\/v2\/types\/page"}],"author":[{"embeddable":true,"href":"https:\/\/agora-eoi.xtec.cat\/eoiolot\/wp-json\/wp\/v2\/users\/1"}],"replies":[{"embeddable":true,"href":"https:\/\/agora-eoi.xtec.cat\/eoiolot\/wp-json\/wp\/v2\/comments?post=8448"}],"version-history":[{"count":6,"href":"https:\/\/agora-eoi.xtec.cat\/eoiolot\/wp-json\/wp\/v2\/pages\/8448\/revisions"}],"predecessor-version":[{"id":13205,"href":"https:\/\/agora-eoi.xtec.cat\/eoiolot\/wp-json\/wp\/v2\/pages\/8448\/revisions\/13205"}],"up":[{"embeddable":true,"href":"https:\/\/agora-eoi.xtec.cat\/eoiolot\/wp-json\/wp\/v2\/pages\/8411"}],"wp:attachment":[{"href":"https:\/\/agora-eoi.xtec.cat\/eoiolot\/wp-json\/wp\/v2\/media?parent=8448"}],"curies":[{"name":"wp","href":"https:\/\/api.w.org\/{rel}","templated":true}]}}