{"id":8434,"date":"2016-06-14T15:41:55","date_gmt":"2016-06-14T14:41:55","guid":{"rendered":"https:\/\/agora-eoi.xtec.cat\/eoiolot\/?page_id=8434"},"modified":"2025-07-20T13:41:10","modified_gmt":"2025-07-20T11:41:10","slug":"beques-del-ministeri-deducacio","status":"publish","type":"page","link":"https:\/\/agora-eoi.xtec.cat\/eoiolot\/descomptes-i-gratuitats\/beques-del-ministeri-deducacio\/","title":{"rendered":"BEQUES DEL MINISTERI D&#8217;EDUCACI\u00d3 I FORMACI\u00d3 PROFESSIONAL"},"content":{"rendered":"\n<p>Pots trobar tota la informaci\u00f3 sobre les beques per ensenyaments postobligatoris no universitaris <span style=\"text-decoration: underline;\"><a href=\"http:\/\/web.gencat.cat\/ca\/tramits\/tramits-temes\/Beques-de-caracter-general-per-a-estudis-postobligatoris?category=7449fd1c-a82c-11e3-a972-000c29052e2c\" target=\"_blank\" rel=\"noopener\">aqu\u00ed<\/a><\/span>.<\/p>\n\n\n\n<h6 class=\"wp-block-heading\"><strong>Descomptes per l&#8217;alumnat becat<\/strong><\/h6>\n\n\n\n<p>Si has estat beneficiari d&#8217;una beca del Ministeri per estudis d\u2019idiomes en una EOI el curs 2024-2025, tens dret als descomptes seg\u00fcents en funci\u00f3 del nivell que hagis cursat:<\/p>\n\n\n\n<ul class=\"wp-block-list\">\n<li><strong>Devoluci\u00f3 del 100% de l&#8217;import de la matr\u00edcula<\/strong> si has fet un Nivell Intermedi (<strong>B1, B2.1 o B2.2<\/strong>) el curs 2024-2025. L&#8217;import dels <strong>serveis acad\u00e8mics no est\u00e0 subjecte a bonificaci\u00f3<\/strong> en aquest cas.<\/li>\n\n\n\n<li><strong>Devoluci\u00f3 del 50% de l&#8217;import tant de la matr\u00edcula com dels serveis acad\u00e8mics<\/strong> si has fet un Nivell B\u00e0sic (<strong>A1 o A2<\/strong>) o <strong>Avan\u00e7at<\/strong> (<strong>C1,\u00a0 C2.1 o C2.2<\/strong>) el curs 2024-2025.<\/li>\n<\/ul>\n\n\n\n<p>En tots dos casos, pots presentar una <span style=\"text-decoration: underline;\"><a href=\"https:\/\/web.gencat.cat\/ca\/tramits\/tramits-temes\/devolucio-ingressos-indeguts\" target=\"_blank\" rel=\"noopener\">sol\u00b7licitud de devoluci\u00f3 de taxes.<\/a><\/span><\/p>\n\n\n\n<p>Un cop aprovada la sol\u00b7licitud per part del Departament, la devoluci\u00f3 dels imports que corresponguin es far\u00e0 efectiva en el compte bancari que haur\u00e0s indicat pr\u00e8viament. Nom\u00e9s et caldr\u00e0 una mica de paci\u00e8ncia: el proc\u00e9s entre que es presenta una sol\u00b7licitud i que els diners arriben al compte pot allargar-se m\u00e9s enll\u00e0 de mig any.<\/p>\n","protected":false},"excerpt":{"rendered":"<p>Pots trobar tota la informaci\u00f3 sobre les beques per ensenyaments postobligatoris no universitaris aqu\u00ed. Descomptes per l&#8217;alumnat becat Si has [&hellip;]<\/p>\n","protected":false},"author":1,"featured_media":0,"parent":9883,"menu_order":40,"comment_status":"closed","ping_status":"closed","template":"","meta":{"_bbp_topic_count":0,"_bbp_reply_count":0,"_bbp_total_topic_count":0,"_bbp_total_reply_count":0,"_bbp_voice_count":0,"_bbp_anonymous_reply_count":0,"_bbp_topic_count_hidden":0,"_bbp_reply_count_hidden":0,"_bbp_forum_subforum_count":0,"site-sidebar-layout":"default","site-content-layout":"","ast-site-content-layout":"default","site-content-style":"default","site-sidebar-style":"default","ast-global-header-display":"","ast-banner-title-visibility":"","ast-main-header-display":"","ast-hfb-above-header-display":"","ast-hfb-below-header-display":"","ast-hfb-mobile-header-display":"","site-post-title":"","ast-breadcrumbs-content":"","ast-featured-img":"","footer-sml-layout":"","theme-transparent-header-meta":"","adv-header-id-meta":"","stick-header-meta":"","header-above-stick-meta":"","header-main-stick-meta":"","header-below-stick-meta":"","astra-migrate-meta-layouts":"set","ast-page-background-enabled":"default","ast-page-background-meta":{"desktop":{"background-color":"var(--ast-global-color-4)","background-image":"","background-repeat":"repeat","background-position":"center center","background-size":"auto","background-attachment":"scroll","background-type":"","background-media":"","overlay-type":"","overlay-color":"","overlay-opacity":"","overlay-gradient":""},"tablet":{"background-color":"","background-image":"","background-repeat":"repeat","background-position":"center center","background-size":"auto","background-attachment":"scroll","background-type":"","background-media":"","overlay-type":"","overlay-color":"","overlay-opacity":"","overlay-gradient":""},"mobile":{"background-color":"","background-image":"","background-repeat":"repeat","background-position":"center center","background-size":"auto","background-attachment":"scroll","background-type":"","background-media":"","overlay-type":"","overlay-color":"","overlay-opacity":"","overlay-gradient":""}},"ast-content-background-meta":{"desktop":{"background-color":"var(--ast-global-color-5)","background-image":"","background-repeat":"repeat","background-position":"center center","background-size":"auto","background-attachment":"scroll","background-type":"","background-media":"","overlay-type":"","overlay-color":"","overlay-opacity":"","overlay-gradient":""},"tablet":{"background-color":"var(--ast-global-color-5)","background-image":"","background-repeat":"repeat","background-position":"center center","background-size":"auto","background-attachment":"scroll","background-type":"","background-media":"","overlay-type":"","overlay-color":"","overlay-opacity":"","overlay-gradient":""},"mobile":{"background-color":"var(--ast-global-color-5)","background-image":"","background-repeat":"repeat","background-position":"center center","background-size":"auto","background-attachment":"scroll","background-type":"","background-media":"","overlay-type":"","overlay-color":"","overlay-opacity":"","overlay-gradient":""}},"footnotes":""},"class_list":["post-8434","page","type-page","status-publish","hentry"],"post_mailing_queue_ids":[],"_links":{"self":[{"href":"https:\/\/agora-eoi.xtec.cat\/eoiolot\/wp-json\/wp\/v2\/pages\/8434","targetHints":{"allow":["GET"]}}],"collection":[{"href":"https:\/\/agora-eoi.xtec.cat\/eoiolot\/wp-json\/wp\/v2\/pages"}],"about":[{"href":"https:\/\/agora-eoi.xtec.cat\/eoiolot\/wp-json\/wp\/v2\/types\/page"}],"author":[{"embeddable":true,"href":"https:\/\/agora-eoi.xtec.cat\/eoiolot\/wp-json\/wp\/v2\/users\/1"}],"replies":[{"embeddable":true,"href":"https:\/\/agora-eoi.xtec.cat\/eoiolot\/wp-json\/wp\/v2\/comments?post=8434"}],"version-history":[{"count":5,"href":"https:\/\/agora-eoi.xtec.cat\/eoiolot\/wp-json\/wp\/v2\/pages\/8434\/revisions"}],"predecessor-version":[{"id":13604,"href":"https:\/\/agora-eoi.xtec.cat\/eoiolot\/wp-json\/wp\/v2\/pages\/8434\/revisions\/13604"}],"up":[{"embeddable":true,"href":"https:\/\/agora-eoi.xtec.cat\/eoiolot\/wp-json\/wp\/v2\/pages\/9883"}],"wp:attachment":[{"href":"https:\/\/agora-eoi.xtec.cat\/eoiolot\/wp-json\/wp\/v2\/media?parent=8434"}],"curies":[{"name":"wp","href":"https:\/\/api.w.org\/{rel}","templated":true}]}}