{"id":8414,"date":"2016-06-14T14:55:48","date_gmt":"2016-06-14T13:55:48","guid":{"rendered":"https:\/\/agora-eoi.xtec.cat\/eoiolot\/?page_id=8414"},"modified":"2025-09-08T18:35:27","modified_gmt":"2025-09-08T16:35:27","slug":"biblioteca","status":"publish","type":"page","link":"https:\/\/agora-eoi.xtec.cat\/eoiolot\/viuleoi\/biblioteca\/","title":{"rendered":"BIBLIOTECA"},"content":{"rendered":"\n<p>Coneix les dues biblioteques de l&#8217;EOI d&#8217;Olot &amp; Ripoll i com funcionen el <strong>pr\u00e9stec<\/strong> i el <strong>cat\u00e0leg<\/strong> fent clic als enlla\u00e7os seg\u00fcents o als que trobar\u00e0s desplegant el men\u00fa de l&#8217;esquerra (o de m\u00e9s avall si ho consultes des del m\u00f2bil).<\/p>\n\n\n\n<p>Estigues tamb\u00e9 informat de les <strong>darreres adquisicions<\/strong> en els diferents idiomes. Les biblioteques creixen cada any!<\/p>\n\n\n\n<p><a href=\"https:\/\/agora-eoi.xtec.cat\/eoiolot\/viuleoi\/biblioteca\/olot\/\">Olot<\/a><br><a href=\"https:\/\/agora-eoi.xtec.cat\/eoiolot\/viuleoi\/biblioteca\/ripoll\/\">Ripoll<\/a><\/p>\n\n\n\n<p>Ompliu aquest <a href=\"https:\/\/docs.google.com\/forms\/d\/e\/1FAIpQLSeAsLQsP9M4MmdF-tu2Kik_BCWycoDwKjO-qsZetnjN9wg7Dg\/viewform?usp=sf_link\" target=\"_blank\" rel=\"noopener\">formulari<\/a> per fer-nos arribar les vostres propostes.<\/p>\n\n\n\n<p><a href=\"https:\/\/agora-eoi.xtec.cat\/eoiolot\/viuleoi\/biblioteca\/noves-adquisicions-ripoll\/\">Noves adquisicions (EOI Ripoll)<\/a><br><a href=\"https:\/\/agora-eoi.xtec.cat\/eoiolot\/viuleoi\/biblioteca\/noves-adquisicions\/\">Noves adquisicions! (EOI Olot)<\/a><\/p>\n\n\n\n<figure class=\"wp-block-image aligncenter\"><a href=\"https:\/\/agora-eoi.xtec.cat\/eoiolot\/wp-content\/uploads\/usu2459\/2023\/01\/Biblioteca-alumnes_page-0001-1-scaled.jpg\"><img loading=\"lazy\" decoding=\"async\" width=\"2560\" height=\"1810\" src=\"https:\/\/agora-eoi.xtec.cat\/eoiolot\/wp-content\/uploads\/usu2459\/2023\/01\/Biblioteca-alumnes_page-0001-1-scaled.jpg\" alt=\"\" class=\"wp-image-12115\" srcset=\"https:\/\/agora-eoi.xtec.cat\/eoiolot\/wp-content\/uploads\/usu2459\/2023\/01\/Biblioteca-alumnes_page-0001-1-scaled.jpg 2560w, https:\/\/agora-eoi.xtec.cat\/eoiolot\/wp-content\/uploads\/usu2459\/2023\/01\/Biblioteca-alumnes_page-0001-1-300x212.jpg 300w, https:\/\/agora-eoi.xtec.cat\/eoiolot\/wp-content\/uploads\/usu2459\/2023\/01\/Biblioteca-alumnes_page-0001-1-1024x724.jpg 1024w, https:\/\/agora-eoi.xtec.cat\/eoiolot\/wp-content\/uploads\/usu2459\/2023\/01\/Biblioteca-alumnes_page-0001-1-768x543.jpg 768w, https:\/\/agora-eoi.xtec.cat\/eoiolot\/wp-content\/uploads\/usu2459\/2023\/01\/Biblioteca-alumnes_page-0001-1-1536x1086.jpg 1536w, https:\/\/agora-eoi.xtec.cat\/eoiolot\/wp-content\/uploads\/usu2459\/2023\/01\/Biblioteca-alumnes_page-0001-1-2048x1448.jpg 2048w\" sizes=\"auto, (max-width: 2560px) 100vw, 2560px\" \/><\/a><\/figure>\n\n\n\n<p><\/p>\n","protected":false},"excerpt":{"rendered":"<p>Coneix les dues biblioteques de l&#8217;EOI d&#8217;Olot &amp; Ripoll i com funcionen el pr\u00e9stec i el cat\u00e0leg fent clic als [&hellip;]<\/p>\n","protected":false},"author":1,"featured_media":0,"parent":8411,"menu_order":30,"comment_status":"closed","ping_status":"closed","template":"","meta":{"_bbp_topic_count":0,"_bbp_reply_count":0,"_bbp_total_topic_count":0,"_bbp_total_reply_count":0,"_bbp_voice_count":0,"_bbp_anonymous_reply_count":0,"_bbp_topic_count_hidden":0,"_bbp_reply_count_hidden":0,"_bbp_forum_subforum_count":0,"site-sidebar-layout":"default","site-content-layout":"","ast-site-content-layout":"default","site-content-style":"default","site-sidebar-style":"default","ast-global-header-display":"","ast-banner-title-visibility":"","ast-main-header-display":"","ast-hfb-above-header-display":"","ast-hfb-below-header-display":"","ast-hfb-mobile-header-display":"","site-post-title":"","ast-breadcrumbs-content":"","ast-featured-img":"","footer-sml-layout":"","theme-transparent-header-meta":"","adv-header-id-meta":"","stick-header-meta":"","header-above-stick-meta":"","header-main-stick-meta":"","header-below-stick-meta":"","astra-migrate-meta-layouts":"set","ast-page-background-enabled":"default","ast-page-background-meta":{"desktop":{"background-color":"var(--ast-global-color-4)","background-image":"","background-repeat":"repeat","background-position":"center center","background-size":"auto","background-attachment":"scroll","background-type":"","background-media":"","overlay-type":"","overlay-color":"","overlay-opacity":"","overlay-gradient":""},"tablet":{"background-color":"","background-image":"","background-repeat":"repeat","background-position":"center center","background-size":"auto","background-attachment":"scroll","background-type":"","background-media":"","overlay-type":"","overlay-color":"","overlay-opacity":"","overlay-gradient":""},"mobile":{"background-color":"","background-image":"","background-repeat":"repeat","background-position":"center center","background-size":"auto","background-attachment":"scroll","background-type":"","background-media":"","overlay-type":"","overlay-color":"","overlay-opacity":"","overlay-gradient":""}},"ast-content-background-meta":{"desktop":{"background-color":"var(--ast-global-color-5)","background-image":"","background-repeat":"repeat","background-position":"center center","background-size":"auto","background-attachment":"scroll","background-type":"","background-media":"","overlay-type":"","overlay-color":"","overlay-opacity":"","overlay-gradient":""},"tablet":{"background-color":"var(--ast-global-color-5)","background-image":"","background-repeat":"repeat","background-position":"center center","background-size":"auto","background-attachment":"scroll","background-type":"","background-media":"","overlay-type":"","overlay-color":"","overlay-opacity":"","overlay-gradient":""},"mobile":{"background-color":"var(--ast-global-color-5)","background-image":"","background-repeat":"repeat","background-position":"center center","background-size":"auto","background-attachment":"scroll","background-type":"","background-media":"","overlay-type":"","overlay-color":"","overlay-opacity":"","overlay-gradient":""}},"footnotes":""},"class_list":["post-8414","page","type-page","status-publish","hentry"],"post_mailing_queue_ids":[],"_links":{"self":[{"href":"https:\/\/agora-eoi.xtec.cat\/eoiolot\/wp-json\/wp\/v2\/pages\/8414","targetHints":{"allow":["GET"]}}],"collection":[{"href":"https:\/\/agora-eoi.xtec.cat\/eoiolot\/wp-json\/wp\/v2\/pages"}],"about":[{"href":"https:\/\/agora-eoi.xtec.cat\/eoiolot\/wp-json\/wp\/v2\/types\/page"}],"author":[{"embeddable":true,"href":"https:\/\/agora-eoi.xtec.cat\/eoiolot\/wp-json\/wp\/v2\/users\/1"}],"replies":[{"embeddable":true,"href":"https:\/\/agora-eoi.xtec.cat\/eoiolot\/wp-json\/wp\/v2\/comments?post=8414"}],"version-history":[{"count":6,"href":"https:\/\/agora-eoi.xtec.cat\/eoiolot\/wp-json\/wp\/v2\/pages\/8414\/revisions"}],"predecessor-version":[{"id":13771,"href":"https:\/\/agora-eoi.xtec.cat\/eoiolot\/wp-json\/wp\/v2\/pages\/8414\/revisions\/13771"}],"up":[{"embeddable":true,"href":"https:\/\/agora-eoi.xtec.cat\/eoiolot\/wp-json\/wp\/v2\/pages\/8411"}],"wp:attachment":[{"href":"https:\/\/agora-eoi.xtec.cat\/eoiolot\/wp-json\/wp\/v2\/media?parent=8414"}],"curies":[{"name":"wp","href":"https:\/\/api.w.org\/{rel}","templated":true}]}}