{"id":8377,"date":"2016-06-13T13:50:10","date_gmt":"2016-06-13T12:50:10","guid":{"rendered":"https:\/\/agora-eoi.xtec.cat\/eoiolot\/?page_id=8377"},"modified":"2026-02-26T10:37:13","modified_gmt":"2026-02-26T09:37:13","slug":"expedicio-de-titols","status":"publish","type":"page","link":"https:\/\/agora-eoi.xtec.cat\/eoiolot\/expedicio-de-titols\/","title":{"rendered":"Expedici\u00f3 de t\u00edtols"},"content":{"rendered":"<p><span style=\"text-decoration: underline;\"><strong>Nivells b\u00e0sic A2 i intermedi B1<\/strong><\/span><\/p>\n<p>L\u2019alumnat que hagi superat el 2n curs obt\u00e9 el Certificat de nivell b\u00e0sic A2.<br \/>\nL\u2019alumnat oficial de 3r o els candidats o candidates lliures que hagin superat les proves corresponents obtenen el Certificat de nivell intermedi B1.<\/p>\n<p><strong>Procediment:<\/strong><\/p>\n<p>L\u2019escola expedeix els certificats de manera autom\u00e0tica sense que calgui sol\u00b7licitud pr\u00e8via ni pagament de taxes.<\/p>\n<p>Es pot recollir personalment del <span style=\"text-decoration: underline;\">2 a l&#8217;10 de juliol<\/span> o b\u00e9 a partir de l&#8217;<span style=\"text-decoration: underline;\">octubre<\/span> a la secretaria del centre presentant el DNI, passaport o NIE de la persona interessada.<\/p>\n<p><strong><span style=\"text-decoration: underline;\">Nivell intermedi B2 i Nivell avan\u00e7at C1, tramitaci\u00f3<\/span><br \/>\n<\/strong><\/p>\n<p>L\u2019alumnat oficial de 5\u00e8 o els candidats o candidates lliures que hagin superat les proves corresponents obtenen el Certificat de nivell intermedi B2.<\/p>\n<p>L\u2019alumnat que superi la prova de C1 obt\u00e9 el certificat corresponent.<\/p>\n<p><strong>Procediment:<\/strong><\/p>\n<p>Els Certificats dels nivells intermedi B2 i nivell avan\u00e7at C1 els expedeix el Departament d&#8217;Educaci\u00f3 pr\u00e8via sol\u00b7licitud i abonament de les taxes corresponents.<\/p>\n<p>Cal omplir la <strong><a href=\"https:\/\/tramits.gencat.cat\/ca\/tramits\/tramits-temes\/titols-academics-no-universitaris?category=742b7874-a82c-11e3-a972-000c29052e2c\" target=\"_blank\" rel=\"noopener noreferrer\">sol\u00b7licitud del t\u00edtol<\/a><\/strong> corresponent i avisar al centre per correu electr\u00f2nic a l\u2019adre\u00e7a: <span style=\"text-decoration: underline;\">info@eoiolot.cat<\/span><\/p>\n<p>&gt; Els aprovats al mes de juny poden tramitar el Certificat a partir del mes d&#8217;octubre.<br \/>\n&gt; Els aprovats al mes de febrer a partir del mes d\u2019abril.<\/p>\n<p>Cal l&#8217;abonament de les taxes d\u2019expedici\u00f3 amb el document de pagament em\u00e8s per l\u2019escola.<\/p>\n<p>&gt; Amb el codi de barres a trav\u00e9s dels caixers del Servicaixa de CaixaBank<br \/>\n&gt; O al portal de pagament de CaixaBank<\/p>\n<p>En el moment que l\u2019escola rebi el Certificat Original, s\u2019avisa per correu electr\u00f2nic als interessats. (els Certificats originals actualment triguen aproximadament 1 any per\u00f2 el resguard t\u00e9 la mateixa validesa).<\/p>\n<p>Els t\u00edtols s\u2019han de recollir personalment a la secretaria del centre presentant el DNI, NIE o passaport i el resguard.<\/p>\n<p><strong>Taxes<\/strong> (Certificat B2 i C1)<\/p>\n<p>Ordin\u00e0ria: 78 \u20ac | FN general o monoparental: 39 \u20ac <span class=\"\">| FN especial: 0,00 \u20ac | Persones amb discapacitat igual o superior al 33%: 0,00 \u20ac<\/span><a href=\"http:\/\/educacio.gencat.cat\/ca\/departament\/normativa\/taxes-preus-publics\/exempcions-bonificacions\/\" target=\"_blank\" rel=\"noopener noreferrer\"> | M\u00e9s bonificacions i exempcions generals<\/a><\/p>\n","protected":false},"excerpt":{"rendered":"<p>Nivells b\u00e0sic A2 i intermedi B1 L\u2019alumnat que hagi superat el 2n curs obt\u00e9 el Certificat de nivell b\u00e0sic A2. [&hellip;]<\/p>\n","protected":false},"author":1,"featured_media":0,"parent":0,"menu_order":70,"comment_status":"closed","ping_status":"closed","template":"","meta":{"_bbp_topic_count":0,"_bbp_reply_count":0,"_bbp_total_topic_count":0,"_bbp_total_reply_count":0,"_bbp_voice_count":0,"_bbp_anonymous_reply_count":0,"_bbp_topic_count_hidden":0,"_bbp_reply_count_hidden":0,"_bbp_forum_subforum_count":0,"site-sidebar-layout":"default","site-content-layout":"","ast-site-content-layout":"default","site-content-style":"default","site-sidebar-style":"default","ast-global-header-display":"","ast-banner-title-visibility":"","ast-main-header-display":"","ast-hfb-above-header-display":"","ast-hfb-below-header-display":"","ast-hfb-mobile-header-display":"","site-post-title":"","ast-breadcrumbs-content":"","ast-featured-img":"","footer-sml-layout":"","theme-transparent-header-meta":"default","adv-header-id-meta":"","stick-header-meta":"","header-above-stick-meta":"","header-main-stick-meta":"","header-below-stick-meta":"","astra-migrate-meta-layouts":"set","ast-page-background-enabled":"default","ast-page-background-meta":{"desktop":{"background-color":"var(--ast-global-color-4)","background-image":"","background-repeat":"repeat","background-position":"center center","background-size":"auto","background-attachment":"scroll","background-type":"","background-media":"","overlay-type":"","overlay-color":"","overlay-opacity":"","overlay-gradient":""},"tablet":{"background-color":"","background-image":"","background-repeat":"repeat","background-position":"center center","background-size":"auto","background-attachment":"scroll","background-type":"","background-media":"","overlay-type":"","overlay-color":"","overlay-opacity":"","overlay-gradient":""},"mobile":{"background-color":"","background-image":"","background-repeat":"repeat","background-position":"center center","background-size":"auto","background-attachment":"scroll","background-type":"","background-media":"","overlay-type":"","overlay-color":"","overlay-opacity":"","overlay-gradient":""}},"ast-content-background-meta":{"desktop":{"background-color":"var(--ast-global-color-5)","background-image":"","background-repeat":"repeat","background-position":"center center","background-size":"auto","background-attachment":"scroll","background-type":"","background-media":"","overlay-type":"","overlay-color":"","overlay-opacity":"","overlay-gradient":""},"tablet":{"background-color":"var(--ast-global-color-5)","background-image":"","background-repeat":"repeat","background-position":"center center","background-size":"auto","background-attachment":"scroll","background-type":"","background-media":"","overlay-type":"","overlay-color":"","overlay-opacity":"","overlay-gradient":""},"mobile":{"background-color":"var(--ast-global-color-5)","background-image":"","background-repeat":"repeat","background-position":"center center","background-size":"auto","background-attachment":"scroll","background-type":"","background-media":"","overlay-type":"","overlay-color":"","overlay-opacity":"","overlay-gradient":""}},"footnotes":""},"class_list":["post-8377","page","type-page","status-publish","hentry"],"post_mailing_queue_ids":[],"_links":{"self":[{"href":"https:\/\/agora-eoi.xtec.cat\/eoiolot\/wp-json\/wp\/v2\/pages\/8377","targetHints":{"allow":["GET"]}}],"collection":[{"href":"https:\/\/agora-eoi.xtec.cat\/eoiolot\/wp-json\/wp\/v2\/pages"}],"about":[{"href":"https:\/\/agora-eoi.xtec.cat\/eoiolot\/wp-json\/wp\/v2\/types\/page"}],"author":[{"embeddable":true,"href":"https:\/\/agora-eoi.xtec.cat\/eoiolot\/wp-json\/wp\/v2\/users\/1"}],"replies":[{"embeddable":true,"href":"https:\/\/agora-eoi.xtec.cat\/eoiolot\/wp-json\/wp\/v2\/comments?post=8377"}],"version-history":[{"count":6,"href":"https:\/\/agora-eoi.xtec.cat\/eoiolot\/wp-json\/wp\/v2\/pages\/8377\/revisions"}],"predecessor-version":[{"id":14239,"href":"https:\/\/agora-eoi.xtec.cat\/eoiolot\/wp-json\/wp\/v2\/pages\/8377\/revisions\/14239"}],"wp:attachment":[{"href":"https:\/\/agora-eoi.xtec.cat\/eoiolot\/wp-json\/wp\/v2\/media?parent=8377"}],"curies":[{"name":"wp","href":"https:\/\/api.w.org\/{rel}","templated":true}]}}