{"id":8185,"date":"2016-06-09T14:29:49","date_gmt":"2016-06-09T13:29:49","guid":{"rendered":"https:\/\/agora-eoi.xtec.cat\/eoiolot\/?page_id=8185"},"modified":"2025-09-13T15:15:23","modified_gmt":"2025-09-13T13:15:23","slug":"alemany","status":"publish","type":"page","link":"https:\/\/agora-eoi.xtec.cat\/eoiolot\/alemany\/","title":{"rendered":"Alemany"},"content":{"rendered":"\n<div class=\"wp-block-getwid-accordion has-icon-left\" data-active-element=\"none\">\n<div class=\"wp-block-getwid-accordion__header-wrapper\"><span class=\"wp-block-getwid-accordion__header\"><a href=\"#\"><span class=\"wp-block-getwid-accordion__header-title\"><strong>\u2139\ufe0f Quins s\u00f3n els horaris del curs 2025-2026?<\/strong><\/span><span class=\"wp-block-getwid-accordion__icon is-active\"><i class=\"fas fa-plus\"><\/i><\/span><span class=\"wp-block-getwid-accordion__icon is-passive\"><i class=\"fas fa-minus\"><\/i><\/span><\/a><\/span><\/div><div class=\"wp-block-getwid-accordion__content-wrapper\"><div class=\"wp-block-getwid-accordion__content\">\n<p><strong>ALEMANY:<\/strong><\/p>\n\n\n\n<figure class=\"wp-block-table\"><table class=\"has-fixed-layout\"><tbody><tr><td><br><strong>NIVELL<\/strong><\/td><td><br><strong>DIES DE CLASSE<\/strong><\/td><td><br><strong>HORARI<\/strong><\/td><td><br><strong>AULA<\/strong><\/td><\/tr><tr><td><strong>A1<\/strong>&nbsp;\u2013 Primer curs<\/td><td>Dilluns i dimecres<\/td><td>18.30 \u2013 20.45<\/td><td>Vancouver<\/td><\/tr><tr><td><strong>A2<\/strong>&nbsp;\u2013 Segon curs<\/td><td>Dimarts i dijous<\/td><td>18.30 \u2013 20.45<\/td><td>Vancouver<\/td><\/tr><tr><td><strong>B1<\/strong>&nbsp;\u2013 Tercer curs<\/td><td>Dilluns i dimecres<\/td><td>18.30 \u2013 20.45<\/td><td>Par\u00eds<\/td><\/tr><tr><td><strong>Richtung B2<\/strong><\/td><td>Dimarts<\/td><td>18.30 \u2013 20.30<\/td><td>Par\u00eds<\/td><\/tr><\/tbody><\/table><\/figure>\n\n\n\n<h6 class=\"wp-block-heading\"><strong><br>INICI DE LES CLASSES:<\/strong><\/h6>\n\n\n\n<p>Grups de dilluns i dimecres:&nbsp;<strong>dilluns 22 de setembre<\/strong>.<strong><br><\/strong>Grups de dimarts i dijous:&nbsp;<strong>dimarts 23 de setembre<\/strong>.<\/p>\n\n\n\n<p>Richtung B2:&nbsp;<strong>dimarts 14 d\u2019octubre<\/strong>.<\/p>\n<\/div><\/div>\n\n\n\n<div class=\"wp-block-getwid-accordion__header-wrapper\"><span class=\"wp-block-getwid-accordion__header\"><a href=\"#\"><span class=\"wp-block-getwid-accordion__header-title\"><strong>\u2139\ufe0f Informaci\u00f3 general del curs<\/strong><\/span><span class=\"wp-block-getwid-accordion__icon is-active\"><i class=\"fas fa-plus\"><\/i><\/span><span class=\"wp-block-getwid-accordion__icon is-passive\"><i class=\"fas fa-minus\"><\/i><\/span><\/a><\/span><\/div><div class=\"wp-block-getwid-accordion__content-wrapper\"><div class=\"wp-block-getwid-accordion__content\">\n<p>La matr\u00edcula d\u00f3na dret a assistir a classe (<strong>130 hores per curs<\/strong>) i&nbsp;als <strong>ex\u00e0mens oficials<\/strong> corresponents.<\/p>\n\n\n\n<p>Les classes tenen una durada de<strong> dues hores i quinze minuts<\/strong> (amb una pausa cap a la meitat de la sessi\u00f3) i s\u00f3n <strong>en<\/strong> <strong>dies alterns<\/strong>: o b\u00e9 en dilluns i dimecres o b\u00e9 en dimarts i dijous.<\/p>\n\n\n\n<p>Navega pels diferents submen\u00fas per trobar la informaci\u00f3 que t&#8217;interessi:<\/p>\n\n\n\n<ul class=\"wp-block-list\">\n<li><a href=\"https:\/\/agora-eoi.xtec.cat\/eoiolot\/alemany\/horaris-professorat\/\">Horaris<\/a><\/li>\n<\/ul>\n\n\n\n<ul class=\"wp-block-list\">\n<li><a href=\"https:\/\/agora-eoi.xtec.cat\/eoiolot\/alemany\/llibres-i-lectures\/\">Llibres de text i de lectura<\/a><\/li>\n<\/ul>\n\n\n\n<ul class=\"wp-block-list\">\n<li><a href=\"https:\/\/agora-eoi.xtec.cat\/eoiolot\/alemany\/mostres-examens\/\">Mostres d&#8217;ex\u00e0mens<\/a><\/li>\n<\/ul>\n<\/div><\/div>\n\n\n\n<div class=\"wp-block-getwid-accordion__header-wrapper\"><span class=\"wp-block-getwid-accordion__header\"><a href=\"#\"><span class=\"wp-block-getwid-accordion__header-title\"><strong>\ud83d\udcdaLectures 360: el concurs que et far\u00e0 llegir, escoltar i dominar l&#8217;alemany!<\/strong><\/span><span class=\"wp-block-getwid-accordion__icon is-active\"><i class=\"fas fa-plus\"><\/i><\/span><span class=\"wp-block-getwid-accordion__icon is-passive\"><i class=\"fas fa-minus\"><\/i><\/span><\/a><\/span><\/div><div class=\"wp-block-getwid-accordion__content-wrapper\"><div class=\"wp-block-getwid-accordion__content\">\n<p>A l\u2019EOI d\u2019Olot i Ripoll et proposem el <strong><a href=\"https:\/\/sites.google.com\/xtec.cat\/concurs-de-lectura\/hauptseite-inici\">Concurs de Lectura 2025-2026<\/a><\/strong>, amb llibres, audiollibres, podcasts i molt m\u00e9s.<br>Suma punts d\u2019experi\u00e8ncia (XP), aconsegueix premis i millora la teva nota final mentre et converteixes en una aut\u00e8ntica <em>Leseratte<\/em> o un <em>B\u00fccherwurm<\/em>.<\/p>\n<\/div><\/div>\n\n\n\n<div class=\"wp-block-getwid-accordion__header-wrapper\"><span class=\"wp-block-getwid-accordion__header\"><a href=\"#\"><span class=\"wp-block-getwid-accordion__header-title\"><strong>\ud83c\udf0d Per qu\u00e8 aprendre alemany?<\/strong><\/span><span class=\"wp-block-getwid-accordion__icon is-active\"><i class=\"fas fa-plus\"><\/i><\/span><span class=\"wp-block-getwid-accordion__icon is-passive\"><i class=\"fas fa-minus\"><\/i><\/span><\/a><\/span><\/div><div class=\"wp-block-getwid-accordion__content-wrapper\"><div class=\"wp-block-getwid-accordion__content\">\n<p>L\u2019alemany \u00e9s<strong> la llengua m\u00e9s parlada a la Uni\u00f3 Europea<\/strong> i una de les m\u00e9s importants del m\u00f3n. \u00c9s oficial en pa\u00efsos amb un fort pes cultural i econ\u00f2mic com Alemanya, \u00c0ustria o Su\u00efssa.<\/p>\n\n\n\n<p>Alemanya \u00e9s el <strong>principal soci comercial d\u2019Espanya a Europa<\/strong>. Saber alemany obre portes en sectors molt demanats com l\u2019automoci\u00f3, la maquin\u00e0ria, la qu\u00edmica, l\u2019energia, la log\u00edstica, l\u2019alimentaci\u00f3 o el turisme. Amb un nivell B1 ja pots accedir a feines en \u00e0mbits com el comer\u00e7 internacional o l\u2019atenci\u00f3 al client; i amb el B2 , a tasques m\u00e9s t\u00e8cniques o comunicatives!<\/p>\n<\/div><\/div>\n\n\n\n<div class=\"wp-block-getwid-accordion__header-wrapper\"><span class=\"wp-block-getwid-accordion__header\"><a href=\"#\"><span class=\"wp-block-getwid-accordion__header-title\"><strong>\ud83c\udf93 Estudis i oportunitats a Europa<\/strong><\/span><span class=\"wp-block-getwid-accordion__icon is-active\"><i class=\"fas fa-plus\"><\/i><\/span><span class=\"wp-block-getwid-accordion__icon is-passive\"><i class=\"fas fa-minus\"><\/i><\/span><\/a><\/span><\/div><div class=\"wp-block-getwid-accordion__content-wrapper\"><div class=\"wp-block-getwid-accordion__content\">\n<p>A m\u00e9s, con\u00e8ixer alemany et permet participar en programes d\u2019intercanvi com <strong>Erasmus+ , fer voluntariats<\/strong> europeus o estudiar en universitats i escoles especialitzades en disciplines art\u00edstiques i creatives. Ciutats com Berl\u00edn, Viena o Hamburg s\u00f3n punts d\u2019atracci\u00f3 per estudiants creatius: <strong>disseny, art visual, m\u00fasica, cinema<\/strong>\u2026 all\u00e0 ho tenen tot!<\/p>\n\n\n\n<p>Les universitats alemanyes i austr\u00edaques s\u00f3n reconegudes mundialment per la seva qualitat i moltes ofereixen <strong>estudis gaireb\u00e9 gratu\u00efts<\/strong>, especialment en camps t\u00e8cnics, d\u2019enginyeria, ci\u00e8ncia i tecnologia.<\/p>\n\n\n\n<p>Saber alemany pot <strong>obrir-te portes a experi\u00e8ncies laborals o d\u2019estudi en pa\u00efsos l\u00edders <\/strong>a Europa com \u00e9s Alemanya, on hi ha molta demanda de professionals amb coneixements d\u2019aquesta llengua.<\/p>\n<\/div><\/div>\n\n\n\n<div class=\"wp-block-getwid-accordion__header-wrapper\"><span class=\"wp-block-getwid-accordion__header\"><a href=\"#\"><span class=\"wp-block-getwid-accordion__header-title\"><strong>\ud83d\udccd Per qu\u00e8 a l\u2019EOI d\u2019Olot?<\/strong><\/span><span class=\"wp-block-getwid-accordion__icon is-active\"><i class=\"fas fa-plus\"><\/i><\/span><span class=\"wp-block-getwid-accordion__icon is-passive\"><i class=\"fas fa-minus\"><\/i><\/span><\/a><\/span><\/div><div class=\"wp-block-getwid-accordion__content-wrapper\"><div class=\"wp-block-getwid-accordion__content\">\n<p>A l\u2019EOI d\u2019Olot oferim una formaci\u00f3 de qualitat adaptada a tothom, des de nivells b\u00e0sics fins a preparaci\u00f3 d\u2019ex\u00e0mens oficials que segueixen el Marc Europeu Com\u00fa de Refer\u00e8ncia per a les Lleng\u00fces (MECR).&nbsp;<\/p>\n\n\n\n<p>Som una Escola Oficial d&#8217;Idiomes <strong>p\u00fablica <\/strong>de Catalunya, cosa que significa que els nostres <strong>preus estan regulats pel Departament d&#8217;Educaci\u00f3<\/strong> i oferim <strong>diverses bonificacions i exempcions<\/strong> per facilitar l&#8217;acc\u00e9s a l&#8217;aprenentatge d&#8217;idiomes.<\/p>\n\n\n\n<p>Per\u00f2 no nom\u00e9s aprens a l&#8217;aula! Les nostres classes es complementen amb un programa din\u00e0mic d&#8217;activitats culturals, sortides, excursions i fins i tot viatges. Aix\u00ed, podr\u00e0s practicar i viure l&#8217;idioma en situacions reals.<\/p>\n<\/div><\/div>\n\n\n\n<div class=\"wp-block-getwid-accordion__header-wrapper\"><span class=\"wp-block-getwid-accordion__header\"><a href=\"#\"><span class=\"wp-block-getwid-accordion__header-title\"><strong>\ud83c\udf1f Nivell A1 \u2013 El primer pas cap a l\u2019alemany!<\/strong><\/span><span class=\"wp-block-getwid-accordion__icon is-active\"><i class=\"fas fa-plus\"><\/i><\/span><span class=\"wp-block-getwid-accordion__icon is-passive\"><i class=\"fas fa-minus\"><\/i><\/span><\/a><\/span><\/div><div class=\"wp-block-getwid-accordion__content-wrapper\"><div class=\"wp-block-getwid-accordion__content\">\n<p>La nostra metodologia \u00e9s <strong>activa, pr\u00e0ctica i divertida<\/strong> , pensada perqu\u00e8 aprendre alemany sigui f\u00e0cil i motivador des del primer dia. Utilitzem recursos variats, din\u00e0miques participatives i situacions reals de comunicaci\u00f3 per ajudar-te a comen\u00e7ar a entendre i expressar-te en contextos quotidians.<\/p>\n\n\n\n<p>Donem molta import\u00e0ncia a la <strong>comunicaci\u00f3 oral <\/strong>, perqu\u00e8 volem que et sentis segur parlant en alemany des del comen\u00e7ament. Per\u00f2 tamb\u00e9 treballem les altres compet\u00e8ncies: escriure, llegir i escoltar.<\/p>\n\n\n\n<p>Els grups redu\u00efts permeten una<strong> atenci\u00f3 personalitzada<\/strong> i adaptada al ritme de cada alumne. Les classes, de dues hores i quart, s\u00f3n eminentment pr\u00e0ctiques: interactuem, juguem amb la llengua i posem en pr\u00e0ctica el que anem aprenent.<\/p>\n<\/div><\/div>\n\n\n\n<div class=\"wp-block-getwid-accordion__header-wrapper\"><span class=\"wp-block-getwid-accordion__header\"><a href=\"#\"><span class=\"wp-block-getwid-accordion__header-title\"><strong>\ud83c\udf1f Nivell A2 \u2013 M\u00e9s soltesa, m\u00e9s seguretat<\/strong><\/span><span class=\"wp-block-getwid-accordion__icon is-active\"><i class=\"fas fa-plus\"><\/i><\/span><span class=\"wp-block-getwid-accordion__icon is-passive\"><i class=\"fas fa-minus\"><\/i><\/span><\/a><\/span><\/div><div class=\"wp-block-getwid-accordion__content-wrapper\"><div class=\"wp-block-getwid-accordion__content\">\n<p>Continuem amb la nostra metodologia <strong>pr\u00e0ctica i activa<\/strong>, per\u00f2 ara elevem el nivell: ens submergim completament en el m\u00f3n de la llengua escrita i desenvolupem m\u00e9s agilitat en contextos formals.<\/p>\n\n\n\n<p>Treballarem la <strong>comprensi\u00f3 i producci\u00f3 de textos senzills<\/strong> en \u00e0mbits formals i informals. Aprendr\u00e0s a redactar correus, fer peticions oficials i participar en converses m\u00e9s elaborades, sempre amb un enfocament <strong>l\u00fadic i realista<\/strong> que prioritza l&#8217;\u00fas pr\u00e0ctic de l&#8217;idioma. L&#8217;objectiu \u00e9s clar: que guanyis <strong>confian\u00e7a i flu\u00efdesa<\/strong>, especialment en aquelles interaccions que demanen m\u00e9s precisi\u00f3.A mesura que avancem, t&#8217;aportarem <strong>les eines necess\u00e0ries per enfrontar-te a situacions pr\u00e0ctiques reals<\/strong>: podr\u00e0s demanar cites, fer compres per tel\u00e8fon i en l\u00ednia, anar al metge, fer reclamacions, donar la teva opini\u00f3, fer agra\u00efments i fins i tot parlar en p\u00fablic. Prepara&#8217;t per a v\u00eddeos i lectures amb una ajuda m\u00ednima, refor\u00e7ant la teva autonomia!<\/p>\n<\/div><\/div>\n\n\n\n<div class=\"wp-block-getwid-accordion__header-wrapper\"><span class=\"wp-block-getwid-accordion__header\"><a href=\"#\"><span class=\"wp-block-getwid-accordion__header-title\"><strong>\ud83c\udf1f Nivell B1 \u2013 Preparaci\u00f3 per l\u2019examen oficial<\/strong><\/span><span class=\"wp-block-getwid-accordion__icon is-active\"><i class=\"fas fa-plus\"><\/i><\/span><span class=\"wp-block-getwid-accordion__icon is-passive\"><i class=\"fas fa-minus\"><\/i><\/span><\/a><\/span><\/div><div class=\"wp-block-getwid-accordion__content-wrapper\"><div class=\"wp-block-getwid-accordion__content\">\n<p>Aquest nivell est\u00e0 enfocat a preparar-te per superar amb \u00e8xit certificat oficial de l\u2019EOI. \u00c9s un nivell que t\u2019ajuda a comprendre <strong>textos i converses m\u00e9s complexos<\/strong>, tant en contextos quotidians com professionals.<\/p>\n\n\n\n<p>Les classes s\u00f3n <strong>pr\u00e0ctiques, interactives i orientades a l\u2019examen<\/strong>: repassem tipus de preguntes, estrat\u00e8gies de respostes i fem simulacres perqu\u00e8 guanys seguretat, flu\u00efdesa i confian\u00e7a .<\/p>\n\n\n\n<p>Utilitzem <strong>materials aut\u00e8ntics<\/strong> \u2014v\u00eddeos, articles, correus o converses reals\u2014 perqu\u00e8 puguis aplicar el que saps en contextos reals i preparats per a l\u2019examen.<\/p>\n<\/div><\/div>\n\n\n\n<div class=\"wp-block-getwid-accordion__header-wrapper\"><span class=\"wp-block-getwid-accordion__header\"><a href=\"#\"><span class=\"wp-block-getwid-accordion__header-title\"><strong>\ud83c\udf1f Richtung B2 \u2013 El primer pas cap a l\u2019alemany real<\/strong><\/span><span class=\"wp-block-getwid-accordion__icon is-active\"><i class=\"fas fa-plus\"><\/i><\/span><span class=\"wp-block-getwid-accordion__icon is-passive\"><i class=\"fas fa-minus\"><\/i><\/span><\/a><\/span><\/div><div class=\"wp-block-getwid-accordion__content-wrapper\"><div class=\"wp-block-getwid-accordion__content\">\n<p>Un cop assolit el nivell B1, el seg\u00fcent repte \u00e9s arribar al B2 , on ja utilitzes l\u2019alemany en situacions m\u00e9s complexes, professionals i acad\u00e8miques. Per ajudar-te en aquest cam\u00ed, oferim el nou curs &#8220;Richtung B2&#8221;, pensat per aquelles persones que volen continuar progressant per\u00f2 tenen menys disponibilitat hor\u00e0ria.<\/p>\n\n\n\n<p>Aquest curs et permetr\u00e0 comen\u00e7ar a descobrir l\u2019alemany &#8220;real&#8221; : el que s\u2019utilitza en documentals, not\u00edcies aut\u00e8ntiques, entrevistes, literatura actual, xarxes socials o converses entre parlants natius. Ja no es treballa amb materials adaptats, sin\u00f3 amb continguts aut\u00e8ntics , plens de vida i realitat.<\/p>\n\n\n\n<p>Aqu\u00ed entren en joc compet\u00e8ncies m\u00e9s avan\u00e7ades: comprendre textos m\u00e9s densos, expressar opinions argumentades, participar en debats o escriure resums i redaccions amb coher\u00e8ncia i precisi\u00f3.<\/p>\n<\/div><\/div>\n\n\n\n<div class=\"wp-block-getwid-accordion__header-wrapper\"><span class=\"wp-block-getwid-accordion__header\"><a href=\"#\"><span class=\"wp-block-getwid-accordion__header-title\"><strong>Banc de recursos d&#8217;alemany<\/strong><\/span><span class=\"wp-block-getwid-accordion__icon is-active\"><i class=\"fas fa-plus\"><\/i><\/span><span class=\"wp-block-getwid-accordion__icon is-passive\"><i class=\"fas fa-minus\"><\/i><\/span><\/a><\/span><\/div><div class=\"wp-block-getwid-accordion__content-wrapper\"><div class=\"wp-block-getwid-accordion__content\">\n<p><a href=\"https:\/\/agora-eoi.xtec.cat\/eoiolot\/departament-dalemany\">Aqu\u00ed<\/a> podr\u00e0s consultar el banc de recursos d&#8217;alemany.<\/p>\n\n\n\n<p><\/p>\n\n\n\n<p><\/p>\n<\/div><\/div>\n<\/div>\n\n\n\n<p><\/p>\n\n\n\n<p><\/p>\n","protected":false},"excerpt":{"rendered":"","protected":false},"author":1,"featured_media":0,"parent":0,"menu_order":10,"comment_status":"closed","ping_status":"closed","template":"","meta":{"_bbp_topic_count":0,"_bbp_reply_count":0,"_bbp_total_topic_count":0,"_bbp_total_reply_count":0,"_bbp_voice_count":0,"_bbp_anonymous_reply_count":0,"_bbp_topic_count_hidden":0,"_bbp_reply_count_hidden":0,"_bbp_forum_subforum_count":0,"site-sidebar-layout":"default","site-content-layout":"","ast-site-content-layout":"default","site-content-style":"default","site-sidebar-style":"default","ast-global-header-display":"","ast-banner-title-visibility":"","ast-main-header-display":"","ast-hfb-above-header-display":"","ast-hfb-below-header-display":"","ast-hfb-mobile-header-display":"","site-post-title":"","ast-breadcrumbs-content":"","ast-featured-img":"","footer-sml-layout":"","theme-transparent-header-meta":"default","adv-header-id-meta":"","stick-header-meta":"","header-above-stick-meta":"","header-main-stick-meta":"","header-below-stick-meta":"","astra-migrate-meta-layouts":"set","ast-page-background-enabled":"default","ast-page-background-meta":{"desktop":{"background-color":"var(--ast-global-color-4)","background-image":"","background-repeat":"repeat","background-position":"center center","background-size":"auto","background-attachment":"scroll","background-type":"","background-media":"","overlay-type":"","overlay-color":"","overlay-opacity":"","overlay-gradient":""},"tablet":{"background-color":"","background-image":"","background-repeat":"repeat","background-position":"center center","background-size":"auto","background-attachment":"scroll","background-type":"","background-media":"","overlay-type":"","overlay-color":"","overlay-opacity":"","overlay-gradient":""},"mobile":{"background-color":"","background-image":"","background-repeat":"repeat","background-position":"center center","background-size":"auto","background-attachment":"scroll","background-type":"","background-media":"","overlay-type":"","overlay-color":"","overlay-opacity":"","overlay-gradient":""}},"ast-content-background-meta":{"desktop":{"background-color":"var(--ast-global-color-5)","background-image":"","background-repeat":"repeat","background-position":"center center","background-size":"auto","background-attachment":"scroll","background-type":"","background-media":"","overlay-type":"","overlay-color":"","overlay-opacity":"","overlay-gradient":""},"tablet":{"background-color":"var(--ast-global-color-5)","background-image":"","background-repeat":"repeat","background-position":"center center","background-size":"auto","background-attachment":"scroll","background-type":"","background-media":"","overlay-type":"","overlay-color":"","overlay-opacity":"","overlay-gradient":""},"mobile":{"background-color":"var(--ast-global-color-5)","background-image":"","background-repeat":"repeat","background-position":"center center","background-size":"auto","background-attachment":"scroll","background-type":"","background-media":"","overlay-type":"","overlay-color":"","overlay-opacity":"","overlay-gradient":""}},"footnotes":""},"class_list":["post-8185","page","type-page","status-publish","hentry"],"post_mailing_queue_ids":[],"_links":{"self":[{"href":"https:\/\/agora-eoi.xtec.cat\/eoiolot\/wp-json\/wp\/v2\/pages\/8185","targetHints":{"allow":["GET"]}}],"collection":[{"href":"https:\/\/agora-eoi.xtec.cat\/eoiolot\/wp-json\/wp\/v2\/pages"}],"about":[{"href":"https:\/\/agora-eoi.xtec.cat\/eoiolot\/wp-json\/wp\/v2\/types\/page"}],"author":[{"embeddable":true,"href":"https:\/\/agora-eoi.xtec.cat\/eoiolot\/wp-json\/wp\/v2\/users\/1"}],"replies":[{"embeddable":true,"href":"https:\/\/agora-eoi.xtec.cat\/eoiolot\/wp-json\/wp\/v2\/comments?post=8185"}],"version-history":[{"count":6,"href":"https:\/\/agora-eoi.xtec.cat\/eoiolot\/wp-json\/wp\/v2\/pages\/8185\/revisions"}],"predecessor-version":[{"id":13822,"href":"https:\/\/agora-eoi.xtec.cat\/eoiolot\/wp-json\/wp\/v2\/pages\/8185\/revisions\/13822"}],"wp:attachment":[{"href":"https:\/\/agora-eoi.xtec.cat\/eoiolot\/wp-json\/wp\/v2\/media?parent=8185"}],"curies":[{"name":"wp","href":"https:\/\/api.w.org\/{rel}","templated":true}]}}