{"id":8170,"date":"2016-06-08T17:06:12","date_gmt":"2016-06-08T16:06:12","guid":{"rendered":"https:\/\/agora-eoi.xtec.cat\/eoiolot\/?page_id=8170"},"modified":"2025-07-24T09:19:32","modified_gmt":"2025-07-24T07:19:32","slug":"candidats-lliures","status":"publish","type":"page","link":"https:\/\/agora-eoi.xtec.cat\/eoiolot\/secretaria\/candidats-lliures\/","title":{"rendered":"SI ET VOLS PRESENTAR A UN EXAMEN DE CERTIFICAT PER LLIURE (MAIG\/JUNY)"},"content":{"rendered":"\n<p>A l&#8217;EOI d&#8217;Olot &amp; Ripoll et pots presentar <strong>per lliure<\/strong> a les convocat\u00f2ries dels ex\u00e0mens oficials de certificaci\u00f3 dels idiomes i nivells seg\u00fcents:<\/p>\n\n\n\n<p>Maig i juny: B1, B2 i C1 d&#8217;angl\u00e8s\u00a0 |\u00a0 B1 de franc\u00e8s\u00a0 |\u00a0 B1 d&#8217;alemany<\/p>\n\n\n\n<h6 class=\"wp-block-heading\"><strong>REQUISITS<\/strong><\/h6>\n\n\n\n<ul class=\"wp-block-list\">\n<li>Tenir com a m\u00ednim 15 anys o complir-los durant l&#8217;any de la realitzaci\u00f3&nbsp;de la prova i haver superat el 2n d&#8217;ESO (o nivell equivalent).<\/li>\n\n\n\n<li>No poden presentar-s&#8217;hi les persones que ja disposen d&#8217;una certificaci\u00f3 d&#8217;EOI del mateix idioma i nivell.<\/li>\n\n\n\n<li>No es pot tenir simult\u00e0niament la condici\u00f3 d&#8217;alumne\/a oficial (dels ensenyaments presencials o dels ensenyaments a dist\u00e0ncia del primer semestre) del curs 2025-2026 i d&#8217;aspirant de r\u00e8gim lliure del mateix idioma.<\/li>\n\n\n\n<li>Un mateix aspirant no pot inscriure&#8217;s a m\u00e9s d&#8217;una prova de certificaci\u00f3.<\/li>\n<\/ul>\n\n\n\n<h6 class=\"wp-block-heading\">&nbsp;<\/h6>\n\n\n\n<h6 class=\"wp-block-heading\"><strong>INSCRIPCIONS<\/strong><\/h6>\n\n\n\n<p><strong>Convocat\u00f2ria de maig\/juny de 2026:<\/strong> del 23 de febrer (a partir de les 9.00 h) al 27 de febrer de 2026 (fins les 23.59 h). Si vols rebre un correu recordatori el dia 23 de febrer, omple aquest <a href=\"https:\/\/docs.google.com\/forms\/d\/e\/1FAIpQLSfA5rdzgmvyRN5xSFndcF4eN9lxyBESc-3ZPFa7NW3EDITknA\/viewform?usp=sharing&amp;ouid=117253793043578718359\"><span style=\"text-decoration: underline;\">formulari<\/span><\/a>.<br><a style=\"font-family: inherit; font-size: 1em;\" href=\"http:\/\/ensenyament.gencat.cat\/ca\/serveis-tramits\/proves\/proves-lliures-obtencio-titols\/\" target=\"_blank\" rel=\"noopener noreferrer\"><span style=\"text-decoration: underline;\">Accedeix a l&#8217;aplicaci\u00f3 d&#8217;inscripci\u00f3 fent clic aqu\u00ed.<\/span><\/a><\/p>\n\n\n\n<h6 class=\"wp-block-heading\"><strong style=\"font-family: inherit; font-size: 1em;\">PREUS<\/strong><\/h6>\n\n\n\n<p><strong>Nivell B1 i B2:<\/strong> 78,40 \u20ac<br><strong>Nivell C1:<\/strong> 96,65 \u20ac<\/p>\n\n\n\n<h6 class=\"wp-block-heading\"><strong style=\"font-family: inherit; font-size: 1em;\">DESCOMPTES DEL 50%<\/strong><\/h6>\n\n\n\n<h6 class=\"wp-block-heading\">Per fam\u00edlia nombrosa de categoria general<br>Per fam\u00edlia monoparental<\/h6>\n\n\n\n<p>Amb la corresponent acreditaci\u00f3 documental <span style=\"text-decoration: underline;\">vigent<\/span>, els imports amb el 50% de descompte s\u00f3n:<\/p>\n\n\n\n<p><strong>Nivell B1 i B2:<\/strong> 39,20 \u20ac<br><strong>Nivell C1:<\/strong> 48,35 \u20ac<\/p>\n\n\n\n<h6 class=\"wp-block-heading\"><strong>GRATU\u00cfTAT DE LES PROVES (B1, B2 i C1)<\/strong><\/h6>\n\n\n\n<p>Et pots beneficiar de l&#8217;exempci\u00f3 del pagament de la taxa de les proves de certificaci\u00f3 si et trobes en alguna de les situacions seg\u00fcents:<\/p>\n\n\n\n<h6 class=\"wp-block-heading\">Per tenir un t\u00edtol vigent de fam\u00edlia nombrosa de categoria especial<br>Per tenir una discapacitat reconeguda igual o superior al 33%<br>Per ser adolescent en acolliment familiar<br>Per ser menor tutelat, o b\u00e9 extutelat menor de 21 anys<br>Per ser membre d&#8217;una unitat familiar que percep la renda garantida de ciutadania<br><span style=\"font-family: inherit; font-size: 1em;\">Per ser v\u00edctima de viol\u00e8ncia de g\u00e8nere<br><\/span><span style=\"font-family: inherit; font-size: 1em;\">Per ser v\u00edctima d&#8217;actes terroristes, o b\u00e9 c\u00f2njuge o fill d&#8217;una v\u00edctima<br>Per estar subjecte a mesures privatives de llibertat<\/span><\/h6>\n\n\n\n<h6 class=\"wp-block-heading\"><strong style=\"font-family: inherit; font-size: 1em;\"><br>DIA I HORA DE LES PARTS ESCRITES DE LES PROVES PER ALS CANDIDATS LLIURES<\/strong><\/h6>\n\n\n\n<h6 class=\"wp-block-heading\"><strong>Nivell Intermedi B1<\/strong><\/h6>\n\n\n\n<p><em><strong>Convocat\u00f2ria de maig i juny<br><\/strong><\/em><strong>Angl\u00e8s:<\/strong> divendres 29 de maig de 2026 a les 15.30 h<br><strong>Franc\u00e8s:<\/strong> dimecres 3 de juny de 2026 a les 15.30 h<br><strong style=\"font-family: inherit; font-size: 1em;\">Alemany:<\/strong><span style=\"font-family: inherit; font-size: 1em;\"> dijous 4 de juny de 2026 a les 15.30 h<br><\/span><em style=\"font-family: inherit; font-size: 1em;\">(Les proves comen\u00e7aran puntuals a les 16.00 h)<\/em><\/p>\n\n\n\n<h6 class=\"wp-block-heading\"><strong>Nivell Intermedi B2<\/strong><\/h6>\n\n\n\n<p><strong>Angl\u00e8s:<\/strong> dimarts 26 de maig de 2026 a les 15.30 h<br><em>(La prova comen\u00e7ar\u00e0 puntual a les 16.00 h)<\/em><\/p>\n\n\n\n<h6 class=\"wp-block-heading\"><strong>Nivell Avan\u00e7at C1<\/strong><\/h6>\n\n\n\n<p><em><strong>Convocat\u00f2ria de maig i juny<br><\/strong><strong>Angl\u00e8s:<\/strong> dilluns 1 de juny de 2026 a les 15.30 h<br>(La prova comen\u00e7ar\u00e0 puntual a les 16.00 h)<\/em><\/p>\n\n\n\n<h6 class=\"wp-block-heading\">Els dies de les proves, per examinar-se \u00e9s imprescindible&nbsp;portar l&#8217;original del document identificatiu amb qu\u00e8 s&#8217;ha fet la inscripci\u00f3 (DNI, passaport o NIE).<\/h6>\n\n\n\n<h6 class=\"wp-block-heading\"><strong>Els dispositius electr\u00f2nics han de mantenir-se apagats al llarg de totes les proves i guardats amb les pertinences. La prova del candidat que contravingui aquesta norma ser\u00e0 anul\u00b7lada.<\/strong><\/h6>\n\n\n\n<h6 class=\"wp-block-heading\"><strong style=\"font-family: inherit; font-size: 1em;\"><br>DIA I HORA DE LES PARTS ORALS DE LES PROVES PER ALS CANDIDATS LLIURES<\/strong><\/h6>\n\n\n\n<p>La convocat\u00f2ria personal de la prova oral es lliurar\u00e0 el mateix dia de la prova escrita. Les proves orals es duran a terme els dies immediatament posteriors a les proves escrites i caldr\u00e0 ser-hi 15 minuts abans.<\/p>\n\n\n\n<h6 class=\"wp-block-heading\"><u><\/u><strong>PUBLICACI\u00d3 DELS RESULTATS<\/strong><\/h6>\n\n\n\n<p><em><strong>Convocat\u00f2ria ordin\u00e0ria de maig\/juny<\/strong><\/em><br><strong>Qualificacions provisionals:<\/strong> 23 de juny de 2026<br><strong>Qualificacions definitives:<\/strong> 30 de juny de 2026<br><em>(Reclamacions fins les 12.00 h del 29 de juny de 2026)<\/em><\/p>\n","protected":false},"excerpt":{"rendered":"<p>A l&#8217;EOI d&#8217;Olot &amp; Ripoll et pots presentar per lliure a les convocat\u00f2ries dels ex\u00e0mens oficials de certificaci\u00f3 dels idiomes [&hellip;]<\/p>\n","protected":false},"author":1,"featured_media":0,"parent":8358,"menu_order":30,"comment_status":"closed","ping_status":"closed","template":"","meta":{"_bbp_topic_count":0,"_bbp_reply_count":0,"_bbp_total_topic_count":0,"_bbp_total_reply_count":0,"_bbp_voice_count":0,"_bbp_anonymous_reply_count":0,"_bbp_topic_count_hidden":0,"_bbp_reply_count_hidden":0,"_bbp_forum_subforum_count":0,"site-sidebar-layout":"default","site-content-layout":"","ast-site-content-layout":"default","site-content-style":"default","site-sidebar-style":"default","ast-global-header-display":"","ast-banner-title-visibility":"","ast-main-header-display":"","ast-hfb-above-header-display":"","ast-hfb-below-header-display":"","ast-hfb-mobile-header-display":"","site-post-title":"","ast-breadcrumbs-content":"","ast-featured-img":"","footer-sml-layout":"","theme-transparent-header-meta":"","adv-header-id-meta":"","stick-header-meta":"","header-above-stick-meta":"","header-main-stick-meta":"","header-below-stick-meta":"","astra-migrate-meta-layouts":"set","ast-page-background-enabled":"default","ast-page-background-meta":{"desktop":{"background-color":"var(--ast-global-color-4)","background-image":"","background-repeat":"repeat","background-position":"center center","background-size":"auto","background-attachment":"scroll","background-type":"","background-media":"","overlay-type":"","overlay-color":"","overlay-opacity":"","overlay-gradient":""},"tablet":{"background-color":"","background-image":"","background-repeat":"repeat","background-position":"center center","background-size":"auto","background-attachment":"scroll","background-type":"","background-media":"","overlay-type":"","overlay-color":"","overlay-opacity":"","overlay-gradient":""},"mobile":{"background-color":"","background-image":"","background-repeat":"repeat","background-position":"center center","background-size":"auto","background-attachment":"scroll","background-type":"","background-media":"","overlay-type":"","overlay-color":"","overlay-opacity":"","overlay-gradient":""}},"ast-content-background-meta":{"desktop":{"background-color":"var(--ast-global-color-5)","background-image":"","background-repeat":"repeat","background-position":"center center","background-size":"auto","background-attachment":"scroll","background-type":"","background-media":"","overlay-type":"","overlay-color":"","overlay-opacity":"","overlay-gradient":""},"tablet":{"background-color":"var(--ast-global-color-5)","background-image":"","background-repeat":"repeat","background-position":"center center","background-size":"auto","background-attachment":"scroll","background-type":"","background-media":"","overlay-type":"","overlay-color":"","overlay-opacity":"","overlay-gradient":""},"mobile":{"background-color":"var(--ast-global-color-5)","background-image":"","background-repeat":"repeat","background-position":"center center","background-size":"auto","background-attachment":"scroll","background-type":"","background-media":"","overlay-type":"","overlay-color":"","overlay-opacity":"","overlay-gradient":""}},"footnotes":""},"class_list":["post-8170","page","type-page","status-publish","hentry"],"post_mailing_queue_ids":[],"_links":{"self":[{"href":"https:\/\/agora-eoi.xtec.cat\/eoiolot\/wp-json\/wp\/v2\/pages\/8170","targetHints":{"allow":["GET"]}}],"collection":[{"href":"https:\/\/agora-eoi.xtec.cat\/eoiolot\/wp-json\/wp\/v2\/pages"}],"about":[{"href":"https:\/\/agora-eoi.xtec.cat\/eoiolot\/wp-json\/wp\/v2\/types\/page"}],"author":[{"embeddable":true,"href":"https:\/\/agora-eoi.xtec.cat\/eoiolot\/wp-json\/wp\/v2\/users\/1"}],"replies":[{"embeddable":true,"href":"https:\/\/agora-eoi.xtec.cat\/eoiolot\/wp-json\/wp\/v2\/comments?post=8170"}],"version-history":[{"count":6,"href":"https:\/\/agora-eoi.xtec.cat\/eoiolot\/wp-json\/wp\/v2\/pages\/8170\/revisions"}],"predecessor-version":[{"id":13651,"href":"https:\/\/agora-eoi.xtec.cat\/eoiolot\/wp-json\/wp\/v2\/pages\/8170\/revisions\/13651"}],"up":[{"embeddable":true,"href":"https:\/\/agora-eoi.xtec.cat\/eoiolot\/wp-json\/wp\/v2\/pages\/8358"}],"wp:attachment":[{"href":"https:\/\/agora-eoi.xtec.cat\/eoiolot\/wp-json\/wp\/v2\/media?parent=8170"}],"curies":[{"name":"wp","href":"https:\/\/api.w.org\/{rel}","templated":true}]}}