{"id":8168,"date":"2016-06-08T17:05:08","date_gmt":"2016-06-08T16:05:08","guid":{"rendered":"https:\/\/agora-eoi.xtec.cat\/eoiolot\/?page_id=8168"},"modified":"2025-07-20T12:53:42","modified_gmt":"2025-07-20T10:53:42","slug":"si-ets-un-docent-en-actiu-en-un-centre-public-concertat-o-municipal","status":"publish","type":"page","link":"https:\/\/agora-eoi.xtec.cat\/eoiolot\/secretaria\/casos-especials-de-matricula\/si-ets-un-docent-en-actiu-en-un-centre-public-concertat-o-municipal\/","title":{"rendered":"SI ETS UN DOCENT EN ACTIU EN UN CENTRE P\u00daBLIC, CONCERTAT O MUNICIPAL"},"content":{"rendered":"\n<div class=\"panel-heading\">\n<div class=\"panel-heading\">\n<h6 class=\"panel-title\"><strong>Programa PIA+ per docents en actiu<\/strong><\/h6>\n<\/div>\n<div>\n<p>Aquest programa del Departament d&#8217;Educaci\u00f3 cerca la <strong>millora constant de la compet\u00e8ncia comunicativa en lleng\u00fces estrangeres del professorat en actiu<\/strong>, tant de centres p\u00fablics com concertats o municipals. Tamb\u00e9 s&#8217;hi poden acollir <strong>inspectors i inspectores<\/strong> en actiu, aix\u00ed com el professorat adscrit als diferents Serveis Territorials i als Centrals del Departament.<\/p>\n<\/div>\n<p>La Generalitat subvenciona el <strong>100% de l&#8217;import base de la matr\u00edcula<\/strong> (quedant-ne exclosa la part corresponent a la <strong>prestaci\u00f3 de serveis acad\u00e8mics <\/strong>i les <strong>penalitzacions per repetici\u00f3 de curs<\/strong>) per tot el professorat no universitari que <strong>cursi i <span style=\"text-decoration: underline;\">superi<\/span> un curs anual<\/strong> de llengua estrangera en una Escola Oficial d&#8217;Idiomes.<\/p>\n<p>Origin\u00e0riament, aquest programa estava concebut com un <em>pla d&#8217;impuls de l&#8217;angl\u00e8s<\/em> (d&#8217;aqu\u00ed el \u00abPIA\u00bb), per\u00f2 actualment s&#8217;est\u00e9n a m\u00e9s lleng\u00fces estrangeres (d&#8217;aqu\u00ed el \u00abplus\u00bb: PIA+). <strong>Us animem a aprofitar aquesta oportunitat i a fer-ne difusi\u00f3 entre els vostres companys\/es!<\/strong><\/p>\n<h6><strong>Lleng\u00fces i nivells coberts per la subvenci\u00f3 a la nostra EOI:<\/strong><\/h6>\n<ul>\n<li><strong>Angl\u00e8s:<\/strong> B2.1, B2.2 i C1.<\/li>\n<li><strong>Alemany:<\/strong> A1, A2 i B1.<\/li>\n<li><strong>Franc\u00e8s: <\/strong>A1, A2, B1 i B2.1.<\/li>\n<\/ul>\n<h6><strong>Com hi pots participar<\/strong><\/h6>\n<p>El proc\u00e9s de preinscripci\u00f3 i matr\u00edcula \u00e9s el mateix que per la resta d&#8217;alumnat, i cal fer el <strong>pagament de la matr\u00edcula i de la prestaci\u00f3 de serveis acad\u00e8mics<\/strong>\u00a0que correspongui. Abans, per\u00f2, consulta el nostre web per si tens dret a algun dels nombrosos <a href=\"https:\/\/agora-eoi.xtec.cat\/eoiolot\/descomptes-i-gratuitats\/descomptes-del-50\/\" target=\"_blank\" rel=\"noopener\"><span style=\"text-decoration: underline;\">descomptes<\/span><\/a> i <a href=\"https:\/\/agora-eoi.xtec.cat\/eoiolot\/descomptes-i-gratuitats\/gratuitats\/\" target=\"_blank\" rel=\"noopener\"><span style=\"text-decoration: underline;\">gratu\u00eftats<\/span><\/a> generals aprovats recentment pel Departament.<\/p>\n<p>En la sol\u00b7licitud de matr\u00edcula <strong>has de fer constar que vols participar en el programa <\/strong>i consignar-hi la teva <strong>adre\u00e7a de correu Xtec<\/strong>. Si ets docent, et demanarem que ens presentis el <strong>carnet<\/strong> corresponent.<\/p>\n<p>D&#8217;aquesta manera, si a final de curs obtens la qualificaci\u00f3 d&#8217;<strong>\u00abapte\/a\u00bb<\/strong>,\u00a0podr\u00e0s <strong>sol\u00b7licitar la devoluci\u00f3 de l&#8217;import base de la matr\u00edcula <\/strong>al Departament <strong>de l&#8217;1 al 14 de juliol<\/strong>. Recorda, com d\u00e8iem, que aquest import no inclou els 30 \u20ac de serveis acad\u00e8mics (o 15 \u20ac si tens dret al 50% de descompte) ni les penalitzacions per repetici\u00f3 de curs.<\/p>\n<h6><strong>I si vull tornar a fer un curs que ja he superat per refrescar coneixements, tamb\u00e9 est\u00e0 subvencionat?<\/strong><\/h6>\n<p>S\u00ed, pots cursar de nou <strong>el curs superat <span style=\"text-decoration: underline;\">o els inferiors<\/span><\/strong> d&#8217;entre els indicats m\u00e9s amunt: A1, A2 i B1 en el cas de l&#8217;alemany, A1, A2, B1 i B2.1 en el cas del franc\u00e8s, i B2.1, B2.2 i C1 en el cas de l&#8217;angl\u00e8s.<\/p>\n<p>Si superes novament aquest curs, obtindr\u00e0s un <strong>certificat d&#8217;aprofitament<\/strong> i podr\u00e0s <strong>sol\u00b7licitar igualment la devoluci\u00f3 de l&#8217;import base de la matr\u00edcula<\/strong> <strong>entre l&#8217;1 i el 14 de juliol<\/strong>. Pots consultar en tot moment l&#8217;enlla\u00e7 al web de l&#8217;XTEC que trobar\u00e0s aqu\u00ed sota i que s&#8217;actualitza oportunament amb tota la informaci\u00f3 m\u00e9s t\u00e8cnica sobre aquest proc\u00e9s. <span style=\"text-decoration: underline;\"><strong>\u00c9s responsabilitat de l&#8217;alumne tramitar la devoluci\u00f3 de les taxes<\/strong><\/span>.<\/p>\n<p>Si tens cap dubtes, escriu un correu a <span style=\"text-decoration: underline;\">info<\/span><span class=\"\"><span style=\"text-decoration: underline;\"><span class=\"\">@eoiolot.cat<\/span><\/span>.<\/span><\/p>\n<p><strong style=\"font-size: 1em;\">M\u00c9S INFORMACI\u00d3<\/strong><\/p>\n<ul>\n<li><span style=\"text-decoration: underline;\"><a href=\"https:\/\/xtec.gencat.cat\/ca\/formacio\/formaciogeneralprofessorat\/llengues\/programa-pia\/\" target=\"_blank\" rel=\"noopener\">Web de l&#8217;XTEC (Xarxa Telem\u00e0tica Educativa de Catalunya)<\/a><\/span><\/li>\n<\/ul>\n<h6><strong>Amb tot aix\u00f2, esperem veure&#8217;t aviat per l&#8217;escola! See you soon! Bis bald! \u00c0 bient\u00f4t!<\/strong><\/h6>\n<p>\u00a0<\/p>\n<\/div>\n","protected":false},"excerpt":{"rendered":"<p>Programa PIA+ per docents en actiu Aquest programa del Departament d&#8217;Educaci\u00f3 cerca la millora constant de la compet\u00e8ncia comunicativa en [&hellip;]<\/p>\n","protected":false},"author":1,"featured_media":0,"parent":10633,"menu_order":10,"comment_status":"closed","ping_status":"closed","template":"","meta":{"_bbp_topic_count":0,"_bbp_reply_count":0,"_bbp_total_topic_count":0,"_bbp_total_reply_count":0,"_bbp_voice_count":0,"_bbp_anonymous_reply_count":0,"_bbp_topic_count_hidden":0,"_bbp_reply_count_hidden":0,"_bbp_forum_subforum_count":0,"site-sidebar-layout":"default","site-content-layout":"","ast-site-content-layout":"default","site-content-style":"default","site-sidebar-style":"default","ast-global-header-display":"","ast-banner-title-visibility":"","ast-main-header-display":"","ast-hfb-above-header-display":"","ast-hfb-below-header-display":"","ast-hfb-mobile-header-display":"","site-post-title":"","ast-breadcrumbs-content":"","ast-featured-img":"","footer-sml-layout":"","theme-transparent-header-meta":"default","adv-header-id-meta":"","stick-header-meta":"","header-above-stick-meta":"","header-main-stick-meta":"","header-below-stick-meta":"","astra-migrate-meta-layouts":"set","ast-page-background-enabled":"default","ast-page-background-meta":{"desktop":{"background-color":"var(--ast-global-color-4)","background-image":"","background-repeat":"repeat","background-position":"center center","background-size":"auto","background-attachment":"scroll","background-type":"","background-media":"","overlay-type":"","overlay-color":"","overlay-opacity":"","overlay-gradient":""},"tablet":{"background-color":"","background-image":"","background-repeat":"repeat","background-position":"center center","background-size":"auto","background-attachment":"scroll","background-type":"","background-media":"","overlay-type":"","overlay-color":"","overlay-opacity":"","overlay-gradient":""},"mobile":{"background-color":"","background-image":"","background-repeat":"repeat","background-position":"center center","background-size":"auto","background-attachment":"scroll","background-type":"","background-media":"","overlay-type":"","overlay-color":"","overlay-opacity":"","overlay-gradient":""}},"ast-content-background-meta":{"desktop":{"background-color":"var(--ast-global-color-5)","background-image":"","background-repeat":"repeat","background-position":"center center","background-size":"auto","background-attachment":"scroll","background-type":"","background-media":"","overlay-type":"","overlay-color":"","overlay-opacity":"","overlay-gradient":""},"tablet":{"background-color":"var(--ast-global-color-5)","background-image":"","background-repeat":"repeat","background-position":"center center","background-size":"auto","background-attachment":"scroll","background-type":"","background-media":"","overlay-type":"","overlay-color":"","overlay-opacity":"","overlay-gradient":""},"mobile":{"background-color":"var(--ast-global-color-5)","background-image":"","background-repeat":"repeat","background-position":"center center","background-size":"auto","background-attachment":"scroll","background-type":"","background-media":"","overlay-type":"","overlay-color":"","overlay-opacity":"","overlay-gradient":""}},"footnotes":""},"class_list":["post-8168","page","type-page","status-publish","hentry"],"post_mailing_queue_ids":[],"_links":{"self":[{"href":"https:\/\/agora-eoi.xtec.cat\/eoiolot\/wp-json\/wp\/v2\/pages\/8168","targetHints":{"allow":["GET"]}}],"collection":[{"href":"https:\/\/agora-eoi.xtec.cat\/eoiolot\/wp-json\/wp\/v2\/pages"}],"about":[{"href":"https:\/\/agora-eoi.xtec.cat\/eoiolot\/wp-json\/wp\/v2\/types\/page"}],"author":[{"embeddable":true,"href":"https:\/\/agora-eoi.xtec.cat\/eoiolot\/wp-json\/wp\/v2\/users\/1"}],"replies":[{"embeddable":true,"href":"https:\/\/agora-eoi.xtec.cat\/eoiolot\/wp-json\/wp\/v2\/comments?post=8168"}],"version-history":[{"count":6,"href":"https:\/\/agora-eoi.xtec.cat\/eoiolot\/wp-json\/wp\/v2\/pages\/8168\/revisions"}],"predecessor-version":[{"id":13589,"href":"https:\/\/agora-eoi.xtec.cat\/eoiolot\/wp-json\/wp\/v2\/pages\/8168\/revisions\/13589"}],"up":[{"embeddable":true,"href":"https:\/\/agora-eoi.xtec.cat\/eoiolot\/wp-json\/wp\/v2\/pages\/10633"}],"wp:attachment":[{"href":"https:\/\/agora-eoi.xtec.cat\/eoiolot\/wp-json\/wp\/v2\/media?parent=8168"}],"curies":[{"name":"wp","href":"https:\/\/api.w.org\/{rel}","templated":true}]}}