{"id":8153,"date":"2016-06-08T16:43:37","date_gmt":"2016-06-08T15:43:37","guid":{"rendered":"https:\/\/agora-eoi.xtec.cat\/eoiolot\/?page_id=8153"},"modified":"2024-02-06T20:10:06","modified_gmt":"2024-02-06T19:10:06","slug":"cursos-intensius-destiu","status":"publish","type":"page","link":"https:\/\/agora-eoi.xtec.cat\/eoiolot\/quins-estudis-oferim\/cursos-intensius-destiu\/","title":{"rendered":"CURSOS INTENSIUS D&#8217;ESTIU"},"content":{"rendered":"<p><span style=\"font-weight: 400;\">Els cursos intensius d\u2019estiu s\u00f3n una <b>bona oportunitat per mantenir i millorar l\u2019idioma en poques setmanes<\/b> i en un ambient molt relaxat i dist\u00e8s. I amb aire condicionat, per descomptat! Si est\u00e0s interessat en fer un curs d&#8217;estiu, omple aquest <span style=\"text-decoration: underline; color: #993366;\"><a style=\"color: #993366;\" href=\"https:\/\/docs.google.com\/forms\/d\/e\/1FAIpQLSfzW25LNu6np3iOahAf7Ehe3TNI7Dx_jdKCUJfWMmUWKx-vAw\/viewform?usp=sf_link\"><strong>formulari<\/strong><\/a><\/span>.<\/span><\/p>\n<p><span style=\"font-weight: 400;\">Superar un curs d&#8217;estiu comporta l&#8217;<\/span><b>obtenci\u00f3 d&#8217;un<\/b> <b>certificat de nivell<\/b><span style=\"font-weight: 400;\"> que permet sol\u00b7licitar l&#8217;acc\u00e9s a un curs ordinari de qualsevol Escola Oficial d&#8217;Idiomes de Catalunya durant la preinscripci\u00f3 i matr\u00edcula del mateix any natural en qu\u00e8 s&#8217;ha superat el curs intensiu, <\/span><b>sense que calgui realitzar cap test de nivell ni al\u00b7legar cap altra titulaci\u00f3<\/b><span style=\"font-weight: 400;\"> si es vol accedir a un nivell superior a l&#8217;A1 (primer curs).<\/span><\/p>\n<p><span style=\"font-weight: 400;\">At\u00e8s que la durada dels cursos intensius equival a la meitat dels cursos anuals, els <\/span><b>cursos A<\/b><span style=\"font-weight: 400;\"> (que cobreixen la primera meitat del contingut d&#8217;un curs anual) permeten sol\u00b7licitar l&#8217;<\/span><b>acc\u00e9s al mateix nivell del curs anual<\/b><span style=\"font-weight: 400;\"> que comenci al setembre immediatament seg\u00fcent, i els <\/span><b>cursos B<\/b><span style=\"font-weight: 400;\"> (que cobreixen la segona meitat d&#8217;un curs anual) permeten sol\u00b7licitar l&#8217;<\/span><b>acc\u00e9s al nivell seg\u00fcent<\/b><span style=\"font-weight: 400;\">.<\/span><\/p>\n<p><b>Exemple de curs A:<\/b><span style=\"font-weight: 400;\"> superar un <\/span><b>3r A<\/b><span style=\"font-weight: 400;\"> d&#8217;angl\u00e8s d&#8217;estiu permet sol\u00b7licitar l&#8217;acc\u00e9s a un <\/span><b>tercer curs (nivell B1)<\/b><span style=\"font-weight: 400;\"> anual en el curs immediatement seg\u00fcent.<\/span><\/p>\n<p><b>Exemple de curs B:<\/b><span style=\"font-weight: 400;\"> superar un <\/span><b>3r B<\/b><span style=\"font-weight: 400;\"> d&#8217;angl\u00e8s d&#8217;estiu permet sol\u00b7licitar l&#8217;acc\u00e9s a un <\/span><b>quart curs (nivell B2.1)<\/b><span style=\"font-weight: 400;\"> anual en el curs immediatement seg\u00fcent.<\/span><\/p>\n<p><span style=\"font-weight: 400;\">Per \u00faltim, superar un curs intensiu d&#8217;estiu permet sol\u00b7licitar l&#8217;<\/span><b>acc\u00e9s al nivell seg\u00fcent de l&#8217;Escola d&#8217;Estiu <\/b><span style=\"font-weight: 400;\">durant els dos anys seg\u00fcents.<\/span><\/p>\n<p><span style=\"font-weight: 400;\">Exemple: un <\/span><b>1r A<\/b><span style=\"font-weight: 400;\"> d&#8217;alemany d&#8217;estiu superat el 2022 permet sol\u00b7licitar l&#8217;acc\u00e9s al <\/span><b>1r B<\/b><span style=\"font-weight: 400;\"> d&#8217;estiu tant al 2023 com al 2024. Passats aquests dos anys, cal superar un test de nivell o al\u00b7legar una<\/span><a href=\"https:\/\/portaldogc.gencat.cat\/utilsEADOP\/PDF\/8429\/1856439.pdf\"> <span style=\"font-weight: 400;\">titulaci\u00f3 reconeguda pel Departament d&#8217;Educaci\u00f3<\/span><\/a><span style=\"font-weight: 400;\">.<\/span><\/p>\n<p><span style=\"font-weight: 400;\">Els cursos d&#8217;estiu s\u00f3n una <\/span><b>bona oportunitat per mantenir i millorar l&#8217;idioma en poques setmanes<\/b><span style=\"font-weight: 400;\"> i en un ambient m\u00e9s relaxat i dist\u00e8s. I amb aire condicionat, per descomptat!<\/span><\/p>\n<h6><strong>Ens veiem al juliol a l&#8217;Escola d&#8217;Estiu 2024!<\/strong><\/h6>\n<p>&nbsp;<\/p>\n","protected":false},"excerpt":{"rendered":"<p>Els cursos intensius d\u2019estiu s\u00f3n una bona oportunitat per mantenir i millorar l\u2019idioma en poques setmanes i en un ambient [&hellip;]<\/p>\n","protected":false},"author":1,"featured_media":0,"parent":9836,"menu_order":30,"comment_status":"closed","ping_status":"closed","template":"page-templates\/side-menu.php","meta":{"_bbp_topic_count":0,"_bbp_reply_count":0,"_bbp_total_topic_count":0,"_bbp_total_reply_count":0,"_bbp_voice_count":0,"_bbp_anonymous_reply_count":0,"_bbp_topic_count_hidden":0,"_bbp_reply_count_hidden":0,"_bbp_forum_subforum_count":0,"site-sidebar-layout":"default","site-content-layout":"","ast-site-content-layout":"","site-content-style":"default","site-sidebar-style":"default","ast-global-header-display":"","ast-banner-title-visibility":"","ast-main-header-display":"","ast-hfb-above-header-display":"","ast-hfb-below-header-display":"","ast-hfb-mobile-header-display":"","site-post-title":"","ast-breadcrumbs-content":"","ast-featured-img":"","footer-sml-layout":"","theme-transparent-header-meta":"","adv-header-id-meta":"","stick-header-meta":"","header-above-stick-meta":"","header-main-stick-meta":"","header-below-stick-meta":"","astra-migrate-meta-layouts":"default","ast-page-background-enabled":"default","ast-page-background-meta":{"desktop":{"background-color":"var(--ast-global-color-4)","background-image":"","background-repeat":"repeat","background-position":"center center","background-size":"auto","background-attachment":"scroll","background-type":"","background-media":"","overlay-type":"","overlay-color":"","overlay-opacity":"","overlay-gradient":""},"tablet":{"background-color":"","background-image":"","background-repeat":"repeat","background-position":"center center","background-size":"auto","background-attachment":"scroll","background-type":"","background-media":"","overlay-type":"","overlay-color":"","overlay-opacity":"","overlay-gradient":""},"mobile":{"background-color":"","background-image":"","background-repeat":"repeat","background-position":"center center","background-size":"auto","background-attachment":"scroll","background-type":"","background-media":"","overlay-type":"","overlay-color":"","overlay-opacity":"","overlay-gradient":""}},"ast-content-background-meta":{"desktop":{"background-color":"var(--ast-global-color-5)","background-image":"","background-repeat":"repeat","background-position":"center center","background-size":"auto","background-attachment":"scroll","background-type":"","background-media":"","overlay-type":"","overlay-color":"","overlay-opacity":"","overlay-gradient":""},"tablet":{"background-color":"var(--ast-global-color-5)","background-image":"","background-repeat":"repeat","background-position":"center center","background-size":"auto","background-attachment":"scroll","background-type":"","background-media":"","overlay-type":"","overlay-color":"","overlay-opacity":"","overlay-gradient":""},"mobile":{"background-color":"var(--ast-global-color-5)","background-image":"","background-repeat":"repeat","background-position":"center center","background-size":"auto","background-attachment":"scroll","background-type":"","background-media":"","overlay-type":"","overlay-color":"","overlay-opacity":"","overlay-gradient":""}},"footnotes":""},"class_list":["post-8153","page","type-page","status-publish","hentry"],"post_mailing_queue_ids":[],"_links":{"self":[{"href":"https:\/\/agora-eoi.xtec.cat\/eoiolot\/wp-json\/wp\/v2\/pages\/8153","targetHints":{"allow":["GET"]}}],"collection":[{"href":"https:\/\/agora-eoi.xtec.cat\/eoiolot\/wp-json\/wp\/v2\/pages"}],"about":[{"href":"https:\/\/agora-eoi.xtec.cat\/eoiolot\/wp-json\/wp\/v2\/types\/page"}],"author":[{"embeddable":true,"href":"https:\/\/agora-eoi.xtec.cat\/eoiolot\/wp-json\/wp\/v2\/users\/1"}],"replies":[{"embeddable":true,"href":"https:\/\/agora-eoi.xtec.cat\/eoiolot\/wp-json\/wp\/v2\/comments?post=8153"}],"version-history":[{"count":5,"href":"https:\/\/agora-eoi.xtec.cat\/eoiolot\/wp-json\/wp\/v2\/pages\/8153\/revisions"}],"predecessor-version":[{"id":12849,"href":"https:\/\/agora-eoi.xtec.cat\/eoiolot\/wp-json\/wp\/v2\/pages\/8153\/revisions\/12849"}],"up":[{"embeddable":true,"href":"https:\/\/agora-eoi.xtec.cat\/eoiolot\/wp-json\/wp\/v2\/pages\/9836"}],"wp:attachment":[{"href":"https:\/\/agora-eoi.xtec.cat\/eoiolot\/wp-json\/wp\/v2\/media?parent=8153"}],"curies":[{"name":"wp","href":"https:\/\/api.w.org\/{rel}","templated":true}]}}