{"id":8151,"date":"2016-06-08T16:42:13","date_gmt":"2016-06-08T15:42:13","guid":{"rendered":"https:\/\/agora-eoi.xtec.cat\/eoiolot\/?page_id=8151"},"modified":"2025-07-20T12:34:51","modified_gmt":"2025-07-20T10:34:51","slug":"cursos-anuals","status":"publish","type":"page","link":"https:\/\/agora-eoi.xtec.cat\/eoiolot\/el-servei-educatiu\/cursos-anuals\/","title":{"rendered":"CURSOS ORDINARIS ANUALS"},"content":{"rendered":"\n<h5 class=\"wp-block-heading\"><strong>DURADA DELS CURSOS<\/strong><\/h5>\n\n\n\n<p>Els cursos ordinaris anuals d&#8217;<strong>alemany<\/strong>, <strong>angl\u00e8s<\/strong> i <strong>franc\u00e8s<\/strong> tenen una durada m\u00ednima de <strong>130 hores<\/strong>.<\/p>\n\n\n\n<p>Les classes comencen a <strong>finals de setembre<\/strong> i acaben a <strong>finals de maig<\/strong>, seguint el calendari establert anualment pel Departament d&#8217;Educaci\u00f3.<\/p>\n\n\n\n<p>Els <strong>ex\u00e0mens<\/strong> de certificaci\u00f3 i les proves d&#8217;<strong>avaluaci\u00f3 final<\/strong> es celebren entre <strong>finals de maig<\/strong> i <strong>comen\u00e7aments de juny<\/strong>.<\/p>\n\n\n\n<p>En aquest enlla\u00e7 hi trobar\u00e0s el <span style=\"text-decoration: underline;\"><a href=\"https:\/\/agora-eoi.xtec.cat\/eoiolot\/calendari-escolar\/\" target=\"_blank\" rel=\"noopener\">calendari escolar 2025-2026<\/a><\/span> detallat, i tant el professorat com el web de l&#8217;escola informaran puntualment de les dates a recordar.<\/p>\n\n\n\n<h5 class=\"wp-block-heading\"><strong><br>HORARI DE LES CLASSES<\/strong><\/h5>\n\n\n\n<p>Les classes s\u00f3n en horari de tarda i en dies alterns: o b\u00e9 en <strong>dilluns i dimecres<\/strong> o b\u00e9 en <strong>dimarts i dijous<\/strong>.<\/p>\n\n\n\n<p>L&#8217;horari del primer torn \u00e9s de<strong> 16.00 a 18.15 h<\/strong>, i el del segon torn de <strong>18.30 a 20.45 h<\/strong>. La tria de l\u2019horari es fa en el moment de matricular-se, i pots escollir entre les opcions de dies i franges hor\u00e0ries disponibles cada any a la seu d&#8217;Olot i a la de Ripoll.<\/p>\n\n\n\n<p>Les classes tenen una durada de <strong>2 hores i 15 minuts<\/strong>, i inclouen<strong> una o dues pauses<\/strong> durant la sessi\u00f3 per fer un mos o un caf\u00e8, socialitzar amb els companys i companyes i maximitzar la capacitat d&#8217;absorci\u00f3 d&#8217;informaci\u00f3 i d&#8217;aprenentatge del cervell. Unes veritables <strong>tardes d&#8217;immersi\u00f3 en llengua estrangera. Aprofita-les!<\/strong><\/p>\n\n\n\n<p>I si per incompatibilitat hor\u00e0ria justificada no pots assistir sempre a les sessions senceres, no t&#8217;amo\u00efnis: parla&#8217;n amb el teu professor o professora perqu\u00e8 t&#8217;orienti i no et tallis: <strong>venir a una part de la classe \u00e9s infinitament millor que no venir<\/strong>. La const\u00e0ncia i l&#8217;autoestabliment d&#8217;objectius s\u00f3n la clau de l&#8217;\u00e8xit en l&#8217;aprenentatge d&#8217;idiomes!<\/p>\n\n\n\n<h5 class=\"wp-block-heading\"><strong><br>IDIOMES I NIVELLS<\/strong><\/h5>\n\n\n\n<p>Els idiomes i nivells disponibles el proper curs 2025-2026 a cada una de les dues seus amb qu\u00e8 compta l&#8217;escola s\u00f3n els seg\u00fcents:<\/p>\n\n\n\n<h6 class=\"wp-block-heading\"><strong>Olot<\/strong><\/h6>\n\n\n\n<figure class=\"wp-block-table\"><table class=\"has-fixed-layout\"><tbody><tr><td colspan=\"3\">\n<h6><strong>ALEMANY<\/strong><\/h6>\n<\/td><\/tr><tr><td>Primer<\/td><td>A1<\/td><td rowspan=\"2\">Nivell B\u00e0sic<\/td><\/tr><tr><td>Segon<\/td><td>A2<\/td><\/tr><tr><td>Tercer<\/td><td>B1<\/td><td>Nivell Intermedi<\/td><\/tr><\/tbody><\/table><\/figure>\n\n\n\n<figure class=\"wp-block-table\"><table class=\"has-fixed-layout\"><tbody><tr><td colspan=\"3\">\n<h6><strong>ANGL\u00c8S<\/strong><\/h6>\n<\/td><\/tr><tr><td>Primer<\/td><td>A1<\/td><td rowspan=\"2\">Nivell B\u00e0sic<\/td><\/tr><tr><td>Segon<\/td><td>A2<\/td><\/tr><tr><td>Tercer<\/td><td>B1<\/td><td rowspan=\"3\">Nivell Intermedi<\/td><\/tr><tr><td>Quart<\/td><td>B2.1<\/td><\/tr><tr><td>Cinqu\u00e8<\/td><td>B2.2<\/td><\/tr><tr><td>Sis\u00e8<\/td><td>C1<\/td><td>Nivell Avan\u00e7at<\/td><\/tr><\/tbody><\/table><\/figure>\n\n\n\n<figure class=\"wp-block-table\"><table class=\"has-fixed-layout\"><tbody><tr><td colspan=\"3\"><br><h6><strong><h6><strong>FRANC\u00c8S<\/strong><\/h6><\/strong><\/h6><br><\/td><\/tr><tr><td>Primer<\/td><td>A1<\/td><td rowspan=\"2\">Nivell B\u00e0sic<\/td><\/tr><tr><td>Segon<\/td><td>A2<\/td><\/tr><tr><td>Tercer<\/td><td>B1<\/td><td rowspan=\"3\">Nivell Intermedi<\/td><\/tr><tr><td>Quart<\/td><td>B2.1<\/td><\/tr><\/tbody><\/table><\/figure>\n\n\n\n<h6 class=\"wp-block-heading\"><strong><br>Ripoll<\/strong><\/h6>\n\n\n\n<figure class=\"wp-block-table\"><table class=\"has-fixed-layout\"><tbody><tr><td colspan=\"3\">\n<h6><strong>ANGL\u00c8S<\/strong><\/h6>\n<\/td><\/tr><tr><td>Primer<\/td><td>A1<\/td><td rowspan=\"2\">Nivell B\u00e0sic<\/td><\/tr><tr><td>Segon<\/td><td>A2<\/td><\/tr><tr><td>Tercer<\/td><td>B1<\/td><td rowspan=\"3\">Nivell Intermedi<\/td><\/tr><tr><td>Quart<\/td><td>B2.1<\/td><\/tr><tr><td>Cinqu\u00e8<\/td><td>B2.2<\/td><\/tr><tr><td>Sis\u00e8<\/td><td>C1<\/td><td>Nivell Avan\u00e7at<\/td><\/tr><\/tbody><\/table><\/figure>\n\n\n\n<figure class=\"wp-block-table\"><table class=\"has-fixed-layout\"><tbody><tr><td colspan=\"3\">\n<h6><strong>FRANC\u00c8S<\/strong><\/h6>\n<\/td><\/tr><tr><td>Primer<\/td><td>A1<\/td><td rowspan=\"2\">Nivell B\u00e0sic<\/td><\/tr><tr><td>Segon<\/td><td>A2<\/td><\/tr><tr><td>Tercer<\/td><td>B1<\/td><td>Nivell Intermedi<\/td><\/tr><\/tbody><\/table><\/figure>\n\n\n\n<p>&nbsp;<\/p>\n","protected":false},"excerpt":{"rendered":"<p>DURADA DELS CURSOS Els cursos ordinaris anuals d&#8217;alemany, angl\u00e8s i franc\u00e8s tenen una durada m\u00ednima de 130 hores. Les classes [&hellip;]<\/p>\n","protected":false},"author":1,"featured_media":0,"parent":806,"menu_order":3,"comment_status":"closed","ping_status":"closed","template":"","meta":{"_bbp_topic_count":0,"_bbp_reply_count":0,"_bbp_total_topic_count":0,"_bbp_total_reply_count":0,"_bbp_voice_count":0,"_bbp_anonymous_reply_count":0,"_bbp_topic_count_hidden":0,"_bbp_reply_count_hidden":0,"_bbp_forum_subforum_count":0,"site-sidebar-layout":"default","site-content-layout":"","ast-site-content-layout":"default","site-content-style":"default","site-sidebar-style":"default","ast-global-header-display":"","ast-banner-title-visibility":"","ast-main-header-display":"","ast-hfb-above-header-display":"","ast-hfb-below-header-display":"","ast-hfb-mobile-header-display":"","site-post-title":"","ast-breadcrumbs-content":"","ast-featured-img":"","footer-sml-layout":"","theme-transparent-header-meta":"default","adv-header-id-meta":"","stick-header-meta":"","header-above-stick-meta":"","header-main-stick-meta":"","header-below-stick-meta":"","astra-migrate-meta-layouts":"set","ast-page-background-enabled":"default","ast-page-background-meta":{"desktop":{"background-color":"var(--ast-global-color-4)","background-image":"","background-repeat":"repeat","background-position":"center center","background-size":"auto","background-attachment":"scroll","background-type":"","background-media":"","overlay-type":"","overlay-color":"","overlay-opacity":"","overlay-gradient":""},"tablet":{"background-color":"","background-image":"","background-repeat":"repeat","background-position":"center center","background-size":"auto","background-attachment":"scroll","background-type":"","background-media":"","overlay-type":"","overlay-color":"","overlay-opacity":"","overlay-gradient":""},"mobile":{"background-color":"","background-image":"","background-repeat":"repeat","background-position":"center center","background-size":"auto","background-attachment":"scroll","background-type":"","background-media":"","overlay-type":"","overlay-color":"","overlay-opacity":"","overlay-gradient":""}},"ast-content-background-meta":{"desktop":{"background-color":"var(--ast-global-color-5)","background-image":"","background-repeat":"repeat","background-position":"center center","background-size":"auto","background-attachment":"scroll","background-type":"","background-media":"","overlay-type":"","overlay-color":"","overlay-opacity":"","overlay-gradient":""},"tablet":{"background-color":"var(--ast-global-color-5)","background-image":"","background-repeat":"repeat","background-position":"center center","background-size":"auto","background-attachment":"scroll","background-type":"","background-media":"","overlay-type":"","overlay-color":"","overlay-opacity":"","overlay-gradient":""},"mobile":{"background-color":"var(--ast-global-color-5)","background-image":"","background-repeat":"repeat","background-position":"center center","background-size":"auto","background-attachment":"scroll","background-type":"","background-media":"","overlay-type":"","overlay-color":"","overlay-opacity":"","overlay-gradient":""}},"footnotes":""},"class_list":["post-8151","page","type-page","status-publish","hentry"],"post_mailing_queue_ids":[],"_links":{"self":[{"href":"https:\/\/agora-eoi.xtec.cat\/eoiolot\/wp-json\/wp\/v2\/pages\/8151","targetHints":{"allow":["GET"]}}],"collection":[{"href":"https:\/\/agora-eoi.xtec.cat\/eoiolot\/wp-json\/wp\/v2\/pages"}],"about":[{"href":"https:\/\/agora-eoi.xtec.cat\/eoiolot\/wp-json\/wp\/v2\/types\/page"}],"author":[{"embeddable":true,"href":"https:\/\/agora-eoi.xtec.cat\/eoiolot\/wp-json\/wp\/v2\/users\/1"}],"replies":[{"embeddable":true,"href":"https:\/\/agora-eoi.xtec.cat\/eoiolot\/wp-json\/wp\/v2\/comments?post=8151"}],"version-history":[{"count":6,"href":"https:\/\/agora-eoi.xtec.cat\/eoiolot\/wp-json\/wp\/v2\/pages\/8151\/revisions"}],"predecessor-version":[{"id":13581,"href":"https:\/\/agora-eoi.xtec.cat\/eoiolot\/wp-json\/wp\/v2\/pages\/8151\/revisions\/13581"}],"up":[{"embeddable":true,"href":"https:\/\/agora-eoi.xtec.cat\/eoiolot\/wp-json\/wp\/v2\/pages\/806"}],"wp:attachment":[{"href":"https:\/\/agora-eoi.xtec.cat\/eoiolot\/wp-json\/wp\/v2\/media?parent=8151"}],"curies":[{"name":"wp","href":"https:\/\/api.w.org\/{rel}","templated":true}]}}