{"id":13931,"date":"2025-10-18T14:59:50","date_gmt":"2025-10-18T12:59:50","guid":{"rendered":"https:\/\/agora-eoi.xtec.cat\/eoiolot\/?page_id=13931"},"modified":"2025-10-18T14:59:51","modified_gmt":"2025-10-18T12:59:51","slug":"centre-formador","status":"publish","type":"page","link":"https:\/\/agora-eoi.xtec.cat\/eoiolot\/viuleoi\/centre-formador\/","title":{"rendered":"CENTRE FORMADOR"},"content":{"rendered":"\n<p>L\u2019Escola Oficial d\u2019Idiomes d\u2019Olot \u00e9s\u00a0<a href=\"https:\/\/xtec.gencat.cat\/ca\/formacio\/centres-formadors\/els-centres-formadors\/\"><strong>centre formador<\/strong>\u00a0reconegut pel Departament d\u2019Educaci\u00f3<\/a>.<\/p>\n\n\n\n<p>Els Centres Formadors s\u00f3n centres educatius sostinguts amb fons p\u00fablics que acullen estudiants dels pr\u00e0cticums dels graus i m\u00e0sters universitaris. Constitueixen un entorn d&#8217;aprenentatge, on la reflexi\u00f3 pedag\u00f2gica compartida, el treball en equip, l&#8217;aprenentatge competencial centrat en l&#8217;estudiant, l&#8217;acci\u00f3 tutorial i orientadora, i la implicaci\u00f3 amb l&#8217;entorn s\u00f3n elements clau per promoure la identitat docent basada en un model de professorat competent i comprom\u00e8s amb l&#8217;\u00e8xit educatiu per a tot l\u2019alumnat tal com queda recollit a l\u2019<strong><a href=\"https:\/\/dogc.gencat.cat\/ca\/document-del-dogc\/?documentId=893962\" target=\"_blank\" rel=\"noreferrer noopener\">ORDRE EDU\/39\/2021, de 16 de febrer<\/a><\/strong>.<\/p>\n\n\n\n<p>El centre ha de garantir en l&#8217;estudiant en pr\u00e0ctiques un acompanyament capacitador orientat a promoure de manera sistem\u00e0tica la reflexi\u00f3 i la presa de consci\u00e8ncia del mateix proc\u00e9s d&#8217;aprenentatge. Aquest acompanyament \u00e9s necessari per construir unes pr\u00e0ctiques professionalitzadores.<\/p>\n\n\n\n<p>Esdevenir centre formador \u00e9s la manifestaci\u00f3 d\u2019una voluntat per contribuir a la professionalitzaci\u00f3 de la doc\u00e8ncia des de l\u2019experi\u00e8ncia, en una reflexi\u00f3 dirigida a la millora i la innovaci\u00f3.<\/p>\n\n\n\n<p>El centre formador s\u2019ha de construir a partir d\u2019uns principis comuns centrats en l\u2019aprenentatge dels infants, dels joves, dels docents i d\u2019altres agents de l\u2019entorn. Els principis com a&nbsp;<strong>valors \u00e8tics, socials i professionals<\/strong>&nbsp;s\u00f3n les directrius essencials que tota organitzaci\u00f3 educativa ha de compartir, entendre, construir i assumir des del consens. Constitueixen la identitat del centre en tots els \u00e0mbits i nivells d\u2019actuaci\u00f3 i s\u00f3n necessaris per visibilitzar la manera de ser i fer del centre com a organitzaci\u00f3.<\/p>\n\n\n\n<p>Concretem&nbsp;<strong>cinc principis identitaris<\/strong>&nbsp;dels centres formadors:<\/p>\n\n\n\n<ul class=\"wp-block-list\">\n<li>Acollida i acompanyament per a la formaci\u00f3 de l\u2019estudiant en pr\u00e0ctiques.<\/li>\n\n\n\n<li>Lideratge per a la professionalitzaci\u00f3 docent.<\/li>\n\n\n\n<li>Formaci\u00f3 per a la professionalitzaci\u00f3 docent.<\/li>\n\n\n\n<li>Col\u00b7laboraci\u00f3 amb la universitat per a la construcci\u00f3 i transfer\u00e8ncia de coneixement.<\/li>\n\n\n\n<li>Avaluaci\u00f3 com a proc\u00e9s de millora cont\u00ednua i de transformaci\u00f3.<\/li>\n<\/ul>\n","protected":false},"excerpt":{"rendered":"<p>L\u2019Escola Oficial d\u2019Idiomes d\u2019Olot \u00e9s\u00a0centre formador\u00a0reconegut pel Departament d\u2019Educaci\u00f3. Els Centres Formadors s\u00f3n centres educatius sostinguts amb fons p\u00fablics que [&hellip;]<\/p>\n","protected":false},"author":1,"featured_media":0,"parent":8411,"menu_order":0,"comment_status":"closed","ping_status":"close","template":"","meta":{"_bbp_topic_count":0,"_bbp_reply_count":0,"_bbp_total_topic_count":0,"_bbp_total_reply_count":0,"_bbp_voice_count":0,"_bbp_anonymous_reply_count":0,"_bbp_topic_count_hidden":0,"_bbp_reply_count_hidden":0,"_bbp_forum_subforum_count":0,"site-sidebar-layout":"default","site-content-layout":"","ast-site-content-layout":"default","site-content-style":"default","site-sidebar-style":"default","ast-global-header-display":"","ast-banner-title-visibility":"","ast-main-header-display":"","ast-hfb-above-header-display":"","ast-hfb-below-header-display":"","ast-hfb-mobile-header-display":"","site-post-title":"","ast-breadcrumbs-content":"","ast-featured-img":"","footer-sml-layout":"","theme-transparent-header-meta":"","adv-header-id-meta":"","stick-header-meta":"","header-above-stick-meta":"","header-main-stick-meta":"","header-below-stick-meta":"","astra-migrate-meta-layouts":"set","ast-page-background-enabled":"default","ast-page-background-meta":{"desktop":{"background-color":"var(--ast-global-color-4)","background-image":"","background-repeat":"repeat","background-position":"center center","background-size":"auto","background-attachment":"scroll","background-type":"","background-media":"","overlay-type":"","overlay-color":"","overlay-opacity":"","overlay-gradient":""},"tablet":{"background-color":"","background-image":"","background-repeat":"repeat","background-position":"center center","background-size":"auto","background-attachment":"scroll","background-type":"","background-media":"","overlay-type":"","overlay-color":"","overlay-opacity":"","overlay-gradient":""},"mobile":{"background-color":"","background-image":"","background-repeat":"repeat","background-position":"center center","background-size":"auto","background-attachment":"scroll","background-type":"","background-media":"","overlay-type":"","overlay-color":"","overlay-opacity":"","overlay-gradient":""}},"ast-content-background-meta":{"desktop":{"background-color":"var(--ast-global-color-5)","background-image":"","background-repeat":"repeat","background-position":"center center","background-size":"auto","background-attachment":"scroll","background-type":"","background-media":"","overlay-type":"","overlay-color":"","overlay-opacity":"","overlay-gradient":""},"tablet":{"background-color":"var(--ast-global-color-5)","background-image":"","background-repeat":"repeat","background-position":"center center","background-size":"auto","background-attachment":"scroll","background-type":"","background-media":"","overlay-type":"","overlay-color":"","overlay-opacity":"","overlay-gradient":""},"mobile":{"background-color":"var(--ast-global-color-5)","background-image":"","background-repeat":"repeat","background-position":"center center","background-size":"auto","background-attachment":"scroll","background-type":"","background-media":"","overlay-type":"","overlay-color":"","overlay-opacity":"","overlay-gradient":""}},"footnotes":""},"class_list":["post-13931","page","type-page","status-publish","hentry"],"post_mailing_queue_ids":[],"_links":{"self":[{"href":"https:\/\/agora-eoi.xtec.cat\/eoiolot\/wp-json\/wp\/v2\/pages\/13931","targetHints":{"allow":["GET"]}}],"collection":[{"href":"https:\/\/agora-eoi.xtec.cat\/eoiolot\/wp-json\/wp\/v2\/pages"}],"about":[{"href":"https:\/\/agora-eoi.xtec.cat\/eoiolot\/wp-json\/wp\/v2\/types\/page"}],"author":[{"embeddable":true,"href":"https:\/\/agora-eoi.xtec.cat\/eoiolot\/wp-json\/wp\/v2\/users\/1"}],"replies":[{"embeddable":true,"href":"https:\/\/agora-eoi.xtec.cat\/eoiolot\/wp-json\/wp\/v2\/comments?post=13931"}],"version-history":[{"count":1,"href":"https:\/\/agora-eoi.xtec.cat\/eoiolot\/wp-json\/wp\/v2\/pages\/13931\/revisions"}],"predecessor-version":[{"id":13932,"href":"https:\/\/agora-eoi.xtec.cat\/eoiolot\/wp-json\/wp\/v2\/pages\/13931\/revisions\/13932"}],"up":[{"embeddable":true,"href":"https:\/\/agora-eoi.xtec.cat\/eoiolot\/wp-json\/wp\/v2\/pages\/8411"}],"wp:attachment":[{"href":"https:\/\/agora-eoi.xtec.cat\/eoiolot\/wp-json\/wp\/v2\/media?parent=13931"}],"curies":[{"name":"wp","href":"https:\/\/api.w.org\/{rel}","templated":true}]}}