{"id":12996,"date":"2024-07-02T13:48:14","date_gmt":"2024-07-02T11:48:14","guid":{"rendered":"https:\/\/agora-eoi.xtec.cat\/eoiolot\/?page_id=12996"},"modified":"2025-09-16T13:36:35","modified_gmt":"2025-09-16T11:36:35","slug":"matricula-2024-2025-juliol","status":"publish","type":"page","link":"https:\/\/agora-eoi.xtec.cat\/eoiolot\/secretaria\/matricula-2024-2025-juliol\/","title":{"rendered":"MATRICULA 2025-2026 (JULIOL)"},"content":{"rendered":"\n<p>&nbsp;<\/p>\n\n\n\n<ul class=\"wp-block-list\">\n<li><strong>Els horaris:<\/strong>&nbsp;<a href=\"https:\/\/agora-eoi.xtec.cat\/eoiolot\/alemany\/horaris-professorat\/\" target=\"_blank\" rel=\"noopener noreferrer\">ALEMANY<\/a>&nbsp;\u2013&nbsp;<a href=\"https:\/\/agora-eoi.xtec.cat\/eoiolot\/angles\/horaris-i-professorat\/\" target=\"_blank\" rel=\"noopener noreferrer\">ANGL\u00c8S<\/a>&nbsp;\u2013&nbsp;<a href=\"https:\/\/agora-eoi.xtec.cat\/eoiolot\/frances\/horaris-i-professorat\/\" target=\"_blank\" rel=\"noopener noreferrer\">FRANC\u00c8S<\/a><\/li>\n\n\n\n<li><a href=\"https:\/\/www.informaticacentros.com\/centrosnet\/ultralogin.php?tcentro=EOI&amp;centro=GE4\" target=\"_blank\" rel=\"noopener\">MATR\u00cdCULA: ALUMNES OFICIALS D\u2019OLOT<\/a><\/li>\n\n\n\n<li><a href=\"https:\/\/www.informaticacentros.com\/centrosnet\/ultralogin.php?tcentro=EOI&amp;centro=GE2\" target=\"_blank\" rel=\"noopener\">MATR\u00cdCULA: ALUMNES OFICIALS DE RIPOLL<\/a><\/li>\n<\/ul>\n\n\n\n<div class=\"editora\">\n<h6><strong>MOLT IMPORTANT! ES FAN DOS PAGAMENTS DIFERENCIATS:<\/strong><\/h6>\n<h6><strong>1. Pagament de la matr\u00edcula (import que acompanya el\u00a0codi de barres\u00a0del resguard)<\/strong><\/h6>\n<p>Es paguen\u00a0<a href=\"https:\/\/www2.caixabank.es\/apl\/pagos\/index_ca.html\" target=\"_blank\" rel=\"noopener\"><strong>en l\u00ednia<\/strong><\/a>\u00a0o pels caixers de ServiCaixa els\u00a0<strong>275 \u20ac<\/strong>\u00a0(Nivells B\u00e0sic i Avan\u00e7at) i els\u00a0<strong>297,60 \u20ac<\/strong>\u00a0(Nivell intermedi) de la matr\u00edcula, i tamb\u00e9 els imports que resultin d\u2019aplicar-hi les bonificacions o rec\u00e0rrecs per repetici\u00f3 de curs.<\/p>\n<h6><strong>2. Pagament de la prestaci\u00f3 de serveis acad\u00e8mics<\/strong><\/h6>\n<p>Es paguen per\u00a0<strong>transfer\u00e8ncia banc\u00e0ria<\/strong>\u00a0al compte indicat en el resguard els\u00a0<strong>30\u20ac\u00a0<\/strong>pels serveis acad\u00e8mics (o els\u00a0<strong>15\u20ac<\/strong>\u00a0o altres imports que resultin d\u2019aplicar les bonificacions i rec\u00e0rrecs corresponents). Si la teva entitat banc\u00e0ria et cobra comissi\u00f3 per aquesta transfer\u00e8ncia, et donem l\u2019opci\u00f3 de pagar el concepte \u201cPrestaci\u00f3 de serveis acad\u00e8mics\u201d en met\u00e0l\u00b7lic a l\u2019escola.<\/p>\n<p>Consulta les <a href=\"https:\/\/agora-eoi.xtec.cat\/eoiolot\/secretaria\/faqs\/\">Preguntes m\u00e9s freq\u00fcents<\/a> si tens dubtes o escriu un correu a info@eoiolot.cat<\/p>\n<\/div>\n\n\n\n<h4 class=\"wp-block-heading\"><\/h4>\n\n\n\n<p><\/p>\n","protected":false},"excerpt":{"rendered":"<p>&nbsp; MOLT IMPORTANT! ES FAN DOS PAGAMENTS DIFERENCIATS: 1. Pagament de la matr\u00edcula (import que acompanya el\u00a0codi de barres\u00a0del resguard) [&hellip;]<\/p>\n","protected":false},"author":1,"featured_media":0,"parent":8358,"menu_order":0,"comment_status":"closed","ping_status":"closed","template":"","meta":{"_bbp_topic_count":0,"_bbp_reply_count":0,"_bbp_total_topic_count":0,"_bbp_total_reply_count":0,"_bbp_voice_count":0,"_bbp_anonymous_reply_count":0,"_bbp_topic_count_hidden":0,"_bbp_reply_count_hidden":0,"_bbp_forum_subforum_count":0,"site-sidebar-layout":"default","site-content-layout":"","ast-site-content-layout":"default","site-content-style":"default","site-sidebar-style":"default","ast-global-header-display":"","ast-banner-title-visibility":"","ast-main-header-display":"","ast-hfb-above-header-display":"","ast-hfb-below-header-display":"","ast-hfb-mobile-header-display":"","site-post-title":"","ast-breadcrumbs-content":"","ast-featured-img":"","footer-sml-layout":"","theme-transparent-header-meta":"default","adv-header-id-meta":"","stick-header-meta":"","header-above-stick-meta":"","header-main-stick-meta":"","header-below-stick-meta":"","astra-migrate-meta-layouts":"set","ast-page-background-enabled":"default","ast-page-background-meta":{"desktop":{"background-color":"var(--ast-global-color-4)","background-image":"","background-repeat":"repeat","background-position":"center center","background-size":"auto","background-attachment":"scroll","background-type":"","background-media":"","overlay-type":"","overlay-color":"","overlay-opacity":"","overlay-gradient":""},"tablet":{"background-color":"","background-image":"","background-repeat":"repeat","background-position":"center center","background-size":"auto","background-attachment":"scroll","background-type":"","background-media":"","overlay-type":"","overlay-color":"","overlay-opacity":"","overlay-gradient":""},"mobile":{"background-color":"","background-image":"","background-repeat":"repeat","background-position":"center center","background-size":"auto","background-attachment":"scroll","background-type":"","background-media":"","overlay-type":"","overlay-color":"","overlay-opacity":"","overlay-gradient":""}},"ast-content-background-meta":{"desktop":{"background-color":"var(--ast-global-color-5)","background-image":"","background-repeat":"repeat","background-position":"center center","background-size":"auto","background-attachment":"scroll","background-type":"","background-media":"","overlay-type":"","overlay-color":"","overlay-opacity":"","overlay-gradient":""},"tablet":{"background-color":"var(--ast-global-color-5)","background-image":"","background-repeat":"repeat","background-position":"center center","background-size":"auto","background-attachment":"scroll","background-type":"","background-media":"","overlay-type":"","overlay-color":"","overlay-opacity":"","overlay-gradient":""},"mobile":{"background-color":"var(--ast-global-color-5)","background-image":"","background-repeat":"repeat","background-position":"center center","background-size":"auto","background-attachment":"scroll","background-type":"","background-media":"","overlay-type":"","overlay-color":"","overlay-opacity":"","overlay-gradient":""}},"footnotes":""},"class_list":["post-12996","page","type-page","status-publish","hentry"],"post_mailing_queue_ids":[],"_links":{"self":[{"href":"https:\/\/agora-eoi.xtec.cat\/eoiolot\/wp-json\/wp\/v2\/pages\/12996","targetHints":{"allow":["GET"]}}],"collection":[{"href":"https:\/\/agora-eoi.xtec.cat\/eoiolot\/wp-json\/wp\/v2\/pages"}],"about":[{"href":"https:\/\/agora-eoi.xtec.cat\/eoiolot\/wp-json\/wp\/v2\/types\/page"}],"author":[{"embeddable":true,"href":"https:\/\/agora-eoi.xtec.cat\/eoiolot\/wp-json\/wp\/v2\/users\/1"}],"replies":[{"embeddable":true,"href":"https:\/\/agora-eoi.xtec.cat\/eoiolot\/wp-json\/wp\/v2\/comments?post=12996"}],"version-history":[{"count":6,"href":"https:\/\/agora-eoi.xtec.cat\/eoiolot\/wp-json\/wp\/v2\/pages\/12996\/revisions"}],"predecessor-version":[{"id":13831,"href":"https:\/\/agora-eoi.xtec.cat\/eoiolot\/wp-json\/wp\/v2\/pages\/12996\/revisions\/13831"}],"up":[{"embeddable":true,"href":"https:\/\/agora-eoi.xtec.cat\/eoiolot\/wp-json\/wp\/v2\/pages\/8358"}],"wp:attachment":[{"href":"https:\/\/agora-eoi.xtec.cat\/eoiolot\/wp-json\/wp\/v2\/media?parent=12996"}],"curies":[{"name":"wp","href":"https:\/\/api.w.org\/{rel}","templated":true}]}}