{"id":12263,"date":"2023-03-02T19:00:28","date_gmt":"2023-03-02T18:00:28","guid":{"rendered":"https:\/\/agora-eoi.xtec.cat\/eoiolot\/?page_id=12263"},"modified":"2023-03-02T19:00:43","modified_gmt":"2023-03-02T18:00:43","slug":"departament-dangles","status":"publish","type":"page","link":"https:\/\/agora-eoi.xtec.cat\/eoiolot\/departament-dangles\/","title":{"rendered":"Departament d&#8217;angl\u00e8s"},"content":{"rendered":"<p><strong>P\u00e0gines web per treballar totes les habilitats:<\/strong><\/p>\n<ul>\n<li><a href=\"https:\/\/www.bbc.com\/learningenglish\/\">BBC Learning English<\/a><\/li>\n<li><a href=\"https:\/\/learningenglish.voanews.com\/\">Voice of America Learning English<\/a><\/li>\n<\/ul>\n<p><strong>P\u00e0gines web de diccionaris:<\/strong><\/p>\n<ul>\n<li><a href=\"https:\/\/www.oxfordlearnersdictionaries.com\/\">Oxford Learner&#8217;s Dictionary<\/a><\/li>\n<li><a href=\"https:\/\/www.oed.com\/\">Oxford English Dictionary<\/a><\/li>\n<li><a href=\"https:\/\/dictionary.cambridge.org\/\">Cambridge Dictionary<\/a><\/li>\n<li><a href=\"https:\/\/www.collinsdictionary.com\/dictionary\/english\">Collins Dictionary<\/a><\/li>\n<li><a href=\"https:\/\/www.ldoceonline.com\/\">Longman Dictionary<\/a><\/li>\n<li><a href=\"https:\/\/www.wordreference.com\/\">Word Reference<\/a><\/li>\n<li><a href=\"https:\/\/www.freecollocation.com\/\">Oxford Collocations<\/a><\/li>\n<li><a href=\"http:\/\/www.thesaurus.reference.com\/\">Thesaurus Dictionary<\/a><\/li>\n<\/ul>\n<p><strong>P\u00e0gines web Media:<\/strong><\/p>\n<p><strong>TV<\/strong><\/p>\n<ul>\n<li><a href=\"https:\/\/www.bbc.com\/news\">BBC News<\/a><\/li>\n<li><a href=\"https:\/\/edition.cnn.com\/\">CNN News<\/a><\/li>\n<li><a href=\"https:\/\/news.sky.com\/\">Sky News<\/a><\/li>\n<li><a href=\"https:\/\/www.reuters.com\/\">Reuters<\/a><\/li>\n<\/ul>\n<p><strong>Newspapers<\/strong><\/p>\n<ul>\n<li><a href=\"https:\/\/www.thetimes.co.uk\/\">The Times<\/a><\/li>\n<li><a href=\"https:\/\/www.theguardian.com\/international\">The Guardian<\/a><\/li>\n<li><a href=\"https:\/\/www.independent.co.uk\/\">Independent<\/a><\/li>\n<li><a href=\"https:\/\/www.mirror.co.uk\/\">The Mirror<\/a><\/li>\n<li><a href=\"https:\/\/eu.usatoday.com\/\">USA Today<\/a><\/li>\n<li><a href=\"https:\/\/www.washingtonpost.com\/\">The Washington Post<\/a><\/li>\n<li><a href=\"https:\/\/www.economist.com\/\">The Economist<\/a><\/li>\n<\/ul>\n<p><strong>P\u00e0gines per treballar la comprensi\u00f3 escrita (READING):<\/strong><\/p>\n<ul>\n<li>Web per practicar el reading (cal registrar-se gratu\u00eftament): <a href=\"https:\/\/newsela.com\/\">newsela<\/a><\/li>\n<li>ESL reading comprehension: <a href=\"https:\/\/www.thoughtco.com\/esl-reading-comprehension-4133090\">Thoughtco<\/a><\/li>\n<li>Agendaweb &#8211; tots els nivells: <a href=\"https:\/\/agendaweb.org\/reading\/comprehension_easy_interm1.html\">Agendaweb\u00a0<\/a><\/li>\n<li>Web amb diferents hist\u00f2ries curtes per practicar la comprensi\u00f3 escrita &#8211; tots els nivells: <a href=\"https:\/\/continuingstudies.uvic.ca\/elc\/studyzone\/\">ELC study zone<\/a><\/li>\n<\/ul>\n<p><strong>P\u00e0gines per treballar la comprensi\u00f3 oral (LISTENING):<\/strong><\/p>\n<ul>\n<li>\u00c0udios de 6 minuts (sense transcripci\u00f3) sobre molts temes diferents: <a href=\"https:\/\/www.bbc.co.uk\/search?q=6-minute+English\">6-Minute English\u00a0<\/a><\/li>\n<li>V\u00eddeos curts amb transcripci\u00f3 i un breu glossari (level \u2013 B1 &amp; B2.1): <a href=\"http:\/\/www.bbc.co.uk\/learningenglish\/english\/features\/lingohack\">Learning English (Intermediate level)<\/a><\/li>\n<li>\u00c0udios amb la transcripci\u00f3 i exercicis. Diferents accents: <a href=\"http:\/\/www.elllo.org\">elllo<\/a><\/li>\n<li>V\u00eddeos de reportatges de 10 minuts amb transcripcions: <a href=\"https:\/\/edition.cnn.com\/cnn10\">CNN10<\/a><\/li>\n<li>V\u00eddeos breus (2-5 minuts) sobre molts temes, amb la possibilitat de posar subt\u00edtols: <a href=\"https:\/\/www.bbc.com\/ideas\/\">BBC.com\/ideas<\/a><\/li>\n<li>Secci\u00f3 en angl\u00e8s del mitj\u00e0 catal\u00e0 amb entrevistes i altres programes amb parlants nadius i tamb\u00e9 no-nadius: <a href=\"https:\/\/www.elpuntavui.tv\/programes\/english-hour.html\">English hour<\/a><\/li>\n<li>Activitats de listening amb exercicis de pre-listening, listening and post-listening. Tamb\u00e9 pots tenir la transcripci\u00f3 (quiz scrip) i el vocabulari dif\u00edcil o important del text: <a href=\"http:\/\/www.esl-lab.com\">esl-lab<\/a><\/li>\n<li>Web molt coneguda amb exercicis basats en v\u00eddeos de Ted-talks: <a href=\"https:\/\/ed.ted.com\/\">ed.ted<\/a><\/li>\n<li>Web per practicar a trav\u00e9s de can\u00e7ons: <a href=\"https:\/\/lyricstraining.com\/de\">lyricstraining<\/a><\/li>\n<\/ul>\n<p><strong>P\u00e0gines per treballar l&#8217;\u00fas de la llengua (USE OF LANGUAGE):<\/strong><\/p>\n<ul>\n<li>Web amb explicacions i exercicis gramaticals per nivells baixos i intermedis: <a href=\"http:\/\/www.ego4u.com\">ego4u<\/a><\/li>\n<li>Web amb molts recursos d&#8217;\u00fas de la llengua: <a href=\"http:\/\/www.isabelperez.com\">ESLsite<\/a><\/li>\n<li>Web amb activitats classificades per nivells i tamb\u00e9 exercicis biling\u00fces: <a href=\"http:\/\/A4ESL.org\">a4ESL<\/a><\/li>\n<li>Web amb exercicis de gram\u00e0tica, vocabulari, proves i jocs: <a href=\"https:\/\/www.englisch-hilfen.de\/en\/\">Englisch-hilfen<\/a><\/li>\n<li>Agendaweb &#8211; tots els nivells: <a href=\"https:\/\/agendaweb.org\/grammar-exercises.html\">Gram\u00e0tica<\/a> i <a href=\"https:\/\/agendaweb.org\/vocabulary-exercises.html\">vocabulari<\/a><\/li>\n<\/ul>\n<p><strong>P\u00e0gines per treballar l&#8217;expressi\u00f3 i interacci\u00f3 escrita (WRITING):<\/strong><\/p>\n<ul>\n<li>Web amb una secci\u00f3 sobre diferents aspectes per millorar l&#8217;expressi\u00f3 i interacci\u00f3 escrita: <a href=\"https:\/\/www.ego4u.com\/en\/cram-up\/writing\">ego4u<\/a><\/li>\n<li>Web amb corrector en l\u00ednia gratu\u00eft (cal registrar-se): <a href=\"https:\/\/writeandimprove.com\/?lang=en-GB\">writeandimprove<\/a><\/li>\n<li>Web amb corrector en l\u00ednia gratu\u00eft: <a href=\"https:\/\/www.onlinecorrection.com\/\">onlinecorrection<\/a><\/li>\n<\/ul>\n<p><strong>P\u00e0gines per treballar l&#8217;expressi\u00f3 i interacci\u00f3 oral (SPEAKING and PRONUNCIATION):<\/strong><\/p>\n<ul>\n<li>Web amb tutorials i explicacions sobre aspectes de pron\u00fancia (angl\u00e8s americ\u00e0) amb exercicis i correccions: <a href=\"https:\/\/www.evaeaston.com\/\">evaeaston<\/a><\/li>\n<li>Web amb diferents apartats per practicar frases i converses: <a href=\"https:\/\/www.talkenglish.com\/\">talkenglish<\/a><\/li>\n<li>Web moltes converses diferents, situacions comunicatives habituals: <a href=\"http:\/\/www.focusenglish.com\">focusenglish<\/a><\/li>\n<li>Web amb una secci\u00f3 espec\u00edfica de pronunciaci\u00f3 de la p\u00e0gina general de la BBC, amb v\u00eddeos explicatius sobre aspectes espec\u00edfics de pronunciaci\u00f3 (nivells B1 i B2.1):<a href=\"http:\/\/www.bbc.co.uk\/learningenglish\/features\/pronunciation\/tims-pronunciation-workshop-ep-13\">Tim&#8217;s pronunciation<\/a><\/li>\n<li>App que es pot descarregar a l&#8217;ordinador, tauleta o m\u00f2bil per practicar l&#8217;expressi\u00f3 oral amb di\u00e0legs curts mitjan\u00e7ant tecnologia d&#8217;intel\u00b7lig\u00e8ncia artificial: <a href=\"https:\/\/elsaspeak.com\/en\/\">elsaspeak<\/a><\/li>\n<\/ul>\n","protected":false},"excerpt":{"rendered":"<p>P\u00e0gines web per treballar totes les habilitats: BBC Learning English Voice of America Learning English P\u00e0gines web de diccionaris: Oxford [&hellip;]<\/p>\n","protected":false},"author":1,"featured_media":0,"parent":0,"menu_order":0,"comment_status":"closed","ping_status":"closed","template":"","meta":{"_bbp_topic_count":0,"_bbp_reply_count":0,"_bbp_total_topic_count":0,"_bbp_total_reply_count":0,"_bbp_voice_count":0,"_bbp_anonymous_reply_count":0,"_bbp_topic_count_hidden":0,"_bbp_reply_count_hidden":0,"_bbp_forum_subforum_count":0,"site-sidebar-layout":"default","site-content-layout":"","ast-site-content-layout":"","site-content-style":"default","site-sidebar-style":"default","ast-global-header-display":"","ast-banner-title-visibility":"","ast-main-header-display":"","ast-hfb-above-header-display":"","ast-hfb-below-header-display":"","ast-hfb-mobile-header-display":"","site-post-title":"","ast-breadcrumbs-content":"","ast-featured-img":"","footer-sml-layout":"","theme-transparent-header-meta":"","adv-header-id-meta":"","stick-header-meta":"","header-above-stick-meta":"","header-main-stick-meta":"","header-below-stick-meta":"","astra-migrate-meta-layouts":"default","ast-page-background-enabled":"default","ast-page-background-meta":{"desktop":{"background-color":"var(--ast-global-color-4)","background-image":"","background-repeat":"repeat","background-position":"center center","background-size":"auto","background-attachment":"scroll","background-type":"","background-media":"","overlay-type":"","overlay-color":"","overlay-opacity":"","overlay-gradient":""},"tablet":{"background-color":"","background-image":"","background-repeat":"repeat","background-position":"center center","background-size":"auto","background-attachment":"scroll","background-type":"","background-media":"","overlay-type":"","overlay-color":"","overlay-opacity":"","overlay-gradient":""},"mobile":{"background-color":"","background-image":"","background-repeat":"repeat","background-position":"center center","background-size":"auto","background-attachment":"scroll","background-type":"","background-media":"","overlay-type":"","overlay-color":"","overlay-opacity":"","overlay-gradient":""}},"ast-content-background-meta":{"desktop":{"background-color":"var(--ast-global-color-5)","background-image":"","background-repeat":"repeat","background-position":"center center","background-size":"auto","background-attachment":"scroll","background-type":"","background-media":"","overlay-type":"","overlay-color":"","overlay-opacity":"","overlay-gradient":""},"tablet":{"background-color":"var(--ast-global-color-5)","background-image":"","background-repeat":"repeat","background-position":"center center","background-size":"auto","background-attachment":"scroll","background-type":"","background-media":"","overlay-type":"","overlay-color":"","overlay-opacity":"","overlay-gradient":""},"mobile":{"background-color":"var(--ast-global-color-5)","background-image":"","background-repeat":"repeat","background-position":"center center","background-size":"auto","background-attachment":"scroll","background-type":"","background-media":"","overlay-type":"","overlay-color":"","overlay-opacity":"","overlay-gradient":""}},"footnotes":""},"class_list":["post-12263","page","type-page","status-publish","hentry"],"post_mailing_queue_ids":[],"_links":{"self":[{"href":"https:\/\/agora-eoi.xtec.cat\/eoiolot\/wp-json\/wp\/v2\/pages\/12263","targetHints":{"allow":["GET"]}}],"collection":[{"href":"https:\/\/agora-eoi.xtec.cat\/eoiolot\/wp-json\/wp\/v2\/pages"}],"about":[{"href":"https:\/\/agora-eoi.xtec.cat\/eoiolot\/wp-json\/wp\/v2\/types\/page"}],"author":[{"embeddable":true,"href":"https:\/\/agora-eoi.xtec.cat\/eoiolot\/wp-json\/wp\/v2\/users\/1"}],"replies":[{"embeddable":true,"href":"https:\/\/agora-eoi.xtec.cat\/eoiolot\/wp-json\/wp\/v2\/comments?post=12263"}],"version-history":[{"count":2,"href":"https:\/\/agora-eoi.xtec.cat\/eoiolot\/wp-json\/wp\/v2\/pages\/12263\/revisions"}],"predecessor-version":[{"id":12265,"href":"https:\/\/agora-eoi.xtec.cat\/eoiolot\/wp-json\/wp\/v2\/pages\/12263\/revisions\/12265"}],"wp:attachment":[{"href":"https:\/\/agora-eoi.xtec.cat\/eoiolot\/wp-json\/wp\/v2\/media?parent=12263"}],"curies":[{"name":"wp","href":"https:\/\/api.w.org\/{rel}","templated":true}]}}