{"id":12261,"date":"2023-03-02T18:58:10","date_gmt":"2023-03-02T17:58:10","guid":{"rendered":"https:\/\/agora-eoi.xtec.cat\/eoiolot\/?page_id=12261"},"modified":"2024-11-12T11:21:08","modified_gmt":"2024-11-12T10:21:08","slug":"departament-dalemany","status":"publish","type":"page","link":"https:\/\/agora-eoi.xtec.cat\/eoiolot\/departament-dalemany\/","title":{"rendered":"Departament d&#8217;alemany"},"content":{"rendered":"<h3><\/h3>\n<p><strong>Diccionaris (W\u00f6rterb\u00fccher):<\/strong><\/p>\n<ul>\n<li><a href=\"https:\/\/de.pons.com\/\">Pons<\/a><\/li>\n<li><a href=\"https:\/\/www.leo.org\/alem%C3%A1n-espa%C3%B1ol\/\">Leo<\/a><\/li>\n<li><a href=\"https:\/\/de.langenscheidt.com\/deutsch-spanisch\/\">Langenscheidt<\/a><\/li>\n<\/ul>\n<p><strong>S\u00e8ries i cinema (Serien und Kino):<\/strong><\/p>\n<ul>\n<li><a href=\"https:\/\/www.goethe.de\/prj\/mwd\/de\/deutschueben\/miniserie.html\">Erste Wege in Deutschland<\/a><\/li>\n<li><a href=\"https:\/\/learngerman.dw.com\/es\/nicos-weg\/c-47994059\">Nicos Weg<\/a><\/li>\n<li><a href=\"https:\/\/learngerman.dw.com\/de\/jojo-sucht-das-gl%C3%BCck\/c-53437698\">Jojo sucht das Gl\u00fcck<\/a><\/li>\n<li><a href=\"https:\/\/www.goethe.de\/ins\/ar\/es\/kul\/ser\/god.html\">Goethe on Demand<\/a><\/li>\n<li><a href=\"https:\/\/www.onleihe.de\/goethe-institut\/frontend\/mediaList%2C0-0-0-102-0-0-0-0-400004-0-0.html\">OnLeihe Goethe Institut<\/a><\/li>\n<\/ul>\n<p><strong>Not\u00edcies i mitjans de comunicaci\u00f3 (Nachrichten und Medien):<\/strong><\/p>\n<ul>\n<li><a href=\"https:\/\/www.ard.de\/\">ARD<\/a><\/li>\n<li><a href=\"https:\/\/www.zdf.de\/\">ZDF<\/a><\/li>\n<li><a href=\"https:\/\/www1.wdr.de\/index.html\">WDR<\/a><\/li>\n<li><a href=\"https:\/\/www.spiegel.de\/\">Der Spiegel<\/a><\/li>\n<li><a href=\"https:\/\/www.stern.de\/\">Stern<\/a><\/li>\n<\/ul>\n<p><strong>Einfach erkl\u00e4rt:<\/strong><\/p>\n<ul>\n<li><a href=\"https:\/\/www.zdf.de\/kinder\/logo\">LOGO Nachrichten<\/a><\/li>\n<li><a href=\"https:\/\/www.knietzsche.com\/knietzschefolgen\">Knietzsche<\/a><\/li>\n<li><a href=\"https:\/\/www.ardmediathek.de\/sendung\/kurzgesagt\/Y3JpZDovL2Z1bmsubmV0LzExMDkw\">Dinge erkl\u00e4rt &#8211; Kurz gesagt<\/a><\/li>\n<\/ul>\n<p><strong>Comprensi\u00f3 escrita (Fertigkeit: Leseverstehen):<\/strong><\/p>\n<ul>\n<li><a href=\"https:\/\/www.hueber.de\/menschen\/unterrichtsservice\">Lesetexte<\/a><\/li>\n<li><a href=\"https:\/\/deutsch.lingolia.com\/de\/leseverstehen\">Lingolia<\/a><\/li>\n<li><a href=\"https:\/\/www.thegermanproject.com\/stories\">The German Project<\/a><\/li>\n<\/ul>\n<p><strong>Comprensi\u00f3 oral (Fertigkeit: H\u00f6rverstehen):<\/strong><\/p>\n<ul>\n<li><a href=\"https:\/\/learngerman.dw.com\/de\/deutsch-lernen\/s-9095\">Deutsche Welle<\/a><\/li>\n<li><a href=\"https:\/\/deutsch.lingolia.com\/de\/hoerverstehen\">Lingolia<\/a><\/li>\n<li><a href=\"https:\/\/www.goethe.de\/de\/kul\/ges\/ser\/pod.html?wt_sc=podcasts\">Goethe Institut &#8211; Podcasts<\/a><\/li>\n<\/ul>\n<p><strong>Expressi\u00f3 i interacci\u00f3 escrita (Fertigkeit: Schriftlicher Ausdruck):<\/strong><\/p>\n<ul>\n<li><a href=\"https:\/\/deutsch.lingolia.com\/de\/schreibschule\">Lingolia<\/a><\/li>\n<li><a href=\"https:\/\/www.kapiert.de\/deutsch\/\">Kapiert<\/a><\/li>\n<\/ul>\n<p><strong>Expressi\u00f3 i interacci\u00f3 oral (Fertigkeit: M\u00fcndlicher Ausdruck):<\/strong><\/p>\n<ul>\n<li><a href=\"https:\/\/www.youtube.com\/channel\/UCHpnIL-1QIUyVhdGVJ6rW3A\">24h Deutsch<\/a><\/li>\n<\/ul>\n<p><strong>\u00das de la llengua &#8211; Vocabulari (Schwerpunkt: Wortschatz):<\/strong><\/p>\n<ul>\n<li><a href=\"https:\/\/www.goethe.de\/de\/spr\/ueb\/daa.html\">Goethe Institut &#8211; Deutsch am Arbeitsplatz<\/a><\/li>\n<li><a href=\"https:\/\/daz.schule.at\/portale\/deutsch-als-zweitsprache-und-ikl\/lernpakete.html\">DAZ Schule<\/a><\/li>\n<li><a href=\"https:\/\/deutschtraining.org\/wortschatz-deutsch\/\">Deutschtraining<\/a><\/li>\n<li><a href=\"https:\/\/deutsch.lingolia.com\/de\/wortschatz\">Lingolia<\/a><\/li>\n<li><a href=\"https:\/\/www.loecsen.com\/de\/lernen-deutsch\">Loecsen<\/a><\/li>\n<li><a href=\"https:\/\/es.duolingo.com\/course\/de\/es\/Aprender-alem%C3%A1n\">Duolingo<\/a><\/li>\n<li><a href=\"https:\/\/deutschlernerblog.de\/wortschatz-deutsch-wortschatz-lernen-wortschatzuebungen-deutsch\/\">Deutshlernerblog<\/a><\/li>\n<\/ul>\n<p><strong>\u00das de la llengua &#8211; Gram\u00e0tica (Schwerpunkt: Grammatik):<\/strong><\/p>\n<ul>\n<li><a href=\"https:\/\/www.schubert-verlag.de\/aufgaben\/index.htm\">Schubert Verlag<\/a><\/li>\n<li><a href=\"https:\/\/mein-deutschbuch.de\/online-uebungen.html\">Mein Deutschbuch<\/a><\/li>\n<li><a href=\"https:\/\/www.deutschakademie.de\/online-deutschkurs\/deutschkurs\/nach-thema\">Deutschakademie<\/a><\/li>\n<li><a href=\"https:\/\/deutschtraining.org\/deutsche-grammatik\/\">Deutschtraining<\/a><\/li>\n<li><a href=\"https:\/\/deutsch.lingolia.com\/de\/grammatik\">Lingolia<\/a><\/li>\n<li><a href=\"https:\/\/www.deutsch-lernen.com\/d_index.php\">Deutsch lernen<\/a><\/li>\n<li><a href=\"https:\/\/deutschlernerblog.de\/grammatik-deutsch-lernen\/\">Deutschlernerblog<\/a><\/li>\n<li><a href=\"https:\/\/www.grammatikdeutsch.de\/index.html\">Grammatik Deutsch<\/a><\/li>\n<li><a href=\"https:\/\/www.thegermanproject.com\/german-lessons\">The German Project<\/a><\/li>\n<li><a href=\"https:\/\/aprender-aleman-facil.com\/resumen-lecciones-gramatica-alemana\" target=\"_blank\" rel=\"noopener\">Aprender alem\u00e1n f\u00e1cil<\/a><\/li>\n<\/ul>\n<p><strong>Exercicis en l\u00ednia d&#8217;editorials (Online-\u00dcbungen Verl\u00e4ge):<\/strong><\/p>\n<ul>\n<li><a href=\"https:\/\/www.hueber.de\/exercises\/530-25129\/?rootPath=\/exercises\/530-25129\/#\/sections\">Schritte Plus<\/a><\/li>\n<li><a href=\"https:\/\/www.hueber.de\/menschen\/lernen\/uebungen\">Menschen<\/a><\/li>\n<li><a href=\"https:\/\/www.hueber.de\/schritte-international-neu\/lernen\/uebungen\">Schritte International Neu<\/a><\/li>\n<li><a href=\"https:\/\/www.hueber.de\/starten-wir\/lernen\/uebungen\">Starten Wir<\/a><\/li>\n<li><a href=\"https:\/\/www.hueber.de\/motive\/lernen\/onlineuebungen\">Motive<\/a><\/li>\n<li><a href=\"https:\/\/www.hueber.de\/shared\/uebungen\/delfin\/\">Delfin<\/a><\/li>\n<li><a href=\"https:\/\/www.hueber.de\/shared\/uebungen\/lagune\/\">Lagune<\/a><\/li>\n<li><a href=\"https:\/\/www.hueber.de\/shared\/uebungen\/themen-aktuell\/\">Themen Aktuell<\/a><\/li>\n<li><a href=\"https:\/\/www.derdiedaf.com\/unterrichtsmaterial\/\">Der Die DaF<\/a><\/li>\n<\/ul>\n","protected":false},"excerpt":{"rendered":"<p>Diccionaris (W\u00f6rterb\u00fccher): Pons Leo Langenscheidt S\u00e8ries i cinema (Serien und Kino): Erste Wege in Deutschland Nicos Weg Jojo sucht das [&hellip;]<\/p>\n","protected":false},"author":1,"featured_media":0,"parent":0,"menu_order":0,"comment_status":"closed","ping_status":"closed","template":"page-templates\/side-menu.php","meta":{"_bbp_topic_count":0,"_bbp_reply_count":0,"_bbp_total_topic_count":0,"_bbp_total_reply_count":0,"_bbp_voice_count":0,"_bbp_anonymous_reply_count":0,"_bbp_topic_count_hidden":0,"_bbp_reply_count_hidden":0,"_bbp_forum_subforum_count":0,"site-sidebar-layout":"default","site-content-layout":"","ast-site-content-layout":"","site-content-style":"default","site-sidebar-style":"default","ast-global-header-display":"","ast-banner-title-visibility":"","ast-main-header-display":"","ast-hfb-above-header-display":"","ast-hfb-below-header-display":"","ast-hfb-mobile-header-display":"","site-post-title":"","ast-breadcrumbs-content":"","ast-featured-img":"","footer-sml-layout":"","theme-transparent-header-meta":"","adv-header-id-meta":"","stick-header-meta":"","header-above-stick-meta":"","header-main-stick-meta":"","header-below-stick-meta":"","astra-migrate-meta-layouts":"default","ast-page-background-enabled":"default","ast-page-background-meta":{"desktop":{"background-color":"var(--ast-global-color-4)","background-image":"","background-repeat":"repeat","background-position":"center center","background-size":"auto","background-attachment":"scroll","background-type":"","background-media":"","overlay-type":"","overlay-color":"","overlay-opacity":"","overlay-gradient":""},"tablet":{"background-color":"","background-image":"","background-repeat":"repeat","background-position":"center center","background-size":"auto","background-attachment":"scroll","background-type":"","background-media":"","overlay-type":"","overlay-color":"","overlay-opacity":"","overlay-gradient":""},"mobile":{"background-color":"","background-image":"","background-repeat":"repeat","background-position":"center center","background-size":"auto","background-attachment":"scroll","background-type":"","background-media":"","overlay-type":"","overlay-color":"","overlay-opacity":"","overlay-gradient":""}},"ast-content-background-meta":{"desktop":{"background-color":"var(--ast-global-color-5)","background-image":"","background-repeat":"repeat","background-position":"center center","background-size":"auto","background-attachment":"scroll","background-type":"","background-media":"","overlay-type":"","overlay-color":"","overlay-opacity":"","overlay-gradient":""},"tablet":{"background-color":"var(--ast-global-color-5)","background-image":"","background-repeat":"repeat","background-position":"center center","background-size":"auto","background-attachment":"scroll","background-type":"","background-media":"","overlay-type":"","overlay-color":"","overlay-opacity":"","overlay-gradient":""},"mobile":{"background-color":"var(--ast-global-color-5)","background-image":"","background-repeat":"repeat","background-position":"center center","background-size":"auto","background-attachment":"scroll","background-type":"","background-media":"","overlay-type":"","overlay-color":"","overlay-opacity":"","overlay-gradient":""}},"footnotes":""},"class_list":["post-12261","page","type-page","status-publish","hentry"],"post_mailing_queue_ids":[],"_links":{"self":[{"href":"https:\/\/agora-eoi.xtec.cat\/eoiolot\/wp-json\/wp\/v2\/pages\/12261","targetHints":{"allow":["GET"]}}],"collection":[{"href":"https:\/\/agora-eoi.xtec.cat\/eoiolot\/wp-json\/wp\/v2\/pages"}],"about":[{"href":"https:\/\/agora-eoi.xtec.cat\/eoiolot\/wp-json\/wp\/v2\/types\/page"}],"author":[{"embeddable":true,"href":"https:\/\/agora-eoi.xtec.cat\/eoiolot\/wp-json\/wp\/v2\/users\/1"}],"replies":[{"embeddable":true,"href":"https:\/\/agora-eoi.xtec.cat\/eoiolot\/wp-json\/wp\/v2\/comments?post=12261"}],"version-history":[{"count":3,"href":"https:\/\/agora-eoi.xtec.cat\/eoiolot\/wp-json\/wp\/v2\/pages\/12261\/revisions"}],"predecessor-version":[{"id":13198,"href":"https:\/\/agora-eoi.xtec.cat\/eoiolot\/wp-json\/wp\/v2\/pages\/12261\/revisions\/13198"}],"wp:attachment":[{"href":"https:\/\/agora-eoi.xtec.cat\/eoiolot\/wp-json\/wp\/v2\/media?parent=12261"}],"curies":[{"name":"wp","href":"https:\/\/api.w.org\/{rel}","templated":true}]}}