{"id":11702,"date":"2022-10-06T20:45:31","date_gmt":"2022-10-06T18:45:31","guid":{"rendered":"https:\/\/agora-eoi.xtec.cat\/eoiolot\/?page_id=11702"},"modified":"2024-07-09T11:12:10","modified_gmt":"2024-07-09T09:12:10","slug":"maquinari","status":"publish","type":"page","link":"https:\/\/agora-eoi.xtec.cat\/eoiolot\/el-servei-educatiu\/com-funcionem\/estrategia-digital-de-centre\/cultura-digital\/maquinari\/","title":{"rendered":"Maquinari"},"content":{"rendered":"<h3>Infraestructura General<\/h3>\n<p>S\u00f3n tots aquells recursos tecnol\u00f2gics i digitals que capaciten l&#8217;estructura necess\u00e0ria per fer funcionar tecnol\u00f2gicament el nostre centre.<\/p>\n<h6>FIBRA \u00d2PTICA<\/h6>\n<h4><img loading=\"lazy\" decoding=\"async\" class=\" wp-image-12176 alignleft\" src=\"https:\/\/agora-eoi.xtec.cat\/eoiolot\/wp-content\/uploads\/usu2459\/2023\/02\/fibra-optica.jpg\" alt=\"\" width=\"116\" height=\"109\" \/><\/h4>\n<p>&nbsp;<\/p>\n<p>Des del curs 2023\/2025, el centre disposa de fibra \u00f2ptica instal\u00b7lada per part del Departament d\u2019Educaci\u00f3.<\/p>\n<p>&nbsp;<\/p>\n<h6><\/h6>\n<p>&nbsp;<\/p>\n<h6>WIFI<\/h6>\n<p>Xarxa s<img loading=\"lazy\" decoding=\"async\" class=\"size-full wp-image-12177 alignleft\" src=\"https:\/\/agora-eoi.xtec.cat\/eoiolot\/wp-content\/uploads\/usu2459\/2023\/02\/wifi.jpg\" alt=\"\" width=\"118\" height=\"96\" \/>ense fils d&#8217;alta velocitat encara no transformada i pendent d\u2019actualitzaci\u00f3. La xarxa actual \u00e9s <strong>GENCAT_ENS_EDU<\/strong>.<\/p>\n<p>&nbsp;<\/p>\n<table style=\"width: 77.7604%;\">\n<tbody>\n<tr>\n<td style=\"width: 13.9241%;\"><b>Nom de la xarxa<\/b><\/td>\n<td style=\"width: 16.916%;\"><b>Disponibilitat<\/b><\/td>\n<td style=\"width: 11.2773%;\"><b>Credencials<\/b><\/td>\n<\/tr>\n<tr>\n<td style=\"width: 13.9241%;\">GENCAT_ENS_EDU<\/td>\n<td style=\"width: 16.916%;\">alumnat \/ professorat<\/td>\n<td style=\"width: 11.2773%;\">Pregunta al professorat<\/td>\n<\/tr>\n<\/tbody>\n<\/table>\n<p>&nbsp;<\/p>\n<h6>ARMARIS DE CONNEXIONS<\/h6>\n<p><img loading=\"lazy\" decoding=\"async\" class=\" wp-image-12179 alignleft\" src=\"https:\/\/agora-eoi.xtec.cat\/eoiolot\/wp-content\/uploads\/usu2459\/2023\/02\/racks.jpg\" alt=\"\" width=\"115\" height=\"119\" \/><\/p>\n<p>&nbsp;<\/p>\n<p>L\u2019escola disposa d&#8217;un armari de connexions (RACK).<\/p>\n<p>&nbsp;<\/p>\n<p>&nbsp;<\/p>\n<h6>IMPRESSORA<\/h6>\n<h6><img loading=\"lazy\" decoding=\"async\" class=\" wp-image-12181 alignleft\" src=\"https:\/\/agora-eoi.xtec.cat\/eoiolot\/wp-content\/uploads\/usu2459\/2023\/02\/impressora-1.jpg\" alt=\"\" width=\"110\" height=\"95\" \/><\/h6>\n<p>&nbsp;<\/p>\n<p>El centre disposa d\u2019una impressora KONICA d\u2019\u00fas per al professorat. Per imprimir, el coordinador digital ha de crear l\u2019usuari a la fotocopiadora i assignar-li el nombre m\u00e0xim de c\u00f2pies que pot realitzar cada docent.<\/p>\n<p>&nbsp;<\/p>\n<h6>TELEFONIA<\/h6>\n<p><img loading=\"lazy\" decoding=\"async\" class=\"wp-image-12200 alignleft\" src=\"https:\/\/agora-eoi.xtec.cat\/eoiolot\/wp-content\/uploads\/usu2459\/2023\/02\/telefon-sobretaula.jpg\" alt=\"\" width=\"102\" height=\"105\" srcset=\"https:\/\/agora-eoi.xtec.cat\/eoiolot\/wp-content\/uploads\/usu2459\/2023\/02\/telefon-sobretaula.jpg 473w, https:\/\/agora-eoi.xtec.cat\/eoiolot\/wp-content\/uploads\/usu2459\/2023\/02\/telefon-sobretaula-293x300.jpg 293w\" sizes=\"auto, (max-width: 102px) 100vw, 102px\" \/><img loading=\"lazy\" decoding=\"async\" class=\"wp-image-12201 alignleft\" src=\"https:\/\/agora-eoi.xtec.cat\/eoiolot\/wp-content\/uploads\/usu2459\/2023\/02\/telefon-inalambric.jpg\" alt=\"\" width=\"71\" height=\"104\" srcset=\"https:\/\/agora-eoi.xtec.cat\/eoiolot\/wp-content\/uploads\/usu2459\/2023\/02\/telefon-inalambric.jpg 749w, https:\/\/agora-eoi.xtec.cat\/eoiolot\/wp-content\/uploads\/usu2459\/2023\/02\/telefon-inalambric-206x300.jpg 206w, https:\/\/agora-eoi.xtec.cat\/eoiolot\/wp-content\/uploads\/usu2459\/2023\/02\/telefon-inalambric-704x1024.jpg 704w\" sizes=\"auto, (max-width: 71px) 100vw, 71px\" \/><\/p>\n<p style=\"text-align: justify;\">El centre disposa de tres tel\u00e8fons de sobretaula: un a consergeria, un a secretaria i un a la biblioteca del centre. A m\u00e9s a m\u00e9s, el centre disposa de cinc tel\u00e8fons sense fils: un a la sala de professorat, dos al despatx de secretaria acad\u00e8mica i prefectura d&#8217;estudis i un al despatx de direcci\u00f3.<\/p>\n<p>&nbsp;<\/p>\n<h3>Maquinari aules ordin\u00e0ries a Olot<\/h3>\n<p><img loading=\"lazy\" decoding=\"async\" class=\" wp-image-12183 alignleft\" src=\"https:\/\/agora-eoi.xtec.cat\/eoiolot\/wp-content\/uploads\/usu2459\/2023\/02\/panell-digital-1.jpg\" alt=\"\" width=\"149\" height=\"96\" \/><\/p>\n<p><img loading=\"lazy\" decoding=\"async\" class=\" wp-image-12187 alignleft\" src=\"https:\/\/agora-eoi.xtec.cat\/eoiolot\/wp-content\/uploads\/usu2459\/2023\/02\/ordinador-sobretaula-2.jpg\" alt=\"\" width=\"121\" height=\"91\" \/><\/p>\n<p>Totes les aules disposen de pantalles digitals amb equip de so integrat i ordinador de sobretaula pel docent. Per fer videotrucades, el centre disposa de c\u00e0meres port\u00e0tils endollables amb USB.<\/p>\n<p>&nbsp;<\/p>\n<h3><\/h3>\n<p>&nbsp;<\/p>\n<h3>Maquinari aules ordin\u00e0ries a Ripoll<\/h3>\n<p><img loading=\"lazy\" decoding=\"async\" class=\" wp-image-12189 alignleft\" src=\"https:\/\/agora-eoi.xtec.cat\/eoiolot\/wp-content\/uploads\/usu2459\/2023\/02\/projector.jpg\" alt=\"\" width=\"109\" height=\"105\" \/><\/p>\n<p><img loading=\"lazy\" decoding=\"async\" class=\" wp-image-12187 alignleft\" src=\"https:\/\/agora-eoi.xtec.cat\/eoiolot\/wp-content\/uploads\/usu2459\/2023\/02\/ordinador-sobretaula-2.jpg\" alt=\"\" width=\"122\" height=\"92\" \/><\/p>\n<p>&nbsp;<\/p>\n<p>Totes les aules disposen de projector de curta dist\u00e0ncia EPSON, equips de so i ordinadors de sobretaula pel docent.<\/p>\n<p>&nbsp;<\/p>\n<p>&nbsp;<\/p>\n<h3>Maquinari Sala Alexandria (Biblioteca)<\/h3>\n<p><img loading=\"lazy\" decoding=\"async\" class=\"alignleft\" src=\"https:\/\/agora-eoi.xtec.cat\/eoiolot\/wp-content\/uploads\/usu2459\/2023\/02\/ordinador-sobretaula-2.jpg\" width=\"144\" height=\"109\" \/><\/p>\n<p>&nbsp;<\/p>\n<p>La biblioteca disposa de dos ordinadors de sobretaula per l\u2019alumnat i connectades a la impressora del centre.<\/p>\n<p>&nbsp;<\/p>\n<p>&nbsp;<\/p>\n<h3>Maquinari Sala de Professorat<\/h3>\n<p><img loading=\"lazy\" decoding=\"async\" class=\"alignleft\" src=\"https:\/\/agora-eoi.xtec.cat\/eoiolot\/wp-content\/uploads\/usu2459\/2023\/02\/ordinador-sobretaula-2.jpg\" width=\"142\" height=\"107\" \/><\/p>\n<p>&nbsp;<\/p>\n<p>La sala de professorat compta amb dos ordinadors de sobretaula per \u00fas exclusiu del professorat i connectades a la impressora del centre.<\/p>\n<p>&nbsp;<\/p>\n<p>&nbsp;<\/p>\n<h3>Maquinari Professorat<\/h3>\n<p><img loading=\"lazy\" decoding=\"async\" class=\" wp-image-12194 alignleft\" src=\"https:\/\/agora-eoi.xtec.cat\/eoiolot\/wp-content\/uploads\/usu2459\/2023\/02\/laptop.jpg\" alt=\"\" width=\"139\" height=\"98\" \/><\/p>\n<p>&nbsp;<\/p>\n<p>El professorat del centre gaudeix d\u2019un port\u00e0til per docent, la qual cosa significa un total d&#8217;onze port\u00e0tils amb sistema operatiu Windows 10 i connectats a la impressora del centre.<\/p>\n<p>&nbsp;<\/p>\n<p>&nbsp;<\/p>\n<h3>Altre Maquinari<\/h3>\n<p><img loading=\"lazy\" decoding=\"async\" class=\" wp-image-12196 alignleft\" src=\"https:\/\/agora-eoi.xtec.cat\/eoiolot\/wp-content\/uploads\/usu2459\/2023\/02\/tele-1.jpg\" alt=\"\" width=\"123\" height=\"144\" \/><\/p>\n<p>&nbsp;<\/p>\n<p>L\u2019EOI, durant el curs 2024\/2025, rebr\u00e0 per part del Departament d&#8217;Educaci\u00f3, una maleta audiovisual. Aquesta maleta s&#8217;ubicar\u00e0 a l&#8217;Espai Bogot\u00e0 per fer-ne una \u00e0rea de creaci\u00f3 audiovisual.<\/p>\n","protected":false},"excerpt":{"rendered":"<p>Infraestructura General S\u00f3n tots aquells recursos tecnol\u00f2gics i digitals que capaciten l&#8217;estructura necess\u00e0ria per fer funcionar tecnol\u00f2gicament el nostre centre. [&hellip;]<\/p>\n","protected":false},"author":1,"featured_media":0,"parent":11688,"menu_order":8,"comment_status":"closed","ping_status":"closed","template":"page-templates\/side-menu.php","meta":{"_bbp_topic_count":0,"_bbp_reply_count":0,"_bbp_total_topic_count":0,"_bbp_total_reply_count":0,"_bbp_voice_count":0,"_bbp_anonymous_reply_count":0,"_bbp_topic_count_hidden":0,"_bbp_reply_count_hidden":0,"_bbp_forum_subforum_count":0,"site-sidebar-layout":"default","site-content-layout":"","ast-site-content-layout":"","site-content-style":"default","site-sidebar-style":"default","ast-global-header-display":"","ast-banner-title-visibility":"","ast-main-header-display":"","ast-hfb-above-header-display":"","ast-hfb-below-header-display":"","ast-hfb-mobile-header-display":"","site-post-title":"","ast-breadcrumbs-content":"","ast-featured-img":"","footer-sml-layout":"","theme-transparent-header-meta":"","adv-header-id-meta":"","stick-header-meta":"","header-above-stick-meta":"","header-main-stick-meta":"","header-below-stick-meta":"","astra-migrate-meta-layouts":"default","ast-page-background-enabled":"default","ast-page-background-meta":{"desktop":{"background-color":"var(--ast-global-color-4)","background-image":"","background-repeat":"repeat","background-position":"center center","background-size":"auto","background-attachment":"scroll","background-type":"","background-media":"","overlay-type":"","overlay-color":"","overlay-opacity":"","overlay-gradient":""},"tablet":{"background-color":"","background-image":"","background-repeat":"repeat","background-position":"center center","background-size":"auto","background-attachment":"scroll","background-type":"","background-media":"","overlay-type":"","overlay-color":"","overlay-opacity":"","overlay-gradient":""},"mobile":{"background-color":"","background-image":"","background-repeat":"repeat","background-position":"center center","background-size":"auto","background-attachment":"scroll","background-type":"","background-media":"","overlay-type":"","overlay-color":"","overlay-opacity":"","overlay-gradient":""}},"ast-content-background-meta":{"desktop":{"background-color":"var(--ast-global-color-5)","background-image":"","background-repeat":"repeat","background-position":"center center","background-size":"auto","background-attachment":"scroll","background-type":"","background-media":"","overlay-type":"","overlay-color":"","overlay-opacity":"","overlay-gradient":""},"tablet":{"background-color":"var(--ast-global-color-5)","background-image":"","background-repeat":"repeat","background-position":"center center","background-size":"auto","background-attachment":"scroll","background-type":"","background-media":"","overlay-type":"","overlay-color":"","overlay-opacity":"","overlay-gradient":""},"mobile":{"background-color":"var(--ast-global-color-5)","background-image":"","background-repeat":"repeat","background-position":"center center","background-size":"auto","background-attachment":"scroll","background-type":"","background-media":"","overlay-type":"","overlay-color":"","overlay-opacity":"","overlay-gradient":""}},"footnotes":""},"class_list":["post-11702","page","type-page","status-publish","hentry"],"post_mailing_queue_ids":[],"_links":{"self":[{"href":"https:\/\/agora-eoi.xtec.cat\/eoiolot\/wp-json\/wp\/v2\/pages\/11702","targetHints":{"allow":["GET"]}}],"collection":[{"href":"https:\/\/agora-eoi.xtec.cat\/eoiolot\/wp-json\/wp\/v2\/pages"}],"about":[{"href":"https:\/\/agora-eoi.xtec.cat\/eoiolot\/wp-json\/wp\/v2\/types\/page"}],"author":[{"embeddable":true,"href":"https:\/\/agora-eoi.xtec.cat\/eoiolot\/wp-json\/wp\/v2\/users\/1"}],"replies":[{"embeddable":true,"href":"https:\/\/agora-eoi.xtec.cat\/eoiolot\/wp-json\/wp\/v2\/comments?post=11702"}],"version-history":[{"count":6,"href":"https:\/\/agora-eoi.xtec.cat\/eoiolot\/wp-json\/wp\/v2\/pages\/11702\/revisions"}],"predecessor-version":[{"id":13038,"href":"https:\/\/agora-eoi.xtec.cat\/eoiolot\/wp-json\/wp\/v2\/pages\/11702\/revisions\/13038"}],"up":[{"embeddable":true,"href":"https:\/\/agora-eoi.xtec.cat\/eoiolot\/wp-json\/wp\/v2\/pages\/11688"}],"wp:attachment":[{"href":"https:\/\/agora-eoi.xtec.cat\/eoiolot\/wp-json\/wp\/v2\/media?parent=11702"}],"curies":[{"name":"wp","href":"https:\/\/api.w.org\/{rel}","templated":true}]}}