{"id":11698,"date":"2022-10-06T20:44:44","date_gmt":"2022-10-06T18:44:44","guid":{"rendered":"https:\/\/agora-eoi.xtec.cat\/eoiolot\/?page_id=11698"},"modified":"2023-01-17T20:07:30","modified_gmt":"2023-01-17T19:07:30","slug":"competencia-professorat","status":"publish","type":"page","link":"https:\/\/agora-eoi.xtec.cat\/eoiolot\/el-servei-educatiu\/com-funcionem\/estrategia-digital-de-centre\/cultura-digital\/competencia-professorat\/","title":{"rendered":"Compet\u00e8ncia professorat"},"content":{"rendered":"<p>&nbsp;<\/p>\n<h3><b>ACOLLIDA<\/b><\/h3>\n<p><span style=\"font-weight: 400;\">Dins el procediment d&#8217;acollida del professorat nou, tamb\u00e9 s&#8217;inclou un acompanyament en conceptes i tasques de l&#8217;\u00e0mbit digital:<\/span><\/p>\n<p><b>\ud83d\udd17<a href=\"https:\/\/agora-eoi.xtec.cat\/eoiolot\/estrategia-digital-de-centre\/cultura-digital\/acollida-digital-docent\/\">Acollida digital del professorat<\/a><\/b><\/p>\n<h3><b>FORMACI\u00d3<\/b><\/h3>\n<p>El Pla de Formaci\u00f3 Digital del personal del centre s&#8217;articula en dos moments:<\/p>\n<ul>\n<li>Formaci\u00f3 dins el pla d&#8217;acolliment del professorat.<\/li>\n<li>Formacions del PFZ o FiC: de manera peri\u00f2dica, la formaci\u00f3 interna del centre va incorporant aspectes de cultura digital.<\/li>\n<\/ul>\n<h3><b>TRANSFER\u00c8NCIA DE DADES<\/b><\/h3>\n<p style=\"text-align: justify;\"><span style=\"font-weight: 400;\">Quan un\/a docent deixa el centre, \u00e9s important que pugui tenir c\u00f2pia del material que ha desenvolupat i que en deixi una c\u00f2pia digital al centre. Aquest trasp\u00e0s es far\u00e0 durant al mes de juny, quan el professorat far\u00e0 una c\u00f2pia de seguretat del seu Moodle i compartir\u00e0 els documents i ex\u00e0mens (en format pdf, doc, etc.) a la carpeta compartida del professorat al Drive.<\/span><\/p>\n<p>&nbsp;<\/p>\n<p>&nbsp;<\/p>\n","protected":false},"excerpt":{"rendered":"<p>&nbsp; ACOLLIDA Dins el procediment d&#8217;acollida del professorat nou, tamb\u00e9 s&#8217;inclou un acompanyament en conceptes i tasques de l&#8217;\u00e0mbit digital: [&hellip;]<\/p>\n","protected":false},"author":1,"featured_media":0,"parent":11688,"menu_order":6,"comment_status":"closed","ping_status":"closed","template":"page-templates\/side-menu.php","meta":{"_bbp_topic_count":0,"_bbp_reply_count":0,"_bbp_total_topic_count":0,"_bbp_total_reply_count":0,"_bbp_voice_count":0,"_bbp_anonymous_reply_count":0,"_bbp_topic_count_hidden":0,"_bbp_reply_count_hidden":0,"_bbp_forum_subforum_count":0,"site-sidebar-layout":"default","site-content-layout":"","ast-site-content-layout":"","site-content-style":"default","site-sidebar-style":"default","ast-global-header-display":"","ast-banner-title-visibility":"","ast-main-header-display":"","ast-hfb-above-header-display":"","ast-hfb-below-header-display":"","ast-hfb-mobile-header-display":"","site-post-title":"","ast-breadcrumbs-content":"","ast-featured-img":"","footer-sml-layout":"","theme-transparent-header-meta":"","adv-header-id-meta":"","stick-header-meta":"","header-above-stick-meta":"","header-main-stick-meta":"","header-below-stick-meta":"","astra-migrate-meta-layouts":"default","ast-page-background-enabled":"default","ast-page-background-meta":{"desktop":{"background-color":"var(--ast-global-color-4)","background-image":"","background-repeat":"repeat","background-position":"center center","background-size":"auto","background-attachment":"scroll","background-type":"","background-media":"","overlay-type":"","overlay-color":"","overlay-opacity":"","overlay-gradient":""},"tablet":{"background-color":"","background-image":"","background-repeat":"repeat","background-position":"center center","background-size":"auto","background-attachment":"scroll","background-type":"","background-media":"","overlay-type":"","overlay-color":"","overlay-opacity":"","overlay-gradient":""},"mobile":{"background-color":"","background-image":"","background-repeat":"repeat","background-position":"center center","background-size":"auto","background-attachment":"scroll","background-type":"","background-media":"","overlay-type":"","overlay-color":"","overlay-opacity":"","overlay-gradient":""}},"ast-content-background-meta":{"desktop":{"background-color":"var(--ast-global-color-5)","background-image":"","background-repeat":"repeat","background-position":"center center","background-size":"auto","background-attachment":"scroll","background-type":"","background-media":"","overlay-type":"","overlay-color":"","overlay-opacity":"","overlay-gradient":""},"tablet":{"background-color":"var(--ast-global-color-5)","background-image":"","background-repeat":"repeat","background-position":"center center","background-size":"auto","background-attachment":"scroll","background-type":"","background-media":"","overlay-type":"","overlay-color":"","overlay-opacity":"","overlay-gradient":""},"mobile":{"background-color":"var(--ast-global-color-5)","background-image":"","background-repeat":"repeat","background-position":"center center","background-size":"auto","background-attachment":"scroll","background-type":"","background-media":"","overlay-type":"","overlay-color":"","overlay-opacity":"","overlay-gradient":""}},"footnotes":""},"class_list":["post-11698","page","type-page","status-publish","hentry"],"post_mailing_queue_ids":[],"_links":{"self":[{"href":"https:\/\/agora-eoi.xtec.cat\/eoiolot\/wp-json\/wp\/v2\/pages\/11698","targetHints":{"allow":["GET"]}}],"collection":[{"href":"https:\/\/agora-eoi.xtec.cat\/eoiolot\/wp-json\/wp\/v2\/pages"}],"about":[{"href":"https:\/\/agora-eoi.xtec.cat\/eoiolot\/wp-json\/wp\/v2\/types\/page"}],"author":[{"embeddable":true,"href":"https:\/\/agora-eoi.xtec.cat\/eoiolot\/wp-json\/wp\/v2\/users\/1"}],"replies":[{"embeddable":true,"href":"https:\/\/agora-eoi.xtec.cat\/eoiolot\/wp-json\/wp\/v2\/comments?post=11698"}],"version-history":[{"count":3,"href":"https:\/\/agora-eoi.xtec.cat\/eoiolot\/wp-json\/wp\/v2\/pages\/11698\/revisions"}],"predecessor-version":[{"id":12101,"href":"https:\/\/agora-eoi.xtec.cat\/eoiolot\/wp-json\/wp\/v2\/pages\/11698\/revisions\/12101"}],"up":[{"embeddable":true,"href":"https:\/\/agora-eoi.xtec.cat\/eoiolot\/wp-json\/wp\/v2\/pages\/11688"}],"wp:attachment":[{"href":"https:\/\/agora-eoi.xtec.cat\/eoiolot\/wp-json\/wp\/v2\/media?parent=11698"}],"curies":[{"name":"wp","href":"https:\/\/api.w.org\/{rel}","templated":true}]}}