{"id":11694,"date":"2022-10-06T20:43:49","date_gmt":"2022-10-06T18:43:49","guid":{"rendered":"https:\/\/agora-eoi.xtec.cat\/eoiolot\/?page_id=11694"},"modified":"2024-07-09T11:07:10","modified_gmt":"2024-07-09T09:07:10","slug":"acollida-digital-alumnat","status":"publish","type":"page","link":"https:\/\/agora-eoi.xtec.cat\/eoiolot\/el-servei-educatiu\/com-funcionem\/estrategia-digital-de-centre\/cultura-digital\/acollida-digital-alumnat\/","title":{"rendered":"Acollida digital alumnat"},"content":{"rendered":"<p style=\"text-align: justify;\"><span style=\"font-family: inherit; font-size: 1em;\">Dins del pla d\u2019acollida de l&#8217;alumnat, est\u00e0 contemplat que el professorat del centre transmeti a l&#8217;alumnat nou i l&#8217;inscrit a cursos oficials les utilitats de la p\u00e0gina web, faciliti les claus d\u2019acc\u00e9s a l&#8217;entorn virtual d&#8217;aprenentatge Moodle, informi sobre el funcionament dels dispositius electr\u00f2nics del centre, entre d&#8217;altres.<\/span><\/p>\n<h2><b>WEB DE L\u2019ESCOLA OFICIAL D\u2019IDIOMES D\u2019OLOT i RIPOLL<\/b><\/h2>\n<p style=\"text-align: justify;\"><a href=\"https:\/\/agora-eoi.xtec.cat\/eoiolot\/\"><img loading=\"lazy\" decoding=\"async\" class=\"size-full wp-image-11988 alignleft\" src=\"https:\/\/agora-eoi.xtec.cat\/eoiolot\/wp-content\/uploads\/usu2459\/2022\/12\/web-escola.png\" alt=\"\" width=\"144\" height=\"115\" \/><\/a>Des del web de l\u2019EOI es pot accedir a tota la informaci\u00f3 del centre, a la plataforma d\u2019aprenentatge Moodle, a les novetats i not\u00edcies d\u2019actualitat, als tr\u00e0mits, a la informaci\u00f3 sobre el funcionament de l\u2019escola, als diferents espais de qu\u00e8 disposa i els serveis que s\u2019ofereixen, aix\u00ed com informaci\u00f3 relacionada amb les qualificacions de l&#8217;alumnat.<\/p>\n<p style=\"text-align: justify;\"><b>\ud83d\udd17\u00a0Acc\u00e9s al web:\u00a0<\/b><a href=\"https:\/\/agora-eoi.xtec.cat\/eoiolot\/\">https:\/\/agora-eoi.xtec.cat\/eoiolot\/<\/a><\/p>\n<p>&nbsp;<\/p>\n<h2><b>ENTORN VIRTUALS D\u2019APRENENTATGE<\/b><\/h2>\n<p><a href=\"https:\/\/agora-eoi.xtec.cat\/eoiolot\/aula_virtual\/\"><img loading=\"lazy\" decoding=\"async\" class=\" wp-image-11990 alignleft\" src=\"https:\/\/agora-eoi.xtec.cat\/eoiolot\/wp-content\/uploads\/usu2459\/2022\/12\/moodle.png\" alt=\"\" width=\"143\" height=\"143\" \/><\/a><\/p>\n<p style=\"text-align: justify;\"><span style=\"font-weight: 400;\">En cas d&#8217;alumnat nou i per tal d\u2019accedir a l\u2019Espai Virtual d\u2019Aprenentatge &#8211; Moodle, cal fer clic a l&#8217;enlla\u00e7 de l&#8217;aula virtual que correspongui, Olot o Ripoll:<\/span><\/p>\n<p>\ud83d\udd17<b>\u00a0Acc\u00e9s al web:\u00a0<\/b><a href=\"https:\/\/agora-eoi.xtec.cat\/eoiolot\/moodle\/\">https:\/\/agora-eoi.xtec.cat\/eoiolot\/moodle\/<\/a>\u00a0\u00a0 i\u00a0<a href=\"https:\/\/agora-eoi.xtec.cat\/eoiripoll\/moodle\/\">https:\/\/agora-eoi.xtec.cat\/eoiripoll\/moodle\/<\/a><\/p>\n<p style=\"text-align: justify;\"><span style=\"font-weight: 400;\">Seguidament, cal anar a la secci\u00f3 \u201c<\/span><b>\u00c9s la primera<\/b> <b>vegada que veniu aqu\u00ed?<\/b><span style=\"font-weight: 400;\">\u201d. Aleshores caldr\u00e0 clicar a \u201c<\/span><b>Crea un compte d\u2019usuari nou<\/b><span style=\"font-weight: 400;\">\u201d.\u00a0 L&#8217;alumnat<\/span><span style=\"font-weight: 400;\"> haur\u00e0 d\u2019omplir les dades que es demanen (els camps en asterisc ( * ) s\u00f3n obligatoris) i triar una contrasenya que li sigui f\u00e0cil de recordar. Per tal de finalitzar el proc\u00e9s, caldr\u00e0 escriure les lletres CAPTCHA al quadre; llavors ja podr\u00e0 clicar \u201c<\/span><b>crea el meu compte<\/b><span style=\"font-weight: 400;\">\u201d. A continuaci\u00f3, rebr\u00e0 un correu electr\u00f2nic de confirmaci\u00f3 del nou compte. Ja nom\u00e9s caldr\u00e0 que segueixi les indicacions del correu rebut.\u00a0<\/span><\/p>\n<p style=\"text-align: justify;\"><span style=\"font-weight: 400;\">Un cop dins de Moodle, haur\u00e0 de triar correctament l\u2019idioma, nivell i grup des de la p\u00e0gina d\u2019inici, i introduir la clau d\u2019inscripci\u00f3 que li haur\u00e0 facilitat el professorat de cada grup. Ser\u00e0 aleshores quan dins l\u2019aula virtual l\u2019alumne\/a podr\u00e0 \u201c<\/span><b>Editar el perfil<\/b><span style=\"font-weight: 400;\">\u201d i presentar-se a la resta de participants. Simplement caldr\u00e0 clicar el bot\u00f3 \u201c<\/span><b>Actualitzar perfil &#8211; Update Profile<\/b><span style=\"font-weight: 400;\">\u201d al final de la p\u00e0gina per tal de guardar les dades. Quan l&#8217;alumnat retorni a \u201c<\/span><b>EOI Olot Moodle<\/b><span style=\"font-weight: 400;\">\u201d\/ \u201c<\/span><b>EOI Ripoll Moodle<\/b><span style=\"font-weight: 400;\">\u201d ja podr\u00e0 accedir amb el nom d\u2019usuari i la contrasenya triats.<\/span><\/p>\n<p>L&#8217;Entorn Virtual d&#8217;Aprenentatge Moodle s&#8217;utilitza per al treball col\u00b7laboratiu, gesti\u00f3 de documents al n\u00favol i acc\u00e9s a continguts digitals. El professorat recomanar\u00e0 l&#8217;\u00fas i en far\u00e0 seguiment. Aquesta plataforma \u00e9s la recomanada pel Departament i destaca per la seva senzillesa d&#8217;\u00fas i integraci\u00f3 amb els serveis i eines d&#8217;aquest servei d&#8217;aprenentatge.<\/p>\n<p>&nbsp;<\/p>\n<h2><b>CENTROSNET<\/b><\/h2>\n<p><a href=\"https:\/\/agora-eoi.xtec.cat\/eoiolot\/consulta-de-notes\/\"><img loading=\"lazy\" decoding=\"async\" class=\" wp-image-11991 alignleft\" src=\"https:\/\/agora-eoi.xtec.cat\/eoiolot\/wp-content\/uploads\/usu2459\/2022\/12\/centrosnet.jpg\" sizes=\"auto, (max-width: 25px) 100vw, 25px\" srcset=\"https:\/\/agora-eoi.xtec.cat\/eoiolot\/wp-content\/uploads\/usu2459\/2022\/12\/centrosnet.jpg 45w, https:\/\/agora-eoi.xtec.cat\/eoiolot\/wp-content\/uploads\/usu2459\/2022\/12\/centrosnet-38x300.jpg 38w\" alt=\"\" width=\"25\" height=\"198\" \/><\/a><\/p>\n<p>L&#8217;alumnat t\u00e9 acc\u00e9s a CentrosNET a trav\u00e9s de la pestanya <a href=\"https:\/\/agora-eoi.xtec.cat\/eoiolot\/consulta-de-notes\/\">\u201cqualificacions\u201d<\/a> dins del web de l\u2019escola. A trav\u00e9s de CentrosNET, es poden matricular, poden consultar notes<span style=\"font-family: inherit; font-size: 1em;\"> i actualitzar les seves dades personals. Les instruccions per accedir a CentrosNET estan resumides en aquesta <a href=\"https:\/\/agora-eoi.xtec.cat\/eoiolot\/wp-content\/uploads\/usu2459\/2022\/05\/Qualificacions.jpg\">infografia<\/a>.<\/span><\/p>\n<p>\ud83d\udd17<b>\u00a0Acc\u00e9s al web EOI Olot:<\/b>\u00a0<a href=\"https:\/\/www.informaticacentros.com\/centrosnet\/ultralogin.php?tcentro=EOI&amp;centro=GE4\">https:\/\/www.informaticacentros.com\/centrosnet\/ultralogin.php?tcentro=EOI&amp;centro=GE4<\/a><\/p>\n<p><b>\ud83d\udd17\u00a0Acc\u00e9s al web CPD Ripoll:<\/b>\u00a0<a href=\"https:\/\/www.informaticacentros.com\/centrosnet\/ultralogin.php?tcentro=EOI&amp;centro=GE2\">https:\/\/www.informaticacentros.com\/centrosnet\/ultralogin.php?tcentro=EOI&amp;centro=GE2<\/a><\/p>\n<p>&nbsp;<\/p>\n<h3><\/h3>\n<h2><b>EP\u00c8RGAM<\/b><\/h2>\n<p><a href=\"https:\/\/drive.google.com\/file\/d\/1WYcCkV6-3NCS_llC9xw0hAsk-ix8w-Iw\/view?usp=share_link\"><img loading=\"lazy\" decoding=\"async\" class=\" wp-image-11993 alignleft\" src=\"https:\/\/agora-eoi.xtec.cat\/eoiolot\/wp-content\/uploads\/usu2459\/2022\/12\/t_epergam.gif\" alt=\"\" width=\"213\" height=\"71\" \/><\/a>L\u2019escola t\u00e9 tots els llibres de qu\u00e8 disposa catalogats a trav\u00e9s de la plataforma eP\u00e8rgam. Aquesta plataforma \u00e9s l\u2019aplicaci\u00f3 de gesti\u00f3 de biblioteques escolars que ofereix el Departament d\u2019Educaci\u00f3. \u00c9s una aplicaci\u00f3 en l\u00ednia i es caracteritza per:<\/p>\n<ul>\n<li aria-level=\"1\">Aprofitar els avantatges de la xarxa per fer la catalogaci\u00f3.<\/li>\n<li aria-level=\"1\">Permetre la consulta en l\u00ednia dels cat\u00e0legs de les biblioteques escolars.<\/li>\n<li aria-level=\"1\">Disposar de funcionalitats per incentivar l\u2019\u00fas de la biblioteca per part de la comunitat escolar.<\/li>\n<li aria-level=\"1\">Facilitar el manteniment t\u00e8cnic de les dades bibliogr\u00e0fiques i d\u2019usuaris.<\/li>\n<\/ul>\n<p style=\"text-align: justify;\">Tot l&#8217;alumnat del centre t\u00e9 acc\u00e9s a l\u2019aplicaci\u00f3. S\u2019hi accedeix a trav\u00e9s del web de l\u2019escola, a la pestanya \u201cViu l\u2019EOI\u201d a:<\/p>\n<p style=\"text-align: justify;\">\ud83d\udd17<b>\u00a0Acc\u00e9s al web:\u00a0<\/b><a href=\"https:\/\/agora-eoi.xtec.cat\/eoiolot\/viuleoi\/biblioteca\/\">Biblioteca\u00a0<\/a>.<\/p>\n<p>Cliqueu la icona de l&#8217;eP\u00e8rgam per trobar una infografia explicativa.<\/p>\n<h2><b>CONNECTIVITAT<\/b><\/h2>\n<p><b>\u00a0<\/b><\/p>\n<p>&nbsp;<\/p>\n<table style=\"width: 95.6265%;\">\n<tbody>\n<tr>\n<td style=\"width: 15.3558%; text-align: center;\"><b>Seu<\/b><\/td>\n<td style=\"width: 15.6554%; text-align: center;\"><b>Nom de la xarxa<\/b><\/td>\n<td style=\"text-align: center;\"><b>Disponibilitat<\/b><\/td>\n<td style=\"text-align: center;\"><b>Credencials<\/b><\/td>\n<\/tr>\n<tr>\n<td style=\"width: 15.3558%; text-align: center;\">Olot<\/td>\n<td style=\"width: 15.6554%; text-align: center;\">GENCAT_ENS_EDU<\/td>\n<td style=\"width: 19.5506%; text-align: center;\">alumnat \/ professorat<\/td>\n<td style=\"width: 24.3446%; text-align: left;\">Trobareu la informaci\u00f3 penjada a les aules<\/td>\n<\/tr>\n<tr>\n<td style=\"width: 15.3558%; text-align: center;\">Ripoll<\/td>\n<td style=\"width: 15.6554%; text-align: center;\">\u00a0GENCAT_ENS_EDU<\/td>\n<td style=\"width: 19.5506%; text-align: center;\">alumnat<\/td>\n<td style=\"width: 24.3446%; text-align: left;\">Pregunta al professorat<\/td>\n<\/tr>\n<\/tbody>\n<\/table>\n<p>&nbsp;<\/p>\n<h2><b>XARXES SOCIALS<\/b><\/h2>\n<p><img loading=\"lazy\" decoding=\"async\" class=\" wp-image-12001 alignleft\" src=\"https:\/\/agora-eoi.xtec.cat\/eoiolot\/wp-content\/uploads\/usu2459\/2022\/12\/comunicacio-externa.jpg\" alt=\"\" width=\"164\" height=\"102\" \/>L\u2019EOI d\u2019Olot i Ripoll disposa de diferents xarxes socials: el Facebook, el Twitter i l\u2019Instagram. A trav\u00e9s de les xarxes social reforcem i expandim la comunicaci\u00f3 m\u00e9s enll\u00e0 de la comunitat educativa.<\/p>\n<p><b>Twitter:<\/b> <a href=\"https:\/\/twitter.com\/eoiolot\"><span style=\"font-weight: 400;\">@eoiolot<\/span><\/a> <a href=\"https:\/\/twitter.com\/EOIRipoll\/status\/1494586499614089216\"><span style=\"font-weight: 400;\">@eoiripoll <\/span><\/a><span style=\"font-weight: 400;\">\u00a0\u00a0<\/span><b>Instagram:<\/b> <a href=\"https:\/\/www.instagram.com\/eoiolot\/\"><span style=\"font-weight: 400;\">@eoiolot<\/span><\/a> <a href=\"https:\/\/www.instagram.com\/eoiripoll\/\"><span style=\"font-weight: 400;\">@eoiripoll<\/span><\/a><span style=\"font-weight: 400;\"><strong> Facebook:<\/strong>\u00a0 <\/span><a href=\"https:\/\/www.facebook.com\/eoiolot\/\"><span style=\"font-weight: 400;\">@<\/span><span style=\"font-weight: 400;\">eoiolot<\/span><\/a> <a href=\"https:\/\/www.facebook.com\/EOIdeRipoll\/\"><span style=\"font-weight: 400;\">@eoiripoll<\/span><\/a><\/p>\n<p>Les xarxes socials tamb\u00e9 serveixen per difondre activitats educatives que es duguin a terme al centre. Cal vetllar per la privacitat i els drets d\u2019imatge i d\u2019autoria de totes les persones que apareixen en les publicacions o treballs creats. Aix\u00ed, doncs, tothom qui surti a fotografies, v\u00eddeos o altres mitjans ha d\u2019haver signat els drets d\u2019imatge. En el cas de l&#8217;alumnat major d&#8217;edat, ha de signar el seg\u00fcent <a href=\"https:\/\/drive.google.com\/file\/d\/11QCmgsAZPIWaKLFWg3ji8s5ba4AmTDnY\/view\">document<\/a>. L&#8217;alumnat menor d&#8217;edat, en canvi, ha de signar aquest <a href=\"https:\/\/drive.google.com\/file\/d\/1Fs_MZKWvIrP74Exc7UyQ287T7I4gnzmB\/view\">altre<\/a>.<\/p>\n<p>Per altra banda, cada grup-classe crea el seu propi grup de missatgeria. Els delegats creen grups de missatgeria instant\u00e0nia (Whatsapp) on s\u2019hi apunten els alumnes de forma volunt\u00e0ria per tal d\u2019estar informats sobre els deures i les activitats de classe quan no poden assistir, o b\u00e9 per estar informats de l\u2019abs\u00e8ncia del docent (que n\u2019informa directament al delegat) si s\u2019escau.<\/p>\n<p>&nbsp;<\/p>\n<h2><b>NORMATIVA DE L&#8217;\u00c0MBIT DIGITAL<\/b><\/h2>\n<p><span style=\"font-weight: 400;\">Segons les <\/span><a href=\"https:\/\/drive.google.com\/file\/d\/1PFiTK1kVWq181fVc3ZNM_XdAXFVLSmGx\/view\"><span style=\"font-weight: 400;\">Normes d\u2019organitzaci\u00f3 i funcionament de centre<\/span><\/a><span style=\"font-weight: 400;\"> (NOFC), cal que l&#8217;alumnat tingui present els seg\u00fcents aspectes en relaci\u00f3 amb l\u2019\u00e0mbit digital:<\/span><\/p>\n<p><b>Acc\u00e9s a Internet<\/b><\/p>\n<ul>\n<li style=\"font-weight: 400; text-align: justify;\" aria-level=\"1\"><i><span style=\"font-weight: 400;\">L\u2019alumnat de l\u2019EOI d\u2019Olot &amp; Ripoll t\u00e9 a la seva disposici\u00f3 acc\u00e9s a Internet a les aules i a determinats espais comuns com <\/span><\/i><i><span style=\"font-weight: 400;\">la biblioteca<\/span><\/i><i><span style=\"font-weight: 400;\">. Aix\u00f2 no obstant, l\u2019alumnat s\u2019ha de comprometre a fer-ne un \u00fas acad\u00e8mic i escolar.<\/span><\/i><\/li>\n<li style=\"font-weight: 400; text-align: justify;\" aria-level=\"1\"><i><span style=\"font-weight: 400;\">No es permetr\u00e0 l\u2019acc\u00e9s a determinades p\u00e0gines d&#8217;Internet que per ra\u00f3 del seu contingut contradiguin l\u2019objectiu educatiu de l\u2019EOI. Aquesta prohibici\u00f3 s\u2019estendr\u00e0 a les xarxes socials (Facebook, Twitter, etc.) i al programari de xats (Messenger i altres), amb l\u2019excepci\u00f3 que s\u2019utilitzin amb finalitat educativa i sota indicaci\u00f3 d\u2019un professor o professora.<\/span><\/i><\/li>\n<\/ul>\n","protected":false},"excerpt":{"rendered":"<p>Dins del pla d\u2019acollida de l&#8217;alumnat, est\u00e0 contemplat que el professorat del centre transmeti a l&#8217;alumnat nou i l&#8217;inscrit a [&hellip;]<\/p>\n","protected":false},"author":1,"featured_media":0,"parent":11688,"menu_order":3,"comment_status":"closed","ping_status":"closed","template":"page-templates\/side-menu.php","meta":{"_bbp_topic_count":0,"_bbp_reply_count":0,"_bbp_total_topic_count":0,"_bbp_total_reply_count":0,"_bbp_voice_count":0,"_bbp_anonymous_reply_count":0,"_bbp_topic_count_hidden":0,"_bbp_reply_count_hidden":0,"_bbp_forum_subforum_count":0,"site-sidebar-layout":"default","site-content-layout":"","ast-site-content-layout":"","site-content-style":"default","site-sidebar-style":"default","ast-global-header-display":"","ast-banner-title-visibility":"","ast-main-header-display":"","ast-hfb-above-header-display":"","ast-hfb-below-header-display":"","ast-hfb-mobile-header-display":"","site-post-title":"","ast-breadcrumbs-content":"","ast-featured-img":"","footer-sml-layout":"","theme-transparent-header-meta":"","adv-header-id-meta":"","stick-header-meta":"","header-above-stick-meta":"","header-main-stick-meta":"","header-below-stick-meta":"","astra-migrate-meta-layouts":"default","ast-page-background-enabled":"default","ast-page-background-meta":{"desktop":{"background-color":"var(--ast-global-color-4)","background-image":"","background-repeat":"repeat","background-position":"center center","background-size":"auto","background-attachment":"scroll","background-type":"","background-media":"","overlay-type":"","overlay-color":"","overlay-opacity":"","overlay-gradient":""},"tablet":{"background-color":"","background-image":"","background-repeat":"repeat","background-position":"center center","background-size":"auto","background-attachment":"scroll","background-type":"","background-media":"","overlay-type":"","overlay-color":"","overlay-opacity":"","overlay-gradient":""},"mobile":{"background-color":"","background-image":"","background-repeat":"repeat","background-position":"center center","background-size":"auto","background-attachment":"scroll","background-type":"","background-media":"","overlay-type":"","overlay-color":"","overlay-opacity":"","overlay-gradient":""}},"ast-content-background-meta":{"desktop":{"background-color":"var(--ast-global-color-5)","background-image":"","background-repeat":"repeat","background-position":"center center","background-size":"auto","background-attachment":"scroll","background-type":"","background-media":"","overlay-type":"","overlay-color":"","overlay-opacity":"","overlay-gradient":""},"tablet":{"background-color":"var(--ast-global-color-5)","background-image":"","background-repeat":"repeat","background-position":"center center","background-size":"auto","background-attachment":"scroll","background-type":"","background-media":"","overlay-type":"","overlay-color":"","overlay-opacity":"","overlay-gradient":""},"mobile":{"background-color":"var(--ast-global-color-5)","background-image":"","background-repeat":"repeat","background-position":"center center","background-size":"auto","background-attachment":"scroll","background-type":"","background-media":"","overlay-type":"","overlay-color":"","overlay-opacity":"","overlay-gradient":""}},"footnotes":""},"class_list":["post-11694","page","type-page","status-publish","hentry"],"post_mailing_queue_ids":[],"_links":{"self":[{"href":"https:\/\/agora-eoi.xtec.cat\/eoiolot\/wp-json\/wp\/v2\/pages\/11694","targetHints":{"allow":["GET"]}}],"collection":[{"href":"https:\/\/agora-eoi.xtec.cat\/eoiolot\/wp-json\/wp\/v2\/pages"}],"about":[{"href":"https:\/\/agora-eoi.xtec.cat\/eoiolot\/wp-json\/wp\/v2\/types\/page"}],"author":[{"embeddable":true,"href":"https:\/\/agora-eoi.xtec.cat\/eoiolot\/wp-json\/wp\/v2\/users\/1"}],"replies":[{"embeddable":true,"href":"https:\/\/agora-eoi.xtec.cat\/eoiolot\/wp-json\/wp\/v2\/comments?post=11694"}],"version-history":[{"count":5,"href":"https:\/\/agora-eoi.xtec.cat\/eoiolot\/wp-json\/wp\/v2\/pages\/11694\/revisions"}],"predecessor-version":[{"id":13035,"href":"https:\/\/agora-eoi.xtec.cat\/eoiolot\/wp-json\/wp\/v2\/pages\/11694\/revisions\/13035"}],"up":[{"embeddable":true,"href":"https:\/\/agora-eoi.xtec.cat\/eoiolot\/wp-json\/wp\/v2\/pages\/11688"}],"wp:attachment":[{"href":"https:\/\/agora-eoi.xtec.cat\/eoiolot\/wp-json\/wp\/v2\/media?parent=11694"}],"curies":[{"name":"wp","href":"https:\/\/api.w.org\/{rel}","templated":true}]}}