{"id":11692,"date":"2022-10-06T20:43:17","date_gmt":"2022-10-06T18:43:17","guid":{"rendered":"https:\/\/agora-eoi.xtec.cat\/eoiolot\/?page_id=11692"},"modified":"2025-09-06T20:52:38","modified_gmt":"2025-09-06T18:52:38","slug":"acollida-digital-docent","status":"publish","type":"page","link":"https:\/\/agora-eoi.xtec.cat\/eoiolot\/el-servei-educatiu\/com-funcionem\/estrategia-digital-de-centre\/cultura-digital\/acollida-digital-docent\/","title":{"rendered":"Acollida digital docent"},"content":{"rendered":"<p style=\"text-align: justify;\"><span style=\"font-weight: 400;\">Dins del pla d\u2019acollida al professorat, est\u00e0 contemplat que el\/la coordinador\/a digital presenti al professorat nouvingut les utilitats de la p\u00e0gina web, faciliti les claus d\u2019acc\u00e9s als diferents sistemes, com ara Moodle, Centrosnet, XTEC i ATRI, informi sobre el funcionament dels dispositius electr\u00f2nics del centre i familiaritzi el professorat de l\u2019acollida digital.\u00a0<\/span><\/p>\n<h3><\/h3>\n<h2><b>REFERENTS DIGITALS DEL CENTRE<\/b><\/h2>\n<p><b>Els referents digitals del centre s\u00f3n:\u00a0<\/b><\/p>\n<ul>\n<li style=\"font-weight: 400;\" aria-level=\"1\"><span style=\"font-weight: 400;\">Cristina Segu\u00e9s (Coordinadora digital)<\/span><\/li>\n<\/ul>\n<h3><\/h3>\n<h2><b>X<\/b><b>TEC<\/b><\/h2>\n<h3><b><a href=\"https:\/\/xtec.gencat.cat\/ca\/at_usuari\/gestio\/altausuari\/\"><img loading=\"lazy\" decoding=\"async\" class=\" wp-image-11977 alignleft\" src=\"https:\/\/agora-eoi.xtec.cat\/eoiolot\/wp-content\/uploads\/usu2459\/2022\/12\/logo-xtec.png\" alt=\"\" width=\"182\" height=\"75\" srcset=\"https:\/\/agora-eoi.xtec.cat\/eoiolot\/wp-content\/uploads\/usu2459\/2022\/12\/logo-xtec.png 320w, https:\/\/agora-eoi.xtec.cat\/eoiolot\/wp-content\/uploads\/usu2459\/2022\/12\/logo-xtec-300x124.png 300w\" sizes=\"auto, (max-width: 182px) 100vw, 182px\" \/><\/a><\/b><\/h3>\n<p style=\"text-align: justify;\"><span style=\"font-weight: 400;\">La Xarxa Telem\u00e0tica Educativa de Catalunya \u00e9s el web de refer\u00e8ncia on els docents poden trobar els recursos, normatives, projectes, formaci\u00f3, etc., que ofereix el Departament d\u2019Educaci\u00f3. Alguns dels serveis que s\u2019hi ofereixen requereixen identificaci\u00f3 corporativa.<\/span><\/p>\n<p style=\"text-align: justify;\"><b>Usuari XTEC<\/b><span style=\"font-weight: 400;\">. En cas que el docent no disposi de l\u2019usuari corporatiu XTEC, cal sol\u00b7licitar-ne l\u2019alta a trav\u00e9s de l\u2019enlla\u00e7: <\/span><a href=\"https:\/\/cutt.ly\/altaxtec\"><span style=\"font-weight: 400;\">https:\/\/cutt.ly\/altaxtec<\/span><\/a><span style=\"font-weight: 400;\">. La direcci\u00f3 del centre rebr\u00e0 l\u2019av\u00eds de la sol\u00b7licitud i en far\u00e0 la validaci\u00f3. \u00c9s imprescindible disposar d\u2019aquest usuari corporatiu per a la comunicaci\u00f3 del docent amb el Departament d\u2019Educaci\u00f3.\u00a0\u00a0<\/span><\/p>\n<p style=\"text-align: justify;\"><span style=\"font-weight: 400;\">Amb l\u2019usuari XTEC s\u2019obt\u00e9 l\u2019alta de les eines <\/span><a href=\"https:\/\/workspace.google.com\/intl\/es\/\"><span style=\"font-weight: 400;\">Google Workspace<\/span><\/a><span style=\"font-weight: 400;\"> sota el domini <\/span><a href=\"http:\/\/xtec.cat\"><span style=\"font-weight: 400;\">xtec.cat<\/span><\/a><span style=\"font-weight: 400;\">.<\/span><\/p>\n<h3><\/h3>\n<h2><b>ATRI\u00a0<\/b><\/h2>\n<p><b><span style=\"font-weight: 400;\"><a href=\"https:\/\/atriportal.gencat.cat\/siteminderagent\/forms\/gicar2019pc\/loginCorp2019v16.fcc?TYPE=33554433&amp;REALMOID=06-00047051-2c0f-1161-958c-802b0a340000&amp;GUID=&amp;SMAUTHREASON=0&amp;METHOD=GET&amp;SMAGENTNAME=-SM-8lb%2fxXoApeXisjUXNeoApUsPfGupVjvfS0%2bmShEy%2fowahvICN2Hrm%2bF3Ao5QaQS2&amp;TARGET=-SM-HTTPS%3a%2f%2fatriportal%2egencat%2ecat%2fSirhTokenHandler--web%2frestapi%2fext%2ftoken%2fgeneraAccessToken%3fapp%3datri_inet%26ts%3d1674155934560\"><img loading=\"lazy\" decoding=\"async\" class=\"size-full wp-image-11984 alignleft\" src=\"https:\/\/agora-eoi.xtec.cat\/eoiolot\/wp-content\/uploads\/usu2459\/2022\/12\/logo-atri-bo.jpg\" alt=\"\" width=\"98\" height=\"60\" \/><\/a><\/span>ATRI<\/b><span style=\"font-weight: 400;\"> \u00e9s el portal per a la gesti\u00f3 laboral (dades personals, retribucions, formaci\u00f3, etc.) de tots els treballadors i treballadores de la Generalitat de Catalunya.\u00a0<\/span><\/p>\n<p><b>\ud83d\udd17Acc\u00e9s a ATRI:<\/b> <a href=\"https:\/\/atriportal.gencat.cat\"><span style=\"font-weight: 400;\">atriportal.gencat.cat<\/span><\/a><b>\u00a0 <\/b><b><br \/>\n<\/b><\/p>\n<p><span style=\"font-weight: 400;\">La validaci\u00f3 al portal es fa mitjan\u00e7ant usuari corporatiu <\/span><a href=\"http:\/\/ctti.gencat.cat\/ca\/ctti\/solucions-corporatives\/gestio-didentitats\/gicar\/\"><span style=\"font-weight: 400;\">GICAR<\/span><\/a><span style=\"font-weight: 400;\">, que \u00e9s el portal de Gesti\u00f3 d\u2019identitats i control d\u2019acc\u00e9s als recursos on es poden gestionar i canviar les contrasenyes dels diferents portals, quan s\u2019escaigui.<\/span><\/p>\n<p><span style=\"font-weight: 400;\"><br \/>\n<\/span><span style=\"font-weight: 400;\">\ud83d\udd17 <\/span><b>Acc\u00e9s a GICAR (canvi de contrasenyes):<\/b> <a href=\"https:\/\/idp4-gicar.gencat.cat\/autogestio\/\"><span style=\"font-weight: 400;\">idp4-gicar.gencat.cat\/autogestio<\/span><\/a><span style=\"font-weight: 400;\">\u00a0<\/span><\/p>\n<p><span style=\"font-weight: 400;\">Per protecci\u00f3 de dades, cada sis mesos cal canviar la contrasenya de GICAR a <\/span><a href=\"https:\/\/autenticaciogicar4.extranet.gencat.cat\/siteminderagent\/forms\/autogestio_2016\/autogestio2016.fcc?TYPE=33554433&amp;REALMOID=06-000d6b22-98e4-1fdc-93e7-802b0a340000&amp;GUID=&amp;SMAUTHREASON=0&amp;METHOD=POST&amp;SMAGENTNAME=-SM-KntNS2TCt8Ex7Htch%2by923WLVxPxlV0hAn5iUxZukJE53B7smDSi626eiPkO7H2%2b&amp;TARGET=-SM-https%3a%2f%2fautenticaciogicar4%2eextranet%2egencat%2ecat%2fautogestio%2fprotegit%2finiCaptcha%2ejsp\"><span style=\"font-weight: 400;\">https:\/\/autenticaciogicar4.extranet.gencat.cat<\/span><\/a><span style=\"font-weight: 400;\"> L\u2019usuari GICAR d\u2019identificaci\u00f3 se sol\u00b7licita a la direcci\u00f3 del centre que, a la vegada, en sol\u00b7licita l\u2019alta. Per altra banda, el professorat pot\u00a0<\/span><\/p>\n<h3><\/h3>\n<h2><b>PORTAL DE CENTRE<\/b><\/h2>\n<p><span style=\"font-weight: 400;\"><a href=\"https:\/\/inici.espai.educacio.gencat.cat\/\"><img loading=\"lazy\" decoding=\"async\" class=\"size-full wp-image-11986 alignleft\" src=\"https:\/\/agora-eoi.xtec.cat\/eoiolot\/wp-content\/uploads\/usu2459\/2022\/12\/portal-de-centre.png\" alt=\"\" width=\"177\" height=\"135\" \/><\/a>El Portal de Centre \u00e9s la Intranet del Departament d\u2019Educaci\u00f3. S\u2019hi accedeix amb les credencials d\u2019autenticaci\u00f3 de GICAR. Aquesta intranet centralitza tots els portals web abans esmentats. S\u2019accedeix tamb\u00e9 a normativa, models de documents, tr\u00e0mits del personal, etc.<\/span><\/p>\n<p><span style=\"font-weight: 400;\">\ud83d\udd17<\/span><b> Acc\u00e9s al Portal de centres:<\/b> <a href=\"https:\/\/inici.espai.educacio.gencat.cat\/\"><span style=\"font-weight: 400;\">inici.espai.educacio.gencat.cat<\/span><\/a><\/p>\n<h3><\/h3>\n<h2><b>WEB DE L\u2019ESCOLA OFICIAL D\u2019IDIOMES D\u2019OLOT<\/b><\/h2>\n<p><span style=\"font-weight: 400;\"><a href=\"https:\/\/agora-eoi.xtec.cat\/eoiolot\/\"><img loading=\"lazy\" decoding=\"async\" class=\"size-full wp-image-11988 alignleft\" src=\"https:\/\/agora-eoi.xtec.cat\/eoiolot\/wp-content\/uploads\/usu2459\/2022\/12\/web-escola.png\" alt=\"\" width=\"144\" height=\"115\" \/><\/a>Des del web de l\u2019EOI es pot accedir a tota la informaci\u00f3 del centre, a la plataforma d\u2019aprenentatge Moodle, a les novetats i not\u00edcies d\u2019actualitat, als tr\u00e0mits, a la informaci\u00f3 sobre el funcionament de l\u2019escola, als diferents espais de qu\u00e8 disposa i els serveis que s\u2019ofereixen, aix\u00ed com a la informaci\u00f3 de l\u2019alumnat (Centrosnet).\u00a0<\/span><\/p>\n<p><b>\ud83d\udd17 Acc\u00e9s al web: <\/b><a href=\"https:\/\/agora-eoi.xtec.cat\/eoiolot\/\"><span style=\"font-weight: 400;\">https:\/\/agora-eoi.xtec.cat\/eoiolot\/<\/span><\/a><\/p>\n<h3><\/h3>\n<h2><b>ENTORN VIRTUALS D\u2019APRENENTATGE<\/b><\/h2>\n<p><span style=\"font-weight: 400;\"><a href=\"https:\/\/agora-eoi.xtec.cat\/eoiolot\/aula_virtual\/\"><img loading=\"lazy\" decoding=\"async\" class=\"size-full wp-image-11990 alignleft\" src=\"https:\/\/agora-eoi.xtec.cat\/eoiolot\/wp-content\/uploads\/usu2459\/2022\/12\/moodle.png\" alt=\"\" width=\"150\" height=\"150\" \/><\/a>L\u2019 EVA que ofereix l\u2019Escola Oficial d\u2019Idiomes d\u2019Olot \u00e9s la plataforma Moodle.\u00a0<\/span><\/p>\n<p><span style=\"font-weight: 400;\">\ud83d\udd17<\/span><b> Acc\u00e9s al web: <\/b><a href=\"https:\/\/agora-eoi.xtec.cat\/eoiolot\/moodle\/\"><span style=\"font-weight: 400;\">https:\/\/agora-eoi.xtec.cat\/eoiolot\/moodle\/<\/span><\/a><span style=\"font-weight: 400;\"> \u00a0 i <\/span><a href=\"https:\/\/agora-eoi.xtec.cat\/eoiripoll\/moodle\/\"><span style=\"font-weight: 400;\">https:\/\/agora-eoi.xtec.cat\/eoiripoll\/moodle\/<\/span><\/a><span style=\"font-weight: 400;\">\u00a0<\/span><\/p>\n<p><span style=\"font-weight: 400;\">Per identificar-se dins la plataforma, cal fer-ho usant les credencials d\u2019usuari que proporciona el coordinador digital a inici de curs i a trav\u00e9s del corresponent bot\u00f3 dins la p\u00e0gina d\u2019inici de sessi\u00f3 del Moodle (icona<\/span><a href=\"https:\/\/agora-eoi.xtec.cat\/eoiolot\/aula_virtual\/\"><span style=\"font-weight: 400;\"> \u201caula virtual\u201d <\/span><\/a><span style=\"font-weight: 400;\">\u00a0a la p\u00e0gina web).<\/span><\/p>\n<h3><\/h3>\n<h2><b>CENTROSNET<\/b><\/h2>\n<p><span style=\"font-weight: 400;\"><a href=\"https:\/\/agora-eoi.xtec.cat\/eoiolot\/consulta-de-notes\/\"><img loading=\"lazy\" decoding=\"async\" class=\" wp-image-11991 alignleft\" src=\"https:\/\/agora-eoi.xtec.cat\/eoiolot\/wp-content\/uploads\/usu2459\/2022\/12\/centrosnet.jpg\" alt=\"\" width=\"25\" height=\"198\" srcset=\"https:\/\/agora-eoi.xtec.cat\/eoiolot\/wp-content\/uploads\/usu2459\/2022\/12\/centrosnet.jpg 45w, https:\/\/agora-eoi.xtec.cat\/eoiolot\/wp-content\/uploads\/usu2459\/2022\/12\/centrosnet-38x300.jpg 38w\" sizes=\"auto, (max-width: 25px) 100vw, 25px\" \/><\/a><\/span><\/p>\n<p><span style=\"font-weight: 400;\">El professorat t\u00e9 acc\u00e9s a Centrosnet a trav\u00e9s\u00a0 de la pestanya <\/span><a href=\"https:\/\/agora-eoi.xtec.cat\/eoiolot\/consulta-de-notes\/\"><span style=\"font-weight: 400;\">\u201cqualificacions\u201d<\/span><\/a><span style=\"font-weight: 400;\"> dins del web de l\u2019escola. A trav\u00e9s de Centrosnet, es poden consultar llistats de classe, aix\u00ed com el contacte i informaci\u00f3 acad\u00e8mica de l\u2019alumnat.\u00a0 Per tenir-hi acc\u00e9s, cal demanar-ho al coordinador digital.<\/span><\/p>\n<p><span style=\"font-weight: 400;\">\ud83d\udd17<\/span><b> Acc\u00e9s al web EOI Olot:<\/b> <a href=\"https:\/\/www.informaticacentros.com\/centrosnet\/ultralogin.php?tcentro=EOI&amp;centro=GE4\">https:\/\/www.informaticacentros.com\/centrosnet\/ultralogin.php?tcentro=EOI&amp;centro=GE4<\/a><\/p>\n<p><b><span style=\"font-weight: 400;\">\ud83d\udd17<\/span> Acc\u00e9s al web CPD Ripoll:<\/b>\u00a0<a href=\"https:\/\/www.informaticacentros.com\/centrosnet\/ultralogin.php?tcentro=EOI&amp;centro=GE2\">https:\/\/www.informaticacentros.com\/centrosnet\/ultralogin.php?tcentro=EOI&amp;centro=GE2<\/a><\/p>\n<h3><\/h3>\n<h2><b>EP\u00c8RGAM<\/b><\/h2>\n<p><span style=\"font-weight: 400;\"><a href=\"https:\/\/drive.google.com\/file\/d\/1mf7rgaEfFs6ReGna72D3o0qEBd45wqvG\/view?usp=share_link\"><img loading=\"lazy\" decoding=\"async\" class=\" wp-image-11993 alignleft\" src=\"https:\/\/agora-eoi.xtec.cat\/eoiolot\/wp-content\/uploads\/usu2459\/2022\/12\/t_epergam.gif\" alt=\"\" width=\"213\" height=\"71\" \/><\/a>L\u2019escola t\u00e9 tots els llibres de qu\u00e8 disposa catalogats a trav\u00e9s de la plataforma eP\u00e8rgam. Aquesta plataforma \u00e9s l\u2019aplicaci\u00f3 de gesti\u00f3 de biblioteques escolars que ofereix el Departament d\u2019Educaci\u00f3. \u00c9s una aplicaci\u00f3 en l\u00ednia i es caracteritza per:\u00a0<\/span><\/p>\n<ul>\n<li style=\"font-weight: 400;\" aria-level=\"1\"><span style=\"font-weight: 400;\">Aprofitar els avantatges de la xarxa per fer la catalogaci\u00f3.<\/span><\/li>\n<li style=\"font-weight: 400;\" aria-level=\"1\"><span style=\"font-weight: 400;\">Permetre la consulta en l\u00ednia dels cat\u00e0legs de les biblioteques escolars.<\/span><\/li>\n<li style=\"font-weight: 400;\" aria-level=\"1\"><span style=\"font-weight: 400;\">Disposar de funcionalitats per incentivar l\u2019\u00fas de la biblioteca per part de la comunitat escolar.<\/span><\/li>\n<li style=\"font-weight: 400;\" aria-level=\"1\"><span style=\"font-weight: 400;\">Facilitar el manteniment t\u00e8cnic de les dades bibliogr\u00e0fiques i d\u2019usuaris.<\/span><\/li>\n<\/ul>\n<p><span style=\"font-weight: 400;\">Tant el professorat com l\u2019alumnat tenen acc\u00e9s a l\u2019aplicaci\u00f3. S\u2019hi accedeix a trav\u00e9s del web de l\u2019escola, a la pestanya \u201cViu l\u2019EOI\u201d a <\/span><span style=\"font-weight: 400;\">\ud83d\udd17<\/span><b> Acc\u00e9s al web: <\/b><a href=\"https:\/\/agora-eoi.xtec.cat\/eoiolot\/viuleoi\/biblioteca\/\"><span style=\"font-weight: 400;\">Biblioteca<\/span> <\/a><span style=\"font-weight: 400;\">. Si necessiteu m\u00e9s informaci\u00f3 sobre el funcionament de l&#8217;eP\u00e8rgam, cliqueu la icona.<\/span><\/p>\n<h3><\/h3>\n<h2><b>COMISSI\u00d3 DIGITAL<\/b><\/h2>\n<p><span style=\"font-weight: 400;\"><a href=\"https:\/\/agora-eoi.xtec.cat\/eoiolot\/estrategia-digital-de-centre\/contacte\/\"><img loading=\"lazy\" decoding=\"async\" class=\" wp-image-11995 alignleft\" src=\"https:\/\/agora-eoi.xtec.cat\/eoiolot\/wp-content\/uploads\/usu2459\/2022\/12\/comissio-digital-logo.png\" alt=\"\" width=\"120\" height=\"120\" srcset=\"https:\/\/agora-eoi.xtec.cat\/eoiolot\/wp-content\/uploads\/usu2459\/2022\/12\/comissio-digital-logo.png 300w, https:\/\/agora-eoi.xtec.cat\/eoiolot\/wp-content\/uploads\/usu2459\/2022\/12\/comissio-digital-logo-150x150.png 150w\" sizes=\"auto, (max-width: 120px) 100vw, 120px\" \/><\/a><\/span><\/p>\n<p><span style=\"font-weight: 400;\">La comissi\u00f3 digital del centre est\u00e0 formada per quatre professors, dos membres de l\u2019equip directiu, la cap de departament d\u2019angl\u00e8s i una professora d\u2019angl\u00e8s. El professorat pot veure qui s\u00f3n els membres de l\u2019equip directiu a trav\u00e9s del web de l\u2019escola, a la pestanya \u201cEstrat\u00e8gia Digital de Centre\u201d a <\/span><span style=\"font-weight: 400;\">\ud83d\udd17<\/span><b> Acc\u00e9s al web: <\/b><a href=\"https:\/\/agora-eoi.xtec.cat\/eoiolot\/estrategia-digital-de-centre\/contacte\/\"><span style=\"font-weight: 400;\">Contacte<\/span><\/a><span style=\"font-weight: 400;\">.\u00a0<\/span><\/p>\n<h3><\/h3>\n<h2><b>COMPET\u00c8NCIA DIGITAL<\/b><\/h2>\n<p><span style=\"font-weight: 400;\"><a href=\"https:\/\/agora-eoi.xtec.cat\/eoiolot\/estrategia-digital-de-centre\/\"><img loading=\"lazy\" decoding=\"async\" class=\" wp-image-11996 alignleft\" src=\"https:\/\/agora-eoi.xtec.cat\/eoiolot\/wp-content\/uploads\/usu2459\/2022\/12\/edc-e1631604684348.png\" alt=\"\" width=\"189\" height=\"138\" \/><\/a>Per aconseguir l\u2019assoliment de la compet\u00e8ncia digital de l\u2019alumnat \u00e9s necessari que els docents i el centre tamb\u00e9 sigui competent digitalment.\u00a0<\/span><\/p>\n<p><span style=\"font-weight: 400;\">Amb aquesta finalitat, l\u2019EOI d\u2019Olot i Ripoll ha elaborat una Estrat\u00e8gia Digital de Centre, consultable des del web del centre<\/span><span style=\"font-weight: 400;\"> \ud83d\udd17<\/span><b> Acc\u00e9s al web: <\/b><span style=\"font-weight: 400;\">\u00a0<\/span><a href=\"https:\/\/agora-eoi.xtec.cat\/eoiolot\/estrategia-digital-de-centre\/\"><b>Estrat\u00e8gia Digital de Centre<\/b><\/a><b>.<\/b><\/p>\n<p><span style=\"font-weight: 400;\">Dins d\u2019aquesta secci\u00f3, el professorat pot trobar els diferents apartats de cultura digital, amb la documentaci\u00f3 digital de centre, el Pla de Comunicaci\u00f3 Digital de centre o l\u2019Acollida digital de l\u2019alumnat. A m\u00e9s a m\u00e9s, dins d\u2019aquest apartat, hi ha un Banc de recursos digitals, web i xarxes socials o documentaci\u00f3 sobre Internet Segura i propietat intel\u00b7lectual que cal tenir present a l\u2019hora de fer \u00fas d\u2019informaci\u00f3 de tercers o acc\u00e9s a webs o entorns no segurs.<\/span><\/p>\n<h2><b>PORT\u00c0TIL D\u2019\u00daS PER A DOCENTS<\/b><\/h2>\n<p><span style=\"font-weight: 400;\"><img loading=\"lazy\" decoding=\"async\" class=\" wp-image-11997 alignleft\" src=\"https:\/\/agora-eoi.xtec.cat\/eoiolot\/wp-content\/uploads\/usu2459\/2022\/12\/logo-portatil.jpg\" alt=\"\" width=\"90\" height=\"90\" srcset=\"https:\/\/agora-eoi.xtec.cat\/eoiolot\/wp-content\/uploads\/usu2459\/2022\/12\/logo-portatil.jpg 225w, https:\/\/agora-eoi.xtec.cat\/eoiolot\/wp-content\/uploads\/usu2459\/2022\/12\/logo-portatil-150x150.jpg 150w\" sizes=\"auto, (max-width: 90px) 100vw, 90px\" \/>El Pla d\u2019Educaci\u00f3 Digital de Catalunya ha dotat els centres educatius d\u2019ordinadors port\u00e0tils per als docents.<\/span><\/p>\n<p><span style=\"font-weight: 400;\">L\u2019escola cedeix als docents un ordinador en nom del Department. Cal posar-se en contacte amb el coordinador digital per obtenir-lo. Cal conservar el carregador i caixa fins al dia que calgui retornar l\u2019equip.\u00a0<\/span><\/p>\n<p><b>Usuari d\u2019inici de sessi\u00f3 del port\u00e0til:<\/b> <b><i>usuarixtec<\/i><\/b><b>@edu.gencat.cat<\/b><span style=\"font-weight: 400;\"> (aquest no \u00e9s un correu operatiu, nom\u00e9s la identificaci\u00f3 a l\u2019equip i a la xarxa educativa digital del Departament d\u2019Educaci\u00f3).\u00a0<\/span><\/p>\n<p><b>Contrasenya<\/b><span style=\"font-weight: 400;\">: contrasenya ATRI\/GICAR\u00a0<\/span><\/p>\n<h2><b>IMPRESSI\u00d3, FOTOC\u00d2PIES I ESCANEIG DE DOCUMENTS<\/b><\/h2>\n<p><span style=\"font-weight: 400;\"><img loading=\"lazy\" decoding=\"async\" class=\" wp-image-11998 alignleft\" src=\"https:\/\/agora-eoi.xtec.cat\/eoiolot\/wp-content\/uploads\/usu2459\/2022\/12\/impressora.png\" alt=\"\" width=\"103\" height=\"103\" srcset=\"https:\/\/agora-eoi.xtec.cat\/eoiolot\/wp-content\/uploads\/usu2459\/2022\/12\/impressora.png 225w, https:\/\/agora-eoi.xtec.cat\/eoiolot\/wp-content\/uploads\/usu2459\/2022\/12\/impressora-150x150.png 150w\" sizes=\"auto, (max-width: 103px) 100vw, 103px\" \/>El professorat ha d\u2019enviar les fotoc\u00f2pies a la K\u00f2nica Minolta que es troba a la recepci\u00f3 de l\u2019escola i el conserge s\u2019encarregar\u00e0 d\u2019imprimir-les. Els ordinadors de l\u2019escola (sala de professorat i biblioteca, igual com els ordinadors de totes les aules) estan configurats per poder fer els enviaments. A m\u00e9s a m\u00e9s, tots els port\u00e0tils cedits al professorat del centre poden enviar els documents que s\u2019han d\u2019imprimir directament a la K\u00f2nica Minolta.\u00a0 Es necessita un codi per poder enviar el treball a imprimir. Cal sol\u00b7licitar-lo\u00a0 al Coordinador digital.<\/span><\/p>\n<p><span style=\"font-weight: 400;\">Es recomana enviar els treballs d\u2019impressi\u00f3 amb suficient antelaci\u00f3 a la K\u00f2nica Minolta per tal que el conserge tingui temps per fer-les i organitzar-les. En el cas del professorat destinat a Ripoll, \u00e9s imprescindible que s\u2019emporti les fotoc\u00f2pies de la setmana el divendres al mat\u00ed quan tot el personal treballa a la seu d\u2019Olot.<\/span><\/p>\n<h2><b>CONNECTIVITAT<\/b><\/h2>\n<p><span style=\"font-weight: 400;\"><img loading=\"lazy\" decoding=\"async\" class=\" wp-image-11999 alignleft\" src=\"https:\/\/agora-eoi.xtec.cat\/eoiolot\/wp-content\/uploads\/usu2459\/2022\/12\/wifi.png\" alt=\"\" width=\"147\" height=\"110\" srcset=\"https:\/\/agora-eoi.xtec.cat\/eoiolot\/wp-content\/uploads\/usu2459\/2022\/12\/wifi.png 259w, https:\/\/agora-eoi.xtec.cat\/eoiolot\/wp-content\/uploads\/usu2459\/2022\/12\/wifi-200x150.png 200w\" sizes=\"auto, (max-width: 147px) 100vw, 147px\" \/>L\u2019EOI d\u2019Olot i Ripoll \u00e9s encara un centre que no s\u2019ha transformat digitalment parlant. Aix\u00ed, per tant, hi ha espais on la WIFI del centre \u00e9s inexistent i d\u2019altres espais on hi ha poca cobertura. Al llarg del 2023, s\u2019ha de fer la transformaci\u00f3. Per ara, l\u2019escola disposa d\u2019una xarxa oberta (EOI Olot). Aquesta xarxa est\u00e0 oberta de dilluns a dijous de les 15 h a les 21h i divendres de les 9 h a les 15 h<\/span><\/p>\n<table>\n<thead>\n<tr>\n<th><b>Nom de la xarxa<\/b><\/th>\n<th><b>Disponibilitat<\/b><\/th>\n<th><b>Credencials<\/b><\/th>\n<\/tr>\n<\/thead>\n<tbody>\n<tr>\n<td><b>EOI Olot<\/b><\/td>\n<td><span style=\"font-weight: 400;\">alumnat \/ professorat<\/span><\/td>\n<td><span style=\"font-weight: 400;\">Oberta<\/span><\/td>\n<\/tr>\n<\/tbody>\n<\/table>\n<h2><b>XARXES SOCIALS<\/b><\/h2>\n<p><span style=\"font-weight: 400;\"><img loading=\"lazy\" decoding=\"async\" class=\" wp-image-12001 alignleft\" src=\"https:\/\/agora-eoi.xtec.cat\/eoiolot\/wp-content\/uploads\/usu2459\/2022\/12\/comunicacio-externa.jpg\" alt=\"\" width=\"164\" height=\"102\" \/>L\u2019EOI d\u2019Olot i Ripoll disposa de diferents xarxes socials: el Facebook, el Twitter i l\u2019Instagram. A trav\u00e9s de les xarxes social reforcem i expandim la comunicaci\u00f3 m\u00e9s enll\u00e0 de la comunitat educativa.<\/span><\/p>\n<p><b>Twitter:<\/b>\u00a0<a href=\"https:\/\/twitter.com\/eoiolot\">@eoiolot<\/a>\u00a0<a href=\"https:\/\/twitter.com\/EOIRipoll\/status\/1494586499614089216\">@eoiripoll\u00a0<\/a>\u00a0\u00a0<b>Instagram:<\/b>\u00a0<a href=\"https:\/\/www.instagram.com\/eoiolot\/\">@eoiolot<\/a>\u00a0<a href=\"https:\/\/www.instagram.com\/eoiripoll\/\">@eoiripoll<\/a><strong>\u00a0Facebook:<\/strong>\u00a0\u00a0<a href=\"https:\/\/www.facebook.com\/eoiolot\/\">@eoiolot<\/a>\u00a0<a href=\"https:\/\/www.facebook.com\/EOIdeRipoll\/\">@eoiripoll<\/a><\/p>\n<p><span style=\"font-weight: 400;\">Les xarxes socials tamb\u00e9 serveixen per difondre activitats educatives que es duguin a terme al centre. Cal vetllar per la privacitat i els drets d\u2019imatge i d\u2019autoria de totes les persones que apareixen en les publicacions o treballs creats. Aix\u00ed, doncs, tothom qui surti a fotografies, v\u00eddeos o altres mitjans ha d\u2019haver signat els drets d\u2019imatge.<\/span><\/p>\n<p><span style=\"font-weight: 400;\">Per altra banda, cada grup-classe crea el seu propi grup de missatgeria. Els delegats creen grups de missatgeria instant\u00e0nia (Whatsapp) on s\u2019hi apunten els alumnes de forma volunt\u00e0ria per tal d\u2019estar informats sobre els deures i les activitats de classe quan no poden assistir, o b\u00e9 per estar informats de l\u2019abs\u00e8ncia del docent (que n\u2019informa directament al delegat) si s\u2019escau.<\/span><\/p>\n","protected":false},"excerpt":{"rendered":"<p>Dins del pla d\u2019acollida al professorat, est\u00e0 contemplat que el\/la coordinador\/a digital presenti al professorat nouvingut les utilitats de la [&hellip;]<\/p>\n","protected":false},"author":1,"featured_media":0,"parent":11688,"menu_order":2,"comment_status":"closed","ping_status":"closed","template":"","meta":{"_bbp_topic_count":0,"_bbp_reply_count":0,"_bbp_total_topic_count":0,"_bbp_total_reply_count":0,"_bbp_voice_count":0,"_bbp_anonymous_reply_count":0,"_bbp_topic_count_hidden":0,"_bbp_reply_count_hidden":0,"_bbp_forum_subforum_count":0,"site-sidebar-layout":"default","site-content-layout":"","ast-site-content-layout":"default","site-content-style":"default","site-sidebar-style":"default","ast-global-header-display":"","ast-banner-title-visibility":"","ast-main-header-display":"","ast-hfb-above-header-display":"","ast-hfb-below-header-display":"","ast-hfb-mobile-header-display":"","site-post-title":"","ast-breadcrumbs-content":"","ast-featured-img":"","footer-sml-layout":"","theme-transparent-header-meta":"","adv-header-id-meta":"","stick-header-meta":"","header-above-stick-meta":"","header-main-stick-meta":"","header-below-stick-meta":"","astra-migrate-meta-layouts":"set","ast-page-background-enabled":"default","ast-page-background-meta":{"desktop":{"background-color":"var(--ast-global-color-4)","background-image":"","background-repeat":"repeat","background-position":"center center","background-size":"auto","background-attachment":"scroll","background-type":"","background-media":"","overlay-type":"","overlay-color":"","overlay-opacity":"","overlay-gradient":""},"tablet":{"background-color":"","background-image":"","background-repeat":"repeat","background-position":"center center","background-size":"auto","background-attachment":"scroll","background-type":"","background-media":"","overlay-type":"","overlay-color":"","overlay-opacity":"","overlay-gradient":""},"mobile":{"background-color":"","background-image":"","background-repeat":"repeat","background-position":"center center","background-size":"auto","background-attachment":"scroll","background-type":"","background-media":"","overlay-type":"","overlay-color":"","overlay-opacity":"","overlay-gradient":""}},"ast-content-background-meta":{"desktop":{"background-color":"var(--ast-global-color-5)","background-image":"","background-repeat":"repeat","background-position":"center center","background-size":"auto","background-attachment":"scroll","background-type":"","background-media":"","overlay-type":"","overlay-color":"","overlay-opacity":"","overlay-gradient":""},"tablet":{"background-color":"var(--ast-global-color-5)","background-image":"","background-repeat":"repeat","background-position":"center center","background-size":"auto","background-attachment":"scroll","background-type":"","background-media":"","overlay-type":"","overlay-color":"","overlay-opacity":"","overlay-gradient":""},"mobile":{"background-color":"var(--ast-global-color-5)","background-image":"","background-repeat":"repeat","background-position":"center center","background-size":"auto","background-attachment":"scroll","background-type":"","background-media":"","overlay-type":"","overlay-color":"","overlay-opacity":"","overlay-gradient":""}},"footnotes":""},"class_list":["post-11692","page","type-page","status-publish","hentry"],"post_mailing_queue_ids":[],"_links":{"self":[{"href":"https:\/\/agora-eoi.xtec.cat\/eoiolot\/wp-json\/wp\/v2\/pages\/11692","targetHints":{"allow":["GET"]}}],"collection":[{"href":"https:\/\/agora-eoi.xtec.cat\/eoiolot\/wp-json\/wp\/v2\/pages"}],"about":[{"href":"https:\/\/agora-eoi.xtec.cat\/eoiolot\/wp-json\/wp\/v2\/types\/page"}],"author":[{"embeddable":true,"href":"https:\/\/agora-eoi.xtec.cat\/eoiolot\/wp-json\/wp\/v2\/users\/1"}],"replies":[{"embeddable":true,"href":"https:\/\/agora-eoi.xtec.cat\/eoiolot\/wp-json\/wp\/v2\/comments?post=11692"}],"version-history":[{"count":5,"href":"https:\/\/agora-eoi.xtec.cat\/eoiolot\/wp-json\/wp\/v2\/pages\/11692\/revisions"}],"predecessor-version":[{"id":13759,"href":"https:\/\/agora-eoi.xtec.cat\/eoiolot\/wp-json\/wp\/v2\/pages\/11692\/revisions\/13759"}],"up":[{"embeddable":true,"href":"https:\/\/agora-eoi.xtec.cat\/eoiolot\/wp-json\/wp\/v2\/pages\/11688"}],"wp:attachment":[{"href":"https:\/\/agora-eoi.xtec.cat\/eoiolot\/wp-json\/wp\/v2\/media?parent=11692"}],"curies":[{"name":"wp","href":"https:\/\/api.w.org\/{rel}","templated":true}]}}