{"id":11688,"date":"2022-10-06T20:42:02","date_gmt":"2022-10-06T18:42:02","guid":{"rendered":"https:\/\/agora-eoi.xtec.cat\/eoiolot\/?page_id=11688"},"modified":"2025-06-26T09:24:44","modified_gmt":"2025-06-26T07:24:44","slug":"cultura-digital","status":"publish","type":"page","link":"https:\/\/agora-eoi.xtec.cat\/eoiolot\/el-servei-educatiu\/com-funcionem\/estrategia-digital-de-centre\/cultura-digital\/","title":{"rendered":"Cultura digital"},"content":{"rendered":"<p><a href=\"https:\/\/agora-eoi.xtec.cat\/eoiolot\/estrategia-digital-de-centre\/cultura-digital\/documentacio-estrategica\/\">Documentaci\u00f3 estrat\u00e8gica<\/a><\/p>\n<p><a href=\"https:\/\/agora-eoi.xtec.cat\/eoiolot\/estrategia-digital-de-centre\/cultura-digital\/acollida-digital-docent\/\">Acollida digital docent<\/a><\/p>\n<p><a href=\"https:\/\/agora-eoi.xtec.cat\/eoiolot\/estrategia-digital-de-centre\/cultura-digital\/acollida-digital-alumnat\/\">Acollida digital alumnat<\/a><\/p>\n<p><a href=\"https:\/\/agora-eoi.xtec.cat\/eoiolot\/estrategia-digital-de-centre\/cultura-digital\/pla-de-comunicacio-digital\/\">Pla de Comunicaci\u00f3 Digital<\/a><\/p>\n<p><a href=\"https:\/\/agora-eoi.xtec.cat\/eoiolot\/estrategia-digital-de-centre\/cultura-digital\/competencia-professorat\/\">Compet\u00e8ncia professorat<\/a><\/p>\n<p><a href=\"https:\/\/agora-eoi.xtec.cat\/eoiolot\/estrategia-digital-de-centre\/cultura-digital\/banc-de-recursos-digitals\/\">Banc de recursos<\/a><\/p>\n","protected":false},"excerpt":{"rendered":"<p>Documentaci\u00f3 estrat\u00e8gica Acollida digital docent Acollida digital alumnat Pla de Comunicaci\u00f3 Digital Compet\u00e8ncia professorat Banc de recursos<\/p>\n","protected":false},"author":1,"featured_media":0,"parent":11667,"menu_order":4,"comment_status":"closed","ping_status":"closed","template":"","meta":{"_bbp_topic_count":0,"_bbp_reply_count":0,"_bbp_total_topic_count":0,"_bbp_total_reply_count":0,"_bbp_voice_count":0,"_bbp_anonymous_reply_count":0,"_bbp_topic_count_hidden":0,"_bbp_reply_count_hidden":0,"_bbp_forum_subforum_count":0,"site-sidebar-layout":"default","site-content-layout":"","ast-site-content-layout":"default","site-content-style":"default","site-sidebar-style":"default","ast-global-header-display":"","ast-banner-title-visibility":"","ast-main-header-display":"","ast-hfb-above-header-display":"","ast-hfb-below-header-display":"","ast-hfb-mobile-header-display":"","site-post-title":"","ast-breadcrumbs-content":"","ast-featured-img":"","footer-sml-layout":"","theme-transparent-header-meta":"default","adv-header-id-meta":"","stick-header-meta":"","header-above-stick-meta":"","header-main-stick-meta":"","header-below-stick-meta":"","astra-migrate-meta-layouts":"set","ast-page-background-enabled":"default","ast-page-background-meta":{"desktop":{"background-color":"var(--ast-global-color-4)","background-image":"","background-repeat":"repeat","background-position":"center center","background-size":"auto","background-attachment":"scroll","background-type":"","background-media":"","overlay-type":"","overlay-color":"","overlay-opacity":"","overlay-gradient":""},"tablet":{"background-color":"","background-image":"","background-repeat":"repeat","background-position":"center center","background-size":"auto","background-attachment":"scroll","background-type":"","background-media":"","overlay-type":"","overlay-color":"","overlay-opacity":"","overlay-gradient":""},"mobile":{"background-color":"","background-image":"","background-repeat":"repeat","background-position":"center center","background-size":"auto","background-attachment":"scroll","background-type":"","background-media":"","overlay-type":"","overlay-color":"","overlay-opacity":"","overlay-gradient":""}},"ast-content-background-meta":{"desktop":{"background-color":"var(--ast-global-color-5)","background-image":"","background-repeat":"repeat","background-position":"center center","background-size":"auto","background-attachment":"scroll","background-type":"","background-media":"","overlay-type":"","overlay-color":"","overlay-opacity":"","overlay-gradient":""},"tablet":{"background-color":"var(--ast-global-color-5)","background-image":"","background-repeat":"repeat","background-position":"center center","background-size":"auto","background-attachment":"scroll","background-type":"","background-media":"","overlay-type":"","overlay-color":"","overlay-opacity":"","overlay-gradient":""},"mobile":{"background-color":"var(--ast-global-color-5)","background-image":"","background-repeat":"repeat","background-position":"center center","background-size":"auto","background-attachment":"scroll","background-type":"","background-media":"","overlay-type":"","overlay-color":"","overlay-opacity":"","overlay-gradient":""}},"footnotes":""},"class_list":["post-11688","page","type-page","status-publish","hentry"],"post_mailing_queue_ids":[],"_links":{"self":[{"href":"https:\/\/agora-eoi.xtec.cat\/eoiolot\/wp-json\/wp\/v2\/pages\/11688","targetHints":{"allow":["GET"]}}],"collection":[{"href":"https:\/\/agora-eoi.xtec.cat\/eoiolot\/wp-json\/wp\/v2\/pages"}],"about":[{"href":"https:\/\/agora-eoi.xtec.cat\/eoiolot\/wp-json\/wp\/v2\/types\/page"}],"author":[{"embeddable":true,"href":"https:\/\/agora-eoi.xtec.cat\/eoiolot\/wp-json\/wp\/v2\/users\/1"}],"replies":[{"embeddable":true,"href":"https:\/\/agora-eoi.xtec.cat\/eoiolot\/wp-json\/wp\/v2\/comments?post=11688"}],"version-history":[{"count":6,"href":"https:\/\/agora-eoi.xtec.cat\/eoiolot\/wp-json\/wp\/v2\/pages\/11688\/revisions"}],"predecessor-version":[{"id":13510,"href":"https:\/\/agora-eoi.xtec.cat\/eoiolot\/wp-json\/wp\/v2\/pages\/11688\/revisions\/13510"}],"up":[{"embeddable":true,"href":"https:\/\/agora-eoi.xtec.cat\/eoiolot\/wp-json\/wp\/v2\/pages\/11667"}],"wp:attachment":[{"href":"https:\/\/agora-eoi.xtec.cat\/eoiolot\/wp-json\/wp\/v2\/media?parent=11688"}],"curies":[{"name":"wp","href":"https:\/\/api.w.org\/{rel}","templated":true}]}}