{"id":11682,"date":"2022-10-06T20:40:14","date_gmt":"2022-10-06T18:40:14","guid":{"rendered":"https:\/\/agora-eoi.xtec.cat\/eoiolot\/?page_id=11682"},"modified":"2022-11-17T19:25:32","modified_gmt":"2022-11-17T18:25:32","slug":"diagnosi","status":"publish","type":"page","link":"https:\/\/agora-eoi.xtec.cat\/eoiolot\/el-servei-educatiu\/com-funcionem\/estrategia-digital-de-centre\/edc\/diagnosi\/","title":{"rendered":"Diagnosi"},"content":{"rendered":"<p>Al llarg del curs 2021-2022, vam iniciar la diagnosi de l&#8217;EDC i a principis del curs 2022-2023, n&#8217;hem establert els objectius, la planificaci\u00f3 i el seguiment. A continuaci\u00f3, podeu veure els resultats de centre de l&#8217;eina SELFIE, on hi ha els membres de l&#8217;equip directiu, el professorat i el centre i els resultats del professorat de l&#8217;eina SELFIE FOR TEACHERS.<\/p>\n<h3><strong>DIAGNOSI DE CENTRE<\/strong><\/h3>\n<p><a href=\"https:\/\/agora-eoi.xtec.cat\/eoiolot\/wp-content\/uploads\/usu2459\/2022\/10\/Overview-of-areas-1.png\"><img loading=\"lazy\" decoding=\"async\" class=\"aligncenter size-full wp-image-11762\" src=\"https:\/\/agora-eoi.xtec.cat\/eoiolot\/wp-content\/uploads\/usu2459\/2022\/10\/Overview-of-areas-1.png\" alt=\"\" width=\"3600\" height=\"4968\" srcset=\"https:\/\/agora-eoi.xtec.cat\/eoiolot\/wp-content\/uploads\/usu2459\/2022\/10\/Overview-of-areas-1.png 3600w, https:\/\/agora-eoi.xtec.cat\/eoiolot\/wp-content\/uploads\/usu2459\/2022\/10\/Overview-of-areas-1-217x300.png 217w, https:\/\/agora-eoi.xtec.cat\/eoiolot\/wp-content\/uploads\/usu2459\/2022\/10\/Overview-of-areas-1-742x1024.png 742w, https:\/\/agora-eoi.xtec.cat\/eoiolot\/wp-content\/uploads\/usu2459\/2022\/10\/Overview-of-areas-1-768x1060.png 768w, https:\/\/agora-eoi.xtec.cat\/eoiolot\/wp-content\/uploads\/usu2459\/2022\/10\/Overview-of-areas-1-1113x1536.png 1113w, https:\/\/agora-eoi.xtec.cat\/eoiolot\/wp-content\/uploads\/usu2459\/2022\/10\/Overview-of-areas-1-1484x2048.png 1484w\" sizes=\"auto, (max-width: 3600px) 100vw, 3600px\" \/><\/a><\/p>\n<h3><strong>DIAGNOSI PROFESSORAT<\/strong><\/h3>\n<p><a href=\"https:\/\/agora-eoi.xtec.cat\/eoiolot\/wp-content\/uploads\/usu2459\/2022\/11\/Selfie-for-teachers.jpg\"><img loading=\"lazy\" decoding=\"async\" class=\"aligncenter size-full wp-image-11920\" src=\"https:\/\/agora-eoi.xtec.cat\/eoiolot\/wp-content\/uploads\/usu2459\/2022\/11\/Selfie-for-teachers.jpg\" alt=\"\" width=\"602\" height=\"373\" srcset=\"https:\/\/agora-eoi.xtec.cat\/eoiolot\/wp-content\/uploads\/usu2459\/2022\/11\/Selfie-for-teachers.jpg 602w, https:\/\/agora-eoi.xtec.cat\/eoiolot\/wp-content\/uploads\/usu2459\/2022\/11\/Selfie-for-teachers-300x186.jpg 300w\" sizes=\"auto, (max-width: 602px) 100vw, 602px\" \/><\/a><\/p>\n<h4><\/h4>\n<h4><\/h4>\n<h4><strong>Fortaleses i debilitats de la diagnosi de centre i del professorat<\/strong><\/h4>\n<h5><strong>Fortaleses<\/strong><\/h5>\n<ul>\n<li><span style=\"font-weight: 400;\">Tot el professorat i personal PAS est\u00e0 involucrat en el desenvolupament de l\u2019Estrat\u00e8gia Digital del Centre i \u00fas de les tecnologies digitals a trav\u00e9s de formaci\u00f3 interna cont\u00ednua.<\/span><\/li>\n<li><span style=\"font-weight: 400;\">El centre disposa de dispositius electr\u00f2nics per tot el professorat i de panells digitals per les aules.<\/span><\/li>\n<li><span style=\"font-weight: 400;\">El centre disposa d\u2019acc\u00e9s a internet tant per a docents com per a l\u2019alumnat.<\/span><\/li>\n<li><span style=\"font-weight: 400;\">El professorat del centre est\u00e0 familiaritzat en l\u2019\u00fas d\u2019alguns recursos digitals en l\u00ednia, com ara Moodle, Kahoot, Mentimeter, Wordwall, etc.<\/span><\/li>\n<\/ul>\n<h5><strong>Debilitats<\/strong><\/h5>\n<ul>\n<li><span style=\"font-weight: 400;\">Falta d\u2019agilitat en l\u2019\u00fas de les tecnologies per col\u00b7laborar entre l\u2019equip docent.<\/span><\/li>\n<li><span style=\"font-weight: 400;\">Manca de formaci\u00f3 en relaci\u00f3 amb l\u2019ensenyament de les noves tecnologies.<\/span><\/li>\n<li><span style=\"font-weight: 400;\">Manca de relaci\u00f3 interdepartamental a l\u2019hora de fer activitats digitals.<\/span><\/li>\n<li><span style=\"font-weight: 400;\">Manca de protocols en relaci\u00f3 a la seguretat i protecci\u00f3 de dades en l\u00ednia.<\/span><\/li>\n<\/ul>\n","protected":false},"excerpt":{"rendered":"<p>Al llarg del curs 2021-2022, vam iniciar la diagnosi de l&#8217;EDC i a principis del curs 2022-2023, n&#8217;hem establert els [&hellip;]<\/p>\n","protected":false},"author":1,"featured_media":0,"parent":11679,"menu_order":1,"comment_status":"closed","ping_status":"closed","template":"page-templates\/side-menu.php","meta":{"_bbp_topic_count":0,"_bbp_reply_count":0,"_bbp_total_topic_count":0,"_bbp_total_reply_count":0,"_bbp_voice_count":0,"_bbp_anonymous_reply_count":0,"_bbp_topic_count_hidden":0,"_bbp_reply_count_hidden":0,"_bbp_forum_subforum_count":0,"site-sidebar-layout":"default","site-content-layout":"","ast-site-content-layout":"","site-content-style":"default","site-sidebar-style":"default","ast-global-header-display":"","ast-banner-title-visibility":"","ast-main-header-display":"","ast-hfb-above-header-display":"","ast-hfb-below-header-display":"","ast-hfb-mobile-header-display":"","site-post-title":"","ast-breadcrumbs-content":"","ast-featured-img":"","footer-sml-layout":"","theme-transparent-header-meta":"","adv-header-id-meta":"","stick-header-meta":"","header-above-stick-meta":"","header-main-stick-meta":"","header-below-stick-meta":"","astra-migrate-meta-layouts":"default","ast-page-background-enabled":"default","ast-page-background-meta":{"desktop":{"background-color":"var(--ast-global-color-4)","background-image":"","background-repeat":"repeat","background-position":"center center","background-size":"auto","background-attachment":"scroll","background-type":"","background-media":"","overlay-type":"","overlay-color":"","overlay-opacity":"","overlay-gradient":""},"tablet":{"background-color":"","background-image":"","background-repeat":"repeat","background-position":"center center","background-size":"auto","background-attachment":"scroll","background-type":"","background-media":"","overlay-type":"","overlay-color":"","overlay-opacity":"","overlay-gradient":""},"mobile":{"background-color":"","background-image":"","background-repeat":"repeat","background-position":"center center","background-size":"auto","background-attachment":"scroll","background-type":"","background-media":"","overlay-type":"","overlay-color":"","overlay-opacity":"","overlay-gradient":""}},"ast-content-background-meta":{"desktop":{"background-color":"var(--ast-global-color-5)","background-image":"","background-repeat":"repeat","background-position":"center center","background-size":"auto","background-attachment":"scroll","background-type":"","background-media":"","overlay-type":"","overlay-color":"","overlay-opacity":"","overlay-gradient":""},"tablet":{"background-color":"var(--ast-global-color-5)","background-image":"","background-repeat":"repeat","background-position":"center center","background-size":"auto","background-attachment":"scroll","background-type":"","background-media":"","overlay-type":"","overlay-color":"","overlay-opacity":"","overlay-gradient":""},"mobile":{"background-color":"var(--ast-global-color-5)","background-image":"","background-repeat":"repeat","background-position":"center center","background-size":"auto","background-attachment":"scroll","background-type":"","background-media":"","overlay-type":"","overlay-color":"","overlay-opacity":"","overlay-gradient":""}},"footnotes":""},"class_list":["post-11682","page","type-page","status-publish","hentry"],"post_mailing_queue_ids":[],"_links":{"self":[{"href":"https:\/\/agora-eoi.xtec.cat\/eoiolot\/wp-json\/wp\/v2\/pages\/11682","targetHints":{"allow":["GET"]}}],"collection":[{"href":"https:\/\/agora-eoi.xtec.cat\/eoiolot\/wp-json\/wp\/v2\/pages"}],"about":[{"href":"https:\/\/agora-eoi.xtec.cat\/eoiolot\/wp-json\/wp\/v2\/types\/page"}],"author":[{"embeddable":true,"href":"https:\/\/agora-eoi.xtec.cat\/eoiolot\/wp-json\/wp\/v2\/users\/1"}],"replies":[{"embeddable":true,"href":"https:\/\/agora-eoi.xtec.cat\/eoiolot\/wp-json\/wp\/v2\/comments?post=11682"}],"version-history":[{"count":4,"href":"https:\/\/agora-eoi.xtec.cat\/eoiolot\/wp-json\/wp\/v2\/pages\/11682\/revisions"}],"predecessor-version":[{"id":11924,"href":"https:\/\/agora-eoi.xtec.cat\/eoiolot\/wp-json\/wp\/v2\/pages\/11682\/revisions\/11924"}],"up":[{"embeddable":true,"href":"https:\/\/agora-eoi.xtec.cat\/eoiolot\/wp-json\/wp\/v2\/pages\/11679"}],"wp:attachment":[{"href":"https:\/\/agora-eoi.xtec.cat\/eoiolot\/wp-json\/wp\/v2\/media?parent=11682"}],"curies":[{"name":"wp","href":"https:\/\/api.w.org\/{rel}","templated":true}]}}