{"id":11675,"date":"2022-10-06T20:32:58","date_gmt":"2022-10-06T18:32:58","guid":{"rendered":"https:\/\/agora-eoi.xtec.cat\/eoiolot\/?page_id=11675"},"modified":"2022-10-25T19:40:31","modified_gmt":"2022-10-25T17:40:31","slug":"benvinguda","status":"publish","type":"page","link":"https:\/\/agora-eoi.xtec.cat\/eoiolot\/el-servei-educatiu\/com-funcionem\/estrategia-digital-de-centre\/benvinguda\/","title":{"rendered":"Benvinguda"},"content":{"rendered":"<p style=\"text-align: justify;\">Aquest espai est\u00e0 destinat a la creaci\u00f3, organitzaci\u00f3 i actualitzaci\u00f3 de la documentaci\u00f3 de l\u2019Estrat\u00e8gia Digital de l\u2019EOI d\u2019Olot i Ripoll. Pel que fa als aspectes sobre tecnologia digital, cal tenir en compte que el centre fa anys que ha fet una clara aposta per la seva digitalitzaci\u00f3. En aquest sentit, en el marc del Pla d&#8217;educaci\u00f3 digital de Catalunya, el <a href=\"http:\/\/educacio.gencat.cat\/ca\/departament\/linies-estrategiques\/pla-educacio-digital\/centres\/\" target=\"_blank\" rel=\"noopener\">Projecte d&#8217;acceleraci\u00f3 de la transformaci\u00f3 digital<\/a> est\u00e0 desplegant les intervencions referides a connectivitats, equipaments del centre i equipaments del professorat durant el curs 21-22, la qual cosa ha perm\u00e8s cedir un ordinador port\u00e0til a cada docent i tenir panells digitals a la majoria d\u2019aules.<\/p>\n<p style=\"text-align: justify;\">A m\u00e9s a m\u00e9s, tot el professorat del centre disposa d&#8217;un usuari corporatiu, sota el domini <a href=\"http:\/\/www.xtec.cat\/\" target=\"_blank\" rel=\"noopener\">xtec.cat<\/a>, que els permet disposar de serveis com: correu electr\u00f2nic, emmagatzematge i aplicacions col\u00b7laboratives al n\u00favol. \u00c9s amb aquests usuaris xtec amb qu\u00e8 es realitza tota la comunicaci\u00f3 del centre. Per altra banda, el centre disposa del domini <a href=\"http:\/\/eoiolot.cat\" target=\"_blank\" rel=\"noopener\">@eoiolot.cat<\/a> pels c\u00e0rrecs directius i el correu d\u2019informaci\u00f3 del centre per a consultes generals (<a href=\"mailto:info@eoiolot.cat\" target=\"_blank\" rel=\"noopener\">info@eoiolot.cat<\/a>).<\/p>\n<p style=\"text-align: justify;\">En data 18 de mar\u00e7, el Departament d&#8217;Educaci\u00f3 ha publicat el document <a href=\"http:\/\/educacio.gencat.cat\/ca\/departament\/publicacions\/monografies\/estrategia-digital-centre\/\" target=\"_blank\" rel=\"noopener\">Estrat\u00e8gia digital de centre<\/a> (EDC). D\u2019una banda, s\u2019alinea amb el <a href=\"https:\/\/educacio.gencat.cat\/ca\/departament\/linies-estrategiques\/pla-educacio-digital\/\" target=\"_blank\" rel=\"noopener\">Pla d\u2019Educaci\u00f3 Digital de Catalunya<\/a> (PEDC), i per altra, incorpora els canvis socials i tecnol\u00f2gics que s\u2019han anat esdevenint. Un altre aspecte a destacar \u00e9s la incorporaci\u00f3 en l\u2019EDC de l\u2019apartat que recull tots els documents de centre que fan refer\u00e8ncia a la seva cultura digital (protocols d\u2019\u00fas de dispositius, acollida digital de l\u2019alumnat, acollida digital docent, NOFC, entre d\u2019altres). Finalment, es flexibilitza la seva estructura amb l\u2019objectiu d\u2019adaptar-se a la tipologia de centre en qu\u00e8 ens trobem: un ensenyament postobligatori d\u2019idiomes moderns.<\/p>\n<p>&nbsp;<\/p>\n","protected":false},"excerpt":{"rendered":"<p>Aquest espai est\u00e0 destinat a la creaci\u00f3, organitzaci\u00f3 i actualitzaci\u00f3 de la documentaci\u00f3 de l\u2019Estrat\u00e8gia Digital de l\u2019EOI d\u2019Olot i [&hellip;]<\/p>\n","protected":false},"author":1,"featured_media":0,"parent":11667,"menu_order":1,"comment_status":"closed","ping_status":"closed","template":"page-templates\/side-menu.php","meta":{"_bbp_topic_count":0,"_bbp_reply_count":0,"_bbp_total_topic_count":0,"_bbp_total_reply_count":0,"_bbp_voice_count":0,"_bbp_anonymous_reply_count":0,"_bbp_topic_count_hidden":0,"_bbp_reply_count_hidden":0,"_bbp_forum_subforum_count":0,"site-sidebar-layout":"default","site-content-layout":"","ast-site-content-layout":"","site-content-style":"default","site-sidebar-style":"default","ast-global-header-display":"","ast-banner-title-visibility":"","ast-main-header-display":"","ast-hfb-above-header-display":"","ast-hfb-below-header-display":"","ast-hfb-mobile-header-display":"","site-post-title":"","ast-breadcrumbs-content":"","ast-featured-img":"","footer-sml-layout":"","theme-transparent-header-meta":"","adv-header-id-meta":"","stick-header-meta":"","header-above-stick-meta":"","header-main-stick-meta":"","header-below-stick-meta":"","astra-migrate-meta-layouts":"default","ast-page-background-enabled":"default","ast-page-background-meta":{"desktop":{"background-color":"var(--ast-global-color-4)","background-image":"","background-repeat":"repeat","background-position":"center center","background-size":"auto","background-attachment":"scroll","background-type":"","background-media":"","overlay-type":"","overlay-color":"","overlay-opacity":"","overlay-gradient":""},"tablet":{"background-color":"","background-image":"","background-repeat":"repeat","background-position":"center center","background-size":"auto","background-attachment":"scroll","background-type":"","background-media":"","overlay-type":"","overlay-color":"","overlay-opacity":"","overlay-gradient":""},"mobile":{"background-color":"","background-image":"","background-repeat":"repeat","background-position":"center center","background-size":"auto","background-attachment":"scroll","background-type":"","background-media":"","overlay-type":"","overlay-color":"","overlay-opacity":"","overlay-gradient":""}},"ast-content-background-meta":{"desktop":{"background-color":"var(--ast-global-color-5)","background-image":"","background-repeat":"repeat","background-position":"center center","background-size":"auto","background-attachment":"scroll","background-type":"","background-media":"","overlay-type":"","overlay-color":"","overlay-opacity":"","overlay-gradient":""},"tablet":{"background-color":"var(--ast-global-color-5)","background-image":"","background-repeat":"repeat","background-position":"center center","background-size":"auto","background-attachment":"scroll","background-type":"","background-media":"","overlay-type":"","overlay-color":"","overlay-opacity":"","overlay-gradient":""},"mobile":{"background-color":"var(--ast-global-color-5)","background-image":"","background-repeat":"repeat","background-position":"center center","background-size":"auto","background-attachment":"scroll","background-type":"","background-media":"","overlay-type":"","overlay-color":"","overlay-opacity":"","overlay-gradient":""}},"footnotes":""},"class_list":["post-11675","page","type-page","status-publish","hentry"],"post_mailing_queue_ids":[],"_links":{"self":[{"href":"https:\/\/agora-eoi.xtec.cat\/eoiolot\/wp-json\/wp\/v2\/pages\/11675","targetHints":{"allow":["GET"]}}],"collection":[{"href":"https:\/\/agora-eoi.xtec.cat\/eoiolot\/wp-json\/wp\/v2\/pages"}],"about":[{"href":"https:\/\/agora-eoi.xtec.cat\/eoiolot\/wp-json\/wp\/v2\/types\/page"}],"author":[{"embeddable":true,"href":"https:\/\/agora-eoi.xtec.cat\/eoiolot\/wp-json\/wp\/v2\/users\/1"}],"replies":[{"embeddable":true,"href":"https:\/\/agora-eoi.xtec.cat\/eoiolot\/wp-json\/wp\/v2\/comments?post=11675"}],"version-history":[{"count":3,"href":"https:\/\/agora-eoi.xtec.cat\/eoiolot\/wp-json\/wp\/v2\/pages\/11675\/revisions"}],"predecessor-version":[{"id":11752,"href":"https:\/\/agora-eoi.xtec.cat\/eoiolot\/wp-json\/wp\/v2\/pages\/11675\/revisions\/11752"}],"up":[{"embeddable":true,"href":"https:\/\/agora-eoi.xtec.cat\/eoiolot\/wp-json\/wp\/v2\/pages\/11667"}],"wp:attachment":[{"href":"https:\/\/agora-eoi.xtec.cat\/eoiolot\/wp-json\/wp\/v2\/media?parent=11675"}],"curies":[{"name":"wp","href":"https:\/\/api.w.org\/{rel}","templated":true}]}}