{"id":11333,"date":"2022-07-16T16:30:55","date_gmt":"2022-07-16T14:30:55","guid":{"rendered":"https:\/\/agora-eoi.xtec.cat\/eoiolot\/?page_id=11333"},"modified":"2022-07-16T16:50:27","modified_gmt":"2022-07-16T14:50:27","slug":"ripoll","status":"publish","type":"page","link":"https:\/\/agora-eoi.xtec.cat\/eoiolot\/viuleoi\/biblioteca\/ripoll\/","title":{"rendered":"Ripoll"},"content":{"rendered":"<h2 style=\"text-align: left;\">BIBLIOTECA DE LA SEU DE RIPOLL<\/h2>\n<p><a href=\"https:\/\/agora-eoi.xtec.cat\/eoiolot\/wp-content\/uploads\/usu2459\/2022\/03\/f4db5678-d41c-4206-95a5-3d3a5f73047d.jpg\"><img loading=\"lazy\" decoding=\"async\" class=\"aligncenter size-full wp-image-11027\" src=\"https:\/\/agora-eoi.xtec.cat\/eoiolot\/wp-content\/uploads\/usu2459\/2022\/03\/f4db5678-d41c-4206-95a5-3d3a5f73047d.jpg\" alt=\"\" width=\"1024\" height=\"768\" srcset=\"https:\/\/agora-eoi.xtec.cat\/eoiolot\/wp-content\/uploads\/usu2459\/2022\/03\/f4db5678-d41c-4206-95a5-3d3a5f73047d.jpg 1024w, https:\/\/agora-eoi.xtec.cat\/eoiolot\/wp-content\/uploads\/usu2459\/2022\/03\/f4db5678-d41c-4206-95a5-3d3a5f73047d-300x225.jpg 300w, https:\/\/agora-eoi.xtec.cat\/eoiolot\/wp-content\/uploads\/usu2459\/2022\/03\/f4db5678-d41c-4206-95a5-3d3a5f73047d-768x576.jpg 768w, https:\/\/agora-eoi.xtec.cat\/eoiolot\/wp-content\/uploads\/usu2459\/2022\/03\/f4db5678-d41c-4206-95a5-3d3a5f73047d-200x150.jpg 200w\" sizes=\"auto, (max-width: 1024px) 100vw, 1024px\" \/><\/a><\/p>\n<h6><strong><br \/>\nHorari<br \/>\n<\/strong><\/h6>\n<ul>\n<li>De dilluns a dijous, de 16.00 h a 20.45 h (el servei de pr\u00e9stec el realitza el professorat del CPD).<\/li>\n<\/ul>\n<h6><strong>Normativa<\/strong><\/h6>\n<p>Per tal de respectar la resta d\u2019usuaris i els equipaments i materials de la <strong>Biblioteca<\/strong>, els usuaris que hi accedeixin hauran de complir amb les seg\u00fcents obligacions:<\/p>\n<ul>\n<li>Mantenir el silenci<\/li>\n<li>No menjar ni beure<\/li>\n<li>Silenciar els tel\u00e8fons m\u00f2bils i no parlar-hi<\/li>\n<li>No reservar llocs de treball a tercers<\/li>\n<li>Utilitzar amb cura el fons documental i els equipaments del centre<\/li>\n<\/ul>\n<h6><strong>Pr\u00e9stec<br \/>\n<\/strong><\/h6>\n<p>El servei de pr\u00e9stec de documents permet emportar-se conjuntament: <strong>2 llibres<\/strong>,<strong> 1 DVD<\/strong>,<strong> 1 CD<\/strong><strong>\u00a0<\/strong>i<strong> 1 revista.<\/strong><\/p>\n<ul>\n<li>Cal presentar el carnet d\u2019usuari de la Biblioteca per fer-ne \u00fas. Aquest \u00e9s personal i intransferible.<\/li>\n<li>El termini de pr\u00e9stec varia segons el tipus de material:\n<ul>\n<li>Material audiovisual (DVD i CD): <strong>1 setmana <\/strong>(improrrogable).<\/li>\n<li>M\u00e8todes, gram\u00e0tiques i activitats: <strong>1 setmana <\/strong>(prorrogables una vegada, excepte en el cas dels llibres de lectura obligat\u00f2ria).<\/li>\n<li>Documents en general: <strong>2 setmanes<\/strong> (prorrogables dues vegades, excepte en el cas dels llibres de lectura obligat\u00f2ria).<\/li>\n<li>Obres de refer\u00e8ncia (diccionaris, atles i alguns llibres de consulta freq\u00fcent), n\u00famero vigent de les publicacions peri\u00f2diques i m\u00e8todes obligatoris durant l\u2019any acad\u00e8mic vigent: <strong>excloses de pr\u00e9stec<\/strong>.<\/li>\n<\/ul>\n<\/li>\n<li>En el cas dels llibres considerats de refer\u00e8ncia (d\u2019\u00fas freq\u00fcent i marcats amb una etiqueta blava), nom\u00e9s se\u2019n podr\u00e0 treure un del mateix idioma i amb la mateixa classificaci\u00f3.<\/li>\n<li>Es podr\u00e0 <strong>renovar<\/strong> el pr\u00e9stec dels documents, sempre que no hagin estat reservats per un altre usuari, durant els tres \u00faltims dies del seu termini de pr\u00e9stec comunicant-ho al professorat del CPD.<\/li>\n<li>Els retards en la devoluci\u00f3 de documents es sancionaran excloent l\u2019usuari del servei de pr\u00e9stec tants dies com dies de retard s\u2019hagin acumulat per cada document.<\/li>\n<li>En cas de deteriorament o p\u00e8rdua dels materials prestats, l\u2019usuari estar\u00e0 obligat a adquirir un nou exemplar (exceptuant el cas de robatori si l\u2019usuari presenta la den\u00fancia corresponent). En cas de no devoluci\u00f3 d\u2019algun document es denegar\u00e0 la renovaci\u00f3 del carnet el curs seg\u00fcent.<\/li>\n<li>S\u2019haur\u00e0 de respectar la normativa vigent en mat\u00e8ria de propietat intel\u00b7lectual dels documents en pr\u00e9stec.<\/li>\n<\/ul>\n<h6><strong>Cat\u00e0leg<\/strong><\/h6>\n<p>Podeu consultar el cat\u00e0leg <a href=\"https:\/\/aplicacions.gestioeducativa.gencat.cat\/epergam\/web\/biblioteca.jsp?codi=17008833\" target=\"_blank\" rel=\"noopener\">aqu\u00ed<\/a>.<\/p>\n<p>&nbsp;<\/p>\n","protected":false},"excerpt":{"rendered":"<p>BIBLIOTECA DE LA SEU DE RIPOLL Horari De dilluns a dijous, de 16.00 h a 20.45 h (el servei de [&hellip;]<\/p>\n","protected":false},"author":1,"featured_media":0,"parent":8414,"menu_order":1,"comment_status":"closed","ping_status":"closed","template":"page-templates\/side-menu.php","meta":{"_bbp_topic_count":0,"_bbp_reply_count":0,"_bbp_total_topic_count":0,"_bbp_total_reply_count":0,"_bbp_voice_count":0,"_bbp_anonymous_reply_count":0,"_bbp_topic_count_hidden":0,"_bbp_reply_count_hidden":0,"_bbp_forum_subforum_count":0,"site-sidebar-layout":"default","site-content-layout":"","ast-site-content-layout":"","site-content-style":"default","site-sidebar-style":"default","ast-global-header-display":"","ast-banner-title-visibility":"","ast-main-header-display":"","ast-hfb-above-header-display":"","ast-hfb-below-header-display":"","ast-hfb-mobile-header-display":"","site-post-title":"","ast-breadcrumbs-content":"","ast-featured-img":"","footer-sml-layout":"","theme-transparent-header-meta":"","adv-header-id-meta":"","stick-header-meta":"","header-above-stick-meta":"","header-main-stick-meta":"","header-below-stick-meta":"","astra-migrate-meta-layouts":"default","ast-page-background-enabled":"default","ast-page-background-meta":{"desktop":{"background-color":"var(--ast-global-color-4)","background-image":"","background-repeat":"repeat","background-position":"center center","background-size":"auto","background-attachment":"scroll","background-type":"","background-media":"","overlay-type":"","overlay-color":"","overlay-opacity":"","overlay-gradient":""},"tablet":{"background-color":"","background-image":"","background-repeat":"repeat","background-position":"center center","background-size":"auto","background-attachment":"scroll","background-type":"","background-media":"","overlay-type":"","overlay-color":"","overlay-opacity":"","overlay-gradient":""},"mobile":{"background-color":"","background-image":"","background-repeat":"repeat","background-position":"center center","background-size":"auto","background-attachment":"scroll","background-type":"","background-media":"","overlay-type":"","overlay-color":"","overlay-opacity":"","overlay-gradient":""}},"ast-content-background-meta":{"desktop":{"background-color":"var(--ast-global-color-5)","background-image":"","background-repeat":"repeat","background-position":"center center","background-size":"auto","background-attachment":"scroll","background-type":"","background-media":"","overlay-type":"","overlay-color":"","overlay-opacity":"","overlay-gradient":""},"tablet":{"background-color":"var(--ast-global-color-5)","background-image":"","background-repeat":"repeat","background-position":"center center","background-size":"auto","background-attachment":"scroll","background-type":"","background-media":"","overlay-type":"","overlay-color":"","overlay-opacity":"","overlay-gradient":""},"mobile":{"background-color":"var(--ast-global-color-5)","background-image":"","background-repeat":"repeat","background-position":"center center","background-size":"auto","background-attachment":"scroll","background-type":"","background-media":"","overlay-type":"","overlay-color":"","overlay-opacity":"","overlay-gradient":""}},"footnotes":""},"class_list":["post-11333","page","type-page","status-publish","hentry"],"post_mailing_queue_ids":[],"_links":{"self":[{"href":"https:\/\/agora-eoi.xtec.cat\/eoiolot\/wp-json\/wp\/v2\/pages\/11333","targetHints":{"allow":["GET"]}}],"collection":[{"href":"https:\/\/agora-eoi.xtec.cat\/eoiolot\/wp-json\/wp\/v2\/pages"}],"about":[{"href":"https:\/\/agora-eoi.xtec.cat\/eoiolot\/wp-json\/wp\/v2\/types\/page"}],"author":[{"embeddable":true,"href":"https:\/\/agora-eoi.xtec.cat\/eoiolot\/wp-json\/wp\/v2\/users\/1"}],"replies":[{"embeddable":true,"href":"https:\/\/agora-eoi.xtec.cat\/eoiolot\/wp-json\/wp\/v2\/comments?post=11333"}],"version-history":[{"count":2,"href":"https:\/\/agora-eoi.xtec.cat\/eoiolot\/wp-json\/wp\/v2\/pages\/11333\/revisions"}],"predecessor-version":[{"id":11349,"href":"https:\/\/agora-eoi.xtec.cat\/eoiolot\/wp-json\/wp\/v2\/pages\/11333\/revisions\/11349"}],"up":[{"embeddable":true,"href":"https:\/\/agora-eoi.xtec.cat\/eoiolot\/wp-json\/wp\/v2\/pages\/8414"}],"wp:attachment":[{"href":"https:\/\/agora-eoi.xtec.cat\/eoiolot\/wp-json\/wp\/v2\/media?parent=11333"}],"curies":[{"name":"wp","href":"https:\/\/api.w.org\/{rel}","templated":true}]}}