{"id":10680,"date":"2021-09-13T02:43:54","date_gmt":"2021-09-13T00:43:54","guid":{"rendered":"https:\/\/agora-eoi.xtec.cat\/eoiolot\/?page_id=10680"},"modified":"2025-07-20T11:20:57","modified_gmt":"2025-07-20T09:20:57","slug":"que-son-les-escoles-oficials-didiomes","status":"publish","type":"page","link":"https:\/\/agora-eoi.xtec.cat\/eoiolot\/el-servei-educatiu\/que-son-les-escoles-oficials-didiomes\/","title":{"rendered":"QU\u00c8 S\u00d3N LES ESCOLES OFICIALS D&#8217;IDIOMES"},"content":{"rendered":"\n<p>Les Escoles Oficials d&#8217;Idiomes de Catalunya som <strong>centres p\u00fablics d&#8217;ensenyament d&#8217;idiomes<\/strong> que depenem del <strong>Departament d&#8217;Educaci\u00f3 i Formaci\u00f3 Professional<\/strong> i que estem regulats per la normativa educativa vigent.<\/p>\n\n\n\n<p>Els estudis que oferim segueixen, per tant, un <strong>curr\u00edculum oficial<\/strong> i s\u00f3n impartits per <strong>professorat funcionari<\/strong> <strong>titulat<\/strong>.<\/p>\n\n\n\n<p>La superaci\u00f3 d&#8217;aquests estudis condueix a l&#8217;obtenci\u00f3 dels <strong>\u00fanics t\u00edtols acad\u00e8mics d&#8217;idiomes<\/strong> emesos i reconeguts per l&#8217;Administraci\u00f3 P\u00fablica a tots els efectes. Aquests t\u00edtols, que s&#8217;inscriuen en el <strong>Marc Europeu Com\u00fa de Refer\u00e8ncia per a les Lleng\u00fces<\/strong>, tamb\u00e9 es poden obtenir presentant-se<strong> per lliure<\/strong> a les diferents convocat\u00f2ries anuals de gener\/febrer (nom\u00e9s per l&#8217;angl\u00e8s) i de maig\/juny (per tots els idiomes).<\/p>\n\n\n\n<h6 class=\"wp-block-heading\"><strong><br>QUANT COSTA ESTUDIAR EN UNA EOI<\/strong><\/h6>\n\n\n\n<p>Els <span style=\"text-decoration: underline;\"><a href=\"https:\/\/agora-eoi.xtec.cat\/eoiolot\/secretaria\/taxes-i-preus-publics\/\" target=\"_blank\" rel=\"noopener\"><strong>preus i taxes<\/strong><\/a><\/span> per les matr\u00edcules i la prestaci\u00f3 de serveis acad\u00e8mics s\u00f3n tamb\u00e9 <strong>p\u00fablics i fixats per l&#8217;Administraci\u00f3<\/strong>, i gaudeixen de m\u00faltiples <span style=\"text-decoration: underline;\"><a href=\"https:\/\/agora-eoi.xtec.cat\/eoiolot\/descomptes-i-gratuitats\/descomptes-del-50\/\" target=\"_blank\" rel=\"noopener\"><strong>descomptes acumulables del 50%<\/strong><\/a><\/span>, aix\u00ed com de<a href=\"https:\/\/agora-eoi.xtec.cat\/eoiolot\/descomptes-i-gratuitats\/descomptes-del-50\/\" target=\"_blank\" rel=\"noopener\"><strong>&nbsp;<\/strong><\/a><span style=\"text-decoration: underline;\"><a href=\"https:\/\/agora-eoi.xtec.cat\/eoiolot\/descomptes-i-gratuitats\/gratuitats\/\" target=\"_blank\" rel=\"noopener\"><strong>gratu\u00eftats<\/strong><\/a><\/span>. Us convidem a descobrir-los visitant el nostre web (la llista \u00e9s llarga), per\u00f2 us en destaquem les principals novetats:<\/p>\n\n\n\n<ul class=\"wp-block-list\">\n<li>Tot l&#8217;alumnat de <strong>centres p\u00fablics i concertats d&#8217;ESO (3r i 4t curs), Batxillerat, universitats, FP, Arts Pl\u00e0stiques i Disseny, Ensenyaments Esportius, Ensenyaments Art\u00edstics i Arts Esc\u00e8niques <\/strong>t\u00e9 un <strong>50% de descompte<\/strong> en la matr\u00edcula i els serveis acad\u00e8mics si ve a l&#8217;EOI a aprendre o refor\u00e7ar una <strong>segona llengua estrangera<\/strong> diferent de la que fa al seu centre com a obligat\u00f2ria (bonificaci\u00f3 aplicable als cursos dels Nivells B\u00e0sic i Avan\u00e7at). <strong>El preu de la inscripci\u00f3 pot ser zero<\/strong> si l&#8217;alumne\/a t\u00e9 dret a un altre descompte del 50% o a la gratu\u00eftat.<br><a href=\"https:\/\/agora-eoi.xtec.cat\/eoiolot\/descomptes-i-gratuitats\/descomptes-del-50\/estudiar-una-llengua-diferent-de-la-que-estudio-al-meu-centre-public-o-concertat\/\" target=\"_blank\" rel=\"noopener\"><strong><span style=\"text-decoration: underline;\">Aprofiteu aquestes bonificacions<\/span><\/strong><\/a> si voleu que el vostre fill\/a s&#8217;inici o reforci el seu <strong>franc\u00e8s o alemany<\/strong>. A m\u00e9s, pot sol\u00b7licitar al seu institut que se li reconegui la llengua que estudia a l&#8217;EOI com a <strong>mat\u00e8ria optativa tant a l&#8217;ESO com al Batxillerat<\/strong>. Poseu-vos en contacte amb nosaltres i us en donarem tots els detalls.<\/li>\n\n\n\n<li>El <span style=\"text-decoration: underline;\"><a href=\"https:\/\/agora-eoi.xtec.cat\/eoiolot\/secretaria\/casos-especials-de-matricula\/si-ets-un-docent-en-actiu-en-un-centre-public-concertat-o-municipal\/\" target=\"_blank\" rel=\"noopener\"><strong>professorat en actiu<\/strong><\/a><\/span> pot gaudir d&#8217;un <strong>retorn del 100% de l&#8217;import base de la matr\u00edcula<\/strong> si obt\u00e9 la qualificaci\u00f3 d&#8217;apte a final de curs, tamb\u00e9 en el cas que vulgui <strong>tornar a cursar un nivell<\/strong> que ja va superar m\u00e9s de dos anys enrere per refrescar l&#8217;idioma.<\/li>\n\n\n\n<li>Si un alumne es matricula de <strong><span style=\"text-decoration: underline;\"><a href=\"https:\/\/agora-eoi.xtec.cat\/eoiolot\/descomptes-i-gratuitats\/descomptes-del-50\/estudies-dues-llengues\/\" target=\"_blank\" rel=\"noopener\">dues lleng\u00fces simult\u00e0niament<\/a><\/span><\/strong> i almenys una de les dues matr\u00edcules \u00e9s per a un <strong>Nivell B\u00e0sic<\/strong> (A1 i A2) o <strong>Avan\u00e7at<\/strong> (C1, C2.1 i C2.2), a la matr\u00edcula que sigui d&#8217;un d&#8217;aquests nivells se li aplica un <strong>descompte del 50%<\/strong>, encara que estudi\u00ef cada llengua en una EOI diferent.<\/li>\n\n\n\n<li>Si un alumne matriculat en un <strong>cinqu\u00e8 curs<\/strong> (Nivell B2.2) es matricula d\u2019una <a href=\"https:\/\/agora-eoi.xtec.cat\/eoiolot\/descomptes-i-gratuitats\/descomptes-del-50\/comencar-una-nova-llengua-despres-dhaver-cursat-un-nivell-b2-2\/\" target=\"_blank\" rel=\"noopener\"><strong><span style=\"text-decoration: underline;\">nova llengua estrangera el curs immediatament seg\u00fcent<\/span><\/strong><\/a>, gaudir\u00e0 d\u2019una <strong>bonificaci\u00f3 del 50%<\/strong> del preu p\u00fablic de la matr\u00edcula i els serveis acad\u00e8mics de la nova llengua (Nivell A1), <strong>tant si aprova el B2.2 com si no i encara que canvi\u00ef d\u2019escola<\/strong>.<\/li>\n<\/ul>\n\n\n\n<h6 class=\"wp-block-heading\"><strong><br>PER M\u00c9S INFORMACI\u00d3 SOBRE LES ESCOLES OFICIALS D&#8217;IDIOMES<\/strong><\/h6>\n\n\n\n<p>Podeu:<\/p>\n\n\n\n<ul class=\"wp-block-list\">\n<li>fer un tomb pel nostre web;<\/li>\n\n\n\n<li>consultar el <span style=\"text-decoration: underline;\"><a href=\"https:\/\/triaeducativa.gencat.cat\/ca\/idiomes\/\" target=\"_blank\" rel=\"noopener\">web del Departament d&#8217;Educaci\u00f3<\/a><\/span>;<\/li>\n\n\n\n<li>mirar aquest altre v\u00eddeo sobre les EOI del nostre entorn:<\/li>\n<\/ul>\n\n\n\n<p><iframe loading=\"lazy\" title=\"YouTube video player\" src=\"\/\/www.youtube.com\/embed\/l2A-xTYUl54?start=8\" width=\"560\" height=\"315\" frameborder=\"0\" allowfullscreen=\"allowfullscreen\"><\/iframe><\/p>\n\n\n\n<h6 class=\"wp-block-heading\"><strong>Benvinguts i benvingudes a l&#8217;EOI d&#8217;Olot &amp; Ripoll!<\/strong><\/h6>\n\n\n\n<p>&nbsp;<\/p>\n","protected":false},"excerpt":{"rendered":"<p>Les Escoles Oficials d&#8217;Idiomes de Catalunya som centres p\u00fablics d&#8217;ensenyament d&#8217;idiomes que depenem del Departament d&#8217;Educaci\u00f3 i Formaci\u00f3 Professional i [&hellip;]<\/p>\n","protected":false},"author":1,"featured_media":0,"parent":806,"menu_order":2,"comment_status":"closed","ping_status":"closed","template":"","meta":{"_bbp_topic_count":0,"_bbp_reply_count":0,"_bbp_total_topic_count":0,"_bbp_total_reply_count":0,"_bbp_voice_count":0,"_bbp_anonymous_reply_count":0,"_bbp_topic_count_hidden":0,"_bbp_reply_count_hidden":0,"_bbp_forum_subforum_count":0,"site-sidebar-layout":"default","site-content-layout":"","ast-site-content-layout":"default","site-content-style":"default","site-sidebar-style":"default","ast-global-header-display":"","ast-banner-title-visibility":"","ast-main-header-display":"","ast-hfb-above-header-display":"","ast-hfb-below-header-display":"","ast-hfb-mobile-header-display":"","site-post-title":"","ast-breadcrumbs-content":"","ast-featured-img":"","footer-sml-layout":"","theme-transparent-header-meta":"default","adv-header-id-meta":"","stick-header-meta":"","header-above-stick-meta":"","header-main-stick-meta":"","header-below-stick-meta":"","astra-migrate-meta-layouts":"set","ast-page-background-enabled":"default","ast-page-background-meta":{"desktop":{"background-color":"var(--ast-global-color-4)","background-image":"","background-repeat":"repeat","background-position":"center center","background-size":"auto","background-attachment":"scroll","background-type":"","background-media":"","overlay-type":"","overlay-color":"","overlay-opacity":"","overlay-gradient":""},"tablet":{"background-color":"","background-image":"","background-repeat":"repeat","background-position":"center center","background-size":"auto","background-attachment":"scroll","background-type":"","background-media":"","overlay-type":"","overlay-color":"","overlay-opacity":"","overlay-gradient":""},"mobile":{"background-color":"","background-image":"","background-repeat":"repeat","background-position":"center center","background-size":"auto","background-attachment":"scroll","background-type":"","background-media":"","overlay-type":"","overlay-color":"","overlay-opacity":"","overlay-gradient":""}},"ast-content-background-meta":{"desktop":{"background-color":"var(--ast-global-color-5)","background-image":"","background-repeat":"repeat","background-position":"center center","background-size":"auto","background-attachment":"scroll","background-type":"","background-media":"","overlay-type":"","overlay-color":"","overlay-opacity":"","overlay-gradient":""},"tablet":{"background-color":"var(--ast-global-color-5)","background-image":"","background-repeat":"repeat","background-position":"center center","background-size":"auto","background-attachment":"scroll","background-type":"","background-media":"","overlay-type":"","overlay-color":"","overlay-opacity":"","overlay-gradient":""},"mobile":{"background-color":"var(--ast-global-color-5)","background-image":"","background-repeat":"repeat","background-position":"center center","background-size":"auto","background-attachment":"scroll","background-type":"","background-media":"","overlay-type":"","overlay-color":"","overlay-opacity":"","overlay-gradient":""}},"footnotes":""},"class_list":["post-10680","page","type-page","status-publish","hentry"],"post_mailing_queue_ids":[],"_links":{"self":[{"href":"https:\/\/agora-eoi.xtec.cat\/eoiolot\/wp-json\/wp\/v2\/pages\/10680","targetHints":{"allow":["GET"]}}],"collection":[{"href":"https:\/\/agora-eoi.xtec.cat\/eoiolot\/wp-json\/wp\/v2\/pages"}],"about":[{"href":"https:\/\/agora-eoi.xtec.cat\/eoiolot\/wp-json\/wp\/v2\/types\/page"}],"author":[{"embeddable":true,"href":"https:\/\/agora-eoi.xtec.cat\/eoiolot\/wp-json\/wp\/v2\/users\/1"}],"replies":[{"embeddable":true,"href":"https:\/\/agora-eoi.xtec.cat\/eoiolot\/wp-json\/wp\/v2\/comments?post=10680"}],"version-history":[{"count":5,"href":"https:\/\/agora-eoi.xtec.cat\/eoiolot\/wp-json\/wp\/v2\/pages\/10680\/revisions"}],"predecessor-version":[{"id":13578,"href":"https:\/\/agora-eoi.xtec.cat\/eoiolot\/wp-json\/wp\/v2\/pages\/10680\/revisions\/13578"}],"up":[{"embeddable":true,"href":"https:\/\/agora-eoi.xtec.cat\/eoiolot\/wp-json\/wp\/v2\/pages\/806"}],"wp:attachment":[{"href":"https:\/\/agora-eoi.xtec.cat\/eoiolot\/wp-json\/wp\/v2\/media?parent=10680"}],"curies":[{"name":"wp","href":"https:\/\/api.w.org\/{rel}","templated":true}]}}