{"id":10633,"date":"2021-09-10T03:35:22","date_gmt":"2021-09-10T01:35:22","guid":{"rendered":"https:\/\/agora-eoi.xtec.cat\/eoiolot\/?page_id=10633"},"modified":"2023-09-09T23:00:26","modified_gmt":"2023-09-09T21:00:26","slug":"casos-especials-de-matricula","status":"publish","type":"page","link":"https:\/\/agora-eoi.xtec.cat\/eoiolot\/secretaria\/casos-especials-de-matricula\/","title":{"rendered":"CASOS ESPECIALS DE MATR\u00cdCULA"},"content":{"rendered":"<p>Informa&#8217;t de les diferents modalitats de matr\u00edcula per aquest curs a l&#8217;EOI d&#8217;Olot &amp; Ripoll fent clic als enlla\u00e7os seg\u00fcents:<\/p>\n<h6><a href=\"https:\/\/agora-eoi.xtec.cat\/eoiolot\/secretaria\/casos-especials-de-matricula\/si-estudies-a-leoi-una-llengua-diferent-de-la-que-fas-com-a-obligatoria-a-linstitut\/\" target=\"_blank\" rel=\"noopener\">Si estudies a l\u2019EOI una llengua diferent de la que fas com a obligat\u00f2ria al teu institut, universitat o escola<\/a><\/h6>\n<h6><a href=\"https:\/\/agora-eoi.xtec.cat\/eoiolot\/secretaria\/casos-especials-de-matricula\/si-ets-un-docent-en-actiu-en-un-centre-public-concertat-o-municipal\/\" target=\"_blank\" rel=\"noopener\">Si ets un docent en actiu en un centre p\u00fablic, concertat o municipal<\/a><\/h6>\n<h6><a href=\"https:\/\/agora-eoi.xtec.cat\/eoiolot\/secretaria\/casos-especials-de-matricula\/actualitzacio\/\" target=\"_blank\" rel=\"noopener\">Si vols tornar a fer un curs superat fa uns anys per refrescar el teu nivell<\/a><\/h6>\n<h6><a href=\"https:\/\/agora-eoi.xtec.cat\/eoiolot\/secretaria\/casos-especials-de-matricula\/candidats-lliures\/\" target=\"_blank\" rel=\"noopener\">Si et vols presentar a un examen de certificat per lliur<\/a><a href=\"https:\/\/agora-eoi.xtec.cat\/eoiolot\/secretaria\/casos-especials-de-matricula\/candidats-lliures\/\" target=\"_blank\" rel=\"noopener\">e<\/a><\/h6>\n<div>\n<h6 class=\"entry-title\"><\/h6>\n<\/div>\n","protected":false},"excerpt":{"rendered":"<p>Informa&#8217;t de les diferents modalitats de matr\u00edcula per aquest curs a l&#8217;EOI d&#8217;Olot &amp; Ripoll fent clic als enlla\u00e7os seg\u00fcents: [&hellip;]<\/p>\n","protected":false},"author":1,"featured_media":0,"parent":8358,"menu_order":20,"comment_status":"closed","ping_status":"closed","template":"page-templates\/side-menu.php","meta":{"_bbp_topic_count":0,"_bbp_reply_count":0,"_bbp_total_topic_count":0,"_bbp_total_reply_count":0,"_bbp_voice_count":0,"_bbp_anonymous_reply_count":0,"_bbp_topic_count_hidden":0,"_bbp_reply_count_hidden":0,"_bbp_forum_subforum_count":0,"site-sidebar-layout":"default","site-content-layout":"","ast-site-content-layout":"","site-content-style":"default","site-sidebar-style":"default","ast-global-header-display":"","ast-banner-title-visibility":"","ast-main-header-display":"","ast-hfb-above-header-display":"","ast-hfb-below-header-display":"","ast-hfb-mobile-header-display":"","site-post-title":"","ast-breadcrumbs-content":"","ast-featured-img":"","footer-sml-layout":"","theme-transparent-header-meta":"","adv-header-id-meta":"","stick-header-meta":"","header-above-stick-meta":"","header-main-stick-meta":"","header-below-stick-meta":"","astra-migrate-meta-layouts":"default","ast-page-background-enabled":"default","ast-page-background-meta":{"desktop":{"background-color":"var(--ast-global-color-4)","background-image":"","background-repeat":"repeat","background-position":"center center","background-size":"auto","background-attachment":"scroll","background-type":"","background-media":"","overlay-type":"","overlay-color":"","overlay-opacity":"","overlay-gradient":""},"tablet":{"background-color":"","background-image":"","background-repeat":"repeat","background-position":"center center","background-size":"auto","background-attachment":"scroll","background-type":"","background-media":"","overlay-type":"","overlay-color":"","overlay-opacity":"","overlay-gradient":""},"mobile":{"background-color":"","background-image":"","background-repeat":"repeat","background-position":"center center","background-size":"auto","background-attachment":"scroll","background-type":"","background-media":"","overlay-type":"","overlay-color":"","overlay-opacity":"","overlay-gradient":""}},"ast-content-background-meta":{"desktop":{"background-color":"var(--ast-global-color-5)","background-image":"","background-repeat":"repeat","background-position":"center center","background-size":"auto","background-attachment":"scroll","background-type":"","background-media":"","overlay-type":"","overlay-color":"","overlay-opacity":"","overlay-gradient":""},"tablet":{"background-color":"var(--ast-global-color-5)","background-image":"","background-repeat":"repeat","background-position":"center center","background-size":"auto","background-attachment":"scroll","background-type":"","background-media":"","overlay-type":"","overlay-color":"","overlay-opacity":"","overlay-gradient":""},"mobile":{"background-color":"var(--ast-global-color-5)","background-image":"","background-repeat":"repeat","background-position":"center center","background-size":"auto","background-attachment":"scroll","background-type":"","background-media":"","overlay-type":"","overlay-color":"","overlay-opacity":"","overlay-gradient":""}},"footnotes":""},"class_list":["post-10633","page","type-page","status-publish","hentry"],"post_mailing_queue_ids":[],"_links":{"self":[{"href":"https:\/\/agora-eoi.xtec.cat\/eoiolot\/wp-json\/wp\/v2\/pages\/10633","targetHints":{"allow":["GET"]}}],"collection":[{"href":"https:\/\/agora-eoi.xtec.cat\/eoiolot\/wp-json\/wp\/v2\/pages"}],"about":[{"href":"https:\/\/agora-eoi.xtec.cat\/eoiolot\/wp-json\/wp\/v2\/types\/page"}],"author":[{"embeddable":true,"href":"https:\/\/agora-eoi.xtec.cat\/eoiolot\/wp-json\/wp\/v2\/users\/1"}],"replies":[{"embeddable":true,"href":"https:\/\/agora-eoi.xtec.cat\/eoiolot\/wp-json\/wp\/v2\/comments?post=10633"}],"version-history":[{"count":3,"href":"https:\/\/agora-eoi.xtec.cat\/eoiolot\/wp-json\/wp\/v2\/pages\/10633\/revisions"}],"predecessor-version":[{"id":11544,"href":"https:\/\/agora-eoi.xtec.cat\/eoiolot\/wp-json\/wp\/v2\/pages\/10633\/revisions\/11544"}],"up":[{"embeddable":true,"href":"https:\/\/agora-eoi.xtec.cat\/eoiolot\/wp-json\/wp\/v2\/pages\/8358"}],"wp:attachment":[{"href":"https:\/\/agora-eoi.xtec.cat\/eoiolot\/wp-json\/wp\/v2\/media?parent=10633"}],"curies":[{"name":"wp","href":"https:\/\/api.w.org\/{rel}","templated":true}]}}