{"id":10575,"date":"2021-09-09T21:22:30","date_gmt":"2021-09-09T19:22:30","guid":{"rendered":"https:\/\/agora-eoi.xtec.cat\/eoiolot\/?page_id=10575"},"modified":"2025-07-20T13:22:12","modified_gmt":"2025-07-20T11:22:12","slug":"per-ser-docent-en-actiu-en-un-centre-public-concertat-o-municipal","status":"publish","type":"page","link":"https:\/\/agora-eoi.xtec.cat\/eoiolot\/descomptes-i-gratuitats\/gratuitats\/per-ser-docent-en-actiu-en-un-centre-public-concertat-o-municipal\/","title":{"rendered":"PER SER DOCENT EN ACTIU EN UN CENTRE P\u00daBLIC, CONCERTAT O MUNICIPAL &#8211; PROGRAMA PIA+"},"content":{"rendered":"\n<h6 class=\"wp-block-heading\"><strong>Programa PIA+ per docents en actiu<\/strong><\/h6>\n\n\n\n<p>Aquest programa del Departament d\u2019Educaci\u00f3 cerca la&nbsp;<strong>millora constant de la compet\u00e8ncia comunicativa en lleng\u00fces estrangeres del professorat en actiu<\/strong>, tant de centres p\u00fablics com concertats o municipals. Tamb\u00e9 s\u2019hi poden acollir&nbsp;<strong>inspectors i inspectores<\/strong>&nbsp;en actiu, aix\u00ed com el professorat adscrit als diferents Serveis Territorials i als Centrals del Departament.<\/p>\n\n\n\n<p>La Generalitat subvenciona el&nbsp;<strong>100% de l\u2019import base de la matr\u00edcula<\/strong>&nbsp;(quedant-ne exclosa la part corresponent a la&nbsp;<strong>prestaci\u00f3 de serveis acad\u00e8mics&nbsp;<\/strong>i les&nbsp;<strong>penalitzacions per repetici\u00f3 de curs<\/strong>) per tot el professorat no universitari que&nbsp;<strong>cursi i&nbsp;superi&nbsp;un curs anual<\/strong>&nbsp;de llengua estrangera en una Escola Oficial d\u2019Idiomes.<\/p>\n\n\n\n<p>Origin\u00e0riament, aquest programa estava concebut com un&nbsp;<em>pla d\u2019impuls de l\u2019angl\u00e8s<\/em>&nbsp;(d\u2019aqu\u00ed el \u00abPIA\u00bb), per\u00f2 actualment s\u2019est\u00e9n a m\u00e9s lleng\u00fces estrangeres (d\u2019aqu\u00ed el \u00abplus\u00bb: PIA+).&nbsp;<strong>Us animem a aprofitar aquesta oportunitat i a fer-ne difusi\u00f3 entre els vostres companys\/es!<\/strong><\/p>\n\n\n\n<h6 class=\"wp-block-heading\"><strong>Lleng\u00fces i nivells coberts per la subvenci\u00f3 a la nostra EOI:<\/strong><\/h6>\n\n\n\n<ul class=\"wp-block-list\">\n<li><strong>Angl\u00e8s:<\/strong>\u00a0B2.1, B2.2 i C1.<\/li>\n\n\n\n<li><strong>Alemany:<\/strong>\u00a0A1, A2 i B1.<\/li>\n\n\n\n<li><strong>Franc\u00e8s:\u00a0<\/strong>A1, A2, B1 i B2.1.<\/li>\n<\/ul>\n\n\n\n<h6 class=\"wp-block-heading\"><strong>Com hi pots participar<\/strong><\/h6>\n\n\n\n<p>El proc\u00e9s de preinscripci\u00f3 i matr\u00edcula \u00e9s el mateix que per la resta d\u2019alumnat, i cal fer el&nbsp;<strong>pagament de la matr\u00edcula i de la prestaci\u00f3 de serveis acad\u00e8mics<\/strong>&nbsp;que correspongui. Abans, per\u00f2, consulta el nostre web per si tens dret a algun dels nombrosos&nbsp;<a href=\"https:\/\/agora-eoi.xtec.cat\/eoiolot\/descomptes-i-gratuitats\/descomptes-del-50\/\" target=\"_blank\" rel=\"noreferrer noopener\">descomptes<\/a>&nbsp;i&nbsp;<a href=\"https:\/\/agora-eoi.xtec.cat\/eoiolot\/descomptes-i-gratuitats\/gratuitats\/\" target=\"_blank\" rel=\"noreferrer noopener\">gratu\u00eftats<\/a>&nbsp;generals aprovats recentment pel Departament.<\/p>\n\n\n\n<p>En la sol\u00b7licitud de matr\u00edcula&nbsp;<strong>has de fer constar que vols participar en el programa&nbsp;<\/strong>i consignar-hi la teva&nbsp;<strong>adre\u00e7a de correu Xtec<\/strong>. Si ets docent, et demanarem que ens presentis el&nbsp;<strong>carnet<\/strong>&nbsp;corresponent.<\/p>\n\n\n\n<p>D\u2019aquesta manera, si a final de curs obtens la qualificaci\u00f3 d\u2019<strong>\u00abapte\/a\u00bb<\/strong>,&nbsp;podr\u00e0s&nbsp;<strong>sol\u00b7licitar la devoluci\u00f3 de l\u2019import base de la matr\u00edcula&nbsp;<\/strong>al Departament&nbsp;<strong>de l\u20191 al 14 de juliol<\/strong>. Recorda, com d\u00e8iem, que aquest import no inclou els 30 \u20ac de serveis acad\u00e8mics (o 15 \u20ac si tens dret al 50% de descompte) ni les penalitzacions per repetici\u00f3 de curs.<\/p>\n\n\n\n<h6 class=\"wp-block-heading\"><strong>I si vull tornar a fer un curs que ja he superat per refrescar coneixements, tamb\u00e9 est\u00e0 subvencionat?<\/strong><\/h6>\n\n\n\n<p>S\u00ed, pots cursar de nou&nbsp;<strong>el curs superat&nbsp;o els inferiors<\/strong>&nbsp;d\u2019entre els indicats m\u00e9s amunt: A1, A2 i B1 en el cas de l\u2019alemany, A1, A2, B1 i B2.1 en el cas del franc\u00e8s, i B2.1, B2.2 i C1 en el cas de l\u2019angl\u00e8s.<\/p>\n\n\n\n<p>Si superes novament aquest curs, obtindr\u00e0s un&nbsp;<strong>certificat d\u2019aprofitament<\/strong>&nbsp;i podr\u00e0s&nbsp;<strong>sol\u00b7licitar igualment la devoluci\u00f3 de l\u2019import base de la matr\u00edcula<\/strong>&nbsp;<strong>entre l\u20191 i el 14 de juliol<\/strong>. Pots consultar en tot moment l\u2019enlla\u00e7 al web de l\u2019XTEC que trobar\u00e0s aqu\u00ed sota i que s\u2019actualitza oportunament amb tota la informaci\u00f3 m\u00e9s t\u00e8cnica sobre aquest proc\u00e9s.&nbsp;<strong>\u00c9s responsabilitat de l\u2019alumne tramitar la devoluci\u00f3 de les taxes<\/strong>.<\/p>\n\n\n\n<p>Si tens cap dubtes, escriu un correu a&nbsp;info@eoiolot.cat.<\/p>\n\n\n\n<p><strong>M\u00c9S INFORMACI\u00d3<\/strong><\/p>\n\n\n\n<ul class=\"wp-block-list\">\n<li><a href=\"https:\/\/xtec.gencat.cat\/ca\/formacio\/formaciogeneralprofessorat\/llengues\/programa-pia\/\" target=\"_blank\" rel=\"noreferrer noopener\">Web de l\u2019XTEC (Xarxa Telem\u00e0tica Educativa de Catalunya)<\/a><\/li>\n<\/ul>\n\n\n\n<h6 class=\"wp-block-heading\"><strong>Amb tot aix\u00f2, esperem veure\u2019t aviat per l\u2019escola! See you soon! Bis bald! \u00c0 bient\u00f4t!<\/strong><\/h6>\n","protected":false},"excerpt":{"rendered":"<p>Programa PIA+ per docents en actiu Aquest programa del Departament d\u2019Educaci\u00f3 cerca la&nbsp;millora constant de la compet\u00e8ncia comunicativa en lleng\u00fces [&hellip;]<\/p>\n","protected":false},"author":1,"featured_media":0,"parent":10074,"menu_order":1,"comment_status":"closed","ping_status":"closed","template":"","meta":{"_bbp_topic_count":0,"_bbp_reply_count":0,"_bbp_total_topic_count":0,"_bbp_total_reply_count":0,"_bbp_voice_count":0,"_bbp_anonymous_reply_count":0,"_bbp_topic_count_hidden":0,"_bbp_reply_count_hidden":0,"_bbp_forum_subforum_count":0,"site-sidebar-layout":"default","site-content-layout":"","ast-site-content-layout":"default","site-content-style":"default","site-sidebar-style":"default","ast-global-header-display":"","ast-banner-title-visibility":"","ast-main-header-display":"","ast-hfb-above-header-display":"","ast-hfb-below-header-display":"","ast-hfb-mobile-header-display":"","site-post-title":"","ast-breadcrumbs-content":"","ast-featured-img":"","footer-sml-layout":"","theme-transparent-header-meta":"","adv-header-id-meta":"","stick-header-meta":"","header-above-stick-meta":"","header-main-stick-meta":"","header-below-stick-meta":"","astra-migrate-meta-layouts":"set","ast-page-background-enabled":"default","ast-page-background-meta":{"desktop":{"background-color":"var(--ast-global-color-4)","background-image":"","background-repeat":"repeat","background-position":"center center","background-size":"auto","background-attachment":"scroll","background-type":"","background-media":"","overlay-type":"","overlay-color":"","overlay-opacity":"","overlay-gradient":""},"tablet":{"background-color":"","background-image":"","background-repeat":"repeat","background-position":"center center","background-size":"auto","background-attachment":"scroll","background-type":"","background-media":"","overlay-type":"","overlay-color":"","overlay-opacity":"","overlay-gradient":""},"mobile":{"background-color":"","background-image":"","background-repeat":"repeat","background-position":"center center","background-size":"auto","background-attachment":"scroll","background-type":"","background-media":"","overlay-type":"","overlay-color":"","overlay-opacity":"","overlay-gradient":""}},"ast-content-background-meta":{"desktop":{"background-color":"var(--ast-global-color-5)","background-image":"","background-repeat":"repeat","background-position":"center center","background-size":"auto","background-attachment":"scroll","background-type":"","background-media":"","overlay-type":"","overlay-color":"","overlay-opacity":"","overlay-gradient":""},"tablet":{"background-color":"var(--ast-global-color-5)","background-image":"","background-repeat":"repeat","background-position":"center center","background-size":"auto","background-attachment":"scroll","background-type":"","background-media":"","overlay-type":"","overlay-color":"","overlay-opacity":"","overlay-gradient":""},"mobile":{"background-color":"var(--ast-global-color-5)","background-image":"","background-repeat":"repeat","background-position":"center center","background-size":"auto","background-attachment":"scroll","background-type":"","background-media":"","overlay-type":"","overlay-color":"","overlay-opacity":"","overlay-gradient":""}},"footnotes":""},"class_list":["post-10575","page","type-page","status-publish","hentry"],"post_mailing_queue_ids":[],"_links":{"self":[{"href":"https:\/\/agora-eoi.xtec.cat\/eoiolot\/wp-json\/wp\/v2\/pages\/10575","targetHints":{"allow":["GET"]}}],"collection":[{"href":"https:\/\/agora-eoi.xtec.cat\/eoiolot\/wp-json\/wp\/v2\/pages"}],"about":[{"href":"https:\/\/agora-eoi.xtec.cat\/eoiolot\/wp-json\/wp\/v2\/types\/page"}],"author":[{"embeddable":true,"href":"https:\/\/agora-eoi.xtec.cat\/eoiolot\/wp-json\/wp\/v2\/users\/1"}],"replies":[{"embeddable":true,"href":"https:\/\/agora-eoi.xtec.cat\/eoiolot\/wp-json\/wp\/v2\/comments?post=10575"}],"version-history":[{"count":5,"href":"https:\/\/agora-eoi.xtec.cat\/eoiolot\/wp-json\/wp\/v2\/pages\/10575\/revisions"}],"predecessor-version":[{"id":13596,"href":"https:\/\/agora-eoi.xtec.cat\/eoiolot\/wp-json\/wp\/v2\/pages\/10575\/revisions\/13596"}],"up":[{"embeddable":true,"href":"https:\/\/agora-eoi.xtec.cat\/eoiolot\/wp-json\/wp\/v2\/pages\/10074"}],"wp:attachment":[{"href":"https:\/\/agora-eoi.xtec.cat\/eoiolot\/wp-json\/wp\/v2\/media?parent=10575"}],"curies":[{"name":"wp","href":"https:\/\/api.w.org\/{rel}","templated":true}]}}